{"id":104,"date":"2023-01-24T00:24:39","date_gmt":"2023-01-23T23:24:39","guid":{"rendered":"https:\/\/consparigi.esteri.it\/chi-siamo\/la-rete-consolare\/"},"modified":"2026-04-16T13:14:59","modified_gmt":"2026-04-16T11:14:59","slug":"la-rete-consolare","status":"publish","type":"page","link":"https:\/\/consparigi.esteri.it\/fr\/chi-siamo\/la-rete-consolare\/","title":{"rendered":"Le r\u00e9seau consulaire"},"content":{"rendered":"<p>&nbsp;<\/p>\n<p><strong>\u00a0<\/strong><strong>RETE CONSOLARE ITALIANA IN FRANCIA<\/strong><\/p>\n<p><img decoding=\"async\" class=\"alignnone size-medium wp-image-122 img-fluid\" src=\"https:\/\/consparigi.esteri.it\/wp-content\/uploads\/2023\/01\/consolatiecircoscrizioni.png\" alt=\"consolati e circoscrizioni\" width=\"700\" srcset=\"https:\/\/consparigi.esteri.it\/wp-content\/uploads\/2023\/01\/consolatiecircoscrizioni.png 732w, https:\/\/consparigi.esteri.it\/wp-content\/uploads\/2023\/01\/consolatiecircoscrizioni-300x255.png 300w\" sizes=\"(max-width: 732px) 100vw, 732px\" \/><\/p>\n<p><strong><a id=\"Ambasciata\" title=\"Ambasciata d'Italia a Parigi\" href=\"https:\/\/ambparigi.esteri.it\/Ambasciata_Parigi\" name=\"Ambasciata\">Ambasciata d&rsquo;Italia a Parigi<\/a><br \/>\n<\/strong>51, rue de Varenne<br \/>\n75343 PARIS CEDEX 07<br \/>\nTel\u00a0\u00a0<span class=\"baec5a81-e4d6-4674-97f3-e9220f0136c1\">+33 1 49 54 03 00<a title=\"Chiama: +33 1 49 54 03 00\" href=\"https:\/\/consparigi.esteri.it\/consolato_parigi\/it\/il_consolato\/la_rete_consolare\/la-rete-consolare.html#\"><img decoding=\"async\" title=\"Chiama: +33 1 49 54 03 00\" src=\"data:image\/png;base64,iVBORw0KGgoAAAANSUhEUgAAABAAAAAQCAYAAAAf8\/9hAAABcklEQVR4XpXTPUvDUBTH4aR2c2hBQXGpTiIORhBcBOvgYKf0Awi+4Ggr1MVPIIrYdnEpShddHIyLi6AVXVxsRRDRwbi4KNgu4lCIv8i\/i6QRDzycy+09555LqOl5nhEUptPoJe1iDHU8oYlrlDw79m4QEbSLPexzsIc8hDRm8YBjLpj4q8EgxQdab+MNd4ghhQ2adIc1+ORAFEnWWfTDRp7GDfImlsIavKALLuqoqMGUCs4wHtagiQ5uc8kDyCOBKlP1k78QNTOZnMXCQRxWsbjl6iuskV41SQG2Gj9rikvcR1WcgKFDBa1LOEUK56hqv8BUFV3SGWkVS9JQ6Dsv4wQ1DKMPORUvkm78BhdQMI1CTa5I0yrcwSFqFD+SZ7DQesIkCG5S\/JpkHYERQRmuNsrZ7Grc+Ef8\/Bcoslkfae8Wc7CUHZ++TuAEBj86pHntjaDKXllPy6PW\/gkKFaThwp\/K87N8hDcQTTKKFTioSxqB8Q2BNX5JtAljwgAAAABJRU5ErkJggg==\" \/><\/a><\/span><br \/>\n<strong>Ambasciatrice d&rsquo;Italia in Francia Emanuela D&rsquo;Alessandro<\/strong><\/p>\n<p><strong><a title=\"Vai al sito web del Consolato di Lione. Attenzione! Questo link apre un sito esterno\" href=\"https:\/\/conslione.esteri.it\/fr\/\">Consolato Generale d&rsquo;Italia a Lione<\/a><br \/>\n<\/strong>5, Rue Commandant Faurax &#8211; 69452 LYON CEDEX 06<br \/>\nTel. 04 78 93 00 17 &#8211; Fax 04 78 94 33 43<br \/>\ne-mail:\u00a0<a title=\"consolato.lione@esteri.it\" href=\"mailto:consolato.lione@esteri.it\">consolato.lione@esteri.it<\/a><br \/>\n<strong>Console Generale Chiara Petracca<\/strong><br \/>\n<em><br \/>\n01 Ain &#8211;\u00a0 03 Allier &#8211;\u00a0 07 Ard\u00e8che &#8211; 15 Cantal &#8211; 19 Corr\u00e8ze &#8211; 23 Creuse &#8211; 26 Dr\u00f4me &#8211; 38 Is\u00e8re42\u00a0 Loire &#8211; 43 Haute-Loire &#8211; 58 Ni\u00e8vre &#8211; 63 Puy de D\u00f4me &#8211; 69 Rh\u00f4ne &#8211; 71 Sa\u00f4ne-et-Loire &#8211; 73 Savoie &#8211; 74 Haute Savoie &#8211; 87 Haute-Vienne<\/em><\/p>\n<p><strong><a href=\"https:\/\/conslione.esteri.it\/fr\/chi-siamo\/la-rete-consolare\/permanenza-consolare-a-chambery\/\">Permanenza Consolare a\u00a0Chambery<\/a><\/strong><br \/>\n12 boulevard de L\u00e9menc &#8211; 73000 CHAMBERY<br \/>\n<strong><br \/>\n<\/strong><a href=\"https:\/\/conslione.esteri.it\/fr\/chi-siamo\/la-rete-consolare\/permanenza-consolare-a-grenoble\/\"><strong>Permanenza Consolare a Grenoble<\/strong><\/a><br \/>\n47 avenue Alsace-Lorraine &#8211; 38000 GRENOBLE<\/p>\n<p><strong>\u00a0<\/strong><\/p>\n<p><strong><a title=\"Vai al sito web del Consolato Generale di Marsiglia. Attenzione! Questo link apre un sito esterno\" href=\"https:\/\/consmarsiglia.esteri.it\/\">Consolato Generale d&rsquo;Italia a Marsiglia<\/a><\/strong><br \/>\n56, Rue d&rsquo;Alger &#8211; 13392\u00a0 MARSEILLE CEDEX 5<br \/>\nTel. 04 91 18 49 18 &#8211;\u00a0 Fax 04 91 18 49 19<br \/>\ne-mail:\u00a0<a title=\"consolato.marsiglia@esteri.it\" href=\"mailto:consolato.marsiglia@esteri.it\">consolato.marsiglia@esteri.it<\/a><br \/>\n<strong>Console Generale Monaco\u00a0Fabio<\/strong><\/p>\n<p><em>09 Ari\u00e8ge &#8211; 11 Aude -12 Aveyron &#8211;\u00a0 13 Bouches-du-Rh\u00f4ne &#8211; 16 Charente &#8211; 17 Charente-Maritime &#8211; 20 Corse du Sud (2A)\u00a0 &#8211; 20 Haute Corse (2B) \u2013 24 Dordogne &#8211; 30 Gard &#8211;\u00a0 31\u00a0 Haute-Garonne &#8211; 32 Gers &#8211; 33 Gironde &#8211;\u00a0 34 H\u00e9rault &#8211;\u00a0 40 Landes &#8211; 46 Lot &#8211; 47 Lot-et-Garonne\u00a0 &#8211; 48 Loz\u00e8re &#8211; 64 Pyr\u00e9n\u00e9es-Atlantiques &#8211; 65 Hautes-Pyr\u00e9n\u00e9es\u00a0 &#8211; 66\u00a0 Pyr\u00e9n\u00e9es-Orientales &#8211; 79 Deux-S\u00e8vres &#8211; 81 Tarn &#8211; 82 Tarn-et-Garonne\u00a0 &#8211; 83 Var\u00a0 &#8211; 84 Vaucluse &#8211;\u00a0 86\u00a0 Vienne<\/em><\/p>\n<p><strong>Sportello Consolare permanente a Bastia<\/strong><br \/>\nRue Saint-Fran\u00e7ois &#8211; R\u00e9sidence Miot\u00a0 B\u00e2t B &#8211; 20200 BASTIA<br \/>\nTel. 04 95 34 93 93 \u2013 fax 04 95 32 56 72<br \/>\ne-mail:\u00a0<a title=\"bastia.marsiglia@esteri.it\" href=\"mailto:bastia.marsiglia@esteri.it\">bastia.marsiglia@esteri.it<\/a><\/p>\n<p><strong>Sportello Consolare permanente a Tolosa<br \/>\n<\/strong>19, bis Rue Riquet &#8211; 31000 TOULOUSE<br \/>\nTel\u00a0 05.34.66.89.90<br \/>\ne-mail :\u00a0<a title=\"tolosa.marsiglia@esteri.it\" href=\"mailto:tolosa.marsiglia@esteri.it\">tolosa.marsiglia@esteri.it<\/a><\/p>\n<p><strong><br \/>\n<a title=\"Vai al sito web del Consolato Generale a Metz. Attenzione! Questo link apre un sito esterno\" href=\"https:\/\/consmetz.esteri.it\/\">Consolato Generale d&rsquo;Italia a Metz<\/a><\/strong><br \/>\n7, bd Georges Cl\u00e9menceau &#8211; 57000 METZ<br \/>\nTel. 03 87 38 58 70 &#8211; Fax 03 87 50 49 51<br \/>\ne-mail:\u00a0<a title=\"consolato.metz@esteri.it\" href=\"mailto:consolato.metz@esteri.it\">consolato.metz@esteri.it<\/a><br \/>\n<strong>Console Generale Antonella Fontana<br \/>\n<\/strong><\/p>\n<p><em>08\u00a0 Ardennes &#8211; 10 Aube &#8211; 51 Marne &#8211; 52 Haute-Marne\u00a0&#8211; 54\u00a0 Meurthe-et-Moselle &#8211; 55 Meuse &#8211; 57 Moselle &#8211; 67 Bas-Rhin &#8211;\u00a088\u00a0 Vosges<\/em><\/p>\n<p><strong>Sportello Consolare permanente a Mulhouse<br \/>\n<\/strong>33 Grande Rue\u00a0&#8211; 68100 &#8211; MULHOUSE<br \/>\nTel. 03 89 66 41 11 &#8211; Fax<\/p>\n<p><strong><br \/>\n<a title=\"Vai al sito web del Consolato generale a Nizza. Attenzione! Questo link apre un sito esterno\" href=\"https:\/\/consnizza.esteri.it\/Consolato_Nizza\">Consolato Generale d&rsquo;Italia a Nizza<\/a><\/strong><br \/>\n72, bd Gambetta &#8211; 06048 NICE<br \/>\nTel. 04 92 14 40 90 &#8211; Fax 04 93 88 11 08<br \/>\ne-mail:\u00a0<a title=\"connizz.mail@esteri.it\" href=\"mailto:connizz.mail@esteri.it\">connizz.mail@esteri.it<\/a><br \/>\n<strong>Console Generale Emilio Lolli<br \/>\n<\/strong><\/p>\n<p><em>04 &#8211; Alpes-de-Haute-Provence\u00a0 &#8211;\u00a0 05\u00a0 Hautes-Alpes &#8211; 06\u00a0 Alpes Maritimes<\/em><\/p>\n<p>&nbsp;<\/p>\n<p>&nbsp;<\/p>\n<p><strong>GUADALUPA &#8211; POINTE A PITRE (-5 inv. -6 est.) &#8211; CORRISPONDENTE CONSOLARE<br \/>\n<\/strong>Sig. Vincenzo LANDI\u00a0&#8212;-<br \/>\n\u2013 Res. Les Floralies de Balata \u2013 Bat A apt 04 15 Chemin Jules-Beaunes \u2013 97234 FORT DE FRANCE FLOREAL (Martinique)<br \/>\nTel.\/fax uff.:\u00a0<span class=\"baec5a81-e4d6-4674-97f3-e9220f0136c1\">+596 (0)5 96 70 54 75<a title=\"Chiama: +596 (0)5 96 70 54 75\" href=\"https:\/\/consparigi.esteri.it\/consolato_parigi\/it\/il_consolato\/la_rete_consolare\/la-rete-consolare.html#\"><img decoding=\"async\" title=\"Chiama: +596 (0)5 96 70 54 75\" src=\"data:image\/png;base64,iVBORw0KGgoAAAANSUhEUgAAABAAAAAQCAYAAAAf8\/9hAAABcklEQVR4XpXTPUvDUBTH4aR2c2hBQXGpTiIORhBcBOvgYKf0Awi+4Ggr1MVPIIrYdnEpShddHIyLi6AVXVxsRRDRwbi4KNgu4lCIv8i\/i6QRDzycy+09555LqOl5nhEUptPoJe1iDHU8oYlrlDw79m4QEbSLPexzsIc8hDRm8YBjLpj4q8EgxQdab+MNd4ghhQ2adIc1+ORAFEnWWfTDRp7GDfImlsIavKALLuqoqMGUCs4wHtagiQ5uc8kDyCOBKlP1k78QNTOZnMXCQRxWsbjl6iuskV41SQG2Gj9rikvcR1WcgKFDBa1LOEUK56hqv8BUFV3SGWkVS9JQ6Dsv4wQ1DKMPORUvkm78BhdQMI1CTa5I0yrcwSFqFD+SZ7DQesIkCG5S\/JpkHYERQRmuNsrZ7Grc+Ef8\/Bcoslkfae8Wc7CUHZ++TuAEBj86pHntjaDKXllPy6PW\/gkKFaThwp\/K87N8hDcQTTKKFTioSxqB8Q2BNX5JtAljwgAAAABJRU5ErkJggg==\" \/><\/a><\/span>\u00a0&#8211; Tel. dom.:\u00a0<span class=\"baec5a81-e4d6-4674-97f3-e9220f0136c1\">+596 (0)5 96 71 80 38<a title=\"Chiama: +596 (0)5 96 71 80 38\" href=\"https:\/\/consparigi.esteri.it\/consolato_parigi\/it\/il_consolato\/la_rete_consolare\/la-rete-consolare.html#\"><img decoding=\"async\" title=\"Chiama: +596 (0)5 96 71 80 38\" src=\"data:image\/png;base64,iVBORw0KGgoAAAANSUhEUgAAABAAAAAQCAYAAAAf8\/9hAAABcklEQVR4XpXTPUvDUBTH4aR2c2hBQXGpTiIORhBcBOvgYKf0Awi+4Ggr1MVPIIrYdnEpShddHIyLi6AVXVxsRRDRwbi4KNgu4lCIv8i\/i6QRDzycy+09555LqOl5nhEUptPoJe1iDHU8oYlrlDw79m4QEbSLPexzsIc8hDRm8YBjLpj4q8EgxQdab+MNd4ghhQ2adIc1+ORAFEnWWfTDRp7GDfImlsIavKALLuqoqMGUCs4wHtagiQ5uc8kDyCOBKlP1k78QNTOZnMXCQRxWsbjl6iuskV41SQG2Gj9rikvcR1WcgKFDBa1LOEUK56hqv8BUFV3SGWkVS9JQ6Dsv4wQ1DKMPORUvkm78BhdQMI1CTa5I0yrcwSFqFD+SZ7DQesIkCG5S\/JpkHYERQRmuNsrZ7Grc+Ef8\/Bcoslkfae8Wc7CUHZ++TuAEBj86pHntjaDKXllPy6PW\/gkKFaThwp\/K87N8hDcQTTKKFTioSxqB8Q2BNX5JtAljwgAAAABJRU5ErkJggg==\" \/><\/a><\/span>\u00a0&#8211; cell.:\u00a0<span class=\"baec5a81-e4d6-4674-97f3-e9220f0136c1\">+596 (0)6 96 41 53 42<a title=\"Chiama: +596 (0)6 96 41 53 42\" href=\"https:\/\/consparigi.esteri.it\/consolato_parigi\/it\/il_consolato\/la_rete_consolare\/la-rete-consolare.html#\"><img decoding=\"async\" title=\"Chiama: +596 (0)6 96 41 53 42\" src=\"data:image\/png;base64,iVBORw0KGgoAAAANSUhEUgAAABAAAAAQCAYAAAAf8\/9hAAABcklEQVR4XpXTPUvDUBTH4aR2c2hBQXGpTiIORhBcBOvgYKf0Awi+4Ggr1MVPIIrYdnEpShddHIyLi6AVXVxsRRDRwbi4KNgu4lCIv8i\/i6QRDzycy+09555LqOl5nhEUptPoJe1iDHU8oYlrlDw79m4QEbSLPexzsIc8hDRm8YBjLpj4q8EgxQdab+MNd4ghhQ2adIc1+ORAFEnWWfTDRp7GDfImlsIavKALLuqoqMGUCs4wHtagiQ5uc8kDyCOBKlP1k78QNTOZnMXCQRxWsbjl6iuskV41SQG2Gj9rikvcR1WcgKFDBa1LOEUK56hqv8BUFV3SGWkVS9JQ6Dsv4wQ1DKMPORUvkm78BhdQMI1CTa5I0yrcwSFqFD+SZ7DQesIkCG5S\/JpkHYERQRmuNsrZ7Grc+Ef8\/Bcoslkfae8Wc7CUHZ++TuAEBj86pHntjaDKXllPy6PW\/gkKFaThwp\/K87N8hDcQTTKKFTioSxqB8Q2BNX5JtAljwgAAAABJRU5ErkJggg==\" \/><\/a><\/span><br \/>\n<strong>e-mail:\u00a0<a href=\"mailto:fortdefrance.onorario@esteri.ite-mail\">fortdefrance.onorario@esteri.it<\/a><\/strong><\/p>\n<p><strong>GUYANA FRANCESE\u00a0&#8211; CAYENNE (-4 inv. -5 est.) &#8211;\u00a0VICE CONSOLATO ONORARIO<br \/>\n<\/strong>Sig. Nicolo&rsquo; Gallinaro &#8212;<strong>&#8211;\u00a0<a href=\"https:\/\/consparigi.esteri.it\/wp-content\/uploads\/2023\/02\/ESTRATTO_DLF_GALLINARO_VCO_CAYENNE_FRANCIA.pdf\">Decreto di limitazione funzioni<\/a><\/strong><br \/>\nCell.: 00 594 694 222 663<br \/>\ne-mail\u00a0:\u00a0<strong><a href=\"mailto:cayenne.onorario@esteri.it\">cayenne.onorario@esteri.it<\/a><\/strong><\/p>\n<p><strong>ISOLA DELLA REUNIONE (+3 inv. +2 est.) &#8211; VICE CONSOLATO ONORARIO<br \/>\n<\/strong>Sig. Nicola Bertani\u00a0&#8212;-\u00a0<a href=\"https:\/\/consparigi.esteri.it\/wp-content\/uploads\/2023\/02\/bertani_reunion.pdf\"><strong>Decreto di limitazione funzioni<\/strong><\/a><i><br \/>\n<\/i>10 Ter\u00a0Chemin NEUF\u00a0 \u00a0LA MONTAGNE 97417 SAINT DENIS Ile de la R\u00e9union<br \/>\nTel.:\u00a0<span class=\"baec5a81-e4d6-4674-97f3-e9220f0136c1\">+262 (0)6 92 28 28 33<a title=\"Chiama: +262 (0)6 92 28 28 33\" href=\"https:\/\/consparigi.esteri.it\/consolato_parigi\/it\/il_consolato\/la_rete_consolare\/la-rete-consolare.html#\"><img decoding=\"async\" title=\"Chiama: +262 (0)6 92 28 28 33\" src=\"data:image\/png;base64,iVBORw0KGgoAAAANSUhEUgAAABAAAAAQCAYAAAAf8\/9hAAABcklEQVR4XpXTPUvDUBTH4aR2c2hBQXGpTiIORhBcBOvgYKf0Awi+4Ggr1MVPIIrYdnEpShddHIyLi6AVXVxsRRDRwbi4KNgu4lCIv8i\/i6QRDzycy+09555LqOl5nhEUptPoJe1iDHU8oYlrlDw79m4QEbSLPexzsIc8hDRm8YBjLpj4q8EgxQdab+MNd4ghhQ2adIc1+ORAFEnWWfTDRp7GDfImlsIavKALLuqoqMGUCs4wHtagiQ5uc8kDyCOBKlP1k78QNTOZnMXCQRxWsbjl6iuskV41SQG2Gj9rikvcR1WcgKFDBa1LOEUK56hqv8BUFV3SGWkVS9JQ6Dsv4wQ1DKMPORUvkm78BhdQMI1CTa5I0yrcwSFqFD+SZ7DQesIkCG5S\/JpkHYERQRmuNsrZ7Grc+Ef8\/Bcoslkfae8Wc7CUHZ++TuAEBj86pHntjaDKXllPy6PW\/gkKFaThwp\/K87N8hDcQTTKKFTioSxqB8Q2BNX5JtAljwgAAAABJRU5ErkJggg==\" \/><\/a><\/span><br \/>\n<strong>email:\u00a0<a href=\"mailto:saintdenis.onorario@esteri.it\">saintdenis.onorario@esteri.it<\/a><\/strong><\/p>\n<p><strong>MARTINICA &#8211; FORT DE FRANCE (-5 inv. -6 est.) &#8211; CONSOLATO ONORARIO<br \/>\n<\/strong>Sig. Vincenzo LANDI\u00a0&#8212;-\u00a0<a href=\"https:\/\/consparigi.esteri.it\/wp-content\/uploads\/2023\/02\/landi_martinica.pdf\"><strong>Decreto di limitazione funzioni<\/strong><\/a><br \/>\n\u2013 Res. Les Floralies de Balata \u2013 Bat A apt 04 15 Chemin Jules-Beaunes \u2013 97234 FORT DE FRANCE FLOREAL (Martinique)<br \/>\nTel.\/fax uff.:\u00a0<span class=\"baec5a81-e4d6-4674-97f3-e9220f0136c1\">+596 (0)5 96 70 54 75<a title=\"Chiama: +596 (0)5 96 70 54 75\" href=\"https:\/\/consparigi.esteri.it\/consolato_parigi\/it\/il_consolato\/la_rete_consolare\/la-rete-consolare.html#\"><img decoding=\"async\" title=\"Chiama: +596 (0)5 96 70 54 75\" src=\"data:image\/png;base64,iVBORw0KGgoAAAANSUhEUgAAABAAAAAQCAYAAAAf8\/9hAAABcklEQVR4XpXTPUvDUBTH4aR2c2hBQXGpTiIORhBcBOvgYKf0Awi+4Ggr1MVPIIrYdnEpShddHIyLi6AVXVxsRRDRwbi4KNgu4lCIv8i\/i6QRDzycy+09555LqOl5nhEUptPoJe1iDHU8oYlrlDw79m4QEbSLPexzsIc8hDRm8YBjLpj4q8EgxQdab+MNd4ghhQ2adIc1+ORAFEnWWfTDRp7GDfImlsIavKALLuqoqMGUCs4wHtagiQ5uc8kDyCOBKlP1k78QNTOZnMXCQRxWsbjl6iuskV41SQG2Gj9rikvcR1WcgKFDBa1LOEUK56hqv8BUFV3SGWkVS9JQ6Dsv4wQ1DKMPORUvkm78BhdQMI1CTa5I0yrcwSFqFD+SZ7DQesIkCG5S\/JpkHYERQRmuNsrZ7Grc+Ef8\/Bcoslkfae8Wc7CUHZ++TuAEBj86pHntjaDKXllPy6PW\/gkKFaThwp\/K87N8hDcQTTKKFTioSxqB8Q2BNX5JtAljwgAAAABJRU5ErkJggg==\" \/><\/a><\/span>\u00a0&#8211; Tel. dom.:\u00a0<span class=\"baec5a81-e4d6-4674-97f3-e9220f0136c1\">+596 (0)5 96 71 80 38<a title=\"Chiama: +596 (0)5 96 71 80 38\" href=\"https:\/\/consparigi.esteri.it\/consolato_parigi\/it\/il_consolato\/la_rete_consolare\/la-rete-consolare.html#\"><img decoding=\"async\" title=\"Chiama: +596 (0)5 96 71 80 38\" src=\"data:image\/png;base64,iVBORw0KGgoAAAANSUhEUgAAABAAAAAQCAYAAAAf8\/9hAAABcklEQVR4XpXTPUvDUBTH4aR2c2hBQXGpTiIORhBcBOvgYKf0Awi+4Ggr1MVPIIrYdnEpShddHIyLi6AVXVxsRRDRwbi4KNgu4lCIv8i\/i6QRDzycy+09555LqOl5nhEUptPoJe1iDHU8oYlrlDw79m4QEbSLPexzsIc8hDRm8YBjLpj4q8EgxQdab+MNd4ghhQ2adIc1+ORAFEnWWfTDRp7GDfImlsIavKALLuqoqMGUCs4wHtagiQ5uc8kDyCOBKlP1k78QNTOZnMXCQRxWsbjl6iuskV41SQG2Gj9rikvcR1WcgKFDBa1LOEUK56hqv8BUFV3SGWkVS9JQ6Dsv4wQ1DKMPORUvkm78BhdQMI1CTa5I0yrcwSFqFD+SZ7DQesIkCG5S\/JpkHYERQRmuNsrZ7Grc+Ef8\/Bcoslkfae8Wc7CUHZ++TuAEBj86pHntjaDKXllPy6PW\/gkKFaThwp\/K87N8hDcQTTKKFTioSxqB8Q2BNX5JtAljwgAAAABJRU5ErkJggg==\" \/><\/a><\/span>\u00a0&#8211; cell.:\u00a0<span class=\"baec5a81-e4d6-4674-97f3-e9220f0136c1\">+596 (0)6 96 41 53 42<a title=\"Chiama: +596 (0)6 96 41 53 42\" href=\"https:\/\/consparigi.esteri.it\/consolato_parigi\/it\/il_consolato\/la_rete_consolare\/la-rete-consolare.html#\"><img decoding=\"async\" title=\"Chiama: +596 (0)6 96 41 53 42\" src=\"data:image\/png;base64,iVBORw0KGgoAAAANSUhEUgAAABAAAAAQCAYAAAAf8\/9hAAABcklEQVR4XpXTPUvDUBTH4aR2c2hBQXGpTiIORhBcBOvgYKf0Awi+4Ggr1MVPIIrYdnEpShddHIyLi6AVXVxsRRDRwbi4KNgu4lCIv8i\/i6QRDzycy+09555LqOl5nhEUptPoJe1iDHU8oYlrlDw79m4QEbSLPexzsIc8hDRm8YBjLpj4q8EgxQdab+MNd4ghhQ2adIc1+ORAFEnWWfTDRp7GDfImlsIavKALLuqoqMGUCs4wHtagiQ5uc8kDyCOBKlP1k78QNTOZnMXCQRxWsbjl6iuskV41SQG2Gj9rikvcR1WcgKFDBa1LOEUK56hqv8BUFV3SGWkVS9JQ6Dsv4wQ1DKMPORUvkm78BhdQMI1CTa5I0yrcwSFqFD+SZ7DQesIkCG5S\/JpkHYERQRmuNsrZ7Grc+Ef8\/Bcoslkfae8Wc7CUHZ++TuAEBj86pHntjaDKXllPy6PW\/gkKFaThwp\/K87N8hDcQTTKKFTioSxqB8Q2BNX5JtAljwgAAAABJRU5ErkJggg==\" \/><\/a><\/span><br \/>\n<strong>e-mail:\u00a0<a href=\"mailto:fortdefrance.onorario@esteri.ite-mail\">fortdefrance.onorario@esteri.it<\/a><\/strong><\/p>\n<p><strong>NUOVA CALEDONIA &#8211; NOUMEA (+10 inv. +9 est.) &#8211; CONSOLATO ONORARIO<br \/>\n<\/strong>Sig. Riccardo BARONI\u00a0&#8212;-\u00a0<strong><a href=\"https:\/\/consparigi.esteri.it\/wp-content\/uploads\/2023\/02\/estratto_dlf_baroni_co_noumea_nuova_caledonia.pdf\">Decreto di limitazione funzioni<\/a> <\/strong><br \/>\n\u2013 17, rue du Docteur Tiburzio \u2013BP 8177- 98807 NOUMEA<br \/>\nTel.:\u00a0<span class=\"baec5a81-e4d6-4674-97f3-e9220f0136c1\">+687 27 42 82<a title=\"Chiama: +687 27 42 82\" href=\"https:\/\/consparigi.esteri.it\/consolato_parigi\/it\/il_consolato\/la_rete_consolare\/la-rete-consolare.html#\"><img decoding=\"async\" title=\"Chiama: +687 27 42 82\" src=\"data:image\/png;base64,iVBORw0KGgoAAAANSUhEUgAAABAAAAAQCAYAAAAf8\/9hAAABcklEQVR4XpXTPUvDUBTH4aR2c2hBQXGpTiIORhBcBOvgYKf0Awi+4Ggr1MVPIIrYdnEpShddHIyLi6AVXVxsRRDRwbi4KNgu4lCIv8i\/i6QRDzycy+09555LqOl5nhEUptPoJe1iDHU8oYlrlDw79m4QEbSLPexzsIc8hDRm8YBjLpj4q8EgxQdab+MNd4ghhQ2adIc1+ORAFEnWWfTDRp7GDfImlsIavKALLuqoqMGUCs4wHtagiQ5uc8kDyCOBKlP1k78QNTOZnMXCQRxWsbjl6iuskV41SQG2Gj9rikvcR1WcgKFDBa1LOEUK56hqv8BUFV3SGWkVS9JQ6Dsv4wQ1DKMPORUvkm78BhdQMI1CTa5I0yrcwSFqFD+SZ7DQesIkCG5S\/JpkHYERQRmuNsrZ7Grc+Ef8\/Bcoslkfae8Wc7CUHZ++TuAEBj86pHntjaDKXllPy6PW\/gkKFaThwp\/K87N8hDcQTTKKFTioSxqB8Q2BNX5JtAljwgAAAABJRU5ErkJggg==\" \/><\/a><\/span>\u00a0&#8211; Fax:\u00a0<span class=\"baec5a81-e4d6-4674-97f3-e9220f0136c1\">+687 28 73 73<a title=\"Chiama: +687 28 73 73\" href=\"https:\/\/consparigi.esteri.it\/consolato_parigi\/it\/il_consolato\/la_rete_consolare\/la-rete-consolare.html#\"><img decoding=\"async\" title=\"Chiama: +687 28 73 73\" src=\"data:image\/png;base64,iVBORw0KGgoAAAANSUhEUgAAABAAAAAQCAYAAAAf8\/9hAAABcklEQVR4XpXTPUvDUBTH4aR2c2hBQXGpTiIORhBcBOvgYKf0Awi+4Ggr1MVPIIrYdnEpShddHIyLi6AVXVxsRRDRwbi4KNgu4lCIv8i\/i6QRDzycy+09555LqOl5nhEUptPoJe1iDHU8oYlrlDw79m4QEbSLPexzsIc8hDRm8YBjLpj4q8EgxQdab+MNd4ghhQ2adIc1+ORAFEnWWfTDRp7GDfImlsIavKALLuqoqMGUCs4wHtagiQ5uc8kDyCOBKlP1k78QNTOZnMXCQRxWsbjl6iuskV41SQG2Gj9rikvcR1WcgKFDBa1LOEUK56hqv8BUFV3SGWkVS9JQ6Dsv4wQ1DKMPORUvkm78BhdQMI1CTa5I0yrcwSFqFD+SZ7DQesIkCG5S\/JpkHYERQRmuNsrZ7Grc+Ef8\/Bcoslkfae8Wc7CUHZ++TuAEBj86pHntjaDKXllPy6PW\/gkKFaThwp\/K87N8hDcQTTKKFTioSxqB8Q2BNX5JtAljwgAAAABJRU5ErkJggg==\" \/><\/a><\/span>\u00a0&#8211; cell.:\u00a0<span class=\"baec5a81-e4d6-4674-97f3-e9220f0136c1\">+687 77 15 52<a title=\"Chiama: +687 77 15 52\" href=\"https:\/\/consparigi.esteri.it\/consolato_parigi\/it\/il_consolato\/la_rete_consolare\/la-rete-consolare.html#\"><img decoding=\"async\" title=\"Chiama: +687 77 15 52\" src=\"data:image\/png;base64,iVBORw0KGgoAAAANSUhEUgAAABAAAAAQCAYAAAAf8\/9hAAABcklEQVR4XpXTPUvDUBTH4aR2c2hBQXGpTiIORhBcBOvgYKf0Awi+4Ggr1MVPIIrYdnEpShddHIyLi6AVXVxsRRDRwbi4KNgu4lCIv8i\/i6QRDzycy+09555LqOl5nhEUptPoJe1iDHU8oYlrlDw79m4QEbSLPexzsIc8hDRm8YBjLpj4q8EgxQdab+MNd4ghhQ2adIc1+ORAFEnWWfTDRp7GDfImlsIavKALLuqoqMGUCs4wHtagiQ5uc8kDyCOBKlP1k78QNTOZnMXCQRxWsbjl6iuskV41SQG2Gj9rikvcR1WcgKFDBa1LOEUK56hqv8BUFV3SGWkVS9JQ6Dsv4wQ1DKMPORUvkm78BhdQMI1CTa5I0yrcwSFqFD+SZ7DQesIkCG5S\/JpkHYERQRmuNsrZ7Grc+Ef8\/Bcoslkfae8Wc7CUHZ++TuAEBj86pHntjaDKXllPy6PW\/gkKFaThwp\/K87N8hDcQTTKKFTioSxqB8Q2BNX5JtAljwgAAAABJRU5ErkJggg==\" \/><\/a><\/span><br \/>\n<strong>e-mail :\u00a0<a href=\"mailto:noumea.onorario@esteri.it\">noumea.onorario@esteri.it<\/a><\/strong><\/p>\n<p><strong>POLINESIA FRANCESE &#8211; TAHITI (-11 inv. -12 est.) &#8211; CONSOLATO ONORARIO<br \/>\n<\/strong>Sig. Stefano GROLLI\u00a0&#8212;-\u00a0<a href=\"https:\/\/consparigi.esteri.it\/wp-content\/uploads\/2023\/02\/grolli_tahiti.pdf\"><strong>Decreto di limitazione funzioni<\/strong><\/a><br \/>\n\u2013 Immeuble Les Orchid\u00e9es \u2013 App. B0 &#8211; PAPEETE &#8211; TAHITI (POLINESIA FRANCESE)<br \/>\nTel.:\u00a0<span class=\"baec5a81-e4d6-4674-97f3-e9220f0136c1\">+689 89 734 604<a title=\"Chiama: +689 89 734 604\" href=\"https:\/\/consparigi.esteri.it\/consolato_parigi\/it\/il_consolato\/la_rete_consolare\/la-rete-consolare.html#\"><img decoding=\"async\" title=\"Chiama: +689 89 734 604\" src=\"data:image\/png;base64,iVBORw0KGgoAAAANSUhEUgAAABAAAAAQCAYAAAAf8\/9hAAABcklEQVR4XpXTPUvDUBTH4aR2c2hBQXGpTiIORhBcBOvgYKf0Awi+4Ggr1MVPIIrYdnEpShddHIyLi6AVXVxsRRDRwbi4KNgu4lCIv8i\/i6QRDzycy+09555LqOl5nhEUptPoJe1iDHU8oYlrlDw79m4QEbSLPexzsIc8hDRm8YBjLpj4q8EgxQdab+MNd4ghhQ2adIc1+ORAFEnWWfTDRp7GDfImlsIavKALLuqoqMGUCs4wHtagiQ5uc8kDyCOBKlP1k78QNTOZnMXCQRxWsbjl6iuskV41SQG2Gj9rikvcR1WcgKFDBa1LOEUK56hqv8BUFV3SGWkVS9JQ6Dsv4wQ1DKMPORUvkm78BhdQMI1CTa5I0yrcwSFqFD+SZ7DQesIkCG5S\/JpkHYERQRmuNsrZ7Grc+Ef8\/Bcoslkfae8Wc7CUHZ++TuAEBj86pHntjaDKXllPy6PW\/gkKFaThwp\/K87N8hDcQTTKKFTioSxqB8Q2BNX5JtAljwgAAAABJRU5ErkJggg==\" \/><\/a><\/span><br \/>\n<strong>e-mail:\u00a0<a href=\"mailto:papeetetahiti.onorario@esteri.it\">papeetetahiti.onorario@esteri.it<\/a><\/strong><\/p>\n<p>Attenzione : Indirizzo postale da utilizzare:<br \/>\nStefano Grolli<br \/>\nConsul Honoraire d\u2019Italie<br \/>\nBP 140 393<br \/>\n98 701 ARUE<br \/>\nTahiti<br \/>\nPolyn\u00e9sie Fran\u00e7aise<br \/>\nIn caso di corriere espresso (DHL\/UPS\u2026) indicare assolutamente il telefono: +689 89 734 604<\/p>\n<p>&nbsp;<\/p>\n<p><strong>CORRESPONDANTS CONSULAIRES <\/strong><\/p>\n<p>La charge de correspondant consulaire est conf\u00e9r\u00e9e par la Consule G\u00e9n\u00e9rale \u00e0 des personnes qui, b\u00e9n\u00e9volement et gratuitement, fournissent un travail d\u2019assistance et de renseignements \u00e0 ceux qui, pour des raisons d\u2019\u00e9loignement de la Capitale, ne peuvent pas prendre un premier contact direct avec le Consulat G\u00e9n\u00e9ral.<\/p>\n<p>Les t\u00e2ches principales confi\u00e9es aux correspondants consulaires sont :<\/p>\n<ul>\n<li>assurer p\u00e9riodiquement des permanences administratives pour les ressortissants;<\/li>\n<\/ul>\n<ul>\n<li>signaler des questions particuli\u00e8res qui int\u00e9ressent les Autorit\u00e9s locales et pour lesquelles serait souhaitable une intervention directe du Consulat G\u00e9n\u00e9ral vers les organismes comp\u00e9tents ;<\/li>\n<\/ul>\n<ul>\n<li>signaler les cas de familles qui se trouvent dans des situations de particuli\u00e8re n\u00e9cessit\u00e9 \u00e9conomique ;<\/li>\n<\/ul>\n<ul>\n<li>faire parvenir au Consulat G\u00e9n\u00e9ral des dossiers administratifs (\u00e9tat civil, retraite, service national etc.).<\/li>\n<\/ul>\n<p>Pour des raisons pratiques, nous avons d\u00e9fini deux groupes de correspondants consulaires : ceux qui r\u00e9sident dans la r\u00e9gion parisienne et ceux qui r\u00e9sident dans les autres d\u00e9partements.<\/p>\n<p>&nbsp;<\/p>\n<p><strong>ILE DE FRANCE<br \/>\n<\/strong><\/p>\n<p>\u2022 CARLESIMO Onorio \u2013 60 Av. Aristide Briand \u2013 91550 PARAY-VIEILLE-POSTE (91)<br \/>\nTel. 06 12 35 27 03 \u2013 e-mail : <a href=\"mailto:honore.carlesimo@free.fr\">honore.carlesimo@free.fr<\/a><\/p>\n<p>\u2022 FIORE Raffaele \u2013 107 rue L\u00e9on Geffroy \u2013 94400 VITRY-SUR-SEINE (94)<br \/>\nTel. 01 46 82 67 17 \u2013 06 01 99 77 14 \u2013 e-mail: <a href=\"mailto:raffaele.fiore@acli.it\">raffaele.fiore@acli.it<\/a><\/p>\n<p>\u2022 NOTARIANNI Gianni \u2013 105 Av. du Colonel Fabien \u2013 94400 VITRY-SUR-SEINE (94)<br \/>\nTel. 06 08 72 56 76 \u2013 fax 01 49 58 85 64 \u2013 e-mail: <a href=\"mailto:sarldoriana@outlook.fr\">sarldoriana@outlook.fr<\/a><\/p>\n<p>\u2022 VELARDO Fortunato \u2013 26 Av. Paul Bert \u2013 93190 LIVRY-GARGAN (93)<br \/>\nTel. 06 24 20 84 35 \u2013 e-mail: <a href=\"mailto:fortunato.velardo@orange.fr\">fortunato.velardo@orange.fr<\/a><\/p>\n<p><strong>AUTRES REGIONS<\/strong><\/p>\n<p>(37) Indre-et-Loire \u2013 (49) Maine et Loire \u2013 (72) Sarthe<br \/>\nMonia BERTONCELLO KERHARO \u2013 7 Rue Hubert et Charlotte Neveux 49140 SEICHES SUR LE LOIR<br \/>\nTel. 06 60 79 27 11 \u2013 e-mail : <a href=\"mailto:monia.kerharo@notaires.fr\">monia.kerharo@notaires.fr<\/a><\/p>\n<p>(35) Ille et Vilaine \u2013 (53) Mayenne<br \/>\nTommaso D\u2019ISOLA \u2013 23 Avenue Jules Maniez \u2013 35000 Rennes<br \/>\nTel. 02 99 50 06 65 \/ 06 65 76 21 64 e-mail : <a href=\"mailto:disolat@aol.com\">disolat@aol.com<\/a><\/p>\n","protected":false},"excerpt":{"rendered":"&nbsp; \u00a0RETE CONSOLARE ITALIANA IN FRANCIA Ambasciata d&rsquo;Italia a Parigi 51, rue de Varenne 75343 PARIS CEDEX 07 Tel\u00a0\u00a0+33 1 49 54 03 00 Ambasciatrice d&rsquo;Italia in Francia Emanuela D&rsquo;Alessandro Consolato Generale d&rsquo;Italia a Lione 5, Rue Commandant Faurax &#8211; 69452 LYON CEDEX 06 Tel. 04 78 93 00 17 &#8211; Fax 04 78 94 [&hellip;]","protected":false},"author":3,"featured_media":0,"parent":35,"menu_order":10,"comment_status":"closed","ping_status":"closed","template":"","meta":{"footnotes":""},"class_list":["post-104","page","type-page","status-publish","hentry"],"_links":{"self":[{"href":"https:\/\/consparigi.esteri.it\/fr\/wp-json\/wp\/v2\/pages\/104","targetHints":{"allow":["GET"]}}],"collection":[{"href":"https:\/\/consparigi.esteri.it\/fr\/wp-json\/wp\/v2\/pages"}],"about":[{"href":"https:\/\/consparigi.esteri.it\/fr\/wp-json\/wp\/v2\/types\/page"}],"author":[{"embeddable":true,"href":"https:\/\/consparigi.esteri.it\/fr\/wp-json\/wp\/v2\/users\/3"}],"replies":[{"embeddable":true,"href":"https:\/\/consparigi.esteri.it\/fr\/wp-json\/wp\/v2\/comments?post=104"}],"version-history":[{"count":6,"href":"https:\/\/consparigi.esteri.it\/fr\/wp-json\/wp\/v2\/pages\/104\/revisions"}],"predecessor-version":[{"id":6703,"href":"https:\/\/consparigi.esteri.it\/fr\/wp-json\/wp\/v2\/pages\/104\/revisions\/6703"}],"up":[{"embeddable":true,"href":"https:\/\/consparigi.esteri.it\/fr\/wp-json\/wp\/v2\/pages\/35"}],"wp:attachment":[{"href":"https:\/\/consparigi.esteri.it\/fr\/wp-json\/wp\/v2\/media?parent=104"}],"curies":[{"name":"wp","href":"https:\/\/api.w.org\/{rel}","templated":true}]}}