{"id":1242,"date":"2023-01-27T11:41:10","date_gmt":"2023-01-27T10:41:10","guid":{"rendered":"https:\/\/consparigi.esteri.it\/servizi-consolari-e-visti\/servizi-per-il-cittadino-italiano\/istruzione\/"},"modified":"2023-03-14T11:55:25","modified_gmt":"2023-03-14T10:55:25","slug":"istruzione","status":"publish","type":"page","link":"https:\/\/consparigi.esteri.it\/fr\/servizi-consolari-e-visti\/servizi-per-il-cittadino-italiano\/istruzione\/","title":{"rendered":"\u00c9tudes"},"content":{"rendered":"<p>Le Consulat G\u00e9n\u00e9ral d&rsquo;Italie \u00e0 Paris comporte un Bureau Scolarit\u00e9, d\u00e9di\u00e9 \u00e0 la promotion et \u00e0 la diffusion de la langue italienne, par le biais de sections et de cours dans les \u00e9coles fran\u00e7aises, ainsi qu&rsquo;un Bureau \u00c9tudes qui d\u00e9livre les d\u00e9clarations de valeur permettant la reconnaissance en Italie des dipl\u00f4mes fran\u00e7ais obtenus dans la circonscription consulaire.<\/p>\n<p>Est \u00e9galement pr\u00e9sent \u00e0 Paris le Lyc\u00e9e italien Leonardo da Vinci.<\/p>\n<p>Ce lyc\u00e9e, les sections italiennes et les cours dispens\u00e9s dans les \u00e9coles fran\u00e7aises font partie int\u00e9grante du Syst\u00e8me de la Formation Italienne dans le Monde, encadr\u00e9 par le D\u00e9cret l\u00e9gislatif n\u00b064\/2017.<\/p>\n","protected":false},"excerpt":{"rendered":"Le Consulat G\u00e9n\u00e9ral d&rsquo;Italie \u00e0 Paris comporte un Bureau Scolarit\u00e9, d\u00e9di\u00e9 \u00e0 la promotion et \u00e0 la diffusion de la langue italienne, par le biais de sections et de cours dans les \u00e9coles fran\u00e7aises, ainsi qu&rsquo;un Bureau \u00c9tudes qui d\u00e9livre les d\u00e9clarations de valeur permettant la reconnaissance en Italie des dipl\u00f4mes fran\u00e7ais obtenus dans la [&hellip;]","protected":false},"author":4,"featured_media":0,"parent":109,"menu_order":20,"comment_status":"closed","ping_status":"closed","template":"","meta":{"footnotes":""},"class_list":["post-1242","page","type-page","status-publish","hentry"],"_links":{"self":[{"href":"https:\/\/consparigi.esteri.it\/fr\/wp-json\/wp\/v2\/pages\/1242","targetHints":{"allow":["GET"]}}],"collection":[{"href":"https:\/\/consparigi.esteri.it\/fr\/wp-json\/wp\/v2\/pages"}],"about":[{"href":"https:\/\/consparigi.esteri.it\/fr\/wp-json\/wp\/v2\/types\/page"}],"author":[{"embeddable":true,"href":"https:\/\/consparigi.esteri.it\/fr\/wp-json\/wp\/v2\/users\/4"}],"replies":[{"embeddable":true,"href":"https:\/\/consparigi.esteri.it\/fr\/wp-json\/wp\/v2\/comments?post=1242"}],"version-history":[{"count":0,"href":"https:\/\/consparigi.esteri.it\/fr\/wp-json\/wp\/v2\/pages\/1242\/revisions"}],"up":[{"embeddable":true,"href":"https:\/\/consparigi.esteri.it\/fr\/wp-json\/wp\/v2\/pages\/109"}],"wp:attachment":[{"href":"https:\/\/consparigi.esteri.it\/fr\/wp-json\/wp\/v2\/media?parent=1242"}],"curies":[{"name":"wp","href":"https:\/\/api.w.org\/{rel}","templated":true}]}}