{"id":2217,"date":"2023-01-25T16:07:48","date_gmt":"2023-01-25T15:07:48","guid":{"rendered":"https:\/\/consparigi.esteri.it\/?page_id=2217"},"modified":"2025-11-07T17:11:11","modified_gmt":"2025-11-07T16:11:11","slug":"perte-et-reacquisition-de-la-nationalite-2","status":"publish","type":"page","link":"https:\/\/consparigi.esteri.it\/fr\/servizi-consolari-e-visti\/servizi-per-il-cittadino-straniero\/cittadinanza\/perte-et-reacquisition-de-la-nationalite-2\/","title":{"rendered":"Perte et r\u00e9acquisition de la nationalit\u00e9"},"content":{"rendered":"<p><strong>PERTE<\/strong><\/p>\n<p>La loi n\u00b0555\/1912 sur la nationalit\u00e9 pr\u00e9voyait que l\u2019acquisition volontaire d\u2019une nationalit\u00e9 \u00e9trang\u00e8re entra\u00eenait la perte de la nationalit\u00e9 italienne de l\u2019int\u00e9ress\u00e9 et de ses enfants mineurs.<\/p>\n<p>La loi n\u00b091\/1992 a introduit, \u00e0 l\u2019article 11, un r\u00e9gime de pluripatridie, c\u2019est-\u00e0-dire la possibilit\u00e9 d\u2019avoir plusieurs nationalit\u00e9s.<\/p>\n<p>Ainsi, depuis le 16\/08\/1992 (date d\u2019entr\u00e9e en vigueur de la nouvelle loi n\u00b091\/1992), l\u2019acquisition d\u2019une nationalit\u00e9 \u00e9trang\u00e8re n\u2019entra\u00eene th\u00e9oriquement plus la perte de la nationalit\u00e9 italienne, \u00e0 moins que le citoyen italien y renonce formellement.<\/p>\n<p>Il convient de pr\u00e9ciser toutefois que la garantie du maintien de la nationalit\u00e9 italienne en vertu de l\u2019article 11 a \u00e9t\u00e9 consid\u00e9rablement limit\u00e9e par la Convention sur la r\u00e9duction des cas de pluralit\u00e9 de nationalit\u00e9s et sur les obligations militaires sign\u00e9e \u00e0 Strasbourg le 06\/05\/1963, ratifi\u00e9e par l\u2019Italie par la loi n\u00b0876 du 04\/10\/1965, et souscrite \u00e9galement par la France.<\/p>\n<p>Les effets de cette Convention ont \u00e9t\u00e9 ensuite att\u00e9nu\u00e9s par un protocole additionnel (Deuxi\u00e8me Protocole d\u2019amendement \u00e0 la Convention de Strasbourg), qui s\u2019est appliqu\u00e9 entre l\u2019Italie et la France \u00e0 compter du 24\/03\/1995.<\/p>\n<p>Ce protocole pr\u00e9voyait le maintien de la nationalit\u00e9 italienne en cas d\u2019acquisition de la nationalit\u00e9 fran\u00e7aise dans les cas suivants\u00a0:<\/p>\n<ol>\n<li>Mariage avec un citoyen fran\u00e7ais ou une citoyenne fran\u00e7aise<\/li>\n<li>Naissance et r\u00e9sidence stable en France jusqu\u2019\u00e0 la majorit\u00e9<\/li>\n<li>Immigration\u00a0et r\u00e9sidence stable en France avant 18 ans<\/li>\n<\/ol>\n<p><strong>Suite \u00e0 la d\u00e9nonciation par la France de la Convention de Strasbourg, les ressortissants italiens qui acqui\u00e8rent la nationalit\u00e9 fran\u00e7aise apr\u00e8s le 05\/03\/2009 ne perdent plus la nationalit\u00e9 italienne.<\/strong><\/p>\n<p>Il est pr\u00e9cis\u00e9 que, \u00e0 l\u2019exception de quelques cas particuliers, l\u2019entr\u00e9e en vigueur du Deuxi\u00e8me Protocole de la Convention de Strasbourg puis la d\u00e9nonciation de celle-ci n\u2019ont pas eu d\u2019effet r\u00e9troactif\u00a0: les pertes de nationalit\u00e9 survenues avant ces dates restent effectives.<\/p>\n<p>&nbsp;<\/p>\n<p>&nbsp;<\/p>\n<p><strong>R\u00c9ACQUISITION DE LA NATIONALIT\u00c9 ITALIENNE<\/strong><\/p>\n<p>La loi n\u00b091\/1992 pr\u00e9voit dans certains cas la possibilit\u00e9 de r\u00e9acqu\u00e9rir la nationalit\u00e9 italienne, si pr\u00e9c\u00e9demment perdue.<\/p>\n<p>Le Consulat G\u00e9n\u00e9ral d\u2019Italie \u00e0 Paris est comp\u00e9tent pour les personnes r\u00e9sidentes dans les r\u00e9gions suivantes:<\/p>\n<p>Bretagne, Bourgogne-Franche-Comt\u00e9 (seulement pour les d\u00e9partements de la C\u00f4te-d\u2019Or \u2013 21, du Doubs \u2013 25, du Jura \u2013 39, Haute Sa\u00f4ne \u2013 70, de l\u2019Yonne \u2013 89), Centre, Hauts de France, \u00cele-de-France, Normandie, Pays de la Loire et tous les d\u00e9partements et territoires d\u2019Outre-Mer.<\/p>\n<p>&nbsp;<\/p>\n<p><strong>DISPOSITIF EXCEPTIONNEL DE R\u00c9ACQUISITION\u00a0(loi n. 74 du 23\/05\/2025) <\/strong><\/p>\n<p><strong>D\u00e9claration de r\u00e9acquistion de la nationalit\u00e9 \u00e0 effectuer entre le 01\/07\/2025 et le 31\/12\/2027<\/strong><\/p>\n<p>&nbsp;<\/p>\n<p><strong><u>Qui peut en b\u00e9n\u00e9ficier\u00a0?<\/u><\/strong><\/p>\n<p>Les personnes <strong><u>n\u00e9es en Italie<\/u><\/strong> <strong>ayant perdu la nationalit\u00e9 italienne <u>avant le 15\/08\/1992<\/u><\/strong>, en vertu des articles 8-1, 8-2 et 12 de la Loi 555\/1912 (naturalisation \u00e9trang\u00e8re, renonciation \u00e0 la nationalit\u00e9 italienne pour acquisition non volontaire de la nationalit\u00e9 \u00e9trang\u00e8re, fils mineurs r\u00e9sidents avec un parent qui a perdu la nationalit\u00e9 italienne)<\/p>\n<p>ou<\/p>\n<p>Les personnes<strong> <u>n\u00e9es \u00e0 l\u2019\u00e9tranger et ayant r\u00e9sid\u00e9 en Italie deux ann\u00e9es cons\u00e9cutives<\/u> ayant perdu la nationalit\u00e9 italienne <u>avant le 15\/08\/1992<\/u><\/strong>, en vertu des articles 8-1, 8-2 et 12 de la Loi 555\/1912 (naturalisation \u00e9trang\u00e8re, renonciation \u00e0 la nationalit\u00e9 italienne pour acquisition non volontaire de la nationalit\u00e9 \u00e9trang\u00e8re, fils mineurs r\u00e9sidents avec un parent qui a perdu la nationalit\u00e9 italienne)<\/p>\n<p>La possibilit\u00e9 de reacquisition de la nationalit\u00e9 italienne ne s\u2019applique pas aux sujets qui ont renonc\u00e9 \u00e0 la nationalit\u00e9 italienne (ou qui l\u2019ont perdu pour autre raison) \u00e0 partir du 16 aout 1992.<\/p>\n<p>&nbsp;<\/p>\n<p><strong><u>Quelle est la proc\u00e9dure \u00e0 suivre\u00a0?<\/u><\/strong><\/p>\n<p><strong>Entre 01\/07\/2025 et le 31\/12\/2027 <\/strong>l\u2019int\u00e9ress\u00e9 doit rendre personnellement aupr\u00e8s du Consulat G\u00e9n\u00e9ral une <strong>d\u00e9claration de r\u00e9acquisition de la nationalit\u00e9 italienne<\/strong>.<\/p>\n<p>Selon l\u2019art. 15 de la loi n. 91\/1992 l\u2019int\u00e9ress\u00e9 ne r\u00e9acqu\u00e9rir pas la nationalit\u00e9 italienne \u00e0 partir du jour de la naissance mais du jour apr\u00e8s la d\u00e9claration rendue personnellement aupr\u00e8s du Consulat.<\/p>\n<p>&nbsp;<\/p>\n<p><strong><u>Quelle est la documentation n\u00e9cessaire\u00a0?<\/u><\/strong><\/p>\n<p>Veuillez noter que le Bureau Nationalit\u00e9 pourra demander des documents suppl\u00e9mentaires en compl\u00e9ment de ceux indiqu\u00e9s ci-dessous.<\/p>\n<p><strong><u>Si vous \u00eates n\u00e9 en Italie\u00a0:<\/u><\/strong><\/p>\n<ul>\n<li>copie int\u00e9grale de votre acte de naissance avec la mention marginale de perte de nationalit\u00e9 \u00e0 demander \u00e0 votre commune de naissance en Italie<\/li>\n<li>d\u00e9cret de naturalisation ou certificat de nationalit\u00e9 fran\u00e7aise (ou toute attestation d\u2019acquisition d\u2019une nationalit\u00e9 \u00e9trang\u00e8re)<\/li>\n<\/ul>\n<p><strong><u>Si vous \u00eates n\u00e9 \u00e0 l\u2019\u00e9tranger\u00a0:<\/u><\/strong><\/p>\n<ul>\n<li>copie int\u00e9grale de la transcription de votre acte de naissance avec la mention marginale de perte de nationalit\u00e9 \u00e0 votre commune italienne de rattachement<\/li>\n<li><em>certificato storico anagrafico\/certificato di residenza storico<\/em> d\u00e9livr\u00e9 par la ou les communes de r\u00e9sidence en Italie, qui atteste que vous avez r\u00e9sid\u00e9 au moins deux ann\u00e9es cons\u00e9cutives en Italie avant la perte de nationalit\u00e9<\/li>\n<li>d\u00e9cret de naturalisation ou certificat de nationalit\u00e9 fran\u00e7aise (ou toute attestation d\u2019acquisition d\u2019une nationalit\u00e9 \u00e9trang\u00e8re)<\/li>\n<\/ul>\n<p>&nbsp;<\/p>\n<p><strong><u>Comment prendre rendez-vous\u00a0?<\/u><\/strong><\/p>\n<p>Vous pourrez, <u>uniquement lorsque cette documentation aura \u00e9t\u00e9 r\u00e9unie<\/u>, contacter le D\u00e9partement Nationalit\u00e9 (<a href=\"mailto:cittadinanza.parigi@esterit.it\">cittadinanza.parigi@esterit.it<\/a>), qui vous indiquera la proc\u00e9dure \u00e0 suivre pour le paiement des droits consulaires de <strong>250\u20ac<\/strong> et vous fixera un rendez-vous afin de souscrire la d\u00e9claration au Consulat G\u00e9n\u00e9ral.<\/p>\n<p>&nbsp;<\/p>\n<p>&nbsp;<\/p>\n<p><strong>DISPOSITIF ORDINAIRE DE R\u00c9ACQUISITION<\/strong><\/p>\n<p><strong>R\u00e9sidence en Italie<\/strong><\/p>\n<p>&nbsp;<\/p>\n<p>Quelle que soit la date et les modalit\u00e9s de la perte de la nationalit\u00e9 italienne, l\u2019ex-citoyen italien r\u00e9sident \u00e0 l\u2019\u00e9tranger peut la r\u00e9acqu\u00e9rir\u00a0en fixant sa r\u00e9sidence en Italie:<\/p>\n<ul>\n<li>en vertu de l\u2019article 13, alin\u00e9a 1, lettre c) de la Loi n\u00b091\/1992, en faisant une d\u00e9claration pr\u00e9alable au consulat comp\u00e9tent et en fixant sa r\u00e9sidence en Italie dans l\u2019ann\u00e9e suivant la d\u00e9claration pr\u00e9alable\u00a0;<\/li>\n<li>en vertu de l\u2019article 13, alin\u00e9a 1, lettre d) de la Loi n\u00b091\/1992, suite \u00e0 un an de r\u00e9sidence en Italie, sauf renonciation expresse avant ce terme.<\/li>\n<\/ul>\n<p>Les d\u00e9clarations art. 13-1c sont sujettes au paiement d\u2019une taxe de 250\u20ac \u00e0 verser au Minist\u00e8re de l\u2019Int\u00e9rieur italien.<\/p>\n<p>Si vous \u00eates int\u00e9ress\u00e9 par cette modalit\u00e9 de r\u00e9acquisition, veuillez contacter par courriel le D\u00e9partement Nationalit\u00e9 (<a href=\"mailto:cittadinanza.parigi@esteri.it\">cittadinanza.parigi@esteri.it<\/a>).<\/p>\n","protected":false},"excerpt":{"rendered":"PERTE La loi n\u00b0555\/1912 sur la nationalit\u00e9 pr\u00e9voyait que l\u2019acquisition volontaire d\u2019une nationalit\u00e9 \u00e9trang\u00e8re entra\u00eenait la perte de la nationalit\u00e9 italienne de l\u2019int\u00e9ress\u00e9 et de ses enfants mineurs. La loi n\u00b091\/1992 a introduit, \u00e0 l\u2019article 11, un r\u00e9gime de pluripatridie, c\u2019est-\u00e0-dire la possibilit\u00e9 d\u2019avoir plusieurs nationalit\u00e9s. Ainsi, depuis le 16\/08\/1992 (date d\u2019entr\u00e9e en vigueur de [&hellip;]","protected":false},"author":6,"featured_media":0,"parent":240,"menu_order":8,"comment_status":"closed","ping_status":"closed","template":"","meta":{"footnotes":""},"class_list":["post-2217","page","type-page","status-publish","hentry"],"_links":{"self":[{"href":"https:\/\/consparigi.esteri.it\/fr\/wp-json\/wp\/v2\/pages\/2217","targetHints":{"allow":["GET"]}}],"collection":[{"href":"https:\/\/consparigi.esteri.it\/fr\/wp-json\/wp\/v2\/pages"}],"about":[{"href":"https:\/\/consparigi.esteri.it\/fr\/wp-json\/wp\/v2\/types\/page"}],"author":[{"embeddable":true,"href":"https:\/\/consparigi.esteri.it\/fr\/wp-json\/wp\/v2\/users\/6"}],"replies":[{"embeddable":true,"href":"https:\/\/consparigi.esteri.it\/fr\/wp-json\/wp\/v2\/comments?post=2217"}],"version-history":[{"count":6,"href":"https:\/\/consparigi.esteri.it\/fr\/wp-json\/wp\/v2\/pages\/2217\/revisions"}],"predecessor-version":[{"id":6220,"href":"https:\/\/consparigi.esteri.it\/fr\/wp-json\/wp\/v2\/pages\/2217\/revisions\/6220"}],"up":[{"embeddable":true,"href":"https:\/\/consparigi.esteri.it\/fr\/wp-json\/wp\/v2\/pages\/240"}],"wp:attachment":[{"href":"https:\/\/consparigi.esteri.it\/fr\/wp-json\/wp\/v2\/media?parent=2217"}],"curies":[{"name":"wp","href":"https:\/\/api.w.org\/{rel}","templated":true}]}}