{"id":2222,"date":"2023-01-25T15:51:07","date_gmt":"2023-01-25T14:51:07","guid":{"rendered":"https:\/\/consparigi.esteri.it\/?page_id=2222"},"modified":"2026-03-24T17:46:24","modified_gmt":"2026-03-24T16:46:24","slug":"nationalite-par-descendance-citoyens-francais-2","status":"publish","type":"page","link":"https:\/\/consparigi.esteri.it\/fr\/servizi-consolari-e-visti\/servizi-per-il-cittadino-straniero\/cittadinanza\/nationalite-par-descendance-citoyens-francais-2\/","title":{"rendered":"Nationalit\u00e9 par descendance (citoyens fran\u00e7ais)"},"content":{"rendered":"<p>Le Consulat G\u00e9n\u00e9ral d\u2019Italie \u00e0 Paris est l\u2019autorit\u00e9 comp\u00e9tente pour les reconnaissances de nationalit\u00e9 italienne\u00a0<em>jure sanguinis<\/em>, soit par descendance d\u2019un parent ou d\u2019un grand-parent italien, pour les r\u00e9gions suivantes\u00a0:<\/p>\n<p><strong>Bretagne, Bourgogne-Franche-Comt\u00e9 (seulement pour les d\u00e9partements de la C\u00f4te-d\u2019Or \u2013 21, du Doubs \u2013 25, du Jura \u2013 39, de l\u2019Yonne \u2013 89), Centre, Hauts de France, \u00cele de France, Normandie, Pays de la Loire et tous les d\u00e9partements et territoires d\u2019Outre-Mer.<\/strong><\/p>\n<p><strong>Le Consulat G\u00e9n\u00e9ral peut recevoir chaque ann\u00e9e <u>jusqu\u2019\u00e0 100 demandes<\/u> de reconnaissance de la nationalit\u00e9 italienne.<\/strong><\/p>\n<p><strong>Les demandes re\u00e7ues une fois le nombre de demandes indiqu\u00e9es ci-dessus aura \u00e9t\u00e9 d\u00e9pass\u00e9 seront restitu\u00e9es \u00e0 l\u2019exp\u00e9diteur.<\/strong><\/p>\n<p><strong>\u00a0<\/strong><\/p>\n<p>Les conditions requises pour une reconnaissance de la nationalit\u00e9 italienne sont\u00a0:<\/p>\n<ul>\n<li>La d\u00e9monstration de la descendance du parent ou grand-parent italien \u00e9migr\u00e9 en France<\/li>\n<li>La preuve de l\u2019absence d\u2019interruption de la transmission de la nationalit\u00e9<\/li>\n<li>La possession des conditions introduites par le nouvel art.3 bis de la Loi 91\/1992<\/li>\n<\/ul>\n<p><strong>Les demandes de reconnaissance de la possession de la nationalit\u00e9 italienne exp\u00e9di\u00e9es ou parvenues au Consulat apr\u00e8s le 27\/03\/2025 23h59 sont trait\u00e9es selon la nouvelle loi expos\u00e9e ici.<\/strong><\/p>\n<p>Le d\u00e9lai imparti pour clore la v\u00e9rification de la possession de la nationalit\u00e9 italienne est de\u00a0:<\/p>\n<ul>\n<li>2 ans pour les demandes parvenues jusqu\u2019au 31\/12\/2025<\/li>\n<li>3 ans pour les demandes parvenues \u00e0 partir du 01\/01\/2026<\/li>\n<\/ul>\n<p>&nbsp;<\/p>\n<p>********************************<\/p>\n<p><strong>\u00a0<\/strong><\/p>\n<p><strong>DOCUMENTATION \u00c0 R\u00c9UNIR<\/strong><\/p>\n<p>&nbsp;<\/p>\n<p>Le texte de loi \u2013 consultable <a href=\"https:\/\/www.normattiva.it\/uri-res\/N2Ls?urn:nir:stato:legge:1992-02-05;91!vig=\">ici<\/a> \u2013 pr\u00e9voit que les demandeurs n\u00e9s \u00e0 l\u2019\u00e9tranger et en possession d\u2019une autre nationalit\u00e9 <strong>ne sont pas consid\u00e9r\u00e9s comme ayant acquis la nationalit\u00e9 italienne <\/strong>de mani\u00e8re automatique, sauf que\u00a0:<\/p>\n<p style=\"padding-left: 40px;\">A. Un parent ou adoptant de nationalit\u00e9 italienne a r\u00e9sid\u00e9 en Italie au moins deux ans cons\u00e9cutifs apr\u00e8s l\u2019acquisition de la nationalit\u00e9 italienne et avant la date de naissance (ou adoption) de l\u2019enfant.<\/p>\n<p><a href=\"https:\/\/consparigi.esteri.it\/wp-content\/uploads\/2025\/10\/Nat-FR_CAS-A-residence.pdf\" target=\"_blank\" rel=\"noopener\"><strong>Cliquez ici<\/strong><\/a><strong> pour v\u00e9rifier les documents requis.<\/strong><\/p>\n<p><strong>\u00a0<\/strong><\/p>\n<p style=\"padding-left: 40px;\">B.Un parent italien ou un grand-parent italien \u00e9tait <strong>exclusivement<\/strong> citoyen italien au moment de votre naissance (ou au moment de son d\u00e9c\u00e8s si ant\u00e9rieur \u00e0 votre naissance).<\/p>\n<p><a href=\"https:\/\/consparigi.esteri.it\/wp-content\/uploads\/2025\/10\/Nat-FR_CAS-B-possession-exclusive-nat-it.pdf\" target=\"_blank\" rel=\"noopener\"><strong>Cliquez ici<\/strong><\/a><strong> pour v\u00e9rifier les documents requis.<\/strong><\/p>\n<p><strong>\u00a0<\/strong><\/p>\n<p><strong>Tous les documents doivent \u00eatre pr\u00e9sent\u00e9s en original et ne seront pas restitu\u00e9s, quelle que soit la suite (positive ou n\u00e9gative) donn\u00e9e \u00e0 la demande.<\/strong><\/p>\n<p><strong>La recherche des documents est uniquement \u00e0 la charge du demandeur<\/strong>.<\/p>\n<p><strong>Le D\u00e9partement Nationalit\u00e9 se r\u00e9serve de demander un compl\u00e9ment de documentation si les \u00e9l\u00e9ments fournis devaient s\u2019av\u00e9rer insuffisants pour l\u2019\u00e9valuation de la demande de reconnaissance.<\/strong><\/p>\n<p><strong>\u00a0<\/strong><\/p>\n<p>********************************<\/p>\n<p><strong>CO\u00dbT ET ENVOI DE LA DEMANDE<\/strong><\/p>\n<p>Toutes les demandes de reconnaissance de la nationalit\u00e9 italienne \u00e0 une personne majeure sont sujettes au paiement des droits consulaires pour le traitement de la demande qui s\u2019\u00e9l\u00e8ve depuis le 01\/01\/2025 \u00e0\u00a0<strong>600\u20ac<\/strong>.\u00a0S\u2019agissant de frais inh\u00e9rents au seul traitement du dossier de reconnaissance, le paiement est obligatoire, <strong>quelle que soit la suite (positive ou n\u00e9gative) donn\u00e9e \u00e0 la demande.<\/strong><\/p>\n<p>&nbsp;<\/p>\n<p>Ce paiement devra \u00eatre effectu\u00e9 par virement bancaire sur le compte du Consulat G\u00e9n\u00e9ral d\u2019Italie\u00a0:<\/p>\n<p>IBAN: FR76 3047 8000 0102 8019 3800 117\u00a0\u00a0\u00a0 BIC: MONTFRPPXXX<\/p>\n<p>Le libell\u00e9 du virement devra indiquer : \u201cPr\u00e9nom Nom Cittadinanza\u201d.<\/p>\n<p>&nbsp;<\/p>\n<p>La demande pourra \u00eatre pr\u00e9sent\u00e9e <strong>par la poste<\/strong> uniquement lorsque <strong>toute la documentation <\/strong>indiqu\u00e9e ci-dessous aura \u00e9t\u00e9 r\u00e9unie, <strong>en original<\/strong>, avec le <strong>justificatif du virement de 600\u20ac<\/strong> et le <a href=\"https:\/\/consparigi.esteri.it\/fr\/servizi-consolari-e-visti\/servizi-per-il-cittadino-straniero\/modulistica-per-cittadini-stranieri\/\"><strong>formulaire de demande de reconnaissance<\/strong><\/a> d\u00fbment rempli et sign\u00e9, \u00e0 l\u2019adresse suivante :<\/p>\n<p>&nbsp;<\/p>\n<p><strong>Consulat G\u00e9n\u00e9ral d\u2019Italie \u00e0 Paris &#8211; Ufficio Cittadinanza<\/strong><\/p>\n<p><strong>5, boulevard \u00c9mile Augier<\/strong><\/p>\n<p><strong>75116 Paris<\/strong><\/p>\n<p>****<\/p>\n<p>&nbsp;<\/p>\n<p><strong>PR\u00c9CISIONS SUPPL\u00c9MENTAIRES<\/strong><\/p>\n<p>L\u2019\u00e9tude des demandes se base sur le corpus l\u00e9gislatif en vigueur du moment de l\u2019\u00e9migration de l\u2019a\u00efeul italien jusqu\u2019\u00e0 aujourd\u2019hui (<em>ratione temporis<\/em>) et dans les pays concern\u00e9s (<em>ratione loci<\/em>): lois italiennes sur la nationalit\u00e9, lois fran\u00e7aises sur la nationalit\u00e9, conventions internationales et leurs interactions. Chaque dossier est particulier et la grande complexit\u00e9 du corpus l\u00e9gislatif cit\u00e9 plus haut ne permet pas de pr\u00e9senter tous les cas de figure possibles.<\/p>\n<p>Veuillez n\u00e9anmoins tenir compte dans la constitution de votre dossier des points suivants\u00a0:<\/p>\n<ul>\n<li>L\u2019acquisition volontaire de la nationalit\u00e9 fran\u00e7aise par un ressortissant italien a entra\u00een\u00e9 jusqu\u2019\u00e0 une date r\u00e9cente (sauf cas sp\u00e9cifiques) la <u>perte automatique<\/u>\u00a0de la nationalit\u00e9 italienne,\u00a0<u>sans qu\u2019une renonciation ne soit n\u00e9cessaire<\/u>, ainsi que celle de ses enfants mineurs (m\u00eame si ceux-ci n\u2019ont pas exprim\u00e9 leur volont\u00e9 d\u2019\u00eatre naturalis\u00e9s). Il en r\u00e9sulte que\u00a0<strong>si l\u2019a\u00efeul italien a \u00e9t\u00e9 naturalis\u00e9 fran\u00e7ais (sur sa demande) avant la naissance ou pendant la minorit\u00e9 du descendant successif, la transmission de la nationalit\u00e9 italienne s\u2019est interrompue. Le droit \u00e0 la reconnaissance de la nationalit\u00e9 italienne ne peut donc pas \u00eatre reconnu <\/strong>(cf. art. 8 et 12 Loi n\u00b0555\/1912 et Convention de Strasbourg 1963).<\/li>\n<li>La femme italienne ne transmet la nationalit\u00e9 qu\u2019\u00e0 compter du\u00a0<strong>01\/01\/1948<\/strong>\u00a0(sous certaines conditions) et pleinement depuis le\u00a0<strong>27\/04\/1983<\/strong>. La femme italienne mari\u00e9e avec un citoyen fran\u00e7ais acqu\u00e9rait automatiquement la nationalit\u00e9 fran\u00e7aise et perdait la nationalit\u00e9 italienne jusqu\u2019au 11\/01\/1973.\u00a0<strong>Pour plus d\u2019informations sur la perte de la nationalit\u00e9 survenue entre le 01\/01\/1948 et le 11\/01\/1973 et sur la possible reconnaissance de la possession ininterrompue de la nationalit\u00e9 pour la femme et ses descendants, veuillez consulter la rubrique\u00a0<\/strong><a href=\"https:\/\/consparigi.esteri.it\/fr\/servizi-consolari-e-visti\/servizi-per-il-cittadino-straniero\/cittadinanza\/cas-particuliers-2\/\"><strong>CAS PARTICULIERS<\/strong><\/a>.<\/li>\n<li>La France a toujours pratiqu\u00e9 un\u00a0<strong>droit du sol conditionnel<\/strong>, c\u2019est-\u00e0-dire conditionn\u00e9 \u00e0 des crit\u00e8res sp\u00e9cifiques (dur\u00e9e de r\u00e9sidence, lieu de naissance des parents\u2026)\u00a0:\u00a0<strong>l\u2019acquisition de la nationalit\u00e9 fran\u00e7aise n\u2019est pas automatique au moment de la naissance sur le territoire fran\u00e7ais, si les parents ne sont pas eux-m\u00eames citoyens fran\u00e7ais.\u00a0<\/strong>Afin de v\u00e9rifier la continuit\u00e9 de la possession de la nationalit\u00e9 italienne, des documents compl\u00e9mentaires (ex\u00a0: copie du Certificat de Nationalit\u00e9 Fran\u00e7aise, d\u00e9cret de naturalisation\u2026) concernant les descendants de l\u2019a\u00efeul italien pourront \u00eatre demand\u00e9s, pour d\u00e9finir les modalit\u00e9s d\u2019acquisition de la nationalit\u00e9 fran\u00e7aise.<\/li>\n<\/ul>\n<p>&nbsp;<\/p>\n","protected":false},"excerpt":{"rendered":"Le Consulat G\u00e9n\u00e9ral d\u2019Italie \u00e0 Paris est l\u2019autorit\u00e9 comp\u00e9tente pour les reconnaissances de nationalit\u00e9 italienne\u00a0jure sanguinis, soit par descendance d\u2019un parent ou d\u2019un grand-parent italien, pour les r\u00e9gions suivantes\u00a0: Bretagne, Bourgogne-Franche-Comt\u00e9 (seulement pour les d\u00e9partements de la C\u00f4te-d\u2019Or \u2013 21, du Doubs \u2013 25, du Jura \u2013 39, de l\u2019Yonne \u2013 89), Centre, Hauts de [&hellip;]","protected":false},"author":6,"featured_media":0,"parent":240,"menu_order":0,"comment_status":"closed","ping_status":"closed","template":"","meta":{"footnotes":""},"class_list":["post-2222","page","type-page","status-publish","hentry"],"_links":{"self":[{"href":"https:\/\/consparigi.esteri.it\/fr\/wp-json\/wp\/v2\/pages\/2222","targetHints":{"allow":["GET"]}}],"collection":[{"href":"https:\/\/consparigi.esteri.it\/fr\/wp-json\/wp\/v2\/pages"}],"about":[{"href":"https:\/\/consparigi.esteri.it\/fr\/wp-json\/wp\/v2\/types\/page"}],"author":[{"embeddable":true,"href":"https:\/\/consparigi.esteri.it\/fr\/wp-json\/wp\/v2\/users\/6"}],"replies":[{"embeddable":true,"href":"https:\/\/consparigi.esteri.it\/fr\/wp-json\/wp\/v2\/comments?post=2222"}],"version-history":[{"count":6,"href":"https:\/\/consparigi.esteri.it\/fr\/wp-json\/wp\/v2\/pages\/2222\/revisions"}],"predecessor-version":[{"id":6637,"href":"https:\/\/consparigi.esteri.it\/fr\/wp-json\/wp\/v2\/pages\/2222\/revisions\/6637"}],"up":[{"embeddable":true,"href":"https:\/\/consparigi.esteri.it\/fr\/wp-json\/wp\/v2\/pages\/240"}],"wp:attachment":[{"href":"https:\/\/consparigi.esteri.it\/fr\/wp-json\/wp\/v2\/media?parent=2222"}],"curies":[{"name":"wp","href":"https:\/\/api.w.org\/{rel}","templated":true}]}}