{"id":2249,"date":"2023-01-25T12:49:25","date_gmt":"2023-01-25T11:49:25","guid":{"rendered":"https:\/\/consparigi.esteri.it\/?page_id=2249"},"modified":"2025-11-07T16:23:08","modified_gmt":"2025-11-07T15:23:08","slug":"pacs-2","status":"publish","type":"page","link":"https:\/\/consparigi.esteri.it\/fr\/servizi-consolari-e-visti\/servizi-per-il-cittadino-italiano\/stato-civile\/pacs-2\/","title":{"rendered":"Pacs"},"content":{"rendered":"<div class=\"entry-content\">\n<p>Les citoyens italiens qui d\u00e9sirent conclure en France un Pacte Civile de Solidarit\u00e9 (PACS) doivent avant tout prendre contact avec la Mairie ou le Notaire afin de v\u00e9rifier les conditions, les documents requis et de fixer la date de souscription.<\/p>\n<p>Le PACS n\u2019est assimilable \u00e0 aucun type de contrat pr\u00e9vu par le r\u00e8glement d\u2019\u00e9tat civil italien, il ne produit donc aucun effet juridique en Italie.<\/p>\n<p><strong>Le document pour le PACS que d\u00e9livre le Consulat est le Certificat de l\u00e9gislation et coutume.<\/strong><\/p>\n<p><strong>Un Certificat de c\u00e9libat pourrait \u00eatre demand\u00e9 dans certains cas.<\/strong><\/p>\n<p>La proc\u00e9dure de d\u00e9livrance des certificats susmentionn\u00e9s est actuellement disponible exclusivement par courrier.<\/p>\n<p>L\u2019adresse d\u2019exp\u00e9dition est\u00a0:<\/p>\n<p><em>Consulat General d\u2019Italie \u00e0 Paris, 5 Boulevard Emile Augier \u2013 75116 Paris<\/em><\/p>\n<p>La demande \u00e0 adresser au Consulat doit comprendre\u00a0:<\/p>\n<p>-demande du certificat pour PACS remplie et sign\u00e9e (voir <a href=\"https:\/\/consparigi.esteri.it\/it\/servizi-consolari-e-visti\/servizi-per-il-cittadino-italiano\/modulistica\/\">page Modulistica<\/a>)<\/p>\n<p>-copie des pi\u00e8ces d\u2019identit\u00e9 des deux contractants du PACS<\/p>\n<p>-justificatif du virement bancaire \u00e0 effectuer en amont de l\u2019envoi de la demande<\/p>\n<p>-enveloppe pr\u00e9affranchie pour 50g pour l\u2019exp\u00e9dition du ou des certificats<\/p>\n<p><strong>Si vous avez chang\u00e9 d\u2019adresse et que vous ne l\u2019avez pas communiqu\u00e9e au Consulat, nous vous prions de bien vouloir y pourvoir sans d\u00e9lais<\/strong>\u00a0(voir la rubrique AIRE du site).<\/p>\n<p><strong>Vous devez vous vous acquitter des droits consulaires de 66\u20ac pour le Certificat de l\u00e9gislation et coutume e de 6\u20ac pour le Certificat de c\u00e9libat (si vous faites demande des deux, merci d\u2019effectuer un unique virement de 72\u20ac)<\/strong>, par virement bancaire sur le compte courant du Consulat G\u00e9n\u00e9ral d\u2019Italie\u00a0:<\/p>\n<p><strong>IBAN: FR76 3047 8000 0102 8019 3800 117\u00a0\u00a0\u00a0 BIC: MONTFRPPXXX<\/strong><\/p>\n<p><strong>Vous devrez pr\u00e9cis\u00e9ment indiquer dans le libell\u00e9 du virement\u00a0: nom et pr\u00e9nom du demandeur et type de document demand\u00e9<\/strong><\/p>\n<p><strong>ATTENTION<\/strong><\/p>\n<p><strong>Le Certificat de c\u00e9libat ne peut \u00eatre d\u00e9livr\u00e9 par le Consulat G\u00e9n\u00e9ral qu\u2019aux seuls ressortissants italiens inscrits \u00e0 l\u2019AIRE et r\u00e9sidents dans la circonscription consulaire.<\/strong><\/p>\n<p>\u25fe les ressortissants italiens\u00a0<strong>inscrits \u00e0 l\u2019AIRE mais r\u00e9sidents dans une autre circonscription consulaire<\/strong>\u00a0pourront demander un Certificat de c\u00e9libat \u00e0 leur Consulat de r\u00e9f\u00e9rence et le pr\u00e9senter \u00e0 la Mairie d\u00fbment traduit en fran\u00e7ais.<\/p>\n<p>\u25feles ressortissants italiens\u00a0<strong>r\u00e9sidents en Italie<\/strong>\u00a0consulaire pourront demander un Certificat de c\u00e9libat \u00e0 leur propre Commune de r\u00e9sidence et le pr\u00e9senter \u00e0 la Mairie d\u00fbment traduit en fran\u00e7ais.<\/p>\n<\/div>\n<p>&nbsp;<\/p>\n<p>Pour des plus amples informations veuillez contacter le bureau mariages par courrier \u00e9lectronique\u00a0<a href=\"mailto:matrimoni.parigi@esteri.it\">matrimoni.parigi@esteri.it<\/a>.<\/p>\n","protected":false},"excerpt":{"rendered":"Les citoyens italiens qui d\u00e9sirent conclure en France un Pacte Civile de Solidarit\u00e9 (PACS) doivent avant tout prendre contact avec la Mairie ou le Notaire afin de v\u00e9rifier les conditions, les documents requis et de fixer la date de souscription. Le PACS n\u2019est assimilable \u00e0 aucun type de contrat pr\u00e9vu par le r\u00e8glement d\u2019\u00e9tat civil [&hellip;]","protected":false},"author":4,"featured_media":0,"parent":230,"menu_order":6,"comment_status":"closed","ping_status":"closed","template":"","meta":{"footnotes":""},"class_list":["post-2249","page","type-page","status-publish","hentry"],"_links":{"self":[{"href":"https:\/\/consparigi.esteri.it\/fr\/wp-json\/wp\/v2\/pages\/2249","targetHints":{"allow":["GET"]}}],"collection":[{"href":"https:\/\/consparigi.esteri.it\/fr\/wp-json\/wp\/v2\/pages"}],"about":[{"href":"https:\/\/consparigi.esteri.it\/fr\/wp-json\/wp\/v2\/types\/page"}],"author":[{"embeddable":true,"href":"https:\/\/consparigi.esteri.it\/fr\/wp-json\/wp\/v2\/users\/4"}],"replies":[{"embeddable":true,"href":"https:\/\/consparigi.esteri.it\/fr\/wp-json\/wp\/v2\/comments?post=2249"}],"version-history":[{"count":3,"href":"https:\/\/consparigi.esteri.it\/fr\/wp-json\/wp\/v2\/pages\/2249\/revisions"}],"predecessor-version":[{"id":6157,"href":"https:\/\/consparigi.esteri.it\/fr\/wp-json\/wp\/v2\/pages\/2249\/revisions\/6157"}],"up":[{"embeddable":true,"href":"https:\/\/consparigi.esteri.it\/fr\/wp-json\/wp\/v2\/pages\/230"}],"wp:attachment":[{"href":"https:\/\/consparigi.esteri.it\/fr\/wp-json\/wp\/v2\/media?parent=2249"}],"curies":[{"name":"wp","href":"https:\/\/api.w.org\/{rel}","templated":true}]}}