{"id":2256,"date":"2023-01-25T12:59:02","date_gmt":"2023-01-25T11:59:02","guid":{"rendered":"https:\/\/consparigi.esteri.it\/?page_id=2256"},"modified":"2025-12-19T14:36:17","modified_gmt":"2025-12-19T13:36:17","slug":"deces-2","status":"publish","type":"page","link":"https:\/\/consparigi.esteri.it\/fr\/servizi-consolari-e-visti\/servizi-per-il-cittadino-italiano\/stato-civile\/deces-2\/","title":{"rendered":"D\u00e9c\u00e8s"},"content":{"rendered":"<p>En cas de d\u00e9c\u00e8s \u00e0 l\u2019\u00e9tranger d\u2019un citoyen italien, sa famille est tenue d\u2019envoyer au Consulat G\u00e9n\u00e9ral, avec la demande de transcription (voir <a href=\"https:\/\/consparigi.esteri.it\/it\/servizi-consolari-e-visti\/servizi-per-il-cittadino-italiano\/modulistica\/\">page Modulistica<\/a>, Stato Civile), <strong>l\u2019extrait de l\u2019acte de d\u00e9c\u00e8s sur formulaire plurilingue, d\u00e9livr\u00e9 par la mairie fran\u00e7aise<\/strong>.<\/p>\n<p>Le Consulat G\u00e9n\u00e9ral se chargera de le transmettre \u00e0 la Commune italienne pour transcription.<\/p>\n<p>L\u2019adresse d\u2019exp\u00e9dition est\u00a0:<\/p>\n<p><em>Consulat General d\u2019Italie \u00e0 Paris, 5 Boulevard Emile Augier \u2013 75116 Paris<\/em><\/p>\n<p>&nbsp;<\/p>\n<p>Pour des plus amples informations veuillez contacter le bureau par courrier \u00e9lectronique <a href=\"mailto:statocivile.parigi@esteri.it\">statocivile.parigi@esteri.it<\/a>.<\/p>\n<p>&nbsp;<\/p>\n","protected":false},"excerpt":{"rendered":"En cas de d\u00e9c\u00e8s \u00e0 l\u2019\u00e9tranger d\u2019un citoyen italien, sa famille est tenue d\u2019envoyer au Consulat G\u00e9n\u00e9ral, avec la demande de transcription (voir page Modulistica, Stato Civile), l\u2019extrait de l\u2019acte de d\u00e9c\u00e8s sur formulaire plurilingue, d\u00e9livr\u00e9 par la mairie fran\u00e7aise. Le Consulat G\u00e9n\u00e9ral se chargera de le transmettre \u00e0 la Commune italienne pour transcription. L\u2019adresse [&hellip;]","protected":false},"author":4,"featured_media":0,"parent":230,"menu_order":12,"comment_status":"closed","ping_status":"closed","template":"","meta":{"footnotes":""},"class_list":["post-2256","page","type-page","status-publish","hentry"],"_links":{"self":[{"href":"https:\/\/consparigi.esteri.it\/fr\/wp-json\/wp\/v2\/pages\/2256","targetHints":{"allow":["GET"]}}],"collection":[{"href":"https:\/\/consparigi.esteri.it\/fr\/wp-json\/wp\/v2\/pages"}],"about":[{"href":"https:\/\/consparigi.esteri.it\/fr\/wp-json\/wp\/v2\/types\/page"}],"author":[{"embeddable":true,"href":"https:\/\/consparigi.esteri.it\/fr\/wp-json\/wp\/v2\/users\/4"}],"replies":[{"embeddable":true,"href":"https:\/\/consparigi.esteri.it\/fr\/wp-json\/wp\/v2\/comments?post=2256"}],"version-history":[{"count":4,"href":"https:\/\/consparigi.esteri.it\/fr\/wp-json\/wp\/v2\/pages\/2256\/revisions"}],"predecessor-version":[{"id":6316,"href":"https:\/\/consparigi.esteri.it\/fr\/wp-json\/wp\/v2\/pages\/2256\/revisions\/6316"}],"up":[{"embeddable":true,"href":"https:\/\/consparigi.esteri.it\/fr\/wp-json\/wp\/v2\/pages\/230"}],"wp:attachment":[{"href":"https:\/\/consparigi.esteri.it\/fr\/wp-json\/wp\/v2\/media?parent=2256"}],"curies":[{"name":"wp","href":"https:\/\/api.w.org\/{rel}","templated":true}]}}