{"id":227,"date":"2023-01-24T01:04:44","date_gmt":"2023-01-24T00:04:44","guid":{"rendered":"https:\/\/consparigi.esteri.it\/servizi-consolari-e-visti\/servizi-per-il-cittadino-italiano\/passaporti-e-carte-didentita\/"},"modified":"2025-11-20T17:59:05","modified_gmt":"2025-11-20T16:59:05","slug":"passaporti-e-carte-didentita","status":"publish","type":"page","link":"https:\/\/consparigi.esteri.it\/fr\/servizi-consolari-e-visti\/servizi-per-il-cittadino-italiano\/passaporti-e-carte-didentita\/","title":{"rendered":"Passeport"},"content":{"rendered":"<p><strong>INFORMATIONS GENERALES<\/strong><\/p>\n<p>Le passeport \u00e9lectronique biom\u00e9trique est un document de voyage et d\u2019identification valable dans tous les Pays dont le gouvernement est reconnu par la R\u00e9publique italienne et dont les caract\u00e9ristiques de s\u00e9curit\u00e9 sont conformes \u00e0 la l\u00e9gislation europ\u00e9enne.<\/p>\n<p>Dans sa puce int\u00e9gr\u00e9e, le P.E contient sous format num\u00e9rique les informations suivantes :<\/p>\n<ul>\n<li>L&rsquo;image du visage (visible sur le passeport)<\/li>\n<li>Les empreintes digitales (non visibles sur le passeport)<\/li>\n<\/ul>\n<p>La validit\u00e9 du passeport varie en fonction de l&rsquo;\u00e2ge du titulaire :<\/p>\n<ul>\n<li>Pour les enfants de moins de 3 ans, la validit\u00e9 est de 3 ans\u00a0;<\/li>\n<li>Pour les enfants de 3 \u00e0 18 ans, la validit\u00e9 est de 5 ans\u00a0;<\/li>\n<li>Pour les adultes, la validit\u00e9 est de 10 ans<\/li>\n<\/ul>\n<p>Sa d\u00e9livrance rel\u00e8ve de la comp\u00e9tence de la circonscription consulaire o\u00f9 le demandeur est r\u00e9sident et inscrit \u00e0 l\u2019AIRE.<\/p>\n<p><strong>\u00a0<\/strong><\/p>\n<p><strong>ATTENTION<\/strong><\/p>\n<p>Pour demander le passeport aupr\u00e8s du Consulat G\u00e9n\u00e9ral d\u2019Italie \u00e0 Paris <strong>il est n\u00e9cessaire <\/strong><u>d\u2019avoir effectu\u00e9 et mis \u00e0 jour son <\/u><a href=\"https:\/\/consparigi.esteri.it\/fr\/servizi-consolari-e-visti\/servizi-per-il-cittadino-italiano\/anagrafe-degli-italiani-residenti-allestero-aire\/\">inscription \u00e0 l\u2019Aire<\/a> (inscription, \u00e9ventuelle d\u2019adresse ou de circonscription consulaire, etc.)<strong>. <\/strong><\/p>\n<p>Toute information nouvelle visant \u00e0 r\u00e9gulariser ou \u00e0 mettre \u00e0 jour sa situation administrative doit \u00eatre <strong>communiqu\u00e9e dans les plus brefs d\u00e9lais<\/strong> et, dans tous les cas, <strong>suffisamment \u00e0 l\u2019avance par rapport \u00e0 la date du rendez-vous<\/strong>, par l\u2019interm\u00e9diaire de la plateforme <a href=\"https:\/\/serviziconsolari.esteri.it\/ScoFE\/index.sco\">FAST-IT<\/a>.<\/p>\n<p>&nbsp;<\/p>\n<p><strong>RANDEZ-VOUS <\/strong><\/p>\n<p><strong>Tout rendez-vous doit \u00eatre fix\u00e9 via la plateforme<\/strong> <a href=\"https:\/\/prenotami.esteri.it\/\">Prenot@mi<\/a>. Ce syst\u00e8me permet de de prendre un rendez-vous <strong>pour\u00a0une personne<\/strong> (s\u00e9lectionner \u201cprenotazione singola\u201d) ou pour <strong>deux personnes<\/strong> (s\u00e9lectionner \u201cprenotazione multipla\u201d), uniquement pour <u>le m\u00eame jour<\/u> et dans le cadre du<u> m\u00eame service<\/u>. A titre d\u2019exemple\u00a0: <a href=\"https:\/\/prenotami.esteri.it\/\">Prenot@mi<\/a> ne permet pas de prendre un rendez-vous pour la carte d&rsquo;identit\u00e9 lors de la prise de rendez-vous pour le passeport.<\/p>\n<p>Le rendez-vous au Consulat n\u2019est n\u00e9cessaire que pour les <a href=\"https:\/\/consparigi.esteri.it\/fr\/servizi-consolari-e-visti\/servizi-per-il-cittadino-italiano\/passaporti-e-carte-didentita\/documentazione-per-il-rilascio-del-passaporto-a-maggiorenni\/\">majeurs<\/a> et pour les <a href=\"https:\/\/consparigi.esteri.it\/fr\/servizi-consolari-e-visti\/servizi-per-il-cittadino-italiano\/passaporti-e-carte-didentita\/demande-de-passeport-pour-mineurs-de-12-a-17-ans\/\">mineurs<\/a> \u00e2g\u00e9es de 12 ans \u00e0 17 ans.<\/p>\n<p><strong>attention<\/strong>: Pour les <a href=\"https:\/\/consparigi.esteri.it\/fr\/servizi-consolari-e-visti\/servizi-per-il-cittadino-italiano\/passaporti-e-carte-didentita\/demande-de-passeport-pour-mineurs-de-0-a-12-ans-non-revolus\/\">mineurs de 0 \u00e0 11 ans<\/a>, la demande de passeport doit adresser au Bureau comp\u00e8tent <strong>uniquement par courrier<\/strong>. Aucun rendez-vous n\u2019est donc n\u00e9cessaire.<\/p>\n<p><strong>PAIEMENT<\/strong><\/p>\n<p>Le virement doit obligatoirement \u00eatre effectu\u00e9 <strong>5 jours (ouvrables) avant la date du rendez-vous<\/strong>. Si vous ne parvenez pas \u00e0 respecter ces d\u00e9lais, le paiement pourra \u00eatre effectu\u00e9 directement au Consulat le jour du rendez-vous.<\/p>\n<p><strong>TITULAIRE<\/strong>: Consulat G\u00e9n\u00e9ral d\u2019Italie \u00e0 Paris<\/p>\n<p><strong>IBAN: FR76 3047 8000 0102 8019 3800 117 <\/strong><\/p>\n<p><strong>BIC: MONTFRPPXXX<\/strong><\/p>\n<p><strong>MOTIF:<\/strong> \u201cPasseport + nom et pr\u00e9nom\u201d de la personne titulaire du passeport.<\/p>\n<p>&nbsp;<\/p>\n<p><strong>ATTENTION<\/strong> <strong><u>\u00c0 compter du 1er d\u00e9cembre 2025<\/u><\/strong><u>, le co\u00fbt de d\u00e9livrance du passeport est de <strong>116,20 \u20ac.<\/strong><\/u><\/p>\n<p>&nbsp;<\/p>\n<p><strong>\u00a0<\/strong><\/p>\n<p><strong>PERMANENCE DE LILLE<\/strong><\/p>\n<p>Les demandeurs de plus de 12 ans et r\u00e9sidant dans les d\u00e9partements de l\u2019<strong>Aisne<\/strong> (02), du <strong>Nord <\/strong>(59), du <strong>Pas-de-Calais<\/strong> (62) et de la <strong>Somme<\/strong> (80) peuvent s\u2019adresser \u00e0 la Permanence Consulaire de Lille. Afin de prendre rendez-vous, veuillez \u00e9crire un courriel \u00e0\u00a0: <a href=\"mailto:lilla.parigi@esteri.it\">lilla.parigi@esteri.it<\/a>.<\/p>\n<p>Pour plus d&rsquo;informations, visiter la <a href=\"https:\/\/consparigi.esteri.it\/fr\/chi-siamo\/la-rete-consolare\/permanence-consulaire-a-lille\/\">page de la Permanence.<\/a><\/p>\n<p>&nbsp;<\/p>\n<p><strong>PERMANENCE DE DIJON<\/strong><\/p>\n<p>Les demandeurs de plus de 12 ans et r\u00e9sidant dans les d\u00e9partements de la <strong>C\u00f4te-d\u2019Or<\/strong> (21), du <strong>Doubs<\/strong> (25), du <strong>Jura<\/strong> (39), de la <strong>Haute-Sa\u00f4ne<\/strong> (70) et de l\u2019<strong>Yonne <\/strong>(89) peuvent s&rsquo;adresser \u00e0 la Permanence Consulaire de Dijon. Veuillez prendre un rendez-vous via la plateforme <a href=\"https:\/\/prenotami.esteri.it\/\">Prenot@mi<\/a>.<\/p>\n<p>Pour plus d&rsquo;informations, visiter la <a href=\"https:\/\/consparigi.esteri.it\/fr\/chi-siamo\/la-rete-consolare\/permanence-consulaire-a-dijon\/\">page de la Permanence<\/a>.<\/p>\n<p>&nbsp;<\/p>\n<p><strong>ATTENTION :<\/strong><\/p>\n<p>Pour demander le passeport aupr\u00e8s du Consulat G\u00e9n\u00e9ral d\u2019Italie \u00e0 Paris\u00a0<strong>il est n\u00e9cessaire d\u2019avoir r\u00e9gularis\u00e9 son inscription \u00e0 l\u2019Aire<\/strong>. Les personnes qui ne sont pas encore inscrites, soit parce qu\u2019elles \u00e9taient pr\u00e9c\u00e9demment r\u00e9sidentes en Italie ou inscrites aupr\u00e8s d\u2019une autre Repr\u00e9sentation consulaire parce que d\u00e9j\u00e0 r\u00e9sidentes \u00e0 l\u2019\u00e9tranger,\u00a0<strong>doivent s\u2019inscrire\/mettre \u00e0 jour leur situation <\/strong><strong>AVEC UN DELAI SUFFISANT PAR RAPPORT A LA DATE DE LEUR RENDEZ-VOUS pour l\u2019\u00e9mission du passeport<\/strong>, par l\u2019interm\u00e9diaire de la plateforme FAST-IT, accessible par le lien\u00a0<a href=\"https:\/\/serviziconsolarionline.esteri.it\/\">https:\/\/serviziconsolarionline.esteri.it<\/a>.\u00a0 La plateforme FAST-IT signalera \u00e0 l\u2019usager la date d\u2019acceptation de sa demande d\u2019inscription\/mise \u00e0 jour : le statut du dossier affichera \u201ctransmise \u00e0 la Commune\/d\u00e9finie\u201d.<\/p>\n<p>M\u00eame en cas de changement d\u2019adresse, il faudra effectuer la mise \u00e0 jour\u00a0<strong>AVEC UN DELAI SUFFISANT PAR RAPPORT A LA DATE DE RENDEZ-VOUS fix\u00e9 pour l\u2019\u00e9mission du passeport<\/strong>, par l\u2019interm\u00e9diaire de la plateforme FAST-IT accessible par le lien\u00a0<a href=\"https:\/\/serviziconsolarionline.esteri.it\/\">https:\/\/serviziconsolarionline.esteri.it<\/a>. La plateforme FAST-IT signalera \u00e0 l\u2019usager la date d\u2019acceptation de sa demande d\u2019inscription\/mise \u00e0 jour : le statut du dossier affichera \u201cd\u00e9finie\u201d.<\/p>\n<p><strong>RENDEZ-VOUS<\/strong><\/p>\n<p><strong>Le rendez-vous est n\u00e9cessaire pour toute personne de plus de 12 ans.<\/strong><\/p>\n<p><strong>Pour les mineurs de 0 \u00e0 11 ans, la demande doit \u00eatre adress\u00e9e au bureau des passeports exclusivement par courrier. Il ne faut pas prendre rendez-vous. <\/strong>Consulter la session d\u00e9di\u00e9e.<\/p>\n<p>La prise de rendez-vous pour la d\u00e9livrance du passeport aux adultes et aux mineurs de plus de 12 ans doit se faire par l\u2019interm\u00e9diaire de la plateforme <a href=\"https:\/\/prenotami.esteri.it\/\">Prenot@mi<\/a>. Le syst\u00e8me permet de fixer un rendez-vous (s\u00e9lectionner \u201cprenotazione singola\u201d) ou deux rendez-vous (s\u00e9lectionner \u201cprenotazione multipla\u201d). Dans l\u2019espace \u201cNOTE\u201d il est possible de pr\u00e9ciser le nom des personnes pour lesquelles le rendez-vous est fix\u00e9. Pour plus d\u2019informations concernant\u00a0<a href=\"https:\/\/prenotami.esteri.it\/\">Prenot@mi<\/a>, consulter la\u00a0section d\u00e9di\u00e9e.<\/p>\n<p>Consulter les sections d\u00e9di\u00e9es dans le menu \u00e0 droite pour la liste de la documentation n\u00e9cessaire \u00e0 la d\u00e9livrance d\u2019un passeport.<\/p>\n<p>&nbsp;<\/p>\n<p><strong>PERMANENCE DE LILLE<\/strong><strong>\u00a0<\/strong><\/p>\n<p>Uniquement pour la demande de passeport, les concitoyens r\u00e9sidant dans les d\u00e9partements de l\u2019Aisne (02), du Nord (59), du Pas-de-Calais (62) et de la Somme (80), \u00e2g\u00e9s de plus de 12 ans et r\u00e9guli\u00e8rement inscrits \u00e0 l\u2019AIRE, peuvent s\u2019adresser \u00e0 la Permanence Consulaire de Lille. La Permanence re\u00e7oit uniquement sur rendez-vous, \u00e0 fixer en \u00e9crivant l\u2019adresse\u00a0<a href=\"mailto:lilla.parigi@esteri.it.\">lilla.parigi@esteri.it.<\/a>\u00a0Pour plus d\u2019informations, consultez la page Permanence <a href=\"https:\/\/consparigi.esteri.it\/fr\/chi-siamo\/la-rete-consolare\/permanence-consulaire-a-lille\/\">en\u00a0cliquant ici<\/a>.<\/p>\n<p><strong>\u00a0<\/strong><strong>PERMANENCE DE DIJON<\/strong><\/p>\n<p>Uniquement pour la demande de passeport, les concitoyens r\u00e9sidant dans les d\u00e9partements de la C\u00f4te d\u2019Or (21), du Doubs (25), du Jura (39), de la Haute Sa\u00f4ne (70) et de l\u2019Yonne (89), \u00e2g\u00e9s de plus de 12 ans et r\u00e9guli\u00e8rement inscrits \u00e0 l\u2019AIRE, peuvent s\u2019adresser \u00e0 la Permanence Consulaire de Dijon. La Permanence re\u00e7oit uniquement sur rendez-vous, \u00e0 fixer en \u00e9crivant \u00e0 l\u2019adresse\u00a0<a href=\"mailto:digione.parigi@esteri.it.\">digione.parigi@esteri.it.<\/a>\u00a0Pour plus d\u2019informations, consultez la page Permanence <a href=\"https:\/\/consparigi.esteri.it\/fr\/chi-siamo\/la-rete-consolare\/permanence-consulaire-a-dijon\/\">en\u00a0cliquant ici.<\/a><\/p>\n<p>&nbsp;<\/p>\n","protected":false},"excerpt":{"rendered":"INFORMATIONS GENERALES Le passeport \u00e9lectronique biom\u00e9trique est un document de voyage et d\u2019identification valable dans tous les Pays dont le gouvernement est reconnu par la R\u00e9publique italienne et dont les caract\u00e9ristiques de s\u00e9curit\u00e9 sont conformes \u00e0 la l\u00e9gislation europ\u00e9enne. Dans sa puce int\u00e9gr\u00e9e, le P.E contient sous format num\u00e9rique les informations suivantes : L&rsquo;image du [&hellip;]","protected":false},"author":3,"featured_media":0,"parent":109,"menu_order":2,"comment_status":"closed","ping_status":"closed","template":"","meta":{"footnotes":""},"class_list":["post-227","page","type-page","status-publish","hentry"],"_links":{"self":[{"href":"https:\/\/consparigi.esteri.it\/fr\/wp-json\/wp\/v2\/pages\/227","targetHints":{"allow":["GET"]}}],"collection":[{"href":"https:\/\/consparigi.esteri.it\/fr\/wp-json\/wp\/v2\/pages"}],"about":[{"href":"https:\/\/consparigi.esteri.it\/fr\/wp-json\/wp\/v2\/types\/page"}],"author":[{"embeddable":true,"href":"https:\/\/consparigi.esteri.it\/fr\/wp-json\/wp\/v2\/users\/3"}],"replies":[{"embeddable":true,"href":"https:\/\/consparigi.esteri.it\/fr\/wp-json\/wp\/v2\/comments?post=227"}],"version-history":[{"count":2,"href":"https:\/\/consparigi.esteri.it\/fr\/wp-json\/wp\/v2\/pages\/227\/revisions"}],"predecessor-version":[{"id":6242,"href":"https:\/\/consparigi.esteri.it\/fr\/wp-json\/wp\/v2\/pages\/227\/revisions\/6242"}],"up":[{"embeddable":true,"href":"https:\/\/consparigi.esteri.it\/fr\/wp-json\/wp\/v2\/pages\/109"}],"wp:attachment":[{"href":"https:\/\/consparigi.esteri.it\/fr\/wp-json\/wp\/v2\/media?parent=227"}],"curies":[{"name":"wp","href":"https:\/\/api.w.org\/{rel}","templated":true}]}}