{"id":2277,"date":"2023-04-05T17:05:57","date_gmt":"2023-04-05T15:05:57","guid":{"rendered":"https:\/\/consparigi.esteri.it\/?page_id=2277"},"modified":"2023-04-05T17:09:17","modified_gmt":"2023-04-05T15:09:17","slug":"procedure-pour-delivrance-passeport-en-cas-durgence","status":"publish","type":"page","link":"https:\/\/consparigi.esteri.it\/fr\/servizi-consolari-e-visti\/servizi-per-il-cittadino-italiano\/passaporti-e-carte-didentita\/procedure-pour-delivrance-passeport-en-cas-durgence\/","title":{"rendered":"Procedure pour delivrance passeport en cas d&rsquo;urgence"},"content":{"rendered":"<p><strong>URGENCE<\/strong><\/p>\n<p>En cas d\u2019urgence document\u00e9e et absolue, les r\u00e9sidents dans notre circonscription consulaire sont invit\u00e9s \u00e0 contacter le Bureau des Passeports via email <a href=\"mailto:passaporti.parigi@esteri.it\">passaporti.parigi@esteri.it<\/a>. Le Bureau des Passeports ne fixera un rendez-vous que si la documentation justificative transmise est accept\u00e9e.<\/p>\n<p>Quels sont les cas consid\u00e9r\u00e9s comme urgence av\u00e9r\u00e9e\u00a0?<\/p>\n<ul>\n<li>Graves motifs familiaux\/de sant\u00e9 prouv\u00e9s par un certificat m\u00e9dical en original \u00e9mis par une structure publique r\u00e9dig\u00e9 en italien ou en fran\u00e7ais (s\u2019il est r\u00e9dig\u00e9 dans une autre langue fournir aussi la traduction officielle en langue italienne ou fran\u00e7aise), compl\u00e9t\u00e9 par la r\u00e9servation du billet d\u2019avion ou d\u2019un autre titre de voyage,<\/li>\n<\/ul>\n<p>Ou bien\u00a0:<\/p>\n<ul>\n<li>Motifs imp\u00e9rieux de travail prouv\u00e9s par une demande motiv\u00e9e et d\u00e9taill\u00e9e r\u00e9dig\u00e9e sur papier \u00e0 en-t\u00eate de l\u2019employeur, compl\u00e9t\u00e9e par la r\u00e9servation du billet d\u2019avion ou d\u2019un autre titre de voyage. La demande doit \u00eatre sign\u00e9e par une personne recouvrant des fonctions dirigeantes et doit indiquer le nom du signataire, son grade et son num\u00e9ro de t\u00e9l\u00e9phone.<\/li>\n<\/ul>\n<p>Les b\u00e9n\u00e9fices de la proc\u00e9dure d\u2019urgence NE POURRONT EN AUCUN CAS \u00eatre \u00e9tendus aux membres de la famille du titulaire.<\/p>\n<p><strong>La seule possession d\u2019un billet d\u2019avion ne sera pas consid\u00e9r\u00e9e comme un motif d\u2019urgence\u00a0pour l\u2019obtention du document.<\/strong><\/p>\n<p>Les documents suivants\u00a0NE SERONT PAS recevables\u00a0aux fins de la preuve de l\u2019urgence :<\/p>\n<ul>\n<li>R\u00e9servation de visites m\u00e9dicales, \u00e0 effectuer en Italie ou dans un autre pays, qui soient r\u00e9alisables en France<\/li>\n<li>Certificats m\u00e9dicaux dans lesquels il n\u2019est pas pr\u00e9cis\u00e9 clairement la pr\u00e9sence d\u2019une condition m\u00e9dicale d\u2019une certaine gravit\u00e9 concernant un membre direct de la famille r\u00e9sident \u00e0 l\u2019\u00e9tranger<\/li>\n<li>Lettres de parents, connaissances, etc<\/li>\n<li>Preuve d\u2019engagements professionnels urgents re\u00e7ue par mail<\/li>\n<li>D\u00e9claration sur l\u2019honneur du requ\u00e9rant concernant des situations d\u2019urgence non assortie des justificatifs ad\u00e9quats<\/li>\n<\/ul>\n<p>La caract\u00e9ristique de l\u2019\u00ab\u00a0urgence\u00a0\u00bb sera valid\u00e9e par le Responsable du Bureau auquel il incombera aussi de d\u00e9finir les temps n\u00e9cessaires \u00e0 la finalisation de la proc\u00e9dure ainsi que l\u2019\u00e9ventuelle application des droits d\u2019urgence (50,00\u20ac) en plus du co\u00fbt normal du passeport.<\/p>\n","protected":false},"excerpt":{"rendered":"URGENCE En cas d\u2019urgence document\u00e9e et absolue, les r\u00e9sidents dans notre circonscription consulaire sont invit\u00e9s \u00e0 contacter le Bureau des Passeports via email passaporti.parigi@esteri.it. Le Bureau des Passeports ne fixera un rendez-vous que si la documentation justificative transmise est accept\u00e9e. Quels sont les cas consid\u00e9r\u00e9s comme urgence av\u00e9r\u00e9e\u00a0? Graves motifs familiaux\/de sant\u00e9 prouv\u00e9s par un [&hellip;]","protected":false},"author":4,"featured_media":0,"parent":227,"menu_order":10,"comment_status":"closed","ping_status":"closed","template":"","meta":{"footnotes":""},"class_list":["post-2277","page","type-page","status-publish","hentry"],"_links":{"self":[{"href":"https:\/\/consparigi.esteri.it\/fr\/wp-json\/wp\/v2\/pages\/2277","targetHints":{"allow":["GET"]}}],"collection":[{"href":"https:\/\/consparigi.esteri.it\/fr\/wp-json\/wp\/v2\/pages"}],"about":[{"href":"https:\/\/consparigi.esteri.it\/fr\/wp-json\/wp\/v2\/types\/page"}],"author":[{"embeddable":true,"href":"https:\/\/consparigi.esteri.it\/fr\/wp-json\/wp\/v2\/users\/4"}],"replies":[{"embeddable":true,"href":"https:\/\/consparigi.esteri.it\/fr\/wp-json\/wp\/v2\/comments?post=2277"}],"version-history":[{"count":0,"href":"https:\/\/consparigi.esteri.it\/fr\/wp-json\/wp\/v2\/pages\/2277\/revisions"}],"up":[{"embeddable":true,"href":"https:\/\/consparigi.esteri.it\/fr\/wp-json\/wp\/v2\/pages\/227"}],"wp:attachment":[{"href":"https:\/\/consparigi.esteri.it\/fr\/wp-json\/wp\/v2\/media?parent=2277"}],"curies":[{"name":"wp","href":"https:\/\/api.w.org\/{rel}","templated":true}]}}