{"id":228,"date":"2023-01-24T01:04:59","date_gmt":"2023-01-24T00:04:59","guid":{"rendered":"https:\/\/consparigi.esteri.it\/servizi-consolari-e-visti\/servizi-per-il-cittadino-italiano\/emergency-travel-documents-etd\/"},"modified":"2025-02-03T17:33:19","modified_gmt":"2025-02-03T16:33:19","slug":"emergency-travel-documents-etd","status":"publish","type":"page","link":"https:\/\/consparigi.esteri.it\/fr\/servizi-consolari-e-visti\/servizi-per-il-cittadino-italiano\/emergency-travel-documents-etd\/","title":{"rendered":"Documents de voyage d\u2019urgence (ETD)"},"content":{"rendered":"<p><strong>DOCUMENT DE VOYAGE PROVISOIRE (LAISSEZ PASSER)<\/strong><\/p>\n<p><strong>EN CAS DE VOL OU PERTE DE DOCUMENTS,<\/strong>\u00a0<strong>il est n\u00e9cessaire d\u2019effectuer une d\u00e9claration de perte ou de vol aupr\u00e8s du Commissariat de police le plus proche<\/strong>. Une fois en Italie, cette d\u00e9claration de perte ou vol devra aussi \u00eatre enregistr\u00e9e aupr\u00e8s des autorit\u00e9s locales comp\u00e9tentes.<\/p>\n<p>Pour trouver le commissariat le plus proche, veuillez consulter la page suivante : <a href=\"https:\/\/www.prefecturedepolice.interieur.gouv.fr\/demarches\/vos-points-daccueil\">https:\/\/www.prefecturedepolice.interieur.gouv.fr\/demarches\/vos-points-daccueil<\/a><\/p>\n<p><strong>Les Services consulaires italiens peuvent d\u00e9livrer un document de voyage provisoire (ETD \u2013 Emergency Travel Document) d\u2019une validit\u00e9 maximale de 5 jours, valable uniquement pour le retour dans le pays de r\u00e9sidence.<\/strong><\/p>\n<p><strong>\u00c0 QUI S&rsquo;ADRESSER <\/strong>:<\/p>\n<p>Pour obtenir la d\u00e9livrance d\u2019un ETD, il faut se pr\u00e9senter au <strong>Consulat<\/strong> (<em>5 bd Emile Augier<\/em> \u2013 75116 Paris \u2013 M\u00e9tro La Muette), sans rendez-vous, durant les heures d\u2019ouverture\u00a0au public\u00a0: <strong>du lundi au vendredi de 9 h \u00e0 12 h ainsi que le mercredi de 14h00 \u00e0 16h00<\/strong>.<\/p>\n<p>En cas d\u2019urgence justifi\u00e9e, le document (ETD) pourra \u00eatre d\u00e9livr\u00e9 hors des horaires susmentionn\u00e9s (dans tous les cas avant 16h) et\u00a0pendant le week-end.<\/p>\n<p><strong>DOCUMENTS A PRESENTER<\/strong>:<\/p>\n<ul>\n<li><strong>Formulaire <\/strong>(voir la <a href=\"https:\/\/consparigi.esteri.it\/fr\/servizi-consolari-e-visti\/servizi-per-il-cittadino-italiano\/passaporti-e-carte-didentita\/declaration-de-consentement\/\">page d\u00e9di\u00e9e<\/a>)<\/li>\n<li><strong>D\u00e9claration de perte ou de vol du passeport<\/strong>, effectu\u00e9e aupr\u00e8s des Autorit\u00e9s de Police locales comp\u00e9tentes, lorsque cela est possible\u00a0;<\/li>\n<li><strong>2 photographies<\/strong> <strong>d&rsquo;identit\u00e9<\/strong> (identiques, de face, en couleur \u2013 qui peuvent \u00e9galement \u00eatre effectu\u00e9es au Consulat pour un co\u00fbt de 5,00\u20ac) ;<\/li>\n<li><strong>Billet de retour<\/strong> en avion\/train\/autobus\/bateau avec la date de d\u00e9part confirm\u00e9e, si possible, ou auto-d\u00e9claration conform\u00e9ment aux articles 46 et 47 du DPR 445\/2000 ;<\/li>\n<li><strong>Copie du document <\/strong>perdu\/vol\u00e9 ou de tout autre document avec photographie, si possible.<\/li>\n<\/ul>\n<p><strong>AVERTISSEMENT<\/strong> : L&rsquo;identit\u00e9 du demandeur devra \u00eatre prouv\u00e9e par des copies du document d&rsquo;identit\u00e9 perdu ou vol\u00e9, ou par d&rsquo;autres documents contenant des donn\u00e9es personnelles, une photo et une signature (par exemple, le permis de conduire). Si cela n&rsquo;est pas possible, l&rsquo;identification peut \u00eatre r\u00e9alis\u00e9e par le biais d\u2019une d\u00e9claration sur l\u2019honneur d&rsquo;au moins un t\u00e9moin majeur, muni d&rsquo;un document d&rsquo;identit\u00e9 valide 8carte d&rsquo;identit\u00e9 ou un passeport).<\/p>\n<p>Si aucune de ces options n&rsquo;est r\u00e9alisable, le service pourra demander la confirmation des donn\u00e9es d&rsquo;\u00e9tat civil de la personne aupr\u00e8s de sa commune italienne de r\u00e9sidence, ce qui pourrait implique des d\u00e9lais de traitement beaucoup plus cons\u00e9quents.<\/p>\n<p><strong>MINEURS NON ACCOMPAGNES <\/strong>\u2013 <strong>Pour les mineurs non accompagn\u00e9s, il est n\u00e9cessaire de pr\u00e9senter le consentement \u00e9crit de leurs parents par le biais d\u2019un formulaire sp\u00e9cifique d\u00fbment compl\u00e9t\u00e9 (ETD2). A ceci il faudra joindre une copie des documents des parents, ainsi que la <\/strong><a href=\"https:\/\/consparigi.esteri.it\/wp-content\/uploads\/2023\/08\/Dichiarazione-di-accompagnamento_new.pdf\">d\u00e9claration d\u2019accompagnement\u00a0<\/a><strong> indiquant le nom de l&rsquo;adulte auquel le mineur est confi\u00e9.<\/strong><\/p>\n<p>Le document de voyage temporaire (ETD) co\u00fbte <strong>1<\/strong><strong>,55 \u20ac \u00e0 r\u00e9gler en esp\u00e8ces<\/strong>.<\/p>\n<p>&nbsp;<\/p>\n<p><strong>EN FIN DE SEMAINE ET DURANT LES JOURS FERIES<\/strong>\u00a0:<\/p>\n<p><strong>Les ETD seront d\u00e9livr\u00e9s uniquement en cas d&rsquo;urgence av\u00e9r\u00e9e et au plus tard \u00e0 17h00, moyennant le paiement des frais d&rsquo;urgence (50,00 \u20ac)<\/strong><\/p>\n<p><strong>Merci de laisser un message sur la messagerie du Consulat 0033 (0) 6 07 22 72 56 en indiquant vos g\u00e9n\u00e9ralit\u00e9s ainsi que votre num\u00e9ro de t\u00e9l\u00e9phone. Le fonctionnaire de service vous rappellera sous les plus brefs d\u00e9lais afin de fixer un rendez-vous au Consulat. <\/strong><\/p>\n","protected":false},"excerpt":{"rendered":"DOCUMENT DE VOYAGE PROVISOIRE (LAISSEZ PASSER) EN CAS DE VOL OU PERTE DE DOCUMENTS,\u00a0il est n\u00e9cessaire d\u2019effectuer une d\u00e9claration de perte ou de vol aupr\u00e8s du Commissariat de police le plus proche. Une fois en Italie, cette d\u00e9claration de perte ou vol devra aussi \u00eatre enregistr\u00e9e aupr\u00e8s des autorit\u00e9s locales comp\u00e9tentes. Pour trouver le commissariat [&hellip;]","protected":false},"author":3,"featured_media":0,"parent":109,"menu_order":10,"comment_status":"closed","ping_status":"closed","template":"","meta":{"footnotes":""},"class_list":["post-228","page","type-page","status-publish","hentry"],"_links":{"self":[{"href":"https:\/\/consparigi.esteri.it\/fr\/wp-json\/wp\/v2\/pages\/228","targetHints":{"allow":["GET"]}}],"collection":[{"href":"https:\/\/consparigi.esteri.it\/fr\/wp-json\/wp\/v2\/pages"}],"about":[{"href":"https:\/\/consparigi.esteri.it\/fr\/wp-json\/wp\/v2\/types\/page"}],"author":[{"embeddable":true,"href":"https:\/\/consparigi.esteri.it\/fr\/wp-json\/wp\/v2\/users\/3"}],"replies":[{"embeddable":true,"href":"https:\/\/consparigi.esteri.it\/fr\/wp-json\/wp\/v2\/comments?post=228"}],"version-history":[{"count":2,"href":"https:\/\/consparigi.esteri.it\/fr\/wp-json\/wp\/v2\/pages\/228\/revisions"}],"predecessor-version":[{"id":5023,"href":"https:\/\/consparigi.esteri.it\/fr\/wp-json\/wp\/v2\/pages\/228\/revisions\/5023"}],"up":[{"embeddable":true,"href":"https:\/\/consparigi.esteri.it\/fr\/wp-json\/wp\/v2\/pages\/109"}],"wp:attachment":[{"href":"https:\/\/consparigi.esteri.it\/fr\/wp-json\/wp\/v2\/media?parent=228"}],"curies":[{"name":"wp","href":"https:\/\/api.w.org\/{rel}","templated":true}]}}