{"id":233,"date":"2023-01-24T01:06:04","date_gmt":"2023-01-24T00:06:04","guid":{"rendered":"https:\/\/consparigi.esteri.it\/servizi-consolari-e-visti\/servizi-per-il-cittadino-italiano\/servizi-notarili\/"},"modified":"2023-03-13T16:45:00","modified_gmt":"2023-03-13T15:45:00","slug":"servizi-notarili","status":"publish","type":"page","link":"https:\/\/consparigi.esteri.it\/fr\/servizi-consolari-e-visti\/servizi-per-il-cittadino-italiano\/servizi-notarili\/","title":{"rendered":"Services notariaux"},"content":{"rendered":"<p>Depuis le\u00a0 1er janvier 2012, les Postes consulaires situ\u00e9s en Autriche, Belgique, France, Allemagne et Lituanie n\u2019exercent plus de fonctions notariales, les notariats pr\u00e9sents dans ces Pays ont en effet adh\u00e9r\u00e9 \u00e0 l\u2019Union Internationale du Notariat (U.I.N.L.).<\/p>\n<p>Pour tout acte notari\u00e9 il faut vous adresser \u00e0 un notaire en France ou en Italie. Vous pouvez \u00e9galement consulter le site du Conseil National du Notariat\u00a0 pour l\u2019Italie <a href=\"http:\/\/www.notariato.it\">www.notariato.it<\/a>, pour la France <a href=\"http:\/\/www.notaires.fr\">www.notaires.fr<\/a>.<\/p>\n<p><span lang=\"FR\">Le Chef du Bureau Consulaire continue \u00e0 recevoir, \u00e0 la demande des ressortissants italiens, les testaments publics, secrets ou bien internationaux. .Il peut recevoir , apr\u00e8s avoir v\u00e9rifi\u00e9 que le ressortissant est r\u00e9ellement dans l\u2019impossibilit\u00e9 de s\u2019adresser \u00e0 un notaire local, quand le retard peut cr\u00e9er un pr\u00e9judice au citoyen italien, des actes qui rev\u00eatent un caract\u00e8re d\u2019extr\u00eame n\u00e9cessit\u00e9 et urgence.<\/span><\/p>\n<p>&nbsp;<\/p>\n","protected":false},"excerpt":{"rendered":"Depuis le\u00a0 1er janvier 2012, les Postes consulaires situ\u00e9s en Autriche, Belgique, France, Allemagne et Lituanie n\u2019exercent plus de fonctions notariales, les notariats pr\u00e9sents dans ces Pays ont en effet adh\u00e9r\u00e9 \u00e0 l\u2019Union Internationale du Notariat (U.I.N.L.). Pour tout acte notari\u00e9 il faut vous adresser \u00e0 un notaire en France ou en Italie. Vous pouvez [&hellip;]","protected":false},"author":3,"featured_media":0,"parent":109,"menu_order":12,"comment_status":"closed","ping_status":"closed","template":"","meta":{"footnotes":""},"class_list":["post-233","page","type-page","status-publish","hentry"],"_links":{"self":[{"href":"https:\/\/consparigi.esteri.it\/fr\/wp-json\/wp\/v2\/pages\/233","targetHints":{"allow":["GET"]}}],"collection":[{"href":"https:\/\/consparigi.esteri.it\/fr\/wp-json\/wp\/v2\/pages"}],"about":[{"href":"https:\/\/consparigi.esteri.it\/fr\/wp-json\/wp\/v2\/types\/page"}],"author":[{"embeddable":true,"href":"https:\/\/consparigi.esteri.it\/fr\/wp-json\/wp\/v2\/users\/3"}],"replies":[{"embeddable":true,"href":"https:\/\/consparigi.esteri.it\/fr\/wp-json\/wp\/v2\/comments?post=233"}],"version-history":[{"count":0,"href":"https:\/\/consparigi.esteri.it\/fr\/wp-json\/wp\/v2\/pages\/233\/revisions"}],"up":[{"embeddable":true,"href":"https:\/\/consparigi.esteri.it\/fr\/wp-json\/wp\/v2\/pages\/109"}],"wp:attachment":[{"href":"https:\/\/consparigi.esteri.it\/fr\/wp-json\/wp\/v2\/media?parent=233"}],"curies":[{"name":"wp","href":"https:\/\/api.w.org\/{rel}","templated":true}]}}