{"id":236,"date":"2023-01-24T01:06:31","date_gmt":"2023-01-24T00:06:31","guid":{"rendered":"https:\/\/consparigi.esteri.it\/servizi-consolari-e-visti\/servizi-per-il-cittadino-italiano\/codice-fiscale\/"},"modified":"2026-02-27T16:03:53","modified_gmt":"2026-02-27T15:03:53","slug":"codice-fiscale","status":"publish","type":"page","link":"https:\/\/consparigi.esteri.it\/fr\/servizi-consolari-e-visti\/servizi-per-il-cittadino-italiano\/codice-fiscale\/","title":{"rendered":"Code Fiscal"},"content":{"rendered":"<p><strong>Le ressortissant \u00e9tranger non r\u00e9sident en Italie doit d\u00e9l\u00e9guer express\u00e9ment<\/strong>\u00a0une personne ou un service afin de pr\u00e9senter le formulaire de demande de code fiscal directement aux bureaux de l\u2019Agenzia delle Entrate situ\u00e9s sur le territoire italien, conform\u00e9ment \u00e0 l\u2019<a href=\"https:\/\/www.normattiva.it\/uri-res\/N2Ls?urn:nir:stato:decreto.legge:2001;281\">art. 1 du d\u00e9cret minist\u00e9riel n\u00b0 281 du 17 mai 2001.<\/a><\/p>\n<p>Les adresses des bureaux de l\u2019Agenzia delle Entrate sont disponibles sur le site internet, o\u00f9 il vous sera possible de prendre rendez-vous :\u00a0<a href=\"https:\/\/www.agenziaentrate.gov.it\/portale\/prenota-un-appuntamento\">Prenota un appuntamento \u2013 Agenzia delle Entrate<\/a>.<\/p>\n<p>&nbsp;<\/p>\n<p>Les demandes d\u2019attribution d\u2019un code fiscal\u00a0<strong>ne seront pas trait\u00e9es\u00a0<\/strong>dans les cas et pour les cat\u00e9gories suivantes, lesquelles sont invit\u00e9es \u00e0 utiliser la proc\u00e9dure appropri\u00e9e:<\/p>\n<ol>\n<li><strong>Etudiants <\/strong>qui suivent une p\u00e9riode d\u2019\u00e9tudes dans une universit\u00e9 italienne et qui ont besoin d\u2019un code fiscal pour la pr\u00e9inscription aux cours d\u2019\u00e9tudes peuvent l\u2019obtenir automatiquement sur le portail\u00a0<a href=\"https:\/\/www.universitaly.it\/\">UNIVERSITALY<\/a>lors de la demande de pr\u00e9inscription. Par la suite, l\u2019attribution du code fiscal pourra \u00eatre finalis\u00e9e :<\/li>\n<li>par les \u00e9tudiants non ressortissants de l\u2019Union europ\u00e9enne, aupr\u00e8s du Sportello Unico dell\u2019Immigrazione ou de la Questura lors de la demande de permis de s\u00e9jour<\/li>\n<li>par les \u00e9tudiants ressortissants de l\u2019Union, aupr\u00e8s de l\u2019Office des recettes, en pr\u00e9sentant le formulaire AA4\/8.<\/li>\n<li><strong>Les ressortissants \u00e9trangers qui n\u00e9cessitent du code fiscal dans le cadre de l\u2019achat d\u2019un bien immobilier <\/strong>\u00a0ou pour des proc\u00e9dures concernant les h\u00e9ritages et g\u00e9r\u00e9es par un notaire, en Italie, <strong>en Italie <\/strong>peuvent d\u00e9l\u00e9guer leur repr\u00e9sentant pour d\u00e9poser une demande de code fiscal \u00e0 l\u2019Agence des imp\u00f4ts en leur nom.<\/li>\n<li><strong>Les ressortissants des Pays non appartenant \u00e0 l\u2019Union europ\u00e9enne, qui veulent se transf\u00e9rer en Italie<\/strong>, et y \u00e9lire juridiquement la r\u00e9sidence le code fiscal est attribu\u00e9\u00a0:<\/li>\n<\/ol>\n<p>&gt; par le Sportello Unico dell\u2019Immigrazione (guichet unique de l\u2019immigration), pr\u00e9sent dans chaque pr\u00e9fecture et charg\u00e9 de d\u00e9livrer l\u2019autorisation d\u2019entr\u00e9e aux citoyens \u00e9trangers qui demandent un permis de s\u00e9jour pour l\u2019emploi ou le regroupement familial ;<\/p>\n<p>&gt; \u00a0par la Pr\u00e9fecture de Police (Questura), un bureau de la Police Nationale (Polizia di Stato), pour les ressortissants \u00e9trangers qui demandent d\u2019autres types de permis de s\u00e9jour.<\/p>\n<ol>\n<li><strong>Les ressortissants des Pays de l\u2019Union qui veulent se transf\u00e9rer en Italie<\/strong>, et y \u00e9lire juridiquement la r\u00e9sidence le code fiscal est attribu\u00e9\u00a0d\u00e9livr\u00e9 par un bureau territorial de l\u2019Agence des recettes sur pr\u00e9sentation du formulaire AA4\/8, d\u2019un document d\u2019identit\u00e9 en cours de validit\u00e9 (carte d\u2019identit\u00e9, passeport) en motivant la demande.<\/li>\n<li>Les ressortissants \u00e9trangers qui n\u00e9cessitent du code fiscal dans le cadre d\u2019une\u00a0<strong>proc\u00e9dure judiciaire en <\/strong><strong>Italie <\/strong>devront ajouter \u00e0 la procuration donn\u00e9e \u00e0 l\u2019avocat \u00e0 qui il confie la t\u00e2che, celle de pr\u00e9senter la demande de code fiscal \u00e0 un bureau local de l\u2019Agence fiscale.<\/li>\n<\/ol>\n<p>&nbsp;<\/p>\n<p><strong>Toute demande d\u2019information concernant les codes fiscaux doit \u00eatre avanc\u00e9e par courriel. Les appels t\u00e9l\u00e9phoniques ne sont pas pris en compte \u00e0 ce sujet.<\/strong><\/p>\n<p><strong>Proc\u00e9dure de demande pour les citoyens \u00e9trangers qui n\u2019appartiennent aux cat\u00e9gories ci-dessus :<\/strong><\/p>\n<p>La demande doit \u00eatre pr\u00e9sent\u00e9e exclusivement par courrier \u00e9lectronique (fichiers non sup\u00e9rieurs \u00e0 3 Mo), en envoyant \u00e0\u00a0<a href=\"mailto:legale.parigi@esteri.it\">legale.parigi@esteri.it<\/a><\/p>\n<ul>\n<li>le\u00a0<a href=\"https:\/\/consmarsiglia.esteri.it\/wp-content\/uploads\/2023\/03\/codice_fiscale.pdf\">formulaire<\/a>\u00a0appropri\u00e9 d\u00fbment rempli;<\/li>\n<li>une copie d\u2019une pi\u00e8ce d\u2019identit\u00e9 en cours de validit\u00e9 ;<\/li>\n<li>une br\u00e8ve d\u00e9claration \u00e9crite indiquant le motif de la demande et les coordonn\u00e9es t\u00e9l\u00e9phoniques.<\/li>\n<\/ul>\n<p><strong>Conclusion de la proc\u00e9dure<\/strong><br \/>\nLa certification vous est transmise par e-mail et le code fiscal n\u2019a pas de date d\u2019expiration.<\/p>\n<p>Le Consulat G\u00e9n\u00e9ral ne peut en aucun cas modifier un code fiscal, au-del\u00e0 du d\u00e9lai de 24 h, en raison d\u2019une erreur ou d\u2019un changement de nom : il est n\u00e9cessaire de s\u2019adresser directement, une fois en Italie, au bureau du fisc.<\/p>\n<p>Les cartes plastifi\u00e9es ne sont pas d\u00e9livr\u00e9es par le Consulat G\u00e9n\u00e9ral.<\/p>\n","protected":false},"excerpt":{"rendered":"Le ressortissant \u00e9tranger non r\u00e9sident en Italie doit d\u00e9l\u00e9guer express\u00e9ment\u00a0une personne ou un service afin de pr\u00e9senter le formulaire de demande de code fiscal directement aux bureaux de l\u2019Agenzia delle Entrate situ\u00e9s sur le territoire italien, conform\u00e9ment \u00e0 l\u2019art. 1 du d\u00e9cret minist\u00e9riel n\u00b0 281 du 17 mai 2001. Les adresses des bureaux de l\u2019Agenzia [&hellip;]","protected":false},"author":3,"featured_media":0,"parent":109,"menu_order":18,"comment_status":"closed","ping_status":"closed","template":"","meta":{"footnotes":""},"class_list":["post-236","page","type-page","status-publish","hentry"],"_links":{"self":[{"href":"https:\/\/consparigi.esteri.it\/fr\/wp-json\/wp\/v2\/pages\/236","targetHints":{"allow":["GET"]}}],"collection":[{"href":"https:\/\/consparigi.esteri.it\/fr\/wp-json\/wp\/v2\/pages"}],"about":[{"href":"https:\/\/consparigi.esteri.it\/fr\/wp-json\/wp\/v2\/types\/page"}],"author":[{"embeddable":true,"href":"https:\/\/consparigi.esteri.it\/fr\/wp-json\/wp\/v2\/users\/3"}],"replies":[{"embeddable":true,"href":"https:\/\/consparigi.esteri.it\/fr\/wp-json\/wp\/v2\/comments?post=236"}],"version-history":[{"count":5,"href":"https:\/\/consparigi.esteri.it\/fr\/wp-json\/wp\/v2\/pages\/236\/revisions"}],"predecessor-version":[{"id":6565,"href":"https:\/\/consparigi.esteri.it\/fr\/wp-json\/wp\/v2\/pages\/236\/revisions\/6565"}],"up":[{"embeddable":true,"href":"https:\/\/consparigi.esteri.it\/fr\/wp-json\/wp\/v2\/pages\/109"}],"wp:attachment":[{"href":"https:\/\/consparigi.esteri.it\/fr\/wp-json\/wp\/v2\/media?parent=236"}],"curies":[{"name":"wp","href":"https:\/\/api.w.org\/{rel}","templated":true}]}}