{"id":239,"date":"2023-01-24T01:07:10","date_gmt":"2023-01-24T00:07:10","guid":{"rendered":"https:\/\/consparigi.esteri.it\/servizi-consolari-e-visti\/servizi-per-il-cittadino-straniero\/visti\/"},"modified":"2026-04-10T12:02:15","modified_gmt":"2026-04-10T10:02:15","slug":"visti","status":"publish","type":"page","link":"https:\/\/consparigi.esteri.it\/fr\/servizi-consolari-e-visti\/servizi-per-il-cittadino-straniero\/visti\/","title":{"rendered":"Visas"},"content":{"rendered":"<p>The Consulate General of Italy in Paris is the only Consulate in France responsible for issuing entry visas to Italy. The Visa Office is open to the public, by appointment only, on Tuesdays and Thursdays from 9 to 12 at 5, bd Emile Augier, 75116 Paris.<\/p>\n<p>To find out if you need a visa, you are invited to consult the \u00ab\u00a0<a href=\"https:\/\/vistoperitalia.esteri.it\/\">Visto per l&rsquo;Italia<\/a>\u00a0\u00bb website.<\/p>\n<p>Once the necessary visa has been identified, you can consult detailed information about the requested documents and processing times, by selecting the desired visa type in the menu on the right of the page.<\/p>\n<p>The visa fees are specified in the appropriate form. The visa is always free in the following cases:<\/p>\n<ul>\n<li>Children under 6 years;<\/li>\n<li>Schengen visa for study;<\/li>\n<li>Family reunification with a citizen of the European Union;<\/li>\n<li>Certain categories of family members of EU citizens.<\/li>\n<\/ul>\n<p>The application forms are free. <a href=\"https:\/\/consparigi.esteri.it\/fr\/servizi-consolari-e-visti\/servizi-per-il-cittadino-straniero\/modulistica-per-cittadini-stranieri\/\"><u>Click here<\/u><\/a> to download them.<\/p>\n<p>To book your appointment you need to register on the <a href=\"https:\/\/prenotami.esteri.it\/\">Prenot@mi<\/a> website.<\/p>\n<p>Should you need more information, you can send an email to <a href=\"mailto:visti.parigi@esteri.it\">visti.parigi@esteri.it<\/a>.<\/p>\n<p>********************************************************************************<\/p>\n<p>Le Consulat G\u00e9n\u00e9ral d&rsquo;Italie \u00e0 Paris est le seul Consulat en France charg\u00e9 de d\u00e9livrer les visas d&rsquo;entr\u00e9e en Italie. Le Bureau des Visas est ouvert au public, sur rendez-vous uniquement, les mardis et jeudis de 9h \u00e0 12h au 5, bd Emile Augier, 75116 Paris.<\/p>\n<p>Pour savoir si vous avez besoin d&rsquo;un visa, vous \u00eates invit\u00e9 \u00e0 consulter le portail \u00ab\u00a0<a href=\"https:\/\/vistoperitalia.esteri.it\/\">Visto per l&rsquo;Italia<\/a>\u00ab\u00a0.<\/p>\n<p>Une fois le visa n\u00e9cessaire identifi\u00e9, vous pouvez consulter des informations d\u00e9taill\u00e9es sur les documents n\u00e9cessaires pour pr\u00e9senter la demande et le d\u00e9lai de livraison, en s\u00e9lectionnant le type souhait\u00e9 dans le menu \u00e0 droite de la page.<\/p>\n<p>Le co\u00fbt du visa est pr\u00e9cis\u00e9 dans la section appropri\u00e9. Le visa est toujours gratuit dans les cas suivants :<\/p>\n<ul>\n<li>Enfants de moins de 6 ans ;<\/li>\n<li>Visa Schengen pour \u00e9tudes ;<\/li>\n<li>Regroupement familial avec un citoyen de l&rsquo;Union europ\u00e9enne ;<\/li>\n<li>Certaines cat\u00e9gories de membres de la famille de citoyens de l&rsquo;UE.<\/li>\n<\/ul>\n<p>Les formulaires de demande sont gratuits, <a href=\"https:\/\/consparigi.esteri.it\/fr\/servizi-consolari-e-visti\/servizi-per-il-cittadino-straniero\/modulistica-per-cittadini-stranieri\/\"><u>cliquez ici<\/u><\/a> pour les t\u00e9l\u00e9charger.<\/p>\n<p>Pour r\u00e9server votre rendez-vous, vous devez acc\u00e9der et vous inscrire sur le portail <a href=\"https:\/\/prenotami.esteri.it\/\">Prenot@mi<\/a>.<\/p>\n<p>Pour plus d&rsquo;informations, vous pouvez envoyer un e-mail \u00e0 <a href=\"mailto:visti.parigi@esteri.it\">visti.parigi@esteri.it<\/a>.<\/p>\n<p>&nbsp;<\/p>\n","protected":false},"excerpt":{"rendered":"The Consulate General of Italy in Paris is the only Consulate in France responsible for issuing entry visas to Italy. The Visa Office is open to the public, by appointment only, on Tuesdays and Thursdays from 9 to 12 at 5, bd Emile Augier, 75116 Paris. To find out if you need a visa, you [&hellip;]","protected":false},"author":3,"featured_media":0,"parent":110,"menu_order":0,"comment_status":"closed","ping_status":"closed","template":"","meta":{"footnotes":""},"class_list":["post-239","page","type-page","status-publish","hentry"],"_links":{"self":[{"href":"https:\/\/consparigi.esteri.it\/fr\/wp-json\/wp\/v2\/pages\/239","targetHints":{"allow":["GET"]}}],"collection":[{"href":"https:\/\/consparigi.esteri.it\/fr\/wp-json\/wp\/v2\/pages"}],"about":[{"href":"https:\/\/consparigi.esteri.it\/fr\/wp-json\/wp\/v2\/types\/page"}],"author":[{"embeddable":true,"href":"https:\/\/consparigi.esteri.it\/fr\/wp-json\/wp\/v2\/users\/3"}],"replies":[{"embeddable":true,"href":"https:\/\/consparigi.esteri.it\/fr\/wp-json\/wp\/v2\/comments?post=239"}],"version-history":[{"count":2,"href":"https:\/\/consparigi.esteri.it\/fr\/wp-json\/wp\/v2\/pages\/239\/revisions"}],"predecessor-version":[{"id":6685,"href":"https:\/\/consparigi.esteri.it\/fr\/wp-json\/wp\/v2\/pages\/239\/revisions\/6685"}],"up":[{"embeddable":true,"href":"https:\/\/consparigi.esteri.it\/fr\/wp-json\/wp\/v2\/pages\/110"}],"wp:attachment":[{"href":"https:\/\/consparigi.esteri.it\/fr\/wp-json\/wp\/v2\/media?parent=239"}],"curies":[{"name":"wp","href":"https:\/\/api.w.org\/{rel}","templated":true}]}}