{"id":240,"date":"2023-01-24T01:07:21","date_gmt":"2023-01-24T00:07:21","guid":{"rendered":"https:\/\/consparigi.esteri.it\/servizi-consolari-e-visti\/servizi-per-il-cittadino-straniero\/cittadinanza\/"},"modified":"2026-03-24T17:44:47","modified_gmt":"2026-03-24T16:44:47","slug":"cittadinanza","status":"publish","type":"page","link":"https:\/\/consparigi.esteri.it\/fr\/servizi-consolari-e-visti\/servizi-per-il-cittadino-straniero\/cittadinanza\/","title":{"rendered":"Nationalit\u00e9"},"content":{"rendered":"<p>La nationalit\u00e9 italienne est r\u00e9gie par la loi n\u00b0 91 du 05\/02\/1992, entr\u00e9e en vigueur le 16\/08\/1992, et se base sur le principe du\u00a0<em>jus sanguinis<\/em>\u00a0(droit du sang), selon lequel l\u2019enfant n\u00e9 de p\u00e8re italien ou de m\u00e8re italienne est lui-m\u00eame citoyen italien.<\/p>\n<p>Le d\u00e9cret l\u00e9gislatif n\u00b0 36\/2025 et la loi de conversion n\u00b0 74\/2025 ont r\u00e9form\u00e9 la <a href=\"https:\/\/www.normattiva.it\/uri-res\/N2Ls?urn:nir:stato:legge:1992-02-05;91!vig=\">loi n\u00b0 91 de 1992<\/a> \u2013 avec effet au 28\/03\/2025 &#8211; et introduit d\u2019<strong>importantes limitations \u00e0 la transmission de la nationalit\u00e9 italienne d\u2019une g\u00e9n\u00e9ration \u00e0 l\u2019autre pour les personnes n\u00e9es \u00e0 l\u2019\u00e9tranger, d\u00e9sormais bas\u00e9e sur l\u2019effectivit\u00e9 du lien avec l\u2019Italie, en cas de possession d\u2019une autre nationalit\u00e9.<\/strong><\/p>\n<p>Plus pr\u00e9cis\u00e9ment, la <strong>transmission de la nationalit\u00e9 italienne par filiation \u00e0 une personne n\u00e9e \u00e0 l&rsquo;\u00e9tranger et poss\u00e9dant une autre nationalit\u00e9 n&rsquo;a lieu qu\u2019en cas d\u2019absence d\u2019interruption de la transmission de la nationalit\u00e9 et si au moins une des conditions <\/strong>introduites par l&rsquo;article 3-bis de la loi n\u00b0 91\/1992 est remplie\u00a0:<\/p>\n<ul>\n<li>un parent ou grand-parent poss\u00e8de \u2013 ou poss\u00e9dait au moment de son d\u00e9c\u00e8s \u2013 <strong>exclusivement<\/strong> la nationalit\u00e9 italienne\u00a0;<\/li>\n<li>un parent ou un parent adoptif <strong>a r\u00e9sid\u00e9<\/strong> <strong>en Italie pendant au moins deux ann\u00e9es cons\u00e9cutives apr\u00e8s l&rsquo;acquisition de la nationalit\u00e9 italienne et avant la date de naissance<\/strong> (ou d&rsquo;adoption) du demandeur.<\/li>\n<\/ul>\n<p>&nbsp;<\/p>\n<p>Veuillez lire attentivement les dispositions normatives et les indications contenues dans les diff\u00e9rentes pages du menu \u00e0 votre droite. Nous ne donnerons pas suite aux demandes de caract\u00e8re g\u00e9n\u00e9ral &#8211; parvenues par courriel ou par t\u00e9l\u00e9phone &#8211; sur les proc\u00e9dures et sur la documentation n\u00e9cessaire d\u00e9j\u00e0 d\u00e9taill\u00e9es dans cette section du site web.<\/p>\n<p>Nous vous informons que les \u00e9changes avec qui fait <a href=\"https:\/\/consparigi.esteri.it\/fr\/servizi-consolari-e-visti\/servizi-per-il-cittadino-straniero\/cittadinanza\/cittadinanza-per-matrimonio-o-unione-civile\/\">demande de nationalit\u00e9 italienne par mariage<\/a> (art.5 loi 91\/1992) se font exclusivement \u00e0 travers le portail du Minist\u00e8re de l\u2019Int\u00e9rieur ALI\/CIVES et <u>non par courriel ou autre.<\/u><\/p>\n<p>&nbsp;<\/p>\n<p><strong>Qui peut pr\u00e9senter demande aupr\u00e8s du Consulat G\u00e9n\u00e9ral d&rsquo;Italie \u00e0 Paris ?<\/strong><\/p>\n<p>Seules les personnes r\u00e9sidant dans les r\u00e9gions suivantes peuvent faire de demande de reconnaissance de nationalit\u00e9 italienne aupr\u00e8s du Consulat G\u00e9n\u00e9ral d\u2019Italie \u00e0 Paris :<\/p>\n<p>Bretagne, Bourgogne-Franche-Comt\u00e9 (seulement pour les d\u00e9partements de la C\u00f4te-d\u2019Or \u2013 21, du Doubs \u2013 25, du Jura \u2013 39, Haute Sa\u00f4ne \u2013 70, de l\u2019Yonne \u2013 89), Centre, Hauts de France, \u00cele-de-France, Normandie, Pays de la Loire et tous les d\u00e9partements et territoires d\u2019Outre-Mer.<\/p>\n","protected":false},"excerpt":{"rendered":"La nationalit\u00e9 italienne est r\u00e9gie par la loi n\u00b0 91 du 05\/02\/1992, entr\u00e9e en vigueur le 16\/08\/1992, et se base sur le principe du\u00a0jus sanguinis\u00a0(droit du sang), selon lequel l\u2019enfant n\u00e9 de p\u00e8re italien ou de m\u00e8re italienne est lui-m\u00eame citoyen italien. Le d\u00e9cret l\u00e9gislatif n\u00b0 36\/2025 et la loi de conversion n\u00b0 74\/2025 ont [&hellip;]","protected":false},"author":3,"featured_media":0,"parent":110,"menu_order":2,"comment_status":"closed","ping_status":"closed","template":"","meta":{"footnotes":""},"class_list":["post-240","page","type-page","status-publish","hentry"],"_links":{"self":[{"href":"https:\/\/consparigi.esteri.it\/fr\/wp-json\/wp\/v2\/pages\/240","targetHints":{"allow":["GET"]}}],"collection":[{"href":"https:\/\/consparigi.esteri.it\/fr\/wp-json\/wp\/v2\/pages"}],"about":[{"href":"https:\/\/consparigi.esteri.it\/fr\/wp-json\/wp\/v2\/types\/page"}],"author":[{"embeddable":true,"href":"https:\/\/consparigi.esteri.it\/fr\/wp-json\/wp\/v2\/users\/3"}],"replies":[{"embeddable":true,"href":"https:\/\/consparigi.esteri.it\/fr\/wp-json\/wp\/v2\/comments?post=240"}],"version-history":[{"count":6,"href":"https:\/\/consparigi.esteri.it\/fr\/wp-json\/wp\/v2\/pages\/240\/revisions"}],"predecessor-version":[{"id":6632,"href":"https:\/\/consparigi.esteri.it\/fr\/wp-json\/wp\/v2\/pages\/240\/revisions\/6632"}],"up":[{"embeddable":true,"href":"https:\/\/consparigi.esteri.it\/fr\/wp-json\/wp\/v2\/pages\/110"}],"wp:attachment":[{"href":"https:\/\/consparigi.esteri.it\/fr\/wp-json\/wp\/v2\/media?parent=240"}],"curies":[{"name":"wp","href":"https:\/\/api.w.org\/{rel}","templated":true}]}}