{"id":241,"date":"2023-01-24T01:07:30","date_gmt":"2023-01-24T00:07:30","guid":{"rendered":"https:\/\/consparigi.esteri.it\/servizi-consolari-e-visti\/servizi-per-il-cittadino-straniero\/traduzione-e-legalizzazione-dei-documenti\/"},"modified":"2024-05-15T10:56:47","modified_gmt":"2024-05-15T08:56:47","slug":"traduzione-e-legalizzazione-dei-documenti","status":"publish","type":"page","link":"https:\/\/consparigi.esteri.it\/fr\/servizi-consolari-e-visti\/servizi-per-il-cittadino-straniero\/traduzione-e-legalizzazione-dei-documenti\/","title":{"rendered":"Traduction et l\u00e9galisation de documents"},"content":{"rendered":"<p>Le Consulat G\u00e9n\u00e9ral d&rsquo;Italie \u00e0 Paris n&rsquo;effectue pas de traductions.<\/p>\n<p>Veuillez consulter <a href=\"https:\/\/www.courdecassation.fr\/experts-agrees-par-les-cours-dappel\">le site<\/a> de la Cour de Cassation pour connaitre les listes des Experts agr\u00e9\u00e9s par les Cours d&rsquo;Appel en France.<\/p>\n<p>Pour plus d&rsquo;informations veuillez aussi consulter l<a href=\"https:\/\/www.service-public.fr\/particuliers\/vosdroits\/F12956\">a page<\/a><\/p>\n<p>La signature du traducteur agr\u00e9\u00e9 ne n\u00e9cessite pas de l\u00e9galisation en vertu de la Convention de Bruxelles du 25 mai 1987 (ratifi\u00e9e par l\u2019Italie par la loi n. 106 du 24 avril 1990) qui supprime toute forme de l\u00e9galisation et de formalit\u00e9 \u00e9quivalente entre France et Italie.<\/p>\n","protected":false},"excerpt":{"rendered":"Le Consulat G\u00e9n\u00e9ral d&rsquo;Italie \u00e0 Paris n&rsquo;effectue pas de traductions. Veuillez consulter le site de la Cour de Cassation pour connaitre les listes des Experts agr\u00e9\u00e9s par les Cours d&rsquo;Appel en France. Pour plus d&rsquo;informations veuillez aussi consulter la page La signature du traducteur agr\u00e9\u00e9 ne n\u00e9cessite pas de l\u00e9galisation en vertu de la Convention [&hellip;]","protected":false},"author":3,"featured_media":0,"parent":110,"menu_order":6,"comment_status":"closed","ping_status":"closed","template":"","meta":{"footnotes":""},"class_list":["post-241","page","type-page","status-publish","hentry"],"_links":{"self":[{"href":"https:\/\/consparigi.esteri.it\/fr\/wp-json\/wp\/v2\/pages\/241","targetHints":{"allow":["GET"]}}],"collection":[{"href":"https:\/\/consparigi.esteri.it\/fr\/wp-json\/wp\/v2\/pages"}],"about":[{"href":"https:\/\/consparigi.esteri.it\/fr\/wp-json\/wp\/v2\/types\/page"}],"author":[{"embeddable":true,"href":"https:\/\/consparigi.esteri.it\/fr\/wp-json\/wp\/v2\/users\/3"}],"replies":[{"embeddable":true,"href":"https:\/\/consparigi.esteri.it\/fr\/wp-json\/wp\/v2\/comments?post=241"}],"version-history":[{"count":1,"href":"https:\/\/consparigi.esteri.it\/fr\/wp-json\/wp\/v2\/pages\/241\/revisions"}],"predecessor-version":[{"id":3976,"href":"https:\/\/consparigi.esteri.it\/fr\/wp-json\/wp\/v2\/pages\/241\/revisions\/3976"}],"up":[{"embeddable":true,"href":"https:\/\/consparigi.esteri.it\/fr\/wp-json\/wp\/v2\/pages\/110"}],"wp:attachment":[{"href":"https:\/\/consparigi.esteri.it\/fr\/wp-json\/wp\/v2\/media?parent=241"}],"curies":[{"name":"wp","href":"https:\/\/api.w.org\/{rel}","templated":true}]}}