{"id":2512,"date":"2023-02-03T10:46:31","date_gmt":"2023-02-03T09:46:31","guid":{"rendered":"https:\/\/consparigi.esteri.it\/?page_id=2512"},"modified":"2025-02-03T17:31:54","modified_gmt":"2025-02-03T16:31:54","slug":"carte-didentite-electronique-c-i-e","status":"publish","type":"page","link":"https:\/\/consparigi.esteri.it\/fr\/servizi-consolari-e-visti\/servizi-per-il-cittadino-italiano\/carte-didentite-electronique-c-i-e\/","title":{"rendered":"Carte d&rsquo;identit\u00e9 \u00e9lectronique (C.I.E.)"},"content":{"rendered":"<p>La nouvelle Carte d&rsquo;Identit\u00e9 \u00c9lectronique est un document multifonctionnel : elle atteste de l&rsquo;identit\u00e9 du citoyen, sert de document de voyage, indique le code fiscal et peut \u00eatre utilis\u00e9e dans le syst\u00e8me SPID (Syst\u00e8me Public d&rsquo;Identit\u00e9 Num\u00e9rique) permettant l\u2019acc\u00e8s aux diff\u00e9rents services de l\u2019Administration publique italienne.<\/p>\n<p>La carte d&rsquo;identit\u00e9 \u00e9lectronique \u00e9quivaut au passeport pour les d\u00e9placements vers les \u00c9tats membres de l&rsquo;Union europ\u00e9enne, les \u00c9tats de l&rsquo;espace Schengen (UE + Islande, Norv\u00e8ge, Suisse, Liechtenstein) et ceux pr\u00e9voyant des accords internationaux sp\u00e9cifiques.<\/p>\n<p>Pour plus d\u2019informations, consulter le site <a href=\"https:\/\/www.viaggiaresicuri.it\/approfondimenti-insights\/documentidiviaggio\">https:\/\/www.viaggiaresicuri.it\/approfondimenti-insights\/documentidiviaggio<\/a>.<\/p>\n<p>La Carte d&rsquo;Identit\u00e9 \u00c9lectronique peut \u00eatre demand\u00e9e sur rendez-vous via la plateforme <a href=\"https:\/\/prenotami.esteri.it\/\">PRENOT@MI<\/a>.<\/p>\n<p>La CIE ne sera d\u00e9livr\u00e9e qu\u2019aux citoyens italiens r\u00e9sidents dans la circonscription consulaire et d\u00fbment inscrits \u00e0 l\u2019 A.I.R.E (Anagrafe degli Italiani Residenti all\u2019Estero).<\/p>\n<p>La CIE <strong>n&rsquo;est pas<\/strong> d\u00e9livr\u00e9e le jour m\u00eame du rendez-vous. Elle est, en effet, produite par l&rsquo;Istituto Poligrafico e Zecca dello Stato \u00e0 Rome, puis exp\u00e9di\u00e9e d&rsquo;Italie, par voie postale, \u00e0 l&rsquo;adresse de r\u00e9sidence (ou de contact) du demandeur.<\/p>\n<p><strong>REQUIS OBLIGATOIRES POUR DEMANDER LA CARTE D\u2019IDENTIT\u00c9 \u00c9LECTRONIQUE<\/strong>:<\/p>\n<p>Pour l&rsquo;\u00e9mission de la CIE, il est indispensable que le demandeur :<\/p>\n<ul>\n<li>Soit inscrit \u00e0 l\u2019AIRE et que son nom soit enregistr\u00e9 dans la base-donn\u00e9e de la commune italienne de r\u00e9f\u00e9rence ;<\/li>\n<li>Ait fait transcrire son acte de naissance en Italie, car les d\u00e9tails de cette transcription apparaissent sur la CIE ;<\/li>\n<li>Ait un Code Fiscal valid\u00e9 par l\u2019Agenzia delle Entrate et par la commune italienne de r\u00e9f\u00e9rence. Pour ceux qui ne poss\u00e8dent pas de Code Fiscal, ce Consulat G\u00e9n\u00e9ral pourra le demander d&rsquo;office ;<\/li>\n<li>Ait mis \u00e0 jour sa situation administrative en cas de changement d\u2019adresse, de modification de l&rsquo;\u00e9tat civil ou de naissance d&rsquo;enfants. A cet effet, veillez contacter les services comp\u00e9tents (AIRE ou \u00e9tat civil) <strong>avant la prise de rendez-vous<\/strong> pour la carte d&rsquo;identit\u00e9.<\/li>\n<\/ul>\n<p>&nbsp;<\/p>\n<p><strong>VALIDIT\u00c9 DE LA CARTE D\u2019IDENTIT\u00c9 \u00c9LECTRONIQUE :<\/strong><\/p>\n<p>La validit\u00e9 de la CIE varie en fonction de l&rsquo;\u00e2ge du titulaire :<\/p>\n<ul>\n<li>3 ans pour les mineurs de moins de 3 ans;<\/li>\n<li>5 ans pour les mineurs \u00e2g\u00e9s de 3 \u00e0 18 ans;<\/li>\n<li>10 ans pour les adultes.<\/li>\n<\/ul>\n<p><strong>MODALIT\u00c9S DE DEMANDE DE LA CARTE D\u2019IDENTIT\u00c9 \u00c9LECTRONIQUE :<\/strong><\/p>\n<p>Pour demander la carte d&rsquo;identit\u00e9 \u00e9lectronique, il est n\u00e9cessaire de prendre rendez-via la plateforme <a href=\"https:\/\/prenotami.esteri.it\/\">PRENOT@MI<\/a>.<\/p>\n<p>Le syst\u00e8me permet de demander un rendez-vous pour une personne (en s\u00e9lectionnant \u00ab r\u00e9servation simple \u00bb) ou pour deux personnes (en s\u00e9lectionnant \u00ab r\u00e9servation multiple \u00bb). Dans le champ \u00ab notes \u00bb, veillez sp\u00e9cifier les noms des personnes concern\u00e9es par le rendez-vous.<\/p>\n<p><strong>Avant d&rsquo;acc\u00e9der au calendrier du service CIE et de choisir la premi\u00e8re date disponible, il est n\u00e9cessaire de remplir les champs obligatoires (marqu\u00e9s d\u2019un *) propos\u00e9s par le syst\u00e8me.<\/strong><\/p>\n<p>Veuillez entrer les DONN\u00c9ES RELATIVES AU TITULAIRE du document demand\u00e9, si elles diff\u00e8rent de l\u2019utilisateur du compte.<\/p>\n<p><strong>Pour les femmes mari\u00e9es : saisir les coordonn\u00e9es personnelles avant le mariage. <\/strong><strong>En effet, la Carte d&rsquo;Identit\u00e9 \u00c9lectronique ne mentionne pas l\u2019etat civil du titulaire: le nom du conjoint n\u2019y apparait pas. <\/strong><\/p>\n<p>A partir de la transmission de la demande, il faut compter <strong>au moins 15 jours<\/strong> pour que le bureau consulaire v\u00e9rifie les donn\u00e9es d&rsquo;\u00e9tat civil, r\u00e9solve d&rsquo;\u00e9ventuels d\u00e9salignements et confirme l\u2019absence de motifs d&rsquo;opposition \u00e0 la d\u00e9livrance du document.<\/p>\n<p><strong>ATTENTION :<\/strong> <strong>Si, \u00e0 l&rsquo;issue des v\u00e9rifications, des \u00e9l\u00e9ments s&rsquo;opposant \u00e0 la d\u00e9livrance de la CIE sont d\u00e9couverts, ce Consulat en informera le demandeur et pourra proc\u00e9der \u00e0 l\u2019annulation du rendez-vous.<\/strong><\/p>\n<p><strong>La pr\u00e9sence du demandeur et\/ou du titulaire de la carte demand\u00e9e est obligatoire.<\/strong><\/p>\n<p>Le jour du rendez-vous, les donn\u00e9es biom\u00e9triques seront recueillies et le dossier sera valid\u00e9.<\/p>\n<p><strong>DOCUMENTATION REQUISE POUR LA D\u00c9LIVRANCE DE LA CARTE D\u2019IDENTIT\u00c9 \u00c9LECTRONIQUE :<\/strong><\/p>\n<ul>\n<li>Une photographie d&rsquo;identit\u00e9 conforme aux normes biom\u00e9triques ;<\/li>\n<li>Carte d&rsquo;identit\u00e9 pr\u00e9c\u00e9dente (m\u00eame si expir\u00e9e) ;<\/li>\n<li>Passeport (m\u00eame si expir\u00e9) ;<\/li>\n<li><a href=\"https:\/\/consparigi.esteri.it\/fr\/servizi-consolari-e-visti\/servizi-per-il-cittadino-italiano\/passaporti-e-carte-didentita\/declaration-de-consentement\/\">Acte de consentement<\/a> de l&rsquo;un ou des deux parents si le demandeur est mineur ;<\/li>\n<li>Preuve de paiement, effectu\u00e9e au moins 5 jours ouvrables avant le rendez-vous et par virement bancaire :\n<ul>\n<li>21,95 \u20ac en cas de premi\u00e8re d\u00e9livrance de la CIE ou de renouvellement ;<\/li>\n<li>27,11 \u20ac en cas de duplicata pour vol, perte ou d\u00e9t\u00e9rioration de la CIE encore valide.<\/li>\n<\/ul>\n<\/li>\n<\/ul>\n<p><strong>Afin d&rsquo;\u00e9viter les paiements incorrects, veuillez lire attentivement ce qui suit :<\/strong><\/p>\n<p><strong>La D\u00c9LIVRANCE<\/strong> est une<strong> \u00ab\u00a0premi\u00e8re \u00e9mission\u00a0\u00bb de la CIE <\/strong>(a titre d\u2019exemple, ceux qui demandent la carte \u00e9lectronique pour la premi\u00e8re fois doivent payer 21,95 \u20ac).<\/p>\n<p><strong>Le DUPLICATA<\/strong> est une <strong>\u00e9mission de CIE qui remplace la pr\u00e9c\u00e9dente<\/strong> en cas de perte, vol, d\u00e9t\u00e9rioration ou demande effectu\u00e9e avant 180 jours de l&rsquo;expiration.<\/p>\n<p>(pour les modalit\u00e9s et les coordonn\u00e9es bancaires, <a href=\"https:\/\/consparigi.esteri.it\/it\/chi-siamo\/gli-uffici\/informazioni-utili\/pagamento-diritti-consolari-e-rimborso\/\">cliquez ici<\/a>).<\/p>\n<p>Le virement doit obligatoirement \u00eatre effectu\u00e9 <strong>5 jours (ouvrables) avant la date du rendez-vous<\/strong>. Si vous ne parvenez pas \u00e0 respecter ces d\u00e9lais, le paiement pourra \u00eatre effectu\u00e9 directement au Consulat le jour du rendez-vous.<\/p>\n<p>&nbsp;<\/p>\n<p><strong>ENVOI DE LA CARTE D\u2019IDENTIT\u00c9 \u00c9LECTRONIQUE :<\/strong><\/p>\n<p>La CIE n&rsquo;est pas d\u00e9livr\u00e9e le jour m\u00eame du rendez-vous : elle est produite par <em>l&rsquo;Istituto Poligrafico<\/em> e la <em>Zecca dello Stato<\/em> et envoy\u00e9e depuis l&rsquo;Italie par courrier recommand\u00e9 \u00e0 l&rsquo;adresse choisie par le demandeur, environ <strong>15 jours apr\u00e8s la date du rendez-vous<\/strong> au Consulat.<\/p>\n<p>Le demandeur pourra suivre l&rsquo;exp\u00e9dition sur le site des Poste Italiane <a href=\"https:\/\/www.poste.it\/prodotti\/raccomandata.html\">https:\/\/www.poste.it\/prodotti\/raccomandata.html<\/a>. Il suffit de cliquer sur \u00ab Cerca spedizioni \u00bb et entrer le num\u00e9ro de tracking fourni le jour du rendez-vous.<\/p>\n<p>Les demandeurs de la CIE sont invit\u00e9s \u00e0 v\u00e9rifier que leur nom de naissance apparaisse bien sur la bo\u00eete aux lettres (nom de jeune fille pour les femmes mari\u00e9es).<\/p>\n<p>Les envois qui n\u2019ont pas pu \u00eatre livr\u00e9s \u2013 par exemple pour adresse incorrecte \u2013 sont conserves en bureau de poste durant 15 jours calendaires \u00e0 compter. Apr\u00e8s cette p\u00e9riode, le colis sera renvoy\u00e9 au Consulat G\u00e9n\u00e9ral pour proceder \u00e0 de nouvelles tentatives de livraison<\/p>\n<p>Pour contacter le bureau, veuillez \u00e9crire \u00e0 <a href=\"mailto:carteidentita.parigi@esteri.it\">carteidentita.parigi@esteri.it<\/a>;<\/p>\n","protected":false},"excerpt":{"rendered":"La nouvelle Carte d&rsquo;Identit\u00e9 \u00c9lectronique est un document multifonctionnel : elle atteste de l&rsquo;identit\u00e9 du citoyen, sert de document de voyage, indique le code fiscal et peut \u00eatre utilis\u00e9e dans le syst\u00e8me SPID (Syst\u00e8me Public d&rsquo;Identit\u00e9 Num\u00e9rique) permettant l\u2019acc\u00e8s aux diff\u00e9rents services de l\u2019Administration publique italienne. La carte d&rsquo;identit\u00e9 \u00e9lectronique \u00e9quivaut au passeport pour les [&hellip;]","protected":false},"author":4,"featured_media":0,"parent":109,"menu_order":4,"comment_status":"closed","ping_status":"closed","template":"","meta":{"footnotes":""},"class_list":["post-2512","page","type-page","status-publish","hentry"],"_links":{"self":[{"href":"https:\/\/consparigi.esteri.it\/fr\/wp-json\/wp\/v2\/pages\/2512","targetHints":{"allow":["GET"]}}],"collection":[{"href":"https:\/\/consparigi.esteri.it\/fr\/wp-json\/wp\/v2\/pages"}],"about":[{"href":"https:\/\/consparigi.esteri.it\/fr\/wp-json\/wp\/v2\/types\/page"}],"author":[{"embeddable":true,"href":"https:\/\/consparigi.esteri.it\/fr\/wp-json\/wp\/v2\/users\/4"}],"replies":[{"embeddable":true,"href":"https:\/\/consparigi.esteri.it\/fr\/wp-json\/wp\/v2\/comments?post=2512"}],"version-history":[{"count":2,"href":"https:\/\/consparigi.esteri.it\/fr\/wp-json\/wp\/v2\/pages\/2512\/revisions"}],"predecessor-version":[{"id":5021,"href":"https:\/\/consparigi.esteri.it\/fr\/wp-json\/wp\/v2\/pages\/2512\/revisions\/5021"}],"up":[{"embeddable":true,"href":"https:\/\/consparigi.esteri.it\/fr\/wp-json\/wp\/v2\/pages\/109"}],"wp:attachment":[{"href":"https:\/\/consparigi.esteri.it\/fr\/wp-json\/wp\/v2\/media?parent=2512"}],"curies":[{"name":"wp","href":"https:\/\/api.w.org\/{rel}","templated":true}]}}