{"id":2647,"date":"2023-01-26T15:31:08","date_gmt":"2023-01-26T14:31:08","guid":{"rendered":"https:\/\/consparigi.esteri.it\/servizi-consolari-e-visti\/servizi-per-il-cittadino-straniero\/visti\/visto-per-ricercatori-researchers-visa-visa-chercheurs\/"},"modified":"2024-11-13T13:39:42","modified_gmt":"2024-11-13T12:39:42","slug":"visto-per-ricercatori-researchers-visa-visa-chercheurs","status":"publish","type":"page","link":"https:\/\/consparigi.esteri.it\/fr\/servizi-consolari-e-visti\/servizi-per-il-cittadino-straniero\/visti\/visto-per-ricercatori-researchers-visa-visa-chercheurs\/","title":{"rendered":"Visa pour Chercheurs \/ Researcher&rsquo;s visa"},"content":{"rendered":"<p>Le visa de recherche permet aux \u00e9trangers titulaires d&rsquo;un doctorat ou d&rsquo;une qualification d&rsquo;enseignement sup\u00e9rieur qui, dans le pays o\u00f9 il a \u00e9t\u00e9 obtenu, donne acc\u00e8s \u00e0 des programmes de doctorat, de s\u00e9journer en Italie pour une p\u00e9riode courte (moins de 90 jours) ou longue (plus de 90 jours).<\/p>\n<p>Les rendez-vous peuvent \u00eatre programm\u00e9s via le site <a href=\"https:\/\/prenotami.esteri.it\/\">prenot@mi<\/a> (https:\/\/prenotami.esteri.it) et le demandeur doit toujours se pr\u00e9senter en personne.<\/p>\n<p>Tous les documents doivent \u00eatre imprim\u00e9s et pr\u00e9sent\u00e9s en original avec une photocopie si n\u00e9cessaire.<\/p>\n<p>Le jour du rendez-vous le demandeur doit pr\u00e9senter les documents suivants:<\/p>\n<ul>\n<li><a href=\"https:\/\/consparigi.esteri.it\/it\/servizi-consolari-e-visti\/servizi-per-il-cittadino-straniero\/modulistica-per-cittadini-stranieri\/\">Formulaire de demande<\/a> d\u00fbment rempli et sign\u00e9;<\/li>\n<li>Une photo couleur de format passeport, fond blanc, datant de moins de 6 mois (<a href=\"https:\/\/consparigi.esteri.it\/wp-content\/uploads\/2023\/01\/specifiche_foto.pdf\" target=\"_blank\" rel=\"noopener\">voir sp\u00e9cifications<\/a>);<\/li>\n<li>Un passeport valide (et une copie) satisfaisant aux crit\u00e8res suivants :\n<ul>\n<li>sa validit\u00e9 doit \u00eatre d&rsquo;au moins trois mois de plus que le visa demand\u00e9 (minimum 15 mois) ;<\/li>\n<li>il doit contenir au moins deux pages vierges ;<\/li>\n<li>il doit avoir \u00e9t\u00e9 d\u00e9livr\u00e9 au cours des 10 derni\u00e8res ann\u00e9es ;<\/li>\n<li>les passeports endommag\u00e9s ne seront pas accept\u00e9s.<\/li>\n<\/ul>\n<\/li>\n<li>Copie d&rsquo;un permis de s\u00e9jour fran\u00e7ais valide ;<\/li>\n<li>Autorisation d\u00e9livr\u00e9e par les autorit\u00e9es d&rsquo;immigration italiennes (SUI, Sportello Unico per l&rsquo;Immigrazione) ;<\/li>\n<li>Accord d&rsquo;accueil stipul\u00e9 avec le candidat par l&rsquo;Universit\u00e9 ou l&rsquo;institut de recherche italien accr\u00e9dit\u00e9;<\/li>\n<li>Preuve d&rsquo;un logement appropri\u00e9 en Italie. Les documents suivants sont accept\u00e9s :\n<ul>\n<li>contrat de location ;<\/li>\n<li>r\u00e9servation d&rsquo;h\u00f4tel d&rsquo;au moins 30 jours ;<\/li>\n<li>d\u00e9claration d&rsquo;hospitalit\u00e9 d&rsquo;un individu l\u00e9galement r\u00e9sidant en Italie, conform\u00e9ment aux articles 46 et 47 du DPR 349\/1999, confirmant qu&rsquo;ils ont mis \u00e0 la disposition du demandeur de visa un logement conforme aux normes minimales \u00e9tablies par la loi r\u00e9gionale pertinente en mati\u00e8re d&rsquo;h\u00e9bergement public.<\/li>\n<\/ul>\n<\/li>\n<li>R\u00e9servation de vol\/train\/bus ;<\/li>\n<li>116 \u20ac pour les frais de visa (payement en esp\u00e8ces).<\/li>\n<li>Si vous ne r\u00e9sidez pas dans la r\u00e9gion parisienne et que vous souhaitez que votre passeport soit envoy\u00e9 \u00e0 votre adresse fran\u00e7aise, une enveloppe A5 avec un timbre pour <a href=\"https:\/\/www.laposte.fr\/tarifs-postaux-courrier-lettres-timbres\" target=\"_blank\" rel=\"noopener\"><em>Lettre recommand\u00e9e avec accus\u00e9 de r\u00e9ception R2, 100 g <\/em><\/a>doit \u00eatre fournie le jour de votre rendez-vous.<\/li>\n<\/ul>\n<p>Un dossier incomplet peut entra\u00eener le refus du visa. La soumission d&rsquo;un dossier complet ne garantit pas la d\u00e9livrance d&rsquo;un visa. Le passeport ne sera pas retourn\u00e9 avant la d\u00e9cision finale sur le visa. Le Consulat g\u00e9n\u00e9ral se r\u00e9serve le droit de demander un entretien personnel ou des documents suppl\u00e9mentaires.<\/p>\n<p>&nbsp;<\/p>\n<p style=\"text-align: center;\">&#8212; English Version &#8212;<\/p>\n<p>The research visa allows foreigners in possession of a doctorate or higher education qualification which, in the country in which it was obtained, gives access to doctoral programmes, to stay in Italy for a short (less than 90 days) or long (more than 90 days) period.<\/p>\n<p>Appointments can be scheduled through the\u00a0<a href=\"https:\/\/prenotami.esteri.it\/\" target=\"_blank\" rel=\"noopener\">prenot@mi<\/a>\u00a0website and the applicant should always appear in person. The passport will be kept until the final decision is adopted.<\/p>\n<p>All documents must be printed out and presented in original plus a photocopy where required. Applicants should always appear in person.<\/p>\n<p>On the day of the appointment the following documents must be provided:<\/p>\n<ol>\n<li><a href=\"https:\/\/consparigi.esteri.it\/wp-content\/uploads\/2023\/01\/formulariovistonazionale_ing-ita.pdf\" target=\"_blank\" rel=\"noopener\">Application form<\/a>\u00a0duly completed and signed.<\/li>\n<li>One passport size color photo, white background, maximum 6 months old (<a href=\"https:\/\/consparigi.esteri.it\/wp-content\/uploads\/2023\/01\/specifiche_foto.pdf\" target=\"_blank\" rel=\"noopener\">see specifications<\/a>);<\/li>\n<li>A valid passport (and a copy) satisfying the following criteria:\n<ol>\n<li>\u00a0its validity must be at least three months longer than the visa requested (min 15 months);<\/li>\n<li>o it must contain at least two blank pages;<\/li>\n<li>o it must have been issued within the previous 10 years;<\/li>\n<li>Damaged passports will not be accepted.<\/li>\n<\/ol>\n<\/li>\n<li>Copy of a valid French permit of stay;<\/li>\n<li>Clearance released by the immigration authorities (SUI, Sportello Unico per l\u2019Immigrazione);<\/li>\n<li>Research agreement subscribed between the applicant and the University or by the accredited Italian research institute;<\/li>\n<li>Proof of a suitable accommodation in Italy. The following documents are accepted:<br \/>\n\u2013 rental agreement;<br \/>\n\u2013 Hotel booking;<br \/>\n\u2013 statement made by an Italian or foreign national legally residing in Italy, in accordance of art, 46 and 47<br \/>\nof DPR 349\/1999, confirming that they have made available to the visa applicant a suitable<br \/>\naccommodation that comply with the minimum standards laid down in the relevant regional law<br \/>\nregarding public housing accommodation.<\/li>\n<li>A flight\/train\/bus booking (or itinerary).<\/li>\n<li>116\u20ac for the visa fees (only cash is accepted).<\/li>\n<li>If you do not reside in Paris area and you wish your passport to be mailed to your french address, an A5 envelope with a stamp for a <em><a href=\"https:\/\/www.laposte.fr\/tarifs-postaux-courrier-lettres-timbres\" target=\"_blank\" rel=\"noopener\">Lettre recommand\u00e9 avec accusation de recepition R2, 100gr<\/a>\u00a0<\/em>should be provided on the day of your appointment.<\/li>\n<\/ol>\n<p>An application without a complete set of documents may result in the refusal of the visa. The submission of a complete file does not guarantee the issuance of a visa. The passport will not be returned until the final decision on the visa is adopted. The Consulate General reserves the right to ask for a Personal Interview or any additional documents.<\/p>\n","protected":false},"excerpt":{"rendered":"Le visa de recherche permet aux \u00e9trangers titulaires d&rsquo;un doctorat ou d&rsquo;une qualification d&rsquo;enseignement sup\u00e9rieur qui, dans le pays o\u00f9 il a \u00e9t\u00e9 obtenu, donne acc\u00e8s \u00e0 des programmes de doctorat, de s\u00e9journer en Italie pour une p\u00e9riode courte (moins de 90 jours) ou longue (plus de 90 jours). Les rendez-vous peuvent \u00eatre programm\u00e9s via [&hellip;]","protected":false},"author":7,"featured_media":0,"parent":239,"menu_order":5,"comment_status":"closed","ping_status":"closed","template":"","meta":{"footnotes":""},"class_list":["post-2647","page","type-page","status-publish","hentry"],"_links":{"self":[{"href":"https:\/\/consparigi.esteri.it\/fr\/wp-json\/wp\/v2\/pages\/2647","targetHints":{"allow":["GET"]}}],"collection":[{"href":"https:\/\/consparigi.esteri.it\/fr\/wp-json\/wp\/v2\/pages"}],"about":[{"href":"https:\/\/consparigi.esteri.it\/fr\/wp-json\/wp\/v2\/types\/page"}],"author":[{"embeddable":true,"href":"https:\/\/consparigi.esteri.it\/fr\/wp-json\/wp\/v2\/users\/7"}],"replies":[{"embeddable":true,"href":"https:\/\/consparigi.esteri.it\/fr\/wp-json\/wp\/v2\/comments?post=2647"}],"version-history":[{"count":5,"href":"https:\/\/consparigi.esteri.it\/fr\/wp-json\/wp\/v2\/pages\/2647\/revisions"}],"predecessor-version":[{"id":4680,"href":"https:\/\/consparigi.esteri.it\/fr\/wp-json\/wp\/v2\/pages\/2647\/revisions\/4680"}],"up":[{"embeddable":true,"href":"https:\/\/consparigi.esteri.it\/fr\/wp-json\/wp\/v2\/pages\/239"}],"wp:attachment":[{"href":"https:\/\/consparigi.esteri.it\/fr\/wp-json\/wp\/v2\/media?parent=2647"}],"curies":[{"name":"wp","href":"https:\/\/api.w.org\/{rel}","templated":true}]}}