{"id":2668,"date":"2023-05-10T09:46:28","date_gmt":"2023-05-10T07:46:28","guid":{"rendered":"https:\/\/consparigi.esteri.it\/servizi-consolari-e-visti\/servizi-per-il-cittadino-straniero\/visti\/lavoro-subordinato-sport-subordinate-work-sport\/"},"modified":"2025-01-10T09:13:00","modified_gmt":"2025-01-10T08:13:00","slug":"lavoro-subordinato-sport-subordinate-work-sport","status":"publish","type":"page","link":"https:\/\/consparigi.esteri.it\/fr\/servizi-consolari-e-visti\/servizi-per-il-cittadino-straniero\/visti\/lavoro-subordinato-sport-subordinate-work-sport\/","title":{"rendered":"Lavoro subordinato sport \/ Subordinate work sport"},"content":{"rendered":"<p>Les documents suivants doivent \u00eatre fournis le jour du rendez-vous :<\/p>\n<ol>\n<li><a href=\"https:\/\/consparigi.esteri.it\/wp-content\/uploads\/2023\/01\/formulariovistonazionale_ing-ita.pdf\">Formulaire de demande<\/a> nationale d\u00fbment rempli et sign\u00e9.<\/li>\n<li>Une photo d&rsquo;identit\u00e9 en couleur, fond blanc, datant de moins de 6 mois (<a href=\"https:\/\/consparigi.esteri.it\/wp-content\/uploads\/2023\/01\/specifiche_foto.pdf\">voir sp\u00e9cifications<\/a>).<\/li>\n<li>Un passeport valide (et une copie) r\u00e9pondant aux crit\u00e8res suivants :\n<ol>\n<li>Il doit contenir au moins deux pages vierges ;<\/li>\n<li>Il doit avoir \u00e9t\u00e9 d\u00e9livr\u00e9 au cours des 10 derni\u00e8res ann\u00e9es.<\/li>\n<\/ol>\n<\/li>\n<li>Copie d\u2019un titre de s\u00e9jour fran\u00e7ais valide.<\/li>\n<li>Copie de pr\u00e9c\u00e9dents visas Schengen ou nationaux.<\/li>\n<li>Copie du Nulla Osta d\u00e9livr\u00e9 par le CONI (d\u00e9claration nominative d\u2019assentiment).<\/li>\n<li>Lettre officielle de l\u2019\u00e9quipe ou association sportive.<\/li>\n<li>Copie du contrat italien.<\/li>\n<li>Code fiscal italien (Codice Fiscale).<\/li>\n<li>Preuve d\u2019un logement adapt\u00e9 en Italie. Les documents suivants sont accept\u00e9s :<br \/>\n\u2013 contrat de location enregistr\u00e9 ;<br \/>\n\u2013 r\u00e9servation d\u2019h\u00f4tel pour une dur\u00e9e d\u2019au moins 30 jours ;<br \/>\n\u2013 d\u00e9claration d\u2019h\u00e9bergement sign\u00e9e par un citoyen italien ou \u00e9tranger r\u00e9sidant l\u00e9galement en Italie, conform\u00e9ment aux articles 46 et 47 du DPR 349\/1999, confirmant qu\u2019il a mis \u00e0 disposition du demandeur de visa un logement respectant les normes minimales pr\u00e9vues par la l\u00e9gislation r\u00e9gionale relative au logement public.<\/li>\n<li>Assurance m\u00e9dicale internationale valable pour la premi\u00e8re p\u00e9riode de voyage avec une couverture minimale de 30 000 \u20ac et une couverture compl\u00e8te et illimit\u00e9e pour l\u2019hospitalisation. Le rapatriement d\u2019urgence ainsi que le rapatriement des d\u00e9pouilles mortelles doivent \u00eatre inclus. Un tableau d\u00e9taill\u00e9 des prestations doit \u00eatre fourni.<\/li>\n<li>R\u00e9servation de voyage (avion\/autocar\/train).<\/li>\n<li>116 \u20ac en esp\u00e8ces pour les frais de visa.<\/li>\n<\/ol>\n<p>**<\/p>\n<p><strong>Inglese<\/strong><\/p>\n<p>The following documents must be provided on the day of the appointment:<\/p>\n<ol>\n<li><a href=\"https:\/\/consparigi.esteri.it\/wp-content\/uploads\/2023\/01\/formulariovistonazionale_ing-ita.pdf\">National Application form<\/a>\u00a0duly completed and signed.<\/li>\n<li>One passport size color photo, white background, maximum 6 months old (<a href=\"https:\/\/consparigi.esteri.it\/wp-content\/uploads\/2023\/01\/specifiche_foto.pdf\">see specifications<\/a>);<\/li>\n<li>A valid passport (and a copy) satisfying the following criteria:\n<ol>\n<li>it must contain at least two blank pages;<\/li>\n<li>it must have been issued within the previous 10 years;<\/li>\n<\/ol>\n<\/li>\n<li>Copy of a valid French permit of stay;<\/li>\n<li>Previous Schengen or national visa copy;<\/li>\n<li>Copy of the Nulla Osta from CONI (dichiarazione nominativa d\u2019assenso);<\/li>\n<li>Official letter from the Sport Team or association;<\/li>\n<li>Copy of the Italian contract;<\/li>\n<li>Italian fiscal code (Codice Fiscale);<\/li>\n<li>Proof of suitable accommodation in Italy. The following documents are accepted:<br \/>\n\u2013 registered rental agreement;<br \/>\n\u2013 Hotel booking of no less than 30 days;<br \/>\n\u2013 Declaration of accommodation signed by an Italian or foreign national legally residing in Italy, in accordance of art, 46 and 47 of DPR 349\/1999, confirming that they have made available to the visa applicant a suitable accommodation that comply with the minimum standards laid down in the relevant regional law regarding public housing accommodation;<\/li>\n<li>An international medical insurance valid for the first travel period with a minimum of 30.000 \u20ac coverage and full and unlimited coverage for hospitalization. Emergency repatriation flight as well as repatriation of mortal remains must be included. Detailed table of benefit must be provided;<\/li>\n<li>Travel booking (flight\/bus\/train);<\/li>\n<li>116\u20ac in cash for the visa fee.<\/li>\n<\/ol>\n","protected":false},"excerpt":{"rendered":"Les documents suivants doivent \u00eatre fournis le jour du rendez-vous : Formulaire de demande nationale d\u00fbment rempli et sign\u00e9. Une photo d&rsquo;identit\u00e9 en couleur, fond blanc, datant de moins de 6 mois (voir sp\u00e9cifications). Un passeport valide (et une copie) r\u00e9pondant aux crit\u00e8res suivants : Il doit contenir au moins deux pages vierges ; Il [&hellip;]","protected":false},"author":7,"featured_media":0,"parent":239,"menu_order":18,"comment_status":"closed","ping_status":"closed","template":"","meta":{"footnotes":""},"class_list":["post-2668","page","type-page","status-publish","hentry"],"_links":{"self":[{"href":"https:\/\/consparigi.esteri.it\/fr\/wp-json\/wp\/v2\/pages\/2668","targetHints":{"allow":["GET"]}}],"collection":[{"href":"https:\/\/consparigi.esteri.it\/fr\/wp-json\/wp\/v2\/pages"}],"about":[{"href":"https:\/\/consparigi.esteri.it\/fr\/wp-json\/wp\/v2\/types\/page"}],"author":[{"embeddable":true,"href":"https:\/\/consparigi.esteri.it\/fr\/wp-json\/wp\/v2\/users\/7"}],"replies":[{"embeddable":true,"href":"https:\/\/consparigi.esteri.it\/fr\/wp-json\/wp\/v2\/comments?post=2668"}],"version-history":[{"count":3,"href":"https:\/\/consparigi.esteri.it\/fr\/wp-json\/wp\/v2\/pages\/2668\/revisions"}],"predecessor-version":[{"id":4872,"href":"https:\/\/consparigi.esteri.it\/fr\/wp-json\/wp\/v2\/pages\/2668\/revisions\/4872"}],"up":[{"embeddable":true,"href":"https:\/\/consparigi.esteri.it\/fr\/wp-json\/wp\/v2\/pages\/239"}],"wp:attachment":[{"href":"https:\/\/consparigi.esteri.it\/fr\/wp-json\/wp\/v2\/media?parent=2668"}],"curies":[{"name":"wp","href":"https:\/\/api.w.org\/{rel}","templated":true}]}}