{"id":2710,"date":"2023-01-25T14:05:17","date_gmt":"2023-01-25T13:05:17","guid":{"rendered":"https:\/\/consparigi.esteri.it\/servizi-consolari-e-visti\/servizi-per-il-cittadino-italiano\/passaporti-e-carte-didentita\/documentazione-per-il-rilascio-del-passaporto-a-maggiorenni\/"},"modified":"2025-11-20T18:08:30","modified_gmt":"2025-11-20T17:08:30","slug":"documentazione-per-il-rilascio-del-passaporto-a-maggiorenni","status":"publish","type":"page","link":"https:\/\/consparigi.esteri.it\/fr\/servizi-consolari-e-visti\/servizi-per-il-cittadino-italiano\/passaporti-e-carte-didentita\/documentazione-per-il-rilascio-del-passaporto-a-maggiorenni\/","title":{"rendered":"D\u00e9livrance du passeport aux citoyens majeurs"},"content":{"rendered":"<p>Pour la d\u00e9livrance d\u2019un nouveau passeport aux citoyens italiens majeurs, il est n\u00e9cessaire de prendre un rendez-vous par la plateforme <a href=\"https:\/\/prenotami.esteri.it\/\">Prenot@mi<\/a>.<\/p>\n<p>Le jour du rendez-vous, merci de pr\u00e9senter <strong>EN VERSION PAPIER<\/strong> la documentation suivante:<\/p>\n<ul>\n<li><a href=\"https:\/\/consparigi.esteri.it\/wp-content\/uploads\/2025\/11\/Formulario-PASSAPORTO-MAGGIORENNI-con-ISTRUZIONI-Nov-2025.pdf\"><strong>Formulaire de demande<\/strong> de d\u00e9livrance de passeport<\/a> d\u00fbment rempli, dat\u00e9 et sign\u00e9;<\/li>\n<li><strong>Deux photographies <\/strong>r\u00e9centes, identiques, de face, en couleur, avec la bouche ferm\u00e9e, sur fond clair <a href=\"https:\/\/consparigi.esteri.it\/wp-content\/uploads\/2023\/02\/caratteristiche-foto.pdf\">(voir caract\u00e9ristiques<\/a>);<\/li>\n<li><strong>Document d\u2019identit\u00e9 original<\/strong>: passeport expir\u00e9 (ou expirant) et carte d\u2019identit\u00e9, si en possession, ou tout autre document \u00e9tranger;<\/li>\n<li><strong>Justificatif de domicile r\u00e9cent<\/strong> (<u>moins de 3 mois<\/u> \u2013 facture \u00e9lectricit\u00e9, gaz, t\u00e9l\u00e9phone, avis d\u2019imposition, attestation des droits s\u00e9curit\u00e9 sociale, etc.);<\/li>\n<li><strong>Re\u00e7u de virement bancaire ou postal de 116 Euro<\/strong><strong>, <\/strong>\u00e0 effectuer AU MOINS 5 JOURS OUVRES AVANT LA DATE PREVUE DU RENDEZ-VOUS.<\/li>\n<\/ul>\n<ul>\n<li><strong>Re\u00e7u du virement bancaire, <\/strong>\u00e0 effectuer AU MOINS 5 JOURS OUVRES AVANT LA DATE PREVUE DU RENDEZ-VOUS.<br \/>\n<strong>ATTENTION<\/strong> <strong><u>\u00c0 compter du 1er d\u00e9cembre 2025<\/u><\/strong><u>, le co\u00fbt de d\u00e9livrance du passeport est de <strong>116,20 \u20ac.<br \/>\n<\/strong><\/u>Coordonn\u00e9es du compte courant du Consulat G\u00e9n\u00e9ral d\u2019Italie \u00e0 Paris :<br \/>\n<strong>IBAN: FR76 3047 8000 0102 8019 3800 117 \u2013 BIC: MONTFRPPXXX<\/strong>:<\/p>\n<p>Indiquer dans le motif du virement : \u201cpasseport\u201d + nom et pr\u00e9nom du mineur.<\/li>\n<\/ul>\n<p>&nbsp;<\/p>\n<p>&nbsp;<\/p>\n<p><strong>AVERTISSEMENT <\/strong><\/p>\n<p>La d\u00e9livrance du passeport implique que l\u2019 <a href=\"https:\/\/consparigi.esteri.it\/it\/servizi-consolari-e-visti\/servizi-per-il-cittadino-italiano\/anagrafe-degli-italiani-residenti-allestero-aire\/\">inscription \u00e0 l&rsquo;AIRE<\/a> du demandeur ait \u00e9t\u00e9 effectu\u00e9e et mise \u00e0 jour. En effet, lors du rendez-vous, toutes les donn\u00e9es concernant le demandeur et son foyer seront v\u00e9rifi\u00e9es. Si n\u00e9cessaire, le Consulat pourra ainsi demander des justificatifs suppl\u00e9mentaires afin de r\u00e9gulariser la situation administrative du demandeur et\/ou des membres de sa famille.<\/p>\n<p>Le passeport ne sera d\u00e9livr\u00e9 le jour du rendez-vous <strong>que si la documentation pr\u00e9sent\u00e9e est compl\u00e8te<\/strong> et <strong>en l&rsquo;absence d\u2019entraves ou des conditions r\u00e9dhibitoires<\/strong> (signalements administratifs, etc.).<\/p>\n<p>&nbsp;<\/p>\n","protected":false},"excerpt":{"rendered":"Pour la d\u00e9livrance d\u2019un nouveau passeport aux citoyens italiens majeurs, il est n\u00e9cessaire de prendre un rendez-vous par la plateforme Prenot@mi. Le jour du rendez-vous, merci de pr\u00e9senter EN VERSION PAPIER la documentation suivante: Formulaire de demande de d\u00e9livrance de passeport d\u00fbment rempli, dat\u00e9 et sign\u00e9; Deux photographies r\u00e9centes, identiques, de face, en couleur, avec [&hellip;]","protected":false},"author":4,"featured_media":0,"parent":227,"menu_order":2,"comment_status":"closed","ping_status":"closed","template":"","meta":{"footnotes":""},"class_list":["post-2710","page","type-page","status-publish","hentry"],"_links":{"self":[{"href":"https:\/\/consparigi.esteri.it\/fr\/wp-json\/wp\/v2\/pages\/2710","targetHints":{"allow":["GET"]}}],"collection":[{"href":"https:\/\/consparigi.esteri.it\/fr\/wp-json\/wp\/v2\/pages"}],"about":[{"href":"https:\/\/consparigi.esteri.it\/fr\/wp-json\/wp\/v2\/types\/page"}],"author":[{"embeddable":true,"href":"https:\/\/consparigi.esteri.it\/fr\/wp-json\/wp\/v2\/users\/4"}],"replies":[{"embeddable":true,"href":"https:\/\/consparigi.esteri.it\/fr\/wp-json\/wp\/v2\/comments?post=2710"}],"version-history":[{"count":2,"href":"https:\/\/consparigi.esteri.it\/fr\/wp-json\/wp\/v2\/pages\/2710\/revisions"}],"predecessor-version":[{"id":6259,"href":"https:\/\/consparigi.esteri.it\/fr\/wp-json\/wp\/v2\/pages\/2710\/revisions\/6259"}],"up":[{"embeddable":true,"href":"https:\/\/consparigi.esteri.it\/fr\/wp-json\/wp\/v2\/pages\/227"}],"wp:attachment":[{"href":"https:\/\/consparigi.esteri.it\/fr\/wp-json\/wp\/v2\/media?parent=2710"}],"curies":[{"name":"wp","href":"https:\/\/api.w.org\/{rel}","templated":true}]}}