{"id":2714,"date":"2023-01-25T14:11:22","date_gmt":"2023-01-25T13:11:22","guid":{"rendered":"https:\/\/consparigi.esteri.it\/?page_id=2714"},"modified":"2025-11-20T18:13:51","modified_gmt":"2025-11-20T17:13:51","slug":"demande-de-passeport-pour-mineurs-de-12-a-17-ans","status":"publish","type":"page","link":"https:\/\/consparigi.esteri.it\/fr\/servizi-consolari-e-visti\/servizi-per-il-cittadino-italiano\/passaporti-e-carte-didentita\/demande-de-passeport-pour-mineurs-de-12-a-17-ans\/","title":{"rendered":"DEMANDE DE PASSEPORT POUR MINEURS DE 12 A 17 ANS"},"content":{"rendered":"<p>Pour demander un passeport pour un mineur <strong>d\u00fbment inscrit \u00e0 l&rsquo;<\/strong><a href=\"https:\/\/consparigi.esteri.it\/fr\/servizi-consolari-e-visti\/servizi-per-il-cittadino-italiano\/anagrafe-degli-italiani-residenti-allestero-aire\/\"><strong>AIRE<\/strong><\/a> <strong>et<\/strong><strong> \u00e2g\u00e9 de 12 \u00e0 17 ans<\/strong>, il est n\u00e9cessaire que :<\/p>\n<ul>\n<li>son acte de naissance soit <strong>transcrit en Italie<\/strong> ou du moins que <strong>la documentation n\u00e9cessaire <\/strong>pour l\u2019enregistrement de sa naissance ait \u00e9t\u00e9 pr\u00e9sent\u00e9e au Bureau de l\u2019\u00e9tat civil pour transmission ult\u00e9rieure \u00e0 la municipalit\u00e9.<\/li>\n<\/ul>\n<p>Pour de plus amples informations sur la transcription de la naissance des enfants n\u00e9s en France, veuillez consulter la <a href=\"https:\/\/consparigi.esteri.it\/fr\/servizi-consolari-e-visti\/servizi-per-il-cittadino-italiano\/stato-civile\/divorce-2\/\">section \u00c9tat Civil<\/a>.<\/p>\n<p>Pour la <strong>d\u00e9livrance<\/strong> de ce passeport, l\u2019un des parents doit prendre un rendez-vous au Consulat par le biais de la plateforme <a href=\"https:\/\/prenotami.esteri.it\/\"><strong>Prenot@mi<\/strong><\/a>. Dans le champ \u00ab Notes \u00bb, il est possible indiquer le nom du mineur<\/p>\n<p>Le jour du rendez-vous, <strong>le mineur doit \u00eatre pr\u00e9sent au Consulat<\/strong>, accompagn\u00e9 par au moins l\u2019un de ses parents. Au guichet, merci de pr\u00e9senter en <strong>FORMAT PAPIER<\/strong> la documentation suivante :<\/p>\n<ul>\n<li><a href=\"https:\/\/consparigi.esteri.it\/wp-content\/uploads\/2025\/11\/Formulario-PASSAPORTO-MINORENNI-con-ISTRUZIONI-Nov-2025.pdf\">DEMANDE DE DELIVRANCE DE PASSEPORT POUR MINEUR<\/a> d\u00fbment compl\u00e9t\u00e9e etsign\u00e9e par les deux parents,\n<p><em>ou, en alternative,<\/em><\/p>\n<p>sign\u00e9e par <u>LE SEUL PARENT<\/u> accompagnant le mineur, suivi d\u2019un <u>ACTE DE CONSENTEMENT<\/u> sign\u00e9 par l\u2019autre parent qui n\u2019est pas pr\u00e9sent au rendez-vous (voir la <a href=\"https:\/\/consparigi.esteri.it\/fr\/servizi-consolari-e-visti\/servizi-per-il-cittadino-italiano\/passaporti-e-carte-didentita\/declaration-de-consentement\/\">page d\u00e9di\u00e9e<\/a>) ;<\/li>\n<\/ul>\n<ul>\n<li><strong>Une photocopie des pi\u00e8ces d\u2019identit\u00e9<\/strong> <strong>des parents<\/strong> (page avec photographie et <u>signature, identique \u00e0 celle figurant sur le formulaire<\/u>).<\/li>\n<\/ul>\n<p>&nbsp;<\/p>\n<ul>\n<li><strong>Deux photographies du mineur<\/strong>, identiques, frontales, en couleur, avec la bouche ferm\u00e9e, sans lunettes et sur fond clair (voir<a href=\"https:\/\/consparigi.esteri.it\/wp-content\/uploads\/2023\/02\/caratteristiche-foto.pdf\"> caract\u00e9ristiques<\/a>) ;<\/li>\n<\/ul>\n<p>&nbsp;<\/p>\n<p>&nbsp;<\/p>\n<p><strong>ATTENTION<\/strong> : Si le mineur est d\u00e9pourvu de tout document d&rsquo;identification (nouveau-n\u00e9 ou premier document d&rsquo;identification), il faudra proc\u00e9der \u00e0 son identification en pr\u00e9sence de deux t\u00e9moins (en r\u00e8gle g\u00e9n\u00e9rale les deux parents), munis de leurs documents d&rsquo;identit\u00e9 originaux.<\/p>\n<p>&nbsp;<\/p>\n<ul>\n<li><strong>Original du passeport du mineur<\/strong> (en cours de validit\u00e9 ou p\u00e9rim\u00e9) et <strong>photocopie de la carte d\u2019identit\u00e9<\/strong>, s\u2019il en est en possession ;<\/li>\n<\/ul>\n<p>&nbsp;<\/p>\n<ul>\n<li><strong>Justificatif de domicile r\u00e9cent<\/strong> au nom d\u2019un ou des deux parents (tels qu\u2019une facture d&rsquo;\u00e9lectricit\u00e9, de gaz, de t\u00e9l\u00e9phone, avis d&rsquo;imposition, attestation des droits \u00e0 la s\u00e9curit\u00e9 sociale, etc.) ;<\/li>\n<\/ul>\n<p>&nbsp;<\/p>\n<ul>\n<li><strong>Re\u00e7u du virement bancaire &#8211; <\/strong><strong>ATTENTION<\/strong> <strong><u>\u00c0 compter du 1er d\u00e9cembre 2025<\/u><\/strong><u>, le co\u00fbt de d\u00e9livrance du passeport est de <strong>116,20 \u20ac.<br \/>\n<\/strong><\/u>Coordonn\u00e9es du compte courant du Consulat G\u00e9n\u00e9ral d\u2019Italie \u00e0 Paris :<br \/>\n<strong>IBAN: FR76 3047 8000 0102 8019 3800 117 \u2013 BIC: MONTFRPPXXX<\/strong>:<br \/>\nIndiquer dans le motif du virement : \u201cpasseport\u201d + nom et pr\u00e9nom du mineur.<\/li>\n<\/ul>\n<p><strong>\u00a0<\/strong><\/p>\n<p><strong>ATTENTION<\/strong> : <u>LES DEMANDES INCOMPL\u00c8TES OU ERRONNEES SERONT RENVOY\u00c9ES \u00c0 L&rsquo;EXP\u00c9DITEUR<\/u><\/p>\n<p><strong>AVERTISSEMENT<\/strong><\/p>\n<p>Lors du rendez-vous, toutes les donn\u00e9es concernant le mineur et son foyer seront v\u00e9rifi\u00e9es. \u00a0Si n\u00e9cessaire, le Consulat pourra ainsi demander des documents ou justificatifs suppl\u00e9mentaires afin de r\u00e9gulariser la situation administrative du demandeur et\/ou des membres de famille vivant avec lui.<\/p>\n<p>Le passeport ne sera d\u00e9livr\u00e9 le jour du rendez-vous <strong>que si la documentation pr\u00e9sent\u00e9e est compl\u00e8te<\/strong> et <strong>en l&rsquo;absence d\u2019entraves ou des conditions r\u00e9dhibitoires<\/strong> (signalements administratifs, etc.).<\/p>\n<p>&nbsp;<\/p>\n","protected":false},"excerpt":{"rendered":"Pour demander un passeport pour un mineur d\u00fbment inscrit \u00e0 l&rsquo;AIRE et \u00e2g\u00e9 de 12 \u00e0 17 ans, il est n\u00e9cessaire que : son acte de naissance soit transcrit en Italie ou du moins que la documentation n\u00e9cessaire pour l\u2019enregistrement de sa naissance ait \u00e9t\u00e9 pr\u00e9sent\u00e9e au Bureau de l\u2019\u00e9tat civil pour transmission ult\u00e9rieure \u00e0 [&hellip;]","protected":false},"author":9,"featured_media":0,"parent":227,"menu_order":6,"comment_status":"closed","ping_status":"closed","template":"","meta":{"footnotes":""},"class_list":["post-2714","page","type-page","status-publish","hentry"],"_links":{"self":[{"href":"https:\/\/consparigi.esteri.it\/fr\/wp-json\/wp\/v2\/pages\/2714","targetHints":{"allow":["GET"]}}],"collection":[{"href":"https:\/\/consparigi.esteri.it\/fr\/wp-json\/wp\/v2\/pages"}],"about":[{"href":"https:\/\/consparigi.esteri.it\/fr\/wp-json\/wp\/v2\/types\/page"}],"author":[{"embeddable":true,"href":"https:\/\/consparigi.esteri.it\/fr\/wp-json\/wp\/v2\/users\/9"}],"replies":[{"embeddable":true,"href":"https:\/\/consparigi.esteri.it\/fr\/wp-json\/wp\/v2\/comments?post=2714"}],"version-history":[{"count":3,"href":"https:\/\/consparigi.esteri.it\/fr\/wp-json\/wp\/v2\/pages\/2714\/revisions"}],"predecessor-version":[{"id":6265,"href":"https:\/\/consparigi.esteri.it\/fr\/wp-json\/wp\/v2\/pages\/2714\/revisions\/6265"}],"up":[{"embeddable":true,"href":"https:\/\/consparigi.esteri.it\/fr\/wp-json\/wp\/v2\/pages\/227"}],"wp:attachment":[{"href":"https:\/\/consparigi.esteri.it\/fr\/wp-json\/wp\/v2\/media?parent=2714"}],"curies":[{"name":"wp","href":"https:\/\/api.w.org\/{rel}","templated":true}]}}