{"id":2726,"date":"2023-01-26T10:44:29","date_gmt":"2023-01-26T09:44:29","guid":{"rendered":"https:\/\/consparigi.esteri.it\/?page_id=2726"},"modified":"2023-08-18T14:44:40","modified_gmt":"2023-08-18T12:44:40","slug":"permanence-consulaire-a-lille","status":"publish","type":"page","link":"https:\/\/consparigi.esteri.it\/fr\/chi-siamo\/la-rete-consolare\/permanence-consulaire-a-lille\/","title":{"rendered":"Permanence consulaire \u00e0 Lille"},"content":{"rendered":"<p>Les citoyens italiens r\u00e9sidant dans les d\u00e9partements de <strong>l&rsquo;Aisne <\/strong>(02), du <strong>Nord <\/strong>(59), du <strong>Pas-de-Calais<\/strong> (62) et <strong>de la Somme<\/strong> (80), \u00e2g\u00e9s de plus de 12 ans et r\u00e9guli\u00e8rement inscrits \u00e0 l&rsquo;AIRE, peuvent contacter la Permanence Consulaire de Lille pour toute d\u00e9marche concernant la d\u00e9livrance du passeport.<\/p>\n<p><strong>L&rsquo;acc\u00e8s sera autoris\u00e9 uniquement \u00e0 ceux qui ont pr\u00e9alablement pris rendez-vous en \u00e9crivant \u00e0<\/strong> <a href=\"mailto:lilla.parigi@esteri.it\">lilla.parigi@esteri.it<\/a><\/p>\n<p>Le rendez-vous se d\u00e9roule \u00e0 la Mairie de Lille \u2013 Quartier Centre, 10, rue Pierre Dupont, 59000 Lille \u2013 M\u00e9tro ligne 1 \u2013 arr\u00eat Rihour (<a href=\"https:\/\/www.google.fr\/maps\/place\/Rue+Pierre+Dupont,+59800+Lille,+Francia\/@50.6341647,3.0592909,17z\/data=!3m1!4b1!4m5!3m4!1s0x47c2d5860a0924e5:0xfa958dc885fd0e96!8m2!3d50.6341613!4d3.0614796\"><strong>Link a Google Maps 10, rue Pierre Dupont, 59000 Lille<\/strong><\/a>).<\/p>\n<p><strong>Merci de ne pas contacter la Mairie de Lille pour les demandes de rendez-vous.<\/strong><\/p>\n<p>Accueil t\u00e9l\u00e9phonique: uniquement le jour de la tourn\u00e9e consulaire, de 9h \u00e0 12h et de 13h30 \u00e0 16h \u00a0(T\u00e9l : 06 85 93 62 99)<\/p>\n<p>Pour plus de renseignements, veuillez contacter le Consulat G\u00e9n\u00e9ral d&rsquo;Italie \u00e0 Paris\u00a0 (t\u00e9l. 01 44 30 47 00 ou 01 44 30 47 40) ou consulter la page d\u00e9di\u00e9e aux services consulaires: <a href=\"https:\/\/consparigi.esteri.it\/it\/servizi-consolari-e-visti\/servizi-per-il-cittadino-italiano\/\">https:\/\/consparigi.esteri.it\/it\/servizi-consolari-e-visti\/servizi-per-il-cittadino-italiano\/<\/a><\/p>\n<p>&nbsp;<\/p>\n<p><strong>Quels documents fournir le jour du rendez-vous ?<\/strong><\/p>\n<p><strong>Demande de passeport pour majeurs<\/strong><\/p>\n<p>Pour une demande de passeport concernant les citoyens majeurs, veuillez consulter le lien suivant:<\/p>\n<p><a href=\"https:\/\/consparigi.esteri.it\/fr\/servizi-consolari-e-visti\/servizi-per-il-cittadino-italiano\/passaporti-e-carte-didentita\/documentazione-per-il-rilascio-del-passaporto-a-maggiorenni\/\">https:\/\/consparigi.esteri.it\/fr\/servizi-consolari-e-visti\/servizi-per-il-cittadino-italiano\/passaporti-e-carte-didentita\/documentazione-per-il-rilascio-del-passaporto-a-maggiorenni\/<\/a><\/p>\n<p><strong>Demande de passeport pour mineurs de 12 et 17 ans<\/strong><\/p>\n<p>Pour une demande de passeport concernant les mineurs \u00e2g\u00e9s de 12 \u00e0 17 ans, veuillez consulter le lien suivant:<\/p>\n<p><a href=\"https:\/\/consparigi.esteri.it\/fr\/servizi-consolari-e-visti\/servizi-per-il-cittadino-italiano\/passaporti-e-carte-didentita\/demande-de-passeport-pour-mineurs-de-12-a-17-ans\/\">https:\/\/consparigi.esteri.it\/fr\/servizi-consolari-e-visti\/servizi-per-il-cittadino-italiano\/passaporti-e-carte-didentita\/demande-de-passeport-pour-mineurs-de-12-a-17-ans\/<\/a><\/p>\n<p><strong>A savoir: l<\/strong><strong>a demande de passeport pour les mineurs de moins de 12 ans doit \u00eatre pr\u00e9sent\u00e9e <u>uniquement par courrier adress\u00e9e au Bureau des Passeports du Consulat General d\u2019Italie \u00e0 Paris.<\/u><\/strong> Dans ce cas, il <strong><u>n\u2019est pas n\u00e9cessaire de fixer un rendez-vous<\/u><\/strong>, \u00e9tant donn\u00e9 que la prise d\u2019empreinte n\u2019est pas requise pour les mineurs de 12 ans.<\/p>\n<p>Pour plus d&rsquo;informations, veuillez consulter le lien suivant:<\/p>\n<p><a href=\"https:\/\/consparigi.esteri.it\/fr\/servizi-consolari-e-visti\/servizi-per-il-cittadino-italiano\/passaporti-e-carte-didentita\/demande-de-passeport-pour-mineurs-de-0-a-12-ans-non-revolus\/\">https:\/\/consparigi.esteri.it\/fr\/servizi-consolari-e-visti\/servizi-per-il-cittadino-italiano\/passaporti-e-carte-didentita\/demande-de-passeport-pour-mineurs-de-0-a-12-ans-non-revolus\/<\/a>\u00a0<strong>En cas d&rsquo;urgence absolue et document\u00e9e<\/strong> (n\u00e9cessit\u00e9 de voyager pour des raisons familiales graves ou pour des raisons professionnelles motiv\u00e9es), les r\u00e9sidents de la circonscription consulaire sont invit\u00e9s \u00e0 contacter directement le <strong>Bureau des Passeports<\/strong> <strong>du Consulat G\u00e9n\u00e9ral d&rsquo;Italie \u00e0 Paris<\/strong> \u00e0 l\u2019adresse: passaporti.parigi@esteri.it<\/p>\n<p>&nbsp;<\/p>\n<p><strong>Pour toute information compl\u00e9mentaire<\/strong>, merci de contacter la Permanence consulaire de Lille \u00e0 l&rsquo;adresse\u00a0:\u00a0 <a href=\"mailto:lilla.parigi@esteri.it\">lilla.parigi@esteri.it<\/a><\/p>\n","protected":false},"excerpt":{"rendered":"Les citoyens italiens r\u00e9sidant dans les d\u00e9partements de l&rsquo;Aisne (02), du Nord (59), du Pas-de-Calais (62) et de la Somme (80), \u00e2g\u00e9s de plus de 12 ans et r\u00e9guli\u00e8rement inscrits \u00e0 l&rsquo;AIRE, peuvent contacter la Permanence Consulaire de Lille pour toute d\u00e9marche concernant la d\u00e9livrance du passeport. L&rsquo;acc\u00e8s sera autoris\u00e9 uniquement \u00e0 ceux qui ont [&hellip;]","protected":false},"author":9,"featured_media":0,"parent":104,"menu_order":4,"comment_status":"closed","ping_status":"closed","template":"","meta":{"footnotes":""},"class_list":["post-2726","page","type-page","status-publish","hentry"],"_links":{"self":[{"href":"https:\/\/consparigi.esteri.it\/fr\/wp-json\/wp\/v2\/pages\/2726","targetHints":{"allow":["GET"]}}],"collection":[{"href":"https:\/\/consparigi.esteri.it\/fr\/wp-json\/wp\/v2\/pages"}],"about":[{"href":"https:\/\/consparigi.esteri.it\/fr\/wp-json\/wp\/v2\/types\/page"}],"author":[{"embeddable":true,"href":"https:\/\/consparigi.esteri.it\/fr\/wp-json\/wp\/v2\/users\/9"}],"replies":[{"embeddable":true,"href":"https:\/\/consparigi.esteri.it\/fr\/wp-json\/wp\/v2\/comments?post=2726"}],"version-history":[{"count":0,"href":"https:\/\/consparigi.esteri.it\/fr\/wp-json\/wp\/v2\/pages\/2726\/revisions"}],"up":[{"embeddable":true,"href":"https:\/\/consparigi.esteri.it\/fr\/wp-json\/wp\/v2\/pages\/104"}],"wp:attachment":[{"href":"https:\/\/consparigi.esteri.it\/fr\/wp-json\/wp\/v2\/media?parent=2726"}],"curies":[{"name":"wp","href":"https:\/\/api.w.org\/{rel}","templated":true}]}}