{"id":2728,"date":"2023-01-26T10:40:16","date_gmt":"2023-01-26T09:40:16","guid":{"rendered":"https:\/\/consparigi.esteri.it\/?page_id=2728"},"modified":"2023-08-18T14:45:57","modified_gmt":"2023-08-18T12:45:57","slug":"permanence-consulaire-a-dijon","status":"publish","type":"page","link":"https:\/\/consparigi.esteri.it\/fr\/chi-siamo\/la-rete-consolare\/permanence-consulaire-a-dijon\/","title":{"rendered":"Permanence consulaire \u00e0 Dijon"},"content":{"rendered":"<p>Les citoyens italiens r\u00e9sidant dans les d\u00e9partements de <strong>la C\u00f4te d&rsquo;Or<\/strong> (21), du <strong>Doubs<\/strong> (25), du<strong> Jura<\/strong> (39), de la <strong>Haute Sa\u00f4ne<\/strong> (70) et de l&rsquo;<strong>Yonne<\/strong> (89), \u00e2g\u00e9s de plus de 12 ans et r\u00e9guli\u00e8rement inscrits \u00e0 l&rsquo;AIRE, peuvent contacter la Permanence Consulaire de Dijon pour toute d\u00e9marche concernant la d\u00e9livrance du passeport.<\/p>\n<p>La Permanence re\u00e7oit uniquement sur rendez-vous, \u00e0 r\u00e9server via le portail <a href=\"https:\/\/consparigi.esteri.it\/it\/chi-siamo\/gli-uffici\/informazioni-utili\/prenotmi\/\">Prenot@mi<\/a> en s\u00e9lectionnant la rubrique \u00ab\u00a0Services consulaires\/Permanence \u00e0 Dijon\u00a0\u00bb. Le rendez-vous se d\u00e9roule \u00e0 la Mairie de Dijon \u00e0 l&rsquo;adresse 11 Rue de L&rsquo;H\u00f4pital 21000 Dijon (link a Google Maps: <a href=\"https:\/\/goo.gl\/maps\/MM2RhZL2q1cbATvF7\">https:\/\/goo.gl\/maps\/MM2RhZL2q1cbATvF7<\/a>).<\/p>\n<p><strong>Merci de ne pas contacter la Mairie de Dijon pour les demandes de rendez-vous.<\/strong><\/p>\n<p>Pour tout autre type d&rsquo;information, veuillez contacter le Consulat G\u00e9n\u00e9ral d&rsquo;Italie \u00e0 Paris \u00a0(t\u00e9l. 01 4430 4700 ou 01 4430 4740) ou consulter la page d\u00e9di\u00e9e aux services consulaires: <a href=\"https:\/\/consparigi.esteri.it\/it\/servizi-consolari-e-visti\/servizi-per-il-cittadino-italiano\/\">https:\/\/consparigi.esteri.it\/it\/servizi-consolari-e-visti\/servizi-per-il-cittadino-italiano\/<\/a><\/p>\n<p>&nbsp;<\/p>\n<p><strong>Quels documents fournir le jour du rendez-vous ?<\/strong><\/p>\n<p><strong>Demande de passeport pour majeurs<\/strong><\/p>\n<p>Pour une demande de passeport concernant les citoyens majeurs, veuillez consulter le lien suivant:<\/p>\n<p><a href=\"https:\/\/consparigi.esteri.it\/fr\/servizi-consolari-e-visti\/servizi-per-il-cittadino-italiano\/passaporti-e-carte-didentita\/documentazione-per-il-rilascio-del-passaporto-a-maggiorenni\/\">https:\/\/consparigi.esteri.it\/fr\/servizi-consolari-e-visti\/servizi-per-il-cittadino-italiano\/passaporti-e-carte-didentita\/documentazione-per-il-rilascio-del-passaporto-a-maggiorenni\/<\/a><\/p>\n<p><strong>Demande de passeport pour mineurs de 12 et 17 ans<\/strong><\/p>\n<p>Pour une demande de passeport concernant les mineurs \u00e2g\u00e9s de 12 \u00e0 17 ans, veuillez consulter le lien suivant:<\/p>\n<p><a href=\"https:\/\/consparigi.esteri.it\/fr\/servizi-consolari-e-visti\/servizi-per-il-cittadino-italiano\/passaporti-e-carte-didentita\/demande-de-passeport-pour-mineurs-de-12-a-17-ans\/\">https:\/\/consparigi.esteri.it\/fr\/servizi-consolari-e-visti\/servizi-per-il-cittadino-italiano\/passaporti-e-carte-didentita\/demande-de-passeport-pour-mineurs-de-12-a-17-ans\/<\/a><\/p>\n<p><strong>A savoir: l<\/strong><strong>a demande de passeport pour les mineurs de moins de 12 ans doit \u00eatre pr\u00e9sent\u00e9e <u>uniquement par courrier adress\u00e9e au Bureau des Passeports du Consulat General d\u2019Italie \u00e0 Paris.<\/u><\/strong> Dans ce cas, il <strong><u>n\u2019est pas n\u00e9cessaire de fixer un rendez-vous<\/u><\/strong>, \u00e9tant donn\u00e9 que la prise d\u2019empreinte n\u2019est pas requise pour les mineurs de 12 ans.<\/p>\n<p>Pour plus d&rsquo;informations, veuillez consulter le lien suivant:<\/p>\n<p><a href=\"https:\/\/consparigi.esteri.it\/fr\/servizi-consolari-e-visti\/servizi-per-il-cittadino-italiano\/passaporti-e-carte-didentita\/demande-de-passeport-pour-mineurs-de-0-a-12-ans-non-revolus\/\">https:\/\/consparigi.esteri.it\/fr\/servizi-consolari-e-visti\/servizi-per-il-cittadino-italiano\/passaporti-e-carte-didentita\/demande-de-passeport-pour-mineurs-de-0-a-12-ans-non-revolus\/<\/a>\u00a0<strong>En cas d&rsquo;urgence absolue et document\u00e9e<\/strong> (n\u00e9cessit\u00e9 de voyager pour des raisons familiales graves ou pour des raisons professionnelles motiv\u00e9es), les r\u00e9sidents de la circonscription consulaire sont invit\u00e9s \u00e0 contacter directement le <strong>Bureau des Passeports du Consulat G\u00e9n\u00e9ral d&rsquo;Italie \u00e0 Paris<\/strong> \u00e0 l\u2019adresse: passaporti.parigi@esteri.it<\/p>\n<p>&nbsp;<\/p>\n<p><strong>Pour plus d\u2019information<\/strong>, vous pouvez contacter la Permanence consulaire de Dijon \u00e0 l&rsquo;adresse: \u00a0<a href=\"mailto:digione.parigi@esteri.it\">digione.parigi@esteri.it<\/a><\/p>\n","protected":false},"excerpt":{"rendered":"Les citoyens italiens r\u00e9sidant dans les d\u00e9partements de la C\u00f4te d&rsquo;Or (21), du Doubs (25), du Jura (39), de la Haute Sa\u00f4ne (70) et de l&rsquo;Yonne (89), \u00e2g\u00e9s de plus de 12 ans et r\u00e9guli\u00e8rement inscrits \u00e0 l&rsquo;AIRE, peuvent contacter la Permanence Consulaire de Dijon pour toute d\u00e9marche concernant la d\u00e9livrance du passeport. La Permanence [&hellip;]","protected":false},"author":9,"featured_media":0,"parent":104,"menu_order":2,"comment_status":"closed","ping_status":"closed","template":"","meta":{"footnotes":""},"class_list":["post-2728","page","type-page","status-publish","hentry"],"_links":{"self":[{"href":"https:\/\/consparigi.esteri.it\/fr\/wp-json\/wp\/v2\/pages\/2728","targetHints":{"allow":["GET"]}}],"collection":[{"href":"https:\/\/consparigi.esteri.it\/fr\/wp-json\/wp\/v2\/pages"}],"about":[{"href":"https:\/\/consparigi.esteri.it\/fr\/wp-json\/wp\/v2\/types\/page"}],"author":[{"embeddable":true,"href":"https:\/\/consparigi.esteri.it\/fr\/wp-json\/wp\/v2\/users\/9"}],"replies":[{"embeddable":true,"href":"https:\/\/consparigi.esteri.it\/fr\/wp-json\/wp\/v2\/comments?post=2728"}],"version-history":[{"count":0,"href":"https:\/\/consparigi.esteri.it\/fr\/wp-json\/wp\/v2\/pages\/2728\/revisions"}],"up":[{"embeddable":true,"href":"https:\/\/consparigi.esteri.it\/fr\/wp-json\/wp\/v2\/pages\/104"}],"wp:attachment":[{"href":"https:\/\/consparigi.esteri.it\/fr\/wp-json\/wp\/v2\/media?parent=2728"}],"curies":[{"name":"wp","href":"https:\/\/api.w.org\/{rel}","templated":true}]}}