{"id":35,"date":"2023-01-23T15:17:34","date_gmt":"2023-01-23T14:17:34","guid":{"rendered":"https:\/\/consparigi.esteri.it\/chi-siamo\/"},"modified":"2023-03-30T16:44:39","modified_gmt":"2023-03-30T14:44:39","slug":"chi-siamo","status":"publish","type":"page","link":"https:\/\/consparigi.esteri.it\/fr\/chi-siamo\/","title":{"rendered":"Qui sommes-nous"},"content":{"rendered":"<p><strong>Le Consulat G\u00e9n\u00e9ral<\/strong><\/p>\n<p><img decoding=\"async\" class=\"alignnone size-medium wp-image-50 img-fluid\" src=\"https:\/\/consparigi.esteri.it\/wp-content\/uploads\/2023\/01\/sedeParigi.jpg\" alt=\"sede Parigi\" width=\"448\" srcset=\"https:\/\/consparigi.esteri.it\/wp-content\/uploads\/2023\/01\/sedeParigi.jpg 448w, https:\/\/consparigi.esteri.it\/wp-content\/uploads\/2023\/01\/sedeParigi-300x225.jpg 300w\" sizes=\"(max-width: 448px) 100vw, 448px\" \/><\/p>\n<p>Veuillez consulter le menu \u00e0 votre droite pour les informations concernant nos services, nos contacts, les horaires d&rsquo;ouverture, ainsi que les num\u00e9ros d&rsquo;urgence.<\/p>\n","protected":false},"excerpt":{"rendered":"Le Consulat G\u00e9n\u00e9ral Veuillez consulter le menu \u00e0 votre droite pour les informations concernant nos services, nos contacts, les horaires d&rsquo;ouverture, ainsi que les num\u00e9ros d&rsquo;urgence.","protected":false},"author":1,"featured_media":0,"parent":0,"menu_order":1,"comment_status":"closed","ping_status":"closed","template":"","meta":{"footnotes":""},"class_list":["post-35","page","type-page","status-publish","hentry"],"_links":{"self":[{"href":"https:\/\/consparigi.esteri.it\/fr\/wp-json\/wp\/v2\/pages\/35","targetHints":{"allow":["GET"]}}],"collection":[{"href":"https:\/\/consparigi.esteri.it\/fr\/wp-json\/wp\/v2\/pages"}],"about":[{"href":"https:\/\/consparigi.esteri.it\/fr\/wp-json\/wp\/v2\/types\/page"}],"author":[{"embeddable":true,"href":"https:\/\/consparigi.esteri.it\/fr\/wp-json\/wp\/v2\/users\/1"}],"replies":[{"embeddable":true,"href":"https:\/\/consparigi.esteri.it\/fr\/wp-json\/wp\/v2\/comments?post=35"}],"version-history":[{"count":0,"href":"https:\/\/consparigi.esteri.it\/fr\/wp-json\/wp\/v2\/pages\/35\/revisions"}],"wp:attachment":[{"href":"https:\/\/consparigi.esteri.it\/fr\/wp-json\/wp\/v2\/media?parent=35"}],"curies":[{"name":"wp","href":"https:\/\/api.w.org\/{rel}","templated":true}]}}