{"id":3588,"date":"2023-02-03T14:41:24","date_gmt":"2023-02-03T13:41:24","guid":{"rendered":"https:\/\/consparigi.esteri.it\/?page_id=3588"},"modified":"2026-01-13T17:33:26","modified_gmt":"2026-01-13T16:33:26","slug":"declaration-de-valeur-des-titres-detudes-et-professionnels","status":"publish","type":"page","link":"https:\/\/consparigi.esteri.it\/fr\/servizi-consolari-e-visti\/servizi-per-il-cittadino-italiano\/declaration-de-valeur-des-titres-detudes-et-professionnels\/","title":{"rendered":"D\u00e9claration de valeur des titres d\u2019\u00e9tudes et professionnels"},"content":{"rendered":"<p>Les autorit\u00e9s diplomatiques et consulaires en France ne sont pas comp\u00e9tentes pour reconna\u00eetre les dipl\u00f4mes fran\u00e7ais. Elles peuvent toutefois d\u00e9livrer la D\u00e9claration de Valeur, un document \u00e0 caract\u00e8re informatif sur un titre ou une qualification professionnelle obtenu en France dans leur circonscription consulaire, que les \u00e9tablissements de formation et les administrations comp\u00e9tentes pour la reconnaissance des dipl\u00f4mes en Italie peuvent utiliser pour l&rsquo;\u00e9valuation des titres eux-m\u00eames.<\/p>\n<p>Pour demander la d\u00e9claration de valeur des dipl\u00f4mes, obtenus dans la <a href=\"https:\/\/consparigi.esteri.it\/fr\/chi-siamo\/la-rete-consolare\/\">circoscrizione consolare di Parigi<\/a>, il faut adresser \u00a0<strong>uniquement par courrier postal <\/strong>(5 Boulevard Emile Augier \u2013 75116 Paris) la documentation suivante:<\/p>\n<ul>\n<li><a href=\"https:\/\/consparigi.esteri.it\/wp-content\/uploads\/2025\/01\/modello_bilingue_richiesta_dv-nuovo_rivista.pdf\">Modulo<\/a> Demande de d\u00e9claration de valeur disponible sur le site internet de ce Consulat sous la rubrique : formulaires ;<\/li>\n<li>Copie certifi\u00e9e conforme \u00e0 l&rsquo;original de chaque dipl\u00f4me;<\/li>\n<li>Traduction en italien du dipl\u00f4me par un traducteur officiel asserment\u00e9 (en France, la liste des noms est disponible aupr\u00e8s des \u00ab\u00a0Mairies\u00a0\u00bb, en Italie, aupr\u00e8s du Tribunal local) ;<\/li>\n<li>Une enveloppe timbr\u00e9e (format A4 avec timbres x poids 100 g) \u00e0 l\u2019adresse du demandeur pour le retour de la documentation. Les timbres fran\u00e7ais peuvent \u00eatre achet\u00e9s directement EN LIGNE sur le site de la Poste en suivant le lien: <a href=\"https:\/\/www.laposte.fr\/mon-timbre-en-ligne\">https:\/\/www.laposte.fr\/mon-timbre-en-ligne<\/a><\/li>\n<li>Preuve du paiement bancaire effectu\u00e9 si l&rsquo;exon\u00e9ration n&rsquo;est pas accord\u00e9e. La d\u00e9claration de valeur est d\u00e9livr\u00e9e gratuitement aux citoyens italiens r\u00e9sidant \u00e0 l&rsquo;\u00e9tranger et aux \u00e9trangers uniquement si elle est demand\u00e9e pour des raisons av\u00e9r\u00e9es d&rsquo;\u00e9tudes (joindre le certificat d&rsquo;inscription ou de pr\u00e9inscription \u00e0 une universit\u00e9 ou \u00e0 une \u00e9cole italienne) et pour des raisons de s\u00e9curit\u00e9 sociale et d&rsquo;assistance. Pour tout autre usage (travail, concours, \u00e9quivalence, etc.), la d\u00e9livrance de la d\u00e9claration de valeur est soumise \u00e0 une taxe pour les citoyens italiens (m\u00eame s&rsquo;ils sont r\u00e9sidents) et pour les \u00e9trangers. La taxe s&rsquo;\u00e9l\u00e8ve \u00e0 50 euros pour chaque d\u00e9claration de valeur demand\u00e9e. Le paiement s&rsquo;effectue par virement bancaire sur le compte courant du Consulat g\u00e9n\u00e9ral, dont les coordonn\u00e9es sont les suivantes IBAN : FR76 3047 8000 0102 8019 3800 117 BIC : MONTFRPPXXX<\/li>\n<li>Le motif du virement doit indiquer pr\u00e9cis\u00e9ment : NOM et PR\u00c9NOM du DEMANDEUR suivi du mot \u00ab\u00a0DVV\u00a0\u00bb (par exemple : Mario Rossi DVV).<\/li>\n<\/ul>\n<p>Tous les renseignements concernant les \u00e9quivalences des dipl\u00f4mes \u00e9trangers en Italie et l\u2019acc\u00e8s professionnel dans le contexte europ\u00e9en sont fournis par le <a href=\"http:\/\/www.cimea.it\/\">Centro Informazione sulla Mobilit\u00e0 e le Equivalenze Accademiche (CIMEA)<\/a>. La cr\u00e9ation de ce centre correspond aux engagements pris par notre pays lors de la signature et de la ratification de la <strong>Convention de Lisbonne<\/strong> sur la reconnaissance des qualifications relatives \u00e0 l&rsquo;enseignement sup\u00e9rieur dans la r\u00e9gion europ\u00e9enne.<\/p>\n<p>En fonction du niveau de qualification et de l&rsquo;objectif de la reconnaissance (par exemple, poursuite des \u00e9tudes, acc\u00e8s aux concours publics, obtention du dipl\u00f4me italien correspondant, exercice de professions r\u00e9glement\u00e9es, etc.), il existe diff\u00e9rentes proc\u00e9dures et administrations responsables de la reconnaissance. Une vue d&rsquo;ensemble de ces proc\u00e9dures d\u2019\u00e9quivalence est disponible sur le site <a href=\"https:\/\/www.cimea.it\/pagina-procedure-riconoscimento-titoli\">https:\/\/www.cimea.it\/pagina-procedure-riconoscimento-titoli<\/a><\/p>\n<p>Pour plus d&rsquo;informations : studi.parigi@esteri.it<\/p>\n","protected":false},"excerpt":{"rendered":"Les autorit\u00e9s diplomatiques et consulaires en France ne sont pas comp\u00e9tentes pour reconna\u00eetre les dipl\u00f4mes fran\u00e7ais. Elles peuvent toutefois d\u00e9livrer la D\u00e9claration de Valeur, un document \u00e0 caract\u00e8re informatif sur un titre ou une qualification professionnelle obtenu en France dans leur circonscription consulaire, que les \u00e9tablissements de formation et les administrations comp\u00e9tentes pour la reconnaissance [&hellip;]","protected":false},"author":9,"featured_media":0,"parent":109,"menu_order":1,"comment_status":"closed","ping_status":"closed","template":"","meta":{"footnotes":""},"class_list":["post-3588","page","type-page","status-publish","hentry"],"_links":{"self":[{"href":"https:\/\/consparigi.esteri.it\/fr\/wp-json\/wp\/v2\/pages\/3588","targetHints":{"allow":["GET"]}}],"collection":[{"href":"https:\/\/consparigi.esteri.it\/fr\/wp-json\/wp\/v2\/pages"}],"about":[{"href":"https:\/\/consparigi.esteri.it\/fr\/wp-json\/wp\/v2\/types\/page"}],"author":[{"embeddable":true,"href":"https:\/\/consparigi.esteri.it\/fr\/wp-json\/wp\/v2\/users\/9"}],"replies":[{"embeddable":true,"href":"https:\/\/consparigi.esteri.it\/fr\/wp-json\/wp\/v2\/comments?post=3588"}],"version-history":[{"count":4,"href":"https:\/\/consparigi.esteri.it\/fr\/wp-json\/wp\/v2\/pages\/3588\/revisions"}],"predecessor-version":[{"id":6404,"href":"https:\/\/consparigi.esteri.it\/fr\/wp-json\/wp\/v2\/pages\/3588\/revisions\/6404"}],"up":[{"embeddable":true,"href":"https:\/\/consparigi.esteri.it\/fr\/wp-json\/wp\/v2\/pages\/109"}],"wp:attachment":[{"href":"https:\/\/consparigi.esteri.it\/fr\/wp-json\/wp\/v2\/media?parent=3588"}],"curies":[{"name":"wp","href":"https:\/\/api.w.org\/{rel}","templated":true}]}}