{"id":3819,"date":"2024-04-18T12:44:06","date_gmt":"2024-04-18T10:44:06","guid":{"rendered":"https:\/\/consparigi.esteri.it\/?page_id=3819"},"modified":"2025-06-09T12:11:51","modified_gmt":"2025-06-09T10:11:51","slug":"visa-etudiants-programmes-dechange-study-visa-exchange-program","status":"publish","type":"page","link":"https:\/\/consparigi.esteri.it\/fr\/servizi-consolari-e-visti\/servizi-per-il-cittadino-straniero\/visti\/visa-etudiants-programmes-dechange-study-visa-exchange-program\/","title":{"rendered":"Visa \u00e9tudiants \/ programmes d&rsquo;\u00e9change (Study visa\/exchange program)"},"content":{"rendered":"<h3>(English version below)<\/h3>\n<p><strong>Avant de demander le visa, l&rsquo;\u00e9tudiant doit effectuer la pr\u00e9-inscription obligatoire via le site Universitaly (www.universitaly.it).<\/strong> Si vous avez des questions sur les proc\u00e9dures, vous devez contacter directement l&rsquo;Universit\u00e9.<\/p>\n<p><strong>Lors de la phase de pr\u00e9-inscription, le site Universitaly permet d&rsquo;obtenir l&rsquo;attribution temporaire d&rsquo;un code fiscal (codice fiscale).<\/strong> \u00c0 l&rsquo;arriv\u00e9e en Italie, il sera possible de confirmer le code fiscal aupr\u00e8s de l&rsquo;Agence des Revenus (Agenzia delle Entrate).<\/p>\n<p>Ce n&rsquo;est qu&rsquo;apr\u00e8s avoir re\u00e7u la lettre d&rsquo;admission provisoire d&rsquo;Universitaly que l&rsquo;\u00e9tudiant peut proc\u00e9der \u00e0 la demande de visa en prenant rendez-vous via le syst\u00e8me de r\u00e9servation <a href=\"https:\/\/prenotami.esteri.it\/\">Prenot@mi<\/a> (<a href=\"https:\/\/prenotami.esteri.it\">https:\/\/prenotami.esteri.it<\/a>).<\/p>\n<h3>Comment demander un visa d&rsquo;\u00e9tudes\/d&rsquo;\u00e9change<\/h3>\n<p><strong>Le traitement des demandes de visa d&rsquo;\u00e9tudes de type D peut prendre jusqu&rsquo;\u00e0 90 jours.<\/strong> Par cons\u00e9quent, afin de rendre le processus aussi rapide que possible, il est conseill\u00e9 aux candidats de soumettre une candidature compl\u00e8te avec tous les documents n\u00e9cessaires. Une demande incompl\u00e8te peut \u00eatre rejet\u00e9e ou entra\u00eener des d\u00e9lais de traitement plus longs.<br \/>\nToutefois, les demandes doivent \u00eatre d\u00e9pos\u00e9es <strong>au moins 15 jours avant<\/strong> la date du voyage et au maximum 6 mois avant.<\/p>\n<p><strong>Le jour du rendez-vous, vous devrez fournir les documents suivants :<\/strong><\/p>\n<ol>\n<li><a href=\"https:\/\/consparigi.esteri.it\/it\/servizi-consolari-e-visti\/servizi-per-il-cittadino-straniero\/modulistica-per-cittadini-stranieri\/\">Formulaire de demande<\/a> d\u00fbment compl\u00e9t\u00e9 et sign\u00e9 ;<\/li>\n<li>Un passeport valide (et une copie) qui r\u00e9pond aux crit\u00e8res suivants :\n<ul>\n<li>la validit\u00e9 doit \u00eatre d&rsquo;au moins trois mois sup\u00e9rieure au visa demand\u00e9 ;<\/li>\n<li>doit contenir au moins deux pages vierges ;<\/li>\n<li>doit avoir \u00e9t\u00e9 d\u00e9livr\u00e9 au cours des 10 derni\u00e8res ann\u00e9es ;<\/li>\n<\/ul>\n<\/li>\n<li>Une photo couleur format passeport, fond blanc, dat\u00e9e de moins de 6 mois (<a href=\"https:\/\/consparigi.esteri.it\/wp-content\/uploads\/2023\/01\/specifiche_foto.pdf\">voir ici pour les caract\u00e9ristiques<\/a>) ;<\/li>\n<li>Copie d&rsquo;un titre de s\u00e9jour fran\u00e7ais valide ou d&rsquo;un visa D d\u00e9livr\u00e9 par la France avec le r\u00e9c\u00e9piss\u00e9 de validation en ligne ;<\/li>\n<li>Justificatif de domicile en France r\u00e9cent (par exemple facture d&rsquo;\u00e9lectricit\u00e9, gaz, fiches de paie, avis d&rsquo;imposition, attestation des droits de la securit\u00e9 sociale);<\/li>\n<li>Copie de tout visa Schengen ou de type \u00ab D \u00bb pr\u00e9c\u00e9dent ;<\/li>\n<li>Lettre de l&rsquo;\u00e9tablissement universitaire o\u00f9 se d\u00e9roule le programme d&rsquo;\u00e9change ;<\/li>\n<li>Le r\u00e9sum\u00e9 de la demande de pr\u00e9-inscription sur Universitaly (https:\/\/www.universitaly.it) tel que valid\u00e9 par l&rsquo;\u00e9tablissement d&rsquo;enseignement sup\u00e9rieur. <strong>Si l&rsquo;Universit\u00e9 ou l&rsquo;\u00c9tablissement d&rsquo;Enseignement Sup\u00e9rieur exige la pr\u00e9sentation (m\u00eame \u00e0 un stade ult\u00e9rieur) d&rsquo;une D\u00e9claration de Valeur ou d&rsquo;une autre attestation (par exemple l&rsquo;Attestation de comparabilit\u00e9 d\u00e9livr\u00e9e par le centre italien ENIC-NARIC CIMEA), celle-ci doit obligatoirement \u00eatre pr\u00e9sent\u00e9e au moment de la demande de visa ;<\/strong><\/li>\n<li>Si vous suivez un programme Erasmus+ ou Erasmus Mundus, en plus de la lettre d&rsquo;admission de l&rsquo;Universit\u00e9 italienne, vous devrez pr\u00e9senter une copie de la convention d&rsquo;\u00e9tudes (\u00ab Charte \u00bb ou \u00ab Learning Agreement \u00bb) d\u00fbment sign\u00e9e par toutes les parties ;<\/li>\n<li>Certificat de scolarit\u00e9 de l&rsquo;Universit\u00e9 fran\u00e7aise ;<\/li>\n<li>Une certification appropri\u00e9e attestant la connaissance de la langue dans laquelle le cours sera dispens\u00e9, d&rsquo;un niveau au moins \u00e9quivalent au <strong>B2<\/strong> du Cadre europ\u00e9en commun de r\u00e9f\u00e9rence pour les langues ;<\/li>\n<li>Preuve de possession de moyens de subsistance suffisants. Un minimum de 534,41 \u20ac par mois est requis pour l&rsquo;ann\u00e9e acad\u00e9mique (6.947,33 \u20ac par an). Veuillez noter que ce montant n&rsquo;inclut pas les d\u00e9penses mentionn\u00e9es au point 12, ainsi que les frais de scolarit\u00e9, qui doivent \u00eatre ajout\u00e9s au calcul des moyens de subsistance si non pay\u00e9s.<br \/>\nLe demandeur doit fournir :<\/p>\n<ul>\n<li>Les relev\u00e9s bancaires des trois derniers mois d&rsquo;un compte bancaire lui appartenant en France;<\/li>\n<li>Une lettre des parents attestant de leur engagement \u00e0 soutenir financi\u00e8rement l&rsquo;\u00e9tudiant, accompagn\u00e9e d&rsquo;une copie du passeport ou d&rsquo;une pi\u00e8ce d&rsquo;identit\u00e9 avec signature visible (uniquement si l&rsquo;\u00e9tudiant ne dispose pas de ressources propres). Les montants envoy\u00e9s par les parents doivent \u00eatre visibles sur le compte de l&rsquo;\u00e9tudiant;<\/li>\n<li>En compl\u00e9ment, le demandeur peut fournir un ou plusieurs des \u00e9l\u00e9ments suivants :\n<ul>\n<li>Les relev\u00e9s bancaires des 3 derniers mois d&rsquo;une carte de cr\u00e9dit internationale personnelle ou appartenant aux parents;<\/li>\n<li>Une preuve d&rsquo;autres ressources financi\u00e8res personnelles (par exemple : bourse d&rsquo;\u00e9tudes, autres garanties \u00e9conomiques personnelles ou fournies par des organismes ou citoyens italiens ou \u00e9trangers r\u00e9sidant r\u00e9guli\u00e8rement sur le territoire de l&rsquo;\u00c9tat, ou fournies par des institutions et organismes italiens de cr\u00e9dit reconnu, y compris les universit\u00e9s, par des gouvernements locaux, ou par des institutions et organismes \u00e9trangers consid\u00e9r\u00e9s comme fiables par la Repr\u00e9sentation diplomatique italienne);<\/li>\n<\/ul>\n<\/li>\n<\/ul>\n<\/li>\n<li>Billet de voyage aller-retour ou justificatif de la disponibilit\u00e9 des moyens financiers n\u00e9cessaires au rapatriement (\u00e0 ajouter \u00e0 ce qui est demand\u00e9 au point 12) ;<\/li>\n<li>Preuve d&rsquo;un logement ad\u00e9quat en Italie (contrat d&rsquo;h\u00e9bergement dans une r\u00e9sidence universitaire, contrat de location d&rsquo;appartement d\u00fbment enregistr\u00e9 ou r\u00e9servation d&rsquo;h\u00f4tel d&rsquo;au moins 30 jours). En cas d&rsquo;h\u00e9bergement chez un particulier, le propri\u00e9taire doit fournir une d\u00e9claration d&rsquo;hospitalit\u00e9 (<a href=\"https:\/\/consparigi.esteri.it\/it\/servizi-consolari-e-visti\/servizi-per-il-cittadino-straniero\/modulistica-per-cittadini-stranieri\/\">disponible ici<\/a>) accompagn\u00e9e d&rsquo;une copie d&rsquo;une pi\u00e8ce d&rsquo;identit\u00e9 avec signature visible ;<\/li>\n<li>Contrat d&rsquo;assurance souscrit en France ou aupr\u00e8s d&rsquo;une compagnie italienne couvrant la totalit\u00e9 du s\u00e9jour, qui comprend une couverture hospitali\u00e8re compl\u00e8te et illimit\u00e9e. Une liste d\u00e9taill\u00e9e des services garantis doit \u00eatre fournie ;<\/li>\n<li>Copie d&rsquo;une r\u00e9servation de voyage (vol\/train\/bus) ;<\/li>\n<li>Le co\u00fbt d&rsquo;un visa d&rsquo;\u00e9tudes de type \u00ab D \u00bb est de 50 \u20ac et n&rsquo;est pas remboursable, sauf en cas d&rsquo;irrecevabilit\u00e9 de la demande. Il sera possible de payer uniquement en esp\u00e8ces et avec le montant exact (la monnaie peut ne pas \u00eatre disponible) ;<\/li>\n<li>Il est possible d&rsquo;opter pour l&rsquo;envoi de votre passeport \u00e0 votre domicile en France. Dans ce cas il faudra pr\u00e9voir une enveloppe A5 timbr\u00e9e pour \u00ab Lettre recommand\u00e9e avec accus\u00e9 de r\u00e9ception R2, 100 g \u00bb .<\/li>\n<\/ol>\n<p>Le Consulat n&rsquo;est pas responsable de toute perte ou dommage r\u00e9sultant du transport.<\/p>\n<p>Si n\u00e9cessaire, le Consulat G\u00e9n\u00e9ral peut demander des documents suppl\u00e9mentaires et\/ou un entretien personnel. La pr\u00e9sentation de tous les documents requis ne garantit pas l&rsquo;obtention d&rsquo;un visa.<br \/>\nLes informations mentionn\u00e9es ci-dessus peuvent \u00eatre sujettes \u00e0 changement sans pr\u00e9avis. Aucune responsabilit\u00e9 n&rsquo;est accept\u00e9e pour les cons\u00e9quences de tels changements.<\/p>\n<p><strong>&#8212; English version &#8212;<\/strong><\/p>\n<h3>Study visa\/exchange program<\/h3>\n<p><strong>Before requesting the visa, the student must carry out the mandatory pre-registration via the Universitaly website (www.universitaly.it).<\/strong> If you have any questions about the procedures, you must contact the University directly.<\/p>\n<p><strong>During the pre-enrollment phase, the Universitaly website allows for the temporary assignment of a tax code (codice fiscale).<\/strong> Upon arrival in Italy, it will be possible to confirm the tax code through the Revenue Agency (Agenzia delle Entrate).<\/p>\n<p>Only after receiving the provisional admission letter from Universitaly, the student can proceed with the visa request by making an appointment via the Prenot@mi booking system (<a href=\"https:\/\/prenotami.esteri.it\">https:\/\/prenotami.esteri.it<\/a>).<\/p>\n<h3>How to apply for a study\/exchange visa<\/h3>\n<p>Processing applications for type D study visas can take up to 90 days. Therefore, in order to make the process as quick as possible, applicants are advised to submit an application complete with all necessary documents. An incomplete application may be rejected or result in longer processing times.<br \/>\nHowever, <strong>applications must be submitted at least 15 days before the travel date<\/strong> and a maximum of 6 months before.<\/p>\n<p>On the day of the appointment you will need to provide the following documents:<\/p>\n<ol>\n<li><a href=\"https:\/\/consparigi.esteri.it\/it\/servizi-consolari-e-visti\/servizi-per-il-cittadino-straniero\/modulistica-per-cittadini-stranieri\/\">Application form<\/a> duly completed and signed;<\/li>\n<li>A valid passport (and a copy) that meets the following criteria:\n<ul>\n<li>the validity must be at least three months longer than the visa requested;<\/li>\n<li>must contain at least two blank pages;<\/li>\n<li>must have been issued within the last 10 years;<\/li>\n<\/ul>\n<\/li>\n<li>A passport size color photo, white background, dated less than 6 months (see specifications);<\/li>\n<li>Copy of a valid French residence permit or D visa issued by France with the relevant \u00ab\u00a0validation en ligne\u00a0\u00bb receipt;<\/li>\n<li>Copy of any previous Schengen or \u00ab D \u00bb type visas;<\/li>\n<li>Up to date supporting evidence of French residence (for example electricity or heating bills, payslips, avis d&rsquo;imposition, attestation des droits de la securit\u00e9 sociale);<\/li>\n<li>Letter from the university institution where the exchange program takes place;<\/li>\n<li>The summary of the pre-enrolment application on Universitaly (https:\/\/www.universitaly.it) as validated by the Higher Education Institution. <strong>If the University or Higher Education Institution requires the submission (even at a later stage) of a Declaration of Value or another certification (such as the Statement of Comparability issued by the Italian ENIC-NARIC center CIMEA), the aforementioned Declaration\/Certification must be submitted at the time of the visa application;<\/strong><\/li>\n<li>If you are following an Erasmus+ or Erasmus Mundus programme, in addition to the admission letter from the Italian University, you will need to submit a copy of the study agreement (\u00ab Charte \u00bb or \u00ab Learning agreement \u00bb) duly signed by all parties;<\/li>\n<li>Certificat de scolarit\u00e9 of the French University;<\/li>\n<li>Proof of knowledge of the Italian language at a level no lower than B2 (only if the course of study is carried out in Italian);<\/li>\n<li>Proof of possession of sufficient means of subsistence. A minimum of \u20ac 534.41 per month is required for the academic year (\u20ac 6,947.33 per year). Please note that this figure does not include the expenses indicated in point 12, as well as the registration fees, which, if not paid, must be added to the calculation of the means of subsistence.<br \/>\nThe applicant must provide:<\/p>\n<ul>\n<li>Statements for the last 3 months relating to a current account;<\/li>\n<li>Letter from parents certifying their commitment to financially support the student, accompanied by a copy of the passport or an identity document with a visible signature (only if the student does not have his or her own means). The financial support sent must be visible on the student&rsquo;s account;<\/li>\n<li>In addition, the applicant may provide one or more of the following:\n<ul>\n<li>The last 3 months of personal or parent&rsquo;s international credit card statements;<\/li>\n<li>Proof of other personal financial resources (e.g. scholarship, other personal financial guarantees or those provided by Italian or foreign individuals or entities legally residing in the State&rsquo;s territory, or provided by Italian institutions and entities of recognized reliability, including universities, local governments, or foreign institutions and entities considered trustworthy by the Italian diplomatic mission);<\/li>\n<\/ul>\n<\/li>\n<\/ul>\n<\/li>\n<li>Return travel ticket or proof of the availability of the financial means necessary for repatriation (to be added to what is requested in point 12);<\/li>\n<li>Proof of adequate accommodation in Italy (accommodation contract in a university residence, duly registered apartment rental contract or hotel reservation of no less than 30 days). In case of accommodation with a private individual, the owner must provide a declaration of hospitality (<a href=\"https:\/\/consparigi.esteri.it\/wp-content\/uploads\/2023\/01\/Dichiarazione_ospitalita.pdf\">available here<\/a>) accompanied by a copy of an identity document with a visible signature;<\/li>\n<li>An insurance policy taken out in France or with an Italian company covering the entire stay, which includes complete and unlimited hospital coverage. A detailed list of guaranteed services must be provided;<\/li>\n<li>Copy of a travel reservation (flight\/train\/bus);<\/li>\n<li>The cost of a type \u00ab D \u00bb study visa is \u20ac50 and is non-refundable, except in cases of inadmissibility of the application. It will be possible to pay only in cash and with the exact amount (change may not be available);<\/li>\n<li>It is possible to opt to have your passport sent to your home in France. In this case it will be necessary to provide an A5 envelope with a stamp for \u00ab Registered letter with acknowledgment of receipt R2, 100 g \u00bb. The Consulate is not responsible for any loss or damage resulting from shipping.<\/li>\n<\/ol>\n<p>If necessary, the Consulate General may request additional documents and\/or a personal interview. Submission of all required documents does not guarantee obtaining a visa.<br \/>\nThe information mentioned above may be subject to change without notice. No responsibility is accepted for the consequences of such changes.<\/p>\n","protected":false},"excerpt":{"rendered":"(English version below) Avant de demander le visa, l&rsquo;\u00e9tudiant doit effectuer la pr\u00e9-inscription obligatoire via le site Universitaly (www.universitaly.it). Si vous avez des questions sur les proc\u00e9dures, vous devez contacter directement l&rsquo;Universit\u00e9. Lors de la phase de pr\u00e9-inscription, le site Universitaly permet d&rsquo;obtenir l&rsquo;attribution temporaire d&rsquo;un code fiscal (codice fiscale). \u00c0 l&rsquo;arriv\u00e9e en Italie, il [&hellip;]","protected":false},"author":7,"featured_media":0,"parent":239,"menu_order":2,"comment_status":"closed","ping_status":"closed","template":"","meta":{"footnotes":""},"class_list":["post-3819","page","type-page","status-publish","hentry"],"_links":{"self":[{"href":"https:\/\/consparigi.esteri.it\/fr\/wp-json\/wp\/v2\/pages\/3819","targetHints":{"allow":["GET"]}}],"collection":[{"href":"https:\/\/consparigi.esteri.it\/fr\/wp-json\/wp\/v2\/pages"}],"about":[{"href":"https:\/\/consparigi.esteri.it\/fr\/wp-json\/wp\/v2\/types\/page"}],"author":[{"embeddable":true,"href":"https:\/\/consparigi.esteri.it\/fr\/wp-json\/wp\/v2\/users\/7"}],"replies":[{"embeddable":true,"href":"https:\/\/consparigi.esteri.it\/fr\/wp-json\/wp\/v2\/comments?post=3819"}],"version-history":[{"count":6,"href":"https:\/\/consparigi.esteri.it\/fr\/wp-json\/wp\/v2\/pages\/3819\/revisions"}],"predecessor-version":[{"id":5607,"href":"https:\/\/consparigi.esteri.it\/fr\/wp-json\/wp\/v2\/pages\/3819\/revisions\/5607"}],"up":[{"embeddable":true,"href":"https:\/\/consparigi.esteri.it\/fr\/wp-json\/wp\/v2\/pages\/239"}],"wp:attachment":[{"href":"https:\/\/consparigi.esteri.it\/fr\/wp-json\/wp\/v2\/media?parent=3819"}],"curies":[{"name":"wp","href":"https:\/\/api.w.org\/{rel}","templated":true}]}}