{"id":4005,"date":"2024-04-24T17:11:08","date_gmt":"2024-04-24T15:11:08","guid":{"rendered":"https:\/\/consparigi.esteri.it\/?page_id=4005"},"modified":"2025-06-30T14:31:50","modified_gmt":"2025-06-30T12:31:50","slug":"visa-detudes-stage","status":"publish","type":"page","link":"https:\/\/consparigi.esteri.it\/fr\/servizi-consolari-e-visti\/servizi-per-il-cittadino-straniero\/visti\/visa-detudes-stage\/","title":{"rendered":"Visa d&rsquo;\u00e9tudes\/stage"},"content":{"rendered":"<p style=\"text-align: justify;\">Pour demander un visa, il est n\u00e9cessaire de prendre un rendez-vous via le syst\u00e8me de r\u00e9servation Prenot@mi (<a href=\"https:\/\/prenotami.esteri.it\">https:\/\/prenotami.esteri.it<\/a>).<\/p>\n<h3><\/h3>\n<h3 style=\"text-align: justify;\">Comment demander un visa d\u2019\u00e9tudes\/stage<\/h3>\n<p style=\"text-align: justify;\">Les demandes doivent \u00eatre soumises au moins 15 jours avant la date du voyage et au maximum 6 mois \u00e0 l&rsquo;avance.<\/p>\n<p style=\"text-align: justify;\">L\u2019examen des demandes de visa d\u2019\u00e9tudes de type D peut prendre jusqu\u2019\u00e0 90 jours.<br \/>\nPar cons\u00e9quent, afin de rendre la proc\u00e9dure aussi rapide que possible, les demandeurs sont invit\u00e9s \u00e0 soumettre un dossier complet avec tous les documents requis.<br \/>\nUne demande incompl\u00e8te pourrait \u00eatre refus\u00e9e ou entra\u00eener des d\u00e9lais de traitement plus longs.<\/p>\n<p style=\"text-align: justify;\">Le jour du rendez-vous, il sera n\u00e9cessaire de fournir les documents suivants :<\/p>\n<ol style=\"text-align: justify;\">\n<li><a href=\"https:\/\/consparigi.esteri.it\/it\/servizi-consolari-e-visti\/servizi-per-il-cittadino-straniero\/modulistica-per-cittadini-stranieri\/\">Formulaire de demande<\/a> d\u00fbment rempli et sign\u00e9 ;<\/li>\n<li>Un passeport valide r\u00e9pondant aux crit\u00e8res suivants :<\/li>\n<\/ol>\n<ul style=\"text-align: justify;\">\n<li>sa validit\u00e9 doit d\u00e9passer d\u2019au moins trois mois celle du visa demand\u00e9 ;<\/li>\n<li>il doit contenir au moins deux pages vierges ;<\/li>\n<li>il doit avoir \u00e9t\u00e9 d\u00e9livr\u00e9 au cours des dix derni\u00e8res ann\u00e9es ;<\/li>\n<\/ul>\n<ol style=\"text-align: justify;\" start=\"3\">\n<li>Une photo d\u2019identit\u00e9 couleur, format passeport, sur fond blanc, datant de moins de 6 mois (<a href=\"https:\/\/consparigi.esteri.it\/wp-content\/uploads\/2023\/01\/specifiche_foto.pdf\">voir les sp\u00e9cifications<\/a>) ;<\/li>\n<li>Copie d\u2019un titre de s\u00e9jour fran\u00e7ais valide ;<\/li>\n<li>Justificatif de domicile r\u00e9cent en France (par exemple facture d\u2019\u00e9lectricit\u00e9, de gaz, fiches de paie, avis d\u2019imposition, attestation des droits de la s\u00e9curit\u00e9 sociale) ;<\/li>\n<li>Copie d\u2019\u00e9ventuels pr\u00e9c\u00e9dents visas Schengen ou visas de type \u201cD\u201d ;<\/li>\n<li>En cas de stage curriculaire (art. 39bis du d\u00e9cret l\u00e9gislatif 286\/1998), effectu\u00e9 pendant la p\u00e9riode de formation universitaire ou professionnelle, il faudra fournir :<\/li>\n<\/ol>\n<ul style=\"text-align: justify;\">\n<li>une lettre de l\u2019universit\u00e9 ou d\u2019un centre de formation professionnelle agr\u00e9\u00e9 ou conventionn\u00e9 avec la R\u00e9gion ou la Province, indiquant le motif du s\u00e9jour et la dur\u00e9e exacte du stage ;<\/li>\n<li>une copie de la convention de stage entre l\u2019\u00e9tablissement d\u2019envoi, l\u2019organisme d\u2019accueil et l\u2019\u00e9tudiant, pr\u00e9cisant le programme, les conditions d\u2019accueil et de supervision du stage, les objectifs et la dur\u00e9e, les ressources mises \u00e0 disposition pour le s\u00e9jour et les frais de subsistance et d\u2019h\u00e9bergement, les frais de retour, ainsi que la souscription d\u2019une assurance maladie ;<\/li>\n<\/ul>\n<ol style=\"text-align: justify;\" start=\"8\">\n<li>En cas de stage de formation (dit \u00ab extracurriculaire \u00bb) visant \u00e0 compl\u00e9ter un parcours professionnel dans le cadre d\u2019un projet promu par les organismes identifi\u00e9s par la r\u00e9glementation r\u00e9gionale en mati\u00e8re de stages et d\u2019orientation, l\u2019\u00e9tudiant doit fournir :<\/li>\n<\/ol>\n<ul style=\"text-align: justify;\">\n<li>le projet de formation valid\u00e9 par l\u2019Assessorat comp\u00e9tent de la R\u00e9gion concern\u00e9e ; ce projet doit \u00eatre enregistr\u00e9 sur la plateforme PIT, permettant la v\u00e9rification de l\u2019approbation de la Province ou de la R\u00e9gion.<\/li>\n<\/ul>\n<ol style=\"text-align: justify;\" start=\"9\">\n<li>Preuve de moyens de subsistance suffisants : Le demandeur devra d\u00e9montrer qu\u2019il dispose de moyens de subsistance ad\u00e9quats, \u00e9valu\u00e9s selon la Directive du Minist\u00e8re de l\u2019Int\u00e9rieur du 1er mars 2000. L\u2019indemnit\u00e9 obligatoire pr\u00e9vue dans le projet de formation contribue \u00e9galement \u00e0 cette \u00e9valuation. \u00c0 cet effet, le demandeur devra fournir :\n<ol>\n<li>Les relev\u00e9s bancaires des 3 derniers mois d\u2019un compte courant \u00e0 son nom en France ;<\/li>\n<li>Si l\u2019\u00e9tudiant ne dispose pas de ressources propres, il devra fournir une lettre des parents attestant de leur engagement \u00e0 le soutenir financi\u00e8rement, accompagn\u00e9e d\u2019une copie de leur passeport ou d\u2019un document d\u2019identit\u00e9 avec signature visible, ainsi que de leurs relev\u00e9s bancaires des 3 derniers mois. Les montants transf\u00e9r\u00e9s devront \u00eatre visibles sur le compte de l\u2019\u00e9tudiant.<br \/>\nLes documents (y compris les relev\u00e9s bancaires) r\u00e9dig\u00e9s dans une langue autre que l\u2019italien, le fran\u00e7ais ou l\u2019anglais devront \u00eatre accompagn\u00e9s d\u2019une traduction officielle.<\/li>\n<\/ol>\n<\/li>\n<\/ol>\n<p style=\"text-align: justify;\">En compl\u00e9ment, le demandeur peut fournir un ou plusieurs des \u00e9l\u00e9ments suivants :<\/p>\n<ul style=\"text-align: justify;\">\n<li>Les relev\u00e9s bancaires des 3 derniers mois d\u2019une carte de cr\u00e9dit internationale personnelle ou de ses parents ;<\/li>\n<li>Une preuve d\u2019autres ressources financi\u00e8res personnelles (par exemple : bourse d\u2019\u00e9tudes, autres garanties \u00e9conomiques personnelles ou fournies par des organismes ou des citoyens italiens ou \u00e9trangers r\u00e9sidant r\u00e9guli\u00e8rement sur le territoire de l\u2019\u00c9tat, ou garanties par des institutions ou organismes italiens reconnus, y compris les universit\u00e9s, par des gouvernements locaux, ou par des institutions \u00e9trang\u00e8res jug\u00e9es fiables par la Repr\u00e9sentation diplomatique italienne) ;<\/li>\n<\/ul>\n<ol style=\"text-align: justify;\" start=\"10\">\n<li>\u00c0 ces ressources doivent s\u2019ajouter les fonds n\u00e9cessaires \u00e0 l\u2019achat du billet de retour ou une r\u00e9servation correspondante ;<\/li>\n<li>Preuve d\u2019un logement ad\u00e9quat en Italie, \u00e0 fournir par la pr\u00e9sentation de l\u2019un des documents suivants\u00a0:<\/li>\n<\/ol>\n<ul style=\"text-align: justify;\">\n<li>contrat de logement en r\u00e9sidence universitaire ;<\/li>\n<li>contrat de location d\u2019un appartement d\u00fbment enregistr\u00e9 ;<\/li>\n<li>r\u00e9servation d\u2019h\u00f4tel pour la premi\u00e8re p\u00e9riode du s\u00e9jour ;<\/li>\n<li>d\u00e9claration d\u2019h\u00e9bergement (disponible ici) d\u2019un citoyen priv\u00e9 accompagn\u00e9e d\u2019une copie d\u2019une pi\u00e8ce d\u2019identit\u00e9 avec signature visible ;<\/li>\n<\/ul>\n<ol style=\"text-align: justify;\" start=\"12\">\n<li>Police d\u2019assurance souscrite en France ou aupr\u00e8s d\u2019une compagnie italienne couvrant l\u2019int\u00e9gralit\u00e9 du s\u00e9jour, comprenant une couverture hospitali\u00e8re compl\u00e8te et illimit\u00e9e. Une liste d\u00e9taill\u00e9e des prestations garanties doit \u00eatre fournie ;<\/li>\n<li>Copie de la r\u00e9servation du voyage (vol\/train\/bus) ;<\/li>\n<li>Le co\u00fbt d\u2019un visa d\u2019\u00e9tudes de type \u201cD\u201d est de 50 \u20ac et n\u2019est pas remboursable, sauf en cas d\u2019irrecevabilit\u00e9 de la demande. Le paiement devra \u00eatre effectu\u00e9 uniquement en esp\u00e8ces et avec le montant exact (aucun rendu de monnaie ne sera possible) ;<\/li>\n<li>Il est possible de demander l\u2019envoi du passeport \u00e0 son domicile en France. Dans ce cas, il faudra fournir une enveloppe format A5 affranchie au tarif \u201cLettre recommand\u00e9e avec avis de r\u00e9ception R2, 100 g\u201d. Le Consulat d\u00e9cline toute responsabilit\u00e9 en cas de perte ou de dommage pendant l\u2019envoi.<\/li>\n<\/ol>\n<p style=\"text-align: justify;\">Si n\u00e9cessaire, le Consulat G\u00e9n\u00e9ral pourra demander des documents suppl\u00e9mentaires et\/ou convoquer le demandeur \u00e0 un entretien.<br \/>\nLa pr\u00e9sentation de tous les documents requis ne garantit pas l\u2019obtention d\u2019un visa.<br \/>\nLes informations ci-dessus sont susceptibles d\u2019\u00eatre modifi\u00e9es sans pr\u00e9avis. Aucune responsabilit\u00e9 ne sera accept\u00e9e pour les cons\u00e9quences de telles modifications.<\/p>\n","protected":false},"excerpt":{"rendered":"Pour demander un visa, il est n\u00e9cessaire de prendre un rendez-vous via le syst\u00e8me de r\u00e9servation Prenot@mi (https:\/\/prenotami.esteri.it). Comment demander un visa d\u2019\u00e9tudes\/stage Les demandes doivent \u00eatre soumises au moins 15 jours avant la date du voyage et au maximum 6 mois \u00e0 l&rsquo;avance. L\u2019examen des demandes de visa d\u2019\u00e9tudes de type D peut prendre [&hellip;]","protected":false},"author":7,"featured_media":0,"parent":239,"menu_order":3,"comment_status":"closed","ping_status":"closed","template":"","meta":{"footnotes":""},"class_list":["post-4005","page","type-page","status-publish","hentry"],"_links":{"self":[{"href":"https:\/\/consparigi.esteri.it\/fr\/wp-json\/wp\/v2\/pages\/4005","targetHints":{"allow":["GET"]}}],"collection":[{"href":"https:\/\/consparigi.esteri.it\/fr\/wp-json\/wp\/v2\/pages"}],"about":[{"href":"https:\/\/consparigi.esteri.it\/fr\/wp-json\/wp\/v2\/types\/page"}],"author":[{"embeddable":true,"href":"https:\/\/consparigi.esteri.it\/fr\/wp-json\/wp\/v2\/users\/7"}],"replies":[{"embeddable":true,"href":"https:\/\/consparigi.esteri.it\/fr\/wp-json\/wp\/v2\/comments?post=4005"}],"version-history":[{"count":5,"href":"https:\/\/consparigi.esteri.it\/fr\/wp-json\/wp\/v2\/pages\/4005\/revisions"}],"predecessor-version":[{"id":5679,"href":"https:\/\/consparigi.esteri.it\/fr\/wp-json\/wp\/v2\/pages\/4005\/revisions\/5679"}],"up":[{"embeddable":true,"href":"https:\/\/consparigi.esteri.it\/fr\/wp-json\/wp\/v2\/pages\/239"}],"wp:attachment":[{"href":"https:\/\/consparigi.esteri.it\/fr\/wp-json\/wp\/v2\/media?parent=4005"}],"curies":[{"name":"wp","href":"https:\/\/api.w.org\/{rel}","templated":true}]}}