{"id":5038,"date":"2024-01-25T14:53:56","date_gmt":"2024-01-25T13:53:56","guid":{"rendered":"https:\/\/consparigi.esteri.it\/?page_id=5038"},"modified":"2025-02-27T14:38:59","modified_gmt":"2025-02-27T13:38:59","slug":"demande-au-juge-des-tutelles-pour-la-delivrance-des-documents-de-voyage","status":"publish","type":"page","link":"https:\/\/consparigi.esteri.it\/fr\/servizi-consolari-e-visti\/servizi-per-il-cittadino-italiano\/demande-au-juge-des-tutelles-pour-la-delivrance-des-documents-de-voyage\/","title":{"rendered":"Demande au Juge des Tutelles pour la d\u00e9livrance des documents de voyage"},"content":{"rendered":"<p><strong>EN CAS D&rsquo;IMPOSSIBILIT\u00c9 D&rsquo;OBTENIR L&rsquo;ACCORD DE L&rsquo;AUTRE PARENT<\/strong><strong> :<\/strong><\/p>\n<p>Il est possible de soumettre une demande au Consul G\u00e9n\u00e9ral en tant que <strong>Juge des Tutelles<\/strong> (article 3 de la L. 1185\/1967) pour la d\u00e9livrance de documents de voyage \u00e0 des mineurs de <strong>nationalit\u00e9 italienne <\/strong>inscrits \u00e0 l<a href=\"https:\/\/consparigi.esteri.it\/fr\/servizi-consolari-e-visti\/servizi-per-il-cittadino-italiano\/anagrafe-degli-italiani-residenti-allestero-aire\/\">\u2019AIRE<\/a> et ayant une <strong>r\u00e9sidence effective dans la circonscription consulaire du Consulat G\u00e9n\u00e9ral d\u2019Italie \u00e0 Paris.<\/strong><\/p>\n<p><strong>PROC\u00c9DURE DE DEMANDE AU JUGE DES TUTELLES<\/strong><strong> :<\/strong><\/p>\n<ol>\n<li><strong>L&rsquo;int\u00e9ress\u00e9 doit soumettre une demande formelle au Juge des Tutelles, moyennant le paiement de la taxe consulaire de 11,00 <\/strong><strong>\u20ac, suite \u00e0 laquelle le bureau tentera \u00e9ventuellement d&rsquo;aboutir \u00e0 une conciliation pr\u00e9alable entre les parties. Si aucun accord n&rsquo;est atteint, le bureau fixera l&rsquo;audition des parties par d\u00e9cret consulaire.<\/strong><\/li>\n<li><strong>Notification du d\u00e9cret fixant l&rsquo;audition \u00e0 l&rsquo;autre parent dans les d\u00e9lais fix\u00e9s par le Juge des Tutelles. La notification est \u00e0 la charge du demandeur. Ce bureau proc\u00e9dera \u00e0 la v\u00e9rification de l&rsquo;ach\u00e8vement du processus de notification.<\/strong><\/li>\n<li><strong>Une fois la phase d&rsquo;instruction termin\u00e9e et les parties entendues, le Juge des Tutelles d\u00e9cidera d&rsquo;autoriser ou non la d\u00e9livrance du passeport par d\u00e9cret consulaire. <\/strong><strong>Le d\u00e9cret sera notifi\u00e9 aux deux parties concern\u00e9es.<\/strong><\/li>\n<li><strong>Efficacit\u00e9 : le d\u00e9cret prend effet apr\u00e8s l&rsquo;expiration du d\u00e9lai de recours sans qu&rsquo;un recours n&rsquo;ait \u00e9t\u00e9 introduit, sauf en cas d&rsquo;efficacit\u00e9 imm\u00e9diate ordonn\u00e9e pour des raisons d&rsquo;urgence (ex. article 741 du Code de proc\u00e9dure civile).<\/strong><\/li>\n<\/ol>\n<p><strong>\u00a0<\/strong><\/p>\n<p><strong>DOCUMENTS \u00c0 FOURNIR POUR LA DEMANDE AU JUGE DES TUTELLES :<\/strong><\/p>\n<ul>\n<li><strong>Formulaire de <\/strong><a href=\"https:\/\/consparigi.esteri.it\/wp-content\/uploads\/2025\/02\/Istanza-GIudice-Tutelare.pdf\">demande sp\u00e9cifique<\/a><strong> ;<\/strong><\/li>\n<li><strong>Copie des pi\u00e8ces d&rsquo;identit\u00e9 (passeport, carte d&rsquo;identit\u00e9) du demandeur et des mineurs ;<\/strong><\/li>\n<li><strong>Si les mineurs poss\u00e8dent d&rsquo;autres nationalit\u00e9s : joindre une copie du passeport \u00e8tranger ;<\/strong><\/li>\n<li><strong>Copie de l&rsquo;ordonnance ou du proc\u00e8s-verbal de s\u00e9paration ou du jugement de divorce, le cas \u00e9ch\u00e9ant ;<\/strong><strong><br \/>\n<\/strong><strong>NOTEZ BIEN<\/strong><strong> : si ce n\u2019est pas d\u00e9j\u00e0 transmis, joindre le certificat pr\u00e9vu par le r\u00e8glement UE applicable (voir la <\/strong><a href=\"https:\/\/consparigi.esteri.it\/fr\/servizi-consolari-e-visti\/servizi-per-il-cittadino-italiano\/stato-civile\/divorce-2\/\">page d\u00e9di\u00e9e<\/a><strong>) ;<\/strong><\/li>\n<li><strong>En cas de parent non mari\u00e9 : ordonnance de garde des mineurs ;<\/strong><\/li>\n<li><strong>\u00c9tat civil ;<\/strong><\/li>\n<li><strong>Certificat de derni\u00e8re r\u00e9sidence de l&rsquo;autre parent ;<\/strong><\/li>\n<li><strong>Si l&rsquo;autre parent est introuvable, a une nationalit\u00e9 \u00e9trang\u00e8re ou r\u00e9side \u00e0 l&rsquo;\u00e9tranger : D\u00e9claration sur l&rsquo;honneur attestant de l&rsquo;irr\u00e9peribilit\u00e9 ou de la r\u00e9sidence \u00e0 l&rsquo;\u00e9tranger de la partie concern\u00e9e.<\/strong><\/li>\n<\/ul>\n<p><strong>\u00a0<\/strong><\/p>\n<p><strong>LA DEMANDE AU JUGE DES TUTELLES REQUIERT DES D\u00c9LAIS DE TRAITEMENT PLUS LONGS<\/strong><\/p>\n","protected":false},"excerpt":{"rendered":"EN CAS D&rsquo;IMPOSSIBILIT\u00c9 D&rsquo;OBTENIR L&rsquo;ACCORD DE L&rsquo;AUTRE PARENT : Il est possible de soumettre une demande au Consul G\u00e9n\u00e9ral en tant que Juge des Tutelles (article 3 de la L. 1185\/1967) pour la d\u00e9livrance de documents de voyage \u00e0 des mineurs de nationalit\u00e9 italienne inscrits \u00e0 l\u2019AIRE et ayant une r\u00e9sidence effective dans la circonscription [&hellip;]","protected":false},"author":9,"featured_media":0,"parent":109,"menu_order":2,"comment_status":"closed","ping_status":"closed","template":"","meta":{"footnotes":""},"class_list":["post-5038","page","type-page","status-publish","hentry"],"_links":{"self":[{"href":"https:\/\/consparigi.esteri.it\/fr\/wp-json\/wp\/v2\/pages\/5038","targetHints":{"allow":["GET"]}}],"collection":[{"href":"https:\/\/consparigi.esteri.it\/fr\/wp-json\/wp\/v2\/pages"}],"about":[{"href":"https:\/\/consparigi.esteri.it\/fr\/wp-json\/wp\/v2\/types\/page"}],"author":[{"embeddable":true,"href":"https:\/\/consparigi.esteri.it\/fr\/wp-json\/wp\/v2\/users\/9"}],"replies":[{"embeddable":true,"href":"https:\/\/consparigi.esteri.it\/fr\/wp-json\/wp\/v2\/comments?post=5038"}],"version-history":[{"count":1,"href":"https:\/\/consparigi.esteri.it\/fr\/wp-json\/wp\/v2\/pages\/5038\/revisions"}],"predecessor-version":[{"id":5041,"href":"https:\/\/consparigi.esteri.it\/fr\/wp-json\/wp\/v2\/pages\/5038\/revisions\/5041"}],"up":[{"embeddable":true,"href":"https:\/\/consparigi.esteri.it\/fr\/wp-json\/wp\/v2\/pages\/109"}],"wp:attachment":[{"href":"https:\/\/consparigi.esteri.it\/fr\/wp-json\/wp\/v2\/media?parent=5038"}],"curies":[{"name":"wp","href":"https:\/\/api.w.org\/{rel}","templated":true}]}}