{"id":5558,"date":"2025-07-07T11:37:27","date_gmt":"2025-07-07T09:37:27","guid":{"rendered":"https:\/\/consparigi.esteri.it\/?page_id=5558"},"modified":"2026-03-11T16:27:57","modified_gmt":"2026-03-11T15:27:57","slug":"declaration-dacquisition-de-la-nationalite-italienne-pour-les-mineurs-etrangers-enfants-de-citoyen-italien-par-naissance-jure-sanguinis","status":"publish","type":"page","link":"https:\/\/consparigi.esteri.it\/fr\/servizi-consolari-e-visti\/servizi-per-il-cittadino-italiano\/stato-civile\/naissance-2\/declaration-dacquisition-de-la-nationalite-italienne-pour-les-mineurs-etrangers-enfants-de-citoyen-italien-par-naissance-jure-sanguinis\/","title":{"rendered":"Acquisition de la nationalit\u00e9 par \u00ab b\u00e9n\u00e9fice de loi \u00bb (enfants mineurs n\u00e9s \u00e0 l&rsquo;\u00e9tranger)"},"content":{"rendered":"<p><strong>ATTENTION\u00a0:\u00a0<\/strong>Cette proc\u00e9dure est r\u00e9serv\u00e9e\u00a0<strong>exclusivement aux enfants qui ne rel\u00e8vent pas des m\u00e9canismes automatiques de transmission de la nationalit\u00e9\u00a0<\/strong>indiqu\u00e9s \u00e0 la\u00a0<a href=\"https:\/\/consparigi.esteri.it\/fr\/servizi-consolari-e-visti\/servizi-per-il-cittadino-italiano\/stato-civile\/naissance-2\/\">page Naissance<\/a>\u00a0du site web, <strong>dont au moins un parent est\u00a0<u>citoyen italien par droit du sang<\/u>\u00a0(jure sanguinis).\u00a0<\/strong><\/p>\n<p>Cette proc\u00e9dure<strong> <u>n\u2019est pas admise<\/u> <\/strong>pour les enfants de citoyens italiens<strong> ayant <u>acquis la nationalit\u00e9<\/u> par\u00a0:<\/strong><\/p>\n<ul>\n<li><strong>Naturalisation<\/strong> (art. 9 de la Loi n. 91\/1992)<\/li>\n<li><strong>B\u00e9n\u00e9fice de loi <\/strong>(art. 4 de la Loi n. 91\/1992)<\/li>\n<li><strong>Mariage<\/strong> (art. 5 de la Loi n. 91\/1992 ou art. 10 de la Loi n. 555\/1912)<\/li>\n<li><strong>R\u00e9sidence des mineurs avec un parent qui a acquis la nationalit\u00e9 italienne <\/strong>(art. 14 de la Loi n. 91\/1992)<\/li>\n<\/ul>\n<p>S\u2019agissant d\u2019une\u00a0<strong>acquisition de nationalit\u00e9 par b\u00e9n\u00e9fice de loi<\/strong>, le mineur ne sera pas citoyen italien par filiation ou <em>jure\u00a0<\/em>sanguinis et ne sera donc pas en possession de la nationalit\u00e9 italienne \u00e0 compter du jour de sa naissance mais \u00e0 compter du <strong>jour suivant celui o\u00f9 les conditions requises par la loi se sont produites<\/strong>. Une fois majeur, l\u2019int\u00e9ress\u00e9 peut renoncer \u00e0 la nationalit\u00e9 italienne acquise \u00ab\u00a0au b\u00e9n\u00e9fice de la loi\u00a0\u00bb, \u00e0 condition que cela n\u2019entra\u00eene pas l\u2019apatridie.<\/p>\n<p><strong>\u00a0<\/strong><\/p>\n<p><strong>CONDITIONS\u00a0:<\/strong><\/p>\n<ul>\n<li><strong>un des parents est citoyen italien <u>par droit du sang (<\/u><\/strong><em><strong>jure sanguinis<\/strong><\/em><strong><u>)<\/u><\/strong><\/li>\n<\/ul>\n<p>Ne sont donc pas concern\u00e9s par cette proc\u00e9dure les enfants de citoyens italiens par naturalisation (art.9 de la Loi 91\/1992), par b\u00e9n\u00e9fice de loi (art.4 de la Loi 91\/1992), par mariage (art.5 de la Loi 91\/1992 ou art.10 de la Loi 555\/1912) ou par r\u00e9sidence des mineurs avec un parent qui a acquis la nationalit\u00e9 italienne (art.14 de la Loi 91\/1992).<\/p>\n<ul>\n<li><strong><u>les deux parents<\/u><\/strong> (y compris le parent \u00e9tranger) pr\u00e9sentent une <strong>d\u00e9claration de volont\u00e9 d&rsquo;acquisition de la nationalit\u00e9 <u>dans les 3 ans suivant la naissance de l&rsquo;enfant<\/u><\/strong> (ou \u00e0 compter de la date ult\u00e9rieure \u00e0 laquelle la filiation d&rsquo;un citoyen italien est \u00e9tablie ou \u00e0 laquelle l&rsquo;adoption par un citoyen italien est d\u00e9cid\u00e9e pendant la minorit\u00e9 de l&rsquo;enfant). Si la filiation est reconnue \u00e0 des moments diff\u00e9rents par les deux parents qui sont citoyens italiens par droit du sang, le d\u00e9lai de 3 ans sera calcul\u00e9 \u00e0 compter de la premi\u00e8re reconnaissance (car la premi\u00e8re reconnaissance entra\u00eene d\u00e9j\u00e0 la transmission de la nationalit\u00e9). En revanche, si la reconnaissance par un parent \u00e9tranger (ou un citoyen italien non par droit du sang mais \u00e0 un autre titre) intervient en premier, le d\u00e9lai de 3 ans sera calcul\u00e9 \u00e0 partir de la reconnaissance par le deuxi\u00e8me parent qui est citoyen italien par droit du sang.<\/li>\n<\/ul>\n<p>&nbsp;<\/p>\n<p><strong>La d\u00e9claration d\u2019acquisition se souscrit personnellement au Consulat sur rendez-vous demand\u00e9 par courriel \u00e0 <\/strong><a href=\"mailto:cittadinanza.parigi@esteri.it\"><strong>cittadinanza.parigi@esteri.it<\/strong><\/a><strong>.<\/strong><\/p>\n<p><strong>Suite aux changements introduits par la loi de finances pour l\u2019ann\u00e9e 2026, les <u>demandes pr\u00e9sent\u00e9es \u00e0 partir du 01\/01\/2026<\/u> ne seront plus soumises au paiement des droits de 250\u20ac pr\u00e9c\u00e9demment pr\u00e9vu.<\/strong><\/p>\n<p>Veuillez indiquer dans l&rsquo;objet du courriel\u00a0: <strong>D\u00c9CLARATION D&rsquo;ACQUISITION DE NATIONALIT\u00c9 POUR MINEUR<\/strong>.<\/p>\n<p>&nbsp;<\/p>\n<p><strong><u>Dispositif transitoire pour les personnes encore mineurs au 24\/05\/2025 :<\/u><\/strong><\/p>\n<p><strong>Pour les enfants de citoyens italiens par droit du sang encore mineurs au 24 mai 2025 la d\u00e9claration peut \u00eatre souscrite <u>avant le 31 mai 2029<\/u>, <u>dans les m\u00eames conditions<\/u> que celles indiqu\u00e9es ci-dessus.<\/strong><\/p>\n<p><strong>Suite aux changements introduits par la loi de finances pour l\u2019ann\u00e9e 2026, les <u>demandes pr\u00e9sent\u00e9es \u00e0 partir du 01\/01\/2026<\/u> ne seront plus soumises au paiement des droits de 250\u20ac pr\u00e9c\u00e9demment pr\u00e9vu.<\/strong><\/p>\n<p>Si l\u2019int\u00e9ress\u00e9, mineur au 24 mai 2025, devient majeur entre-temps, la d\u00e9claration doit \u00eatre d\u00e9pos\u00e9e en personne avant la m\u00eame date d\u2019\u00e9ch\u00e9ance.<\/p>\n<p>&nbsp;<\/p>\n<p>&nbsp;<\/p>\n<p>Veuillez noter que le Consulat G\u00e9n\u00e9ral d&rsquo;Italie \u00e0 Paris est l&rsquo;autorit\u00e9 comp\u00e9tente pour les r\u00e9sidents des r\u00e9gions suivantes :<\/p>\n<p><strong>Bretagne, Bourgogne-Franche-Comt\u00e9 (seulement pour les d\u00e9partements de la C\u00f4te-d\u2019Or \u2013 21, du Doubs \u2013 25, du Jura \u2013 39, de l\u2019Yonne \u2013 89), Centre, Hauts de France, \u00cele-de-France, Normandie, Pays de la Loire et tous les d\u00e9partements et territoires d\u2019Outre-Mer.<\/strong><\/p>\n","protected":false},"excerpt":{"rendered":"ATTENTION\u00a0:\u00a0Cette proc\u00e9dure est r\u00e9serv\u00e9e\u00a0exclusivement aux enfants qui ne rel\u00e8vent pas des m\u00e9canismes automatiques de transmission de la nationalit\u00e9\u00a0indiqu\u00e9s \u00e0 la\u00a0page Naissance\u00a0du site web, dont au moins un parent est\u00a0citoyen italien par droit du sang\u00a0(jure sanguinis).\u00a0 Cette proc\u00e9dure n\u2019est pas admise pour les enfants de citoyens italiens ayant acquis la nationalit\u00e9 par\u00a0: Naturalisation (art. 9 de [&hellip;]","protected":false},"author":9,"featured_media":0,"parent":2244,"menu_order":0,"comment_status":"closed","ping_status":"closed","template":"","meta":{"footnotes":""},"class_list":["post-5558","page","type-page","status-publish","hentry"],"_links":{"self":[{"href":"https:\/\/consparigi.esteri.it\/fr\/wp-json\/wp\/v2\/pages\/5558","targetHints":{"allow":["GET"]}}],"collection":[{"href":"https:\/\/consparigi.esteri.it\/fr\/wp-json\/wp\/v2\/pages"}],"about":[{"href":"https:\/\/consparigi.esteri.it\/fr\/wp-json\/wp\/v2\/types\/page"}],"author":[{"embeddable":true,"href":"https:\/\/consparigi.esteri.it\/fr\/wp-json\/wp\/v2\/users\/9"}],"replies":[{"embeddable":true,"href":"https:\/\/consparigi.esteri.it\/fr\/wp-json\/wp\/v2\/comments?post=5558"}],"version-history":[{"count":6,"href":"https:\/\/consparigi.esteri.it\/fr\/wp-json\/wp\/v2\/pages\/5558\/revisions"}],"predecessor-version":[{"id":6599,"href":"https:\/\/consparigi.esteri.it\/fr\/wp-json\/wp\/v2\/pages\/5558\/revisions\/6599"}],"up":[{"embeddable":true,"href":"https:\/\/consparigi.esteri.it\/fr\/wp-json\/wp\/v2\/pages\/2244"}],"wp:attachment":[{"href":"https:\/\/consparigi.esteri.it\/fr\/wp-json\/wp\/v2\/media?parent=5558"}],"curies":[{"name":"wp","href":"https:\/\/api.w.org\/{rel}","templated":true}]}}