{"id":6711,"date":"2026-04-17T12:49:26","date_gmt":"2026-04-17T10:49:26","guid":{"rendered":"https:\/\/consparigi.esteri.it\/?page_id=6711"},"modified":"2026-04-17T13:02:32","modified_gmt":"2026-04-17T11:02:32","slug":"calendario-festivi-della-sede","status":"publish","type":"page","link":"https:\/\/consparigi.esteri.it\/fr\/servizi-consolari-e-visti\/servizi-per-il-cittadino-italiano\/altri-servizi\/albo-consolare\/calendario-festivi-della-sede\/","title":{"rendered":"Calendrier des jours f\u00e9ri\u00e9s 2026"},"content":{"rendered":"<p data-start=\"0\" data-end=\"44\"><strong data-start=\"0\" data-end=\"44\">CALENDRIER DES JOURS F\u00c9RI\u00c9S \u2013 ANN\u00c9E 2026<\/strong><\/p>\n<ul>\n<li data-start=\"46\" data-end=\"361\">1 janvier : Jour de l\u2019An<\/li>\n<li data-start=\"46\" data-end=\"361\">6 avril : Lundi de P\u00e2ques<\/li>\n<li data-start=\"46\" data-end=\"361\">1er mai : F\u00eate du Travail<\/li>\n<li data-start=\"46\" data-end=\"361\">8 mai : F\u00eate de la Victoire<\/li>\n<li data-start=\"46\" data-end=\"361\">14 mai : Ascension<\/li>\n<li data-start=\"46\" data-end=\"361\">2 juin : F\u00eate nationale de la R\u00e9publique<\/li>\n<li data-start=\"46\" data-end=\"361\">14 juillet : F\u00eate nationale fran\u00e7aise<\/li>\n<li data-start=\"46\" data-end=\"361\">15 ao\u00fbt : Assomption<\/li>\n<li data-start=\"46\" data-end=\"361\">1er novembre : Toussaint<\/li>\n<li data-start=\"46\" data-end=\"361\">25 d\u00e9cembre : No\u00ebl<\/li>\n<li data-start=\"46\" data-end=\"361\">26 d\u00e9cembre : Saint-\u00c9tienne<\/li>\n<\/ul>\n","protected":false},"excerpt":{"rendered":"CALENDRIER DES JOURS F\u00c9RI\u00c9S \u2013 ANN\u00c9E 2026 1 janvier : Jour de l\u2019An 6 avril : Lundi de P\u00e2ques 1er mai : F\u00eate du Travail 8 mai : F\u00eate de la Victoire 14 mai : Ascension 2 juin : F\u00eate nationale de la R\u00e9publique 14 juillet : F\u00eate nationale fran\u00e7aise 15 ao\u00fbt : Assomption 1er [&hellip;]","protected":false},"author":7,"featured_media":0,"parent":242,"menu_order":0,"comment_status":"closed","ping_status":"closed","template":"","meta":{"footnotes":""},"class_list":["post-6711","page","type-page","status-publish","hentry"],"_links":{"self":[{"href":"https:\/\/consparigi.esteri.it\/fr\/wp-json\/wp\/v2\/pages\/6711","targetHints":{"allow":["GET"]}}],"collection":[{"href":"https:\/\/consparigi.esteri.it\/fr\/wp-json\/wp\/v2\/pages"}],"about":[{"href":"https:\/\/consparigi.esteri.it\/fr\/wp-json\/wp\/v2\/types\/page"}],"author":[{"embeddable":true,"href":"https:\/\/consparigi.esteri.it\/fr\/wp-json\/wp\/v2\/users\/7"}],"replies":[{"embeddable":true,"href":"https:\/\/consparigi.esteri.it\/fr\/wp-json\/wp\/v2\/comments?post=6711"}],"version-history":[{"count":3,"href":"https:\/\/consparigi.esteri.it\/fr\/wp-json\/wp\/v2\/pages\/6711\/revisions"}],"predecessor-version":[{"id":6715,"href":"https:\/\/consparigi.esteri.it\/fr\/wp-json\/wp\/v2\/pages\/6711\/revisions\/6715"}],"up":[{"embeddable":true,"href":"https:\/\/consparigi.esteri.it\/fr\/wp-json\/wp\/v2\/pages\/242"}],"wp:attachment":[{"href":"https:\/\/consparigi.esteri.it\/fr\/wp-json\/wp\/v2\/media?parent=6711"}],"curies":[{"name":"wp","href":"https:\/\/api.w.org\/{rel}","templated":true}]}}