{"id":986,"date":"2023-02-13T14:40:04","date_gmt":"2023-02-13T13:40:04","guid":{"rendered":"https:\/\/consparigi.esteri.it\/prenotmi\/"},"modified":"2023-03-14T12:15:30","modified_gmt":"2023-03-14T11:15:30","slug":"prenotmi","status":"publish","type":"page","link":"https:\/\/consparigi.esteri.it\/fr\/chi-siamo\/gli-uffici\/informazioni-utili\/prenotmi\/","title":{"rendered":"Prenot@mi"},"content":{"rendered":"<p>Le portail <a href=\"https:\/\/prenotami.esteri.it\" target=\"_blank\" rel=\"noopener\">Prenot@mi<\/a>, mis \u00e0 disposition par le Minist\u00e8re des Affaires \u00c9trang\u00e8res et de la Coop\u00e9ration Internationale, permet aux usagers de prendre en ligne un rendez-vous avec leur consulat de r\u00e9f\u00e9rence, avec certains services. Il s&rsquo;agit d&rsquo;un syst\u00e8me enti\u00e8rement automatis\u00e9 o\u00f9 l&rsquo;usager peut g\u00e9rer son propre compte ainsi que ses rendez-vous.<\/p>\n<p>Le rendez-vous est obligatoire pour:<\/p>\n<p><strong>Passaport<\/strong><\/p>\n<p><strong>Carte d&rsquo;Identit\u00e9<\/strong><\/p>\n<p><strong>Visas<\/strong><\/p>\n<p><strong>Il n&rsquo;est pas necessaire de prendre rdv pour le secteur AIRE: pour les dossiers d&rsquo;inscription, de mise \u00e0 jour ou de radiation AIRE nous vous invitons \u00e0 suivre les instructions detaill\u00e9es dans la section <\/strong><strong>A.I.R.E<\/strong><\/p>\n<p><strong>Il n&rsquo;est pas necessaire de prendre rdv pour le secteur ETAT CIVIL\/NATIONALIT\u00c9. Un rdv pourra \u00eatre fix\u00e9 par nos services seulement si la pr\u00e9sence des interess\u00e9s est necessaire.<br \/>\n<\/strong><\/p>\n<p>Le Consulat n&rsquo;est pas responsable des rdv pris par erreur par les usagers pour un autre service.<\/p>\n<p><strong>Les rdv s&rsquo;ouvrent de jour en jour \u00e0 partir de 20 h.<\/strong><\/p>\n<p>Pour de plus amples informations veuillez consulter <a href=\"https:\/\/consparigi.esteri.it\/it\/chi-siamo\/gli-uffici\/informazioni-utili\/prenotmi\/come-funziona-il-sistema-prenotmi\/\">la page<\/a><\/p>\n","protected":false},"excerpt":{"rendered":"Le portail Prenot@mi, mis \u00e0 disposition par le Minist\u00e8re des Affaires \u00c9trang\u00e8res et de la Coop\u00e9ration Internationale, permet aux usagers de prendre en ligne un rendez-vous avec leur consulat de r\u00e9f\u00e9rence, avec certains services. Il s&rsquo;agit d&rsquo;un syst\u00e8me enti\u00e8rement automatis\u00e9 o\u00f9 l&rsquo;usager peut g\u00e9rer son propre compte ainsi que ses rendez-vous. Le rendez-vous est obligatoire [&hellip;]","protected":false},"author":4,"featured_media":0,"parent":1241,"menu_order":0,"comment_status":"closed","ping_status":"closed","template":"","meta":{"footnotes":""},"class_list":["post-986","page","type-page","status-publish","hentry"],"_links":{"self":[{"href":"https:\/\/consparigi.esteri.it\/fr\/wp-json\/wp\/v2\/pages\/986","targetHints":{"allow":["GET"]}}],"collection":[{"href":"https:\/\/consparigi.esteri.it\/fr\/wp-json\/wp\/v2\/pages"}],"about":[{"href":"https:\/\/consparigi.esteri.it\/fr\/wp-json\/wp\/v2\/types\/page"}],"author":[{"embeddable":true,"href":"https:\/\/consparigi.esteri.it\/fr\/wp-json\/wp\/v2\/users\/4"}],"replies":[{"embeddable":true,"href":"https:\/\/consparigi.esteri.it\/fr\/wp-json\/wp\/v2\/comments?post=986"}],"version-history":[{"count":0,"href":"https:\/\/consparigi.esteri.it\/fr\/wp-json\/wp\/v2\/pages\/986\/revisions"}],"up":[{"embeddable":true,"href":"https:\/\/consparigi.esteri.it\/fr\/wp-json\/wp\/v2\/pages\/1241"}],"wp:attachment":[{"href":"https:\/\/consparigi.esteri.it\/fr\/wp-json\/wp\/v2\/media?parent=986"}],"curies":[{"name":"wp","href":"https:\/\/api.w.org\/{rel}","templated":true}]}}