{"id":1104,"date":"2023-03-08T13:03:05","date_gmt":"2023-03-08T12:03:05","guid":{"rendered":"https:\/\/consparigi.esteri.it\/?page_id=1104"},"modified":"2024-12-19T12:00:14","modified_gmt":"2024-12-19T11:00:14","slug":"albo-consolare-degli-enti-gestori-di-iniziative-a-favore-della-lingua-e-della-cultura-italiana","status":"publish","type":"page","link":"https:\/\/consparigi.esteri.it\/it\/servizi-consolari-e-visti\/servizi-per-il-cittadino-italiano\/altri-servizi\/albo-consolare\/albo-consolare-degli-enti-gestori-di-iniziative-a-favore-della-lingua-e-della-cultura-italiana\/","title":{"rendered":"Albo consolare degli Enti Gestori di iniziative a favore della lingua e della cultura italiana"},"content":{"rendered":"<p><strong>Aggiornamento Albo consolare degli Enti Gestori di iniziative a favore della lingua e della cultura italiana di cui all&#8217;articolo 10 del Decreto Legislativo n. 64\/2017 &#8211; Richiesta di contributo ministeriale a valere sul capitolo 3153 &#8211; Iscrizioni entro il 31 maggio 2023 per gli enti gestori che intendono presentare progetti relativi all&#8217;anno scolastico 2024\/2025 e successivi.<\/strong><\/p>\n<p>Ai sensi della\u00a0Circolare del Ministero degli Affari Esteri e della Cooperazione Internazionale n. 4 dell\u20198 marzo 2022\u00a0gli enti gestori di iniziative a favore della lingua e della cultura italiana, di cui all&#8217;articolo 10 del Decreto Legislativo 64\/2017, che intendano richiedere un contributo a valere sul capitolo 3153, per progetti relativi all&#8217;anno scolastico 2024\/2025 e successivi si dovranno registrare, entro il 31 maggio 2023, presso un apposito\u00a0albo consolare istituito presso questo Consolato Generale.<\/p>\n<p>La richiesta di iscrizione all&#8217;albo degli enti gestori\/promotori di questa Circoscrizione consolare\u00a0deve essere inoltrata ai seguenti indirizzi mail:<\/p>\n<p><a href=\"mailto:con.parigi@cert.esteri.it\">con.parigi@cert.esteri.it<\/a><\/p>\n<p>oppure tramite lettera raccomandata al seguente indirizzo:<\/p>\n<p>Consolato Generale d&#8217;Italia a Parigi &#8211; 5, Bd Emile Augier, 75116 Paris<\/p>\n<p>compilando i moduli\u00a0&#8220;Richiesta iscrizione all&#8217;Albo consolare degli Enti gestori&#8221;\u00a0e\u00a0&#8220;Anagrafica dell&#8217;Ente richiedente&#8221;, allegando copia del documento di riconoscimento del Legale Rappresentante dell&#8217;Ente, copia dello Statuto dell&#8217;ente, attestazione di conformit\u00e0 dello stesso alla normativa locale.<\/p>\n<p>Possono\u00a0presentare domanda di registrazione a detto albo gli Enti Gestori operanti in questa Circoscrizione consolare e altri enti interessati all\u2019organizzazione di corsi di lingua e cultura italiana, che siano in possesso dei requisiti previsti dalla\u00a0Circolare ministeriale n. 4 dell\u20198 marzo 2022. L\u2019iscrizione all\u2019Albo consolare, gestito per la Circoscrizione consolare di Parigi da questo Consolato Generale e pubblicato sul sito internet, avviene previa verifica dei requisiti soggettivi da parte di questo Consolato Generale ed ha durata quadriennale.<\/p>\n<p>Al termine del quadriennio, il rinnovo della registrazione degli enti gestori\/promotori avviene su richiesta dell&#8217;ente interessato e previa valutazione dell&#8221;Ufficio consolare.<\/p>\n<p>Nel rimandare ad una attenta lettura della Circolare 4\/2022 si segnala che\u00a0possono accedere alle risorse finanziarie del capitolo 3153, gli Enti Gestori operanti in questa Circoscrizione consolare, iscritti all\u2019Albo consolare, gestito da questo Consolato Generale che,\u00a0in via generale presentino le seguenti caratteristiche:<\/p>\n<p>&#8211; enti senza finalit\u00e0 di lucro promotori di iniziative a favore della lingua e della cultura italiana, di cui all&#8217;articolo 10 del Decreto Legislativo n. 64\/2017, in scuole pubbliche o private (dalla Scuola dell\u2019infanzia fino alla Scuola secondaria);<\/p>\n<p>&#8211; enti dotati di uno statuto, la cui conformit\u00e0 al diritto locale deve essere attestata e comunicata a questo Consolato Generale. Gli enti beneficiari di contributo saranno inoltre tenuti a comunicare tempestivamente eventuali modifiche al proprio statuto.<\/p>\n<p>Non sono ammissibili al contributo ministeriale:<\/p>\n<p>&#8211; i c.d. &#8220;enti ombrello&#8221;, cio\u00e8 soggetti che riuniscano al loro interno altri enti con caratteristiche e finalit\u00e0 analoghe, di cui sarebbe difficile la tracciabilit\u00e0 delle attivit\u00e0 e delle operazioni;<\/p>\n<p>&#8211; gli enti all&#8217;interno dei quali le cariche direttive siano ricoperte da\u00a0rappresentanti del Com.It.Es., considerato altres\u00ec l&#8217;articolo 2, comma 4, lettera g) della Legge n. 286 del 23 ottobre 2003.<\/p>\n<p>Questo Consolato Generale verificher\u00e0, altres\u00ec, che nello statuto non vi sia alcun riferimento alla partecipazione\u00a0&#8211; anche a solo titolo onorario &#8211; agli organi dell&#8217;ente di rappresentanti del Consolato, dell&#8217;Ambasciata o di un Istituto di Cultura.<\/p>\n<p>Si delineano inoltre\u00a0qui di seguito alcune delle principali novit\u00e0 apportate dalla Circolare ministeriale n. 4 dell\u20198 marzo 2022 che gli Enti Gestori interessati all\u2019organizzazione di corsi di lingua e cultura italiana\u00a0dovranno prendere in considerazione in fase di richiesta di contributo a valere sul capitolo 3153:<\/p>\n<p>&#8211; l&#8217;accento non viene pi\u00f9 posto sulle attivit\u00e0 di carattere assistenziale ma su quelle di natura promozionale della lingua e della cultura italiana;<\/p>\n<p>&#8211; non viene pi\u00f9 richiesto un bilancio rappresentativo di tutte le attivit\u00e0, entrate e voci di spesa quanto un progetto, anche di durata biennale, con erogazioni suddivise in pi\u00f9 tranches e comunque collegate alla competenza di ciascun esercizio finanziario e all&#8217;andamento delle attivit\u00e0 didattiche;<\/p>\n<p>&#8211; gli enti richiedenti sono invitati a concorrere con risorse proprie ai costi dei progetti presentati.<\/p>\n<p>I progetti saranno inoltre commisurati agli anni scolastici e non pi\u00f9 agli anni solari.<\/p>\n<p>Passando da una logica di &#8220;bilancio&#8221; ad una logica progettuale, si intende inoltre spostare il focus dall&#8217;assistenza agli enti in quanto tali, ai risultati che gli stessi si propongono di conseguire nel campo della promozione della lingua e della cultura italiana.<\/p>\n<p>&#8211; le attivit\u00e0 che possono essere oggetto di contributo ministeriale attengono ai segmenti scolastici sino alla scuola secondaria di secondo grado, sperando cos\u00ec il &#8220;confine&#8221; della scuola media inferiore. Dal sostegno ministeriale rimangono esclusi i corsi per adulti, dal momento che esulano dal perimento normativo di riferimento costituito dal Decreto Legislativo n. 64\/2017 sulla Scuola italiana all&#8217;estero;<\/p>\n<p>&#8211; l&#8217;erogazione del contributo avverr\u00e0 in seguito alla presentazione di un progetto di durata pari ad uno o due anni scolastici, che illustri il piano delle attivit\u00e0 che l&#8217;ente intende mettere in essere.<\/p>\n<p>Per l\u2019anno scolastico 24\/25 e successivi gli Enti presentano a questo Consolato Generale, entro il 15 ottobre dell\u2019anno precedente a quello di riferimento (a.s. 2024\/2025 entro il 15 ottobre 2023), un progetto e una richiesta di contributo sempre secondo le nuove regole ed utilizzando la modulistica specifica che sar\u00e0 messa a disposizione.<\/p>\n<p>Per ogni richiesta di informazioni rivolgersi a Ufficio Scolastico: Dirigente Dr. Luigi Vallebona,\u00a0<a href=\"mailto:dirigente.parigi@esteri.it\">dirigente.parigi@esteri.it<\/a><\/p>\n<p>Telefono: 0144304735\/36<\/p>\n<p><strong>Documenti e modulistica:<\/strong><\/p>\n<p><a href=\"https:\/\/consparigi.esteri.it\/wp-content\/uploads\/2023\/03\/circolare-4_2022-enti-gestori-2.pdf\">Circolare del MAECI n.4 dell\u20198 marzo 2022<\/a><\/p>\n<p><a href=\"https:\/\/consparigi.esteri.it\/wp-content\/uploads\/2023\/03\/decreto_consolare_n.42_del_2020_del_consolato_generale_ditalia_a_parigi-1.pdf\">Decreto consolare nr.42\/2020 del Consolato Generale d\u2019Italia a Parigi<\/a><\/p>\n<p><a href=\"https:\/\/consparigi.esteri.it\/wp-content\/uploads\/2023\/03\/richiesta_iscrizione_allalbo_consolare_degli_enti_gestori_ai_sensi_circ._4_2022-converti1.pdf\">Richiesta iscrizione all&#8217;Albo consolare degli Enti gestori<\/a><\/p>\n<p><a href=\"https:\/\/consparigi.esteri.it\/wp-content\/uploads\/2023\/03\/anagrafica_dellente_richiedente_ai_sensi_circ._4_2022.pdf\">Anagrafica dell&#8217;Ente richiedente<\/a><\/p>\n<p><a href=\"https:\/\/consparigi.esteri.it\/wp-content\/uploads\/2024\/12\/ALBO-CONSOLARE-DEGLI-ENTI-GESTORI-rinnovo.pdf\">Albo consolare degli Enti gestori istituito presso il Consolato Generale d&#8217;Italia a Parigi<\/a><\/p>\n","protected":false},"excerpt":{"rendered":"Aggiornamento Albo consolare degli Enti Gestori di iniziative a favore della lingua e della cultura italiana di cui all&#8217;articolo 10 del Decreto Legislativo n. 64\/2017 &#8211; Richiesta di contributo ministeriale a valere sul capitolo 3153 &#8211; Iscrizioni entro il 31 maggio 2023 per gli enti gestori che intendono presentare progetti relativi all&#8217;anno scolastico 2024\/2025 e [&hellip;]","protected":false},"author":4,"featured_media":0,"parent":187,"menu_order":6,"comment_status":"closed","ping_status":"closed","template":"","meta":{"footnotes":""},"class_list":["post-1104","page","type-page","status-publish","hentry"],"_links":{"self":[{"href":"https:\/\/consparigi.esteri.it\/it\/wp-json\/wp\/v2\/pages\/1104","targetHints":{"allow":["GET"]}}],"collection":[{"href":"https:\/\/consparigi.esteri.it\/it\/wp-json\/wp\/v2\/pages"}],"about":[{"href":"https:\/\/consparigi.esteri.it\/it\/wp-json\/wp\/v2\/types\/page"}],"author":[{"embeddable":true,"href":"https:\/\/consparigi.esteri.it\/it\/wp-json\/wp\/v2\/users\/4"}],"replies":[{"embeddable":true,"href":"https:\/\/consparigi.esteri.it\/it\/wp-json\/wp\/v2\/comments?post=1104"}],"version-history":[{"count":2,"href":"https:\/\/consparigi.esteri.it\/it\/wp-json\/wp\/v2\/pages\/1104\/revisions"}],"predecessor-version":[{"id":4778,"href":"https:\/\/consparigi.esteri.it\/it\/wp-json\/wp\/v2\/pages\/1104\/revisions\/4778"}],"up":[{"embeddable":true,"href":"https:\/\/consparigi.esteri.it\/it\/wp-json\/wp\/v2\/pages\/187"}],"wp:attachment":[{"href":"https:\/\/consparigi.esteri.it\/it\/wp-json\/wp\/v2\/media?parent=1104"}],"curies":[{"name":"wp","href":"https:\/\/api.w.org\/{rel}","templated":true}]}}