{"id":1150,"date":"2023-03-10T10:42:05","date_gmt":"2023-03-10T09:42:05","guid":{"rendered":"https:\/\/consparigi.esteri.it\/?page_id=1150"},"modified":"2023-03-10T16:30:39","modified_gmt":"2023-03-10T15:30:39","slug":"consigli-per-i-turisti","status":"publish","type":"page","link":"https:\/\/consparigi.esteri.it\/it\/chi-siamo\/gli-uffici\/informazioni-utili\/consigli-per-i-turisti\/","title":{"rendered":"Consigli per i turisti"},"content":{"rendered":"<p><strong>PRIMA DELLA PARTENZA:<\/strong><br \/>\n&#8211; \u00e8 opportuno verificare di essere in possesso della Tessera sanitaria italiana, che \u00e8 anche Tessera Europea di Assistenza Malattia (TEAM). Essa pertanto, nell\u2019eventualit\u00e0 di un\u2019emergenza di tipo sanitario in Francia garantisce l\u2019accesso alle prime cure nelle strutture pubbliche (a Parigi l\u2019AP-HP), dietro pagamento di un ticket moderatore;<br \/>\n&#8211; \u00e8 assolutamente consigliabile inoltre disporre di una assicurazione di viaggio privata dotata di un adeguato massimale per la copertura dei rischi piu\u2019 comuni quali annullamento voli, smarrimento bagagli, copertura sanitaria a seguito di infortuni, problemi di salute e\/o decesso durante il soggiorno.<\/p>\n<p>Occorre infatti ricordare che le Rappresentanze diplomatico-consolari, pur fornendo l\u2019assistenza necessaria, non possono sostenere n\u00e8 garantire pagamenti diretti di carattere privato; soltanto nei casi pi\u00f9 gravi ed urgenti, esse possono concedere ai connazionali non residenti nella circoscrizione consolare e che versino in situazione di indigenza dei prestiti con promessa di restituzione, che dovranno essere, comunque, rimborsati allo Stato dopo il rientro in Italia.<\/p>\n<p><strong>Farmaci\/Terapia<\/strong><br \/>\nAi turisti italiani che seguano particolari terapie, si raccomanda d\u2019informarsi previamente sulla reperibilit\u00e0 in Francia dei farmaci prescritti, necessari per la cura seguita o di farmaci analoghi, cos\u00ec da evitare inconvenienti in caso di esaurimento, furto o smarrimento degli stessi.<\/p>\n<p><strong>DURANTE IL SOGGIORNO:<\/strong><br \/>\nParigi, \u00e8 una delle citt\u00e0 maggiormente visitate al mondo. Ogni anno la capitale francese accoglie milioni di turisti. Bench\u00e9 l\u2019azione delle forze di Polizia renda la citt\u00e0 un luogo tendenzialmente sicuro sono molto frequenti i furti con destrezza, soprattutto nei luoghi a forte presenza turistica, sui mezzi pubblici, nelle hall degli alberghi, nelle zone della periferia parigina ove sono altresi&#8217; possibili atti di microcriminalit\u00e0.<\/p>\n<p>Le Autorit\u00e0 locali hanno aumentato le misure di sicurezza, tuttavia \u00e8 conveniente che i connazionali adottino alcune precauzioni riguardanti la loro stessa incolumit\u00e0 e la conservazione dei propri beni e documenti d\u2019identit\u00e0.<\/p>\n<p>Si consiglia pertanto di seguire le seguenti precauzioni:<br \/>\n&#8211; essere particolarmente vigili per strada<br \/>\n&#8211; una piccola borsa a tracolla o un marsupio sono preferibili ad uno zaino;<br \/>\n&#8211; non tenere tutti i propri beni in un&#8217;unica borsa;<br \/>\n&#8211; non lasciare beni incustoditi in luoghi affollati, neppure per pochi istanti (aeroporti e stazioni, autobus, metropolitana, ristoranti, negozi, banche, grandi magazzini, mercatini, ecc..);<br \/>\n&#8211; portate con s\u00e9 solo il denaro indispensabile;<br \/>\n&#8211; non riporre il portafoglio nelle tasche posteriori dei pantaloni;<br \/>\n&#8211; non opporre resistenza se un aggressore tenta di strapparvi la borsa, per non rischiare di rimanere feriti;<br \/>\n&#8211; diffidare degli individui che tentano di distogliere l\u2019attenzione soprattutto nei dehors dei bar, in caso di prelievo di denaro tramite gli sportelli Bancomat o richiedendovi di firmare petizioni.<\/p>\n<p>sui mezzi pubblici<br \/>\n\u2022 non lasciare incustoditi i propri bagagli;<br \/>\n\u2022 controllare che portafogli e altri oggetti di valore siano ben custoditi e non a portata di malintenzionati (evitare di custodirli negli zaini a spalle). Evitare di tenere in mano il cellullare se non lo state usando.<br \/>\n\u2022 acquistare i biglietti di bus\/tram\/metropolitana utilizzando solo gli sportelli o i distributori automatici di biglietti presso le stazioni ferroviarie e della metropolitana.<\/p>\n<p>nei luoghi pubblici<br \/>\n\u2022 non manipolare denaro contante in pubblico ed in generale preferire per gli acquisti banconote di piccole taglio e\/o carte di pagamento;<br \/>\n\u2022 ai distributori di banconote, proteggere il codice nascondendo la tastiera;<br \/>\n\u2022 non indossare ostentatamente gioielli o orologi di grande valore;<br \/>\n\u2022 non lasciare incustoditi i propri effetti personali, evitare di lasciare cellulare\/portafogli sul tavolo del ristorante o del bar o borse sul pavimento.<\/p>\n<p>documenti d&#8217;identit\u00e0<br \/>\n\u2022 non affidare documenti, carte di credito e tutto il denaro ad una sola persona;<br \/>\n\u2022\u00a0 fotocopiare\/fotografare documenti d&#8217;identit\u00e0 e custodire gli originali in albergo o presso il luogo di residenza temporanea.<\/p>\n<p>In caso di furto si suggerisce di:<br \/>\n&#8211; bloccare immediatamente le proprie carte di credito ed, eventualmente, i cellulari.<br \/>\n&#8211; informarsi presso la propria compagnia di credito (Visa, Mastercard, American Express ecc) sulla modalit\u00e0 di blocco dall\u2019estero della carta di credito e sulla possibilit\u00e0 di disporre della stessa linea di credito.<\/p>\n<p>In caso di FURTO DOCUMENTI DI VIAGGIO consultare <a href=\"https:\/\/consparigi.esteri.it\/it\/servizi-consolari-e-visti\/servizi-per-il-cittadino-italiano\/emergency-travel-documents-etd\/\">la pagina<\/a><\/p>\n<p>Si ricorda, ad ogni buon fine, che in caso ci si trovasse sprovvisti di denaro e di alcuna copertura assicurativa per il viaggio, \u00e8 possibile utilizzare i seguenti sistemi:<br \/>\n1. Ottenere la copertura economica (es. albergo, biglietti aerei, ecc.) attraverso il pagamento con carta di credito intestata a terzi.<br \/>\n2. Ottenere denaro liquido tramite Western Union o altre agenzie di trasferimento denaro (per riscuotere tali somme \u00e8 indispensabile esibire un documento d\u2019identit\u00e0); Il trasferimento, che avviene in tempo reale, pu\u00f2 essere effettuato da qualsiasi persona direttamente nelle apposite Agenzie.<\/p>\n<p>Per ottenere specifiche informazioni \u00e8 possibile contattare i seguenti numeri:<br \/>\nWestern Union: 800.788.935 (numero verde italiano) e 0800 900 191 (numero verde francese).<br \/>\nMoney Gram: 803160 (numero verde italiano) 0800 026 0535 (telefono francese)<\/p>\n<p>Viabilit\u00e0<br \/>\nNel rammentare di rispettare i limiti di velocit\u00e0, di non mettersi alla guida sotto l\u2019effetto di alcool, si precisa che le Autorit\u00e0 francesi sono molto severe nell\u2019applicare contravvenzioni in tali casi, potendo andare fino al ritiro della patente e al divieto di guida sul territorio francese. In materia di limiti di velocit\u00e0 si evidenzia che nella citt\u00e0 di Parigi \u00e8 vigore dal 2021 <a href=\"https:\/\/consparigi.esteri.it\/wp-content\/uploads\/2023\/03\/Zone-30.jpg\">la zona 30<\/a> (limite a 30km\/h) tranne su alcune precise arterie e sul P\u00e9riph\u00e9rique<\/p>\n<p>&nbsp;<\/p>\n<p><strong>Per maggiori informazioni:<\/strong><\/p>\n<ul>\n<li><a href=\"https:\/\/www.esteri.it\/it\/sportello_info\/domandefrequenti\/viaggiare\/\">Consigli agli italiani in viaggio<\/a><\/li>\n<li><a href=\"https:\/\/www.prefecturedepolice.interieur.gouv.fr\/prevention\/vous-etes\/touristes\">Parigi in sicurezza<\/a><\/li>\n<li><a href=\"https:\/\/www.prefecturedepolice.interieur.gouv.fr\/sites\/default\/files\/Documents\/PP_guide_paris_securite_En_2022_0.pdf\">Staying safe in Paris<\/a><\/li>\n<li><a href=\"https:\/\/www.prefecturedepolice.interieur.gouv.fr\/sites\/default\/files\/Documents\/PP_guide_paris_securite_Fr_2022.pdf\">Paris en toute securit\u00e9<\/a><\/li>\n<\/ul>\n","protected":false},"excerpt":{"rendered":"PRIMA DELLA PARTENZA: &#8211; \u00e8 opportuno verificare di essere in possesso della Tessera sanitaria italiana, che \u00e8 anche Tessera Europea di Assistenza Malattia (TEAM). Essa pertanto, nell\u2019eventualit\u00e0 di un\u2019emergenza di tipo sanitario in Francia garantisce l\u2019accesso alle prime cure nelle strutture pubbliche (a Parigi l\u2019AP-HP), dietro pagamento di un ticket moderatore; &#8211; \u00e8 assolutamente consigliabile [&hellip;]","protected":false},"author":4,"featured_media":0,"parent":485,"menu_order":4,"comment_status":"closed","ping_status":"closed","template":"","meta":{"footnotes":""},"class_list":["post-1150","page","type-page","status-publish","hentry"],"_links":{"self":[{"href":"https:\/\/consparigi.esteri.it\/it\/wp-json\/wp\/v2\/pages\/1150","targetHints":{"allow":["GET"]}}],"collection":[{"href":"https:\/\/consparigi.esteri.it\/it\/wp-json\/wp\/v2\/pages"}],"about":[{"href":"https:\/\/consparigi.esteri.it\/it\/wp-json\/wp\/v2\/types\/page"}],"author":[{"embeddable":true,"href":"https:\/\/consparigi.esteri.it\/it\/wp-json\/wp\/v2\/users\/4"}],"replies":[{"embeddable":true,"href":"https:\/\/consparigi.esteri.it\/it\/wp-json\/wp\/v2\/comments?post=1150"}],"version-history":[{"count":0,"href":"https:\/\/consparigi.esteri.it\/it\/wp-json\/wp\/v2\/pages\/1150\/revisions"}],"up":[{"embeddable":true,"href":"https:\/\/consparigi.esteri.it\/it\/wp-json\/wp\/v2\/pages\/485"}],"wp:attachment":[{"href":"https:\/\/consparigi.esteri.it\/it\/wp-json\/wp\/v2\/media?parent=1150"}],"curies":[{"name":"wp","href":"https:\/\/api.w.org\/{rel}","templated":true}]}}