{"id":165,"date":"2023-01-24T01:07:10","date_gmt":"2023-01-24T00:07:10","guid":{"rendered":"https:\/\/consparigi.esteri.it\/?page_id=165"},"modified":"2026-04-14T12:23:29","modified_gmt":"2026-04-14T10:23:29","slug":"visti","status":"publish","type":"page","link":"https:\/\/consparigi.esteri.it\/it\/servizi-consolari-e-visti\/servizi-per-il-cittadino-straniero\/visti\/","title":{"rendered":"Visti"},"content":{"rendered":"<p>Il Consolato Generale d\u2019Italia a Parigi \u00e8 competente per il rilascio di visti di ingresso in Italia per tutta la Francia (inclusi i DOM-TOM) ed il Principato di Monaco.<br \/>\nL\u2019Ufficio visti \u00e8 aperto al pubblico, esclusivamente su appuntamento, il marted\u00ec ed il gioved\u00ec dalle 9 alle 12 all\u2019indirizzo 5, Boulevard Emile Augier, 75116 Paris.<\/p>\n<p>Per sapere se avete bisogno di un visto siete invitati a consultare il portale \u201c<a href=\"https:\/\/vistoperitalia.esteri.it\/\">Visto per l\u2019Italia<\/a>\u201d.<\/p>\n<p>Una volta individuato il visto necessario, potrete consultare informazioni dettagliate sui documenti necessari per presentare la richiesta nonch\u00e8 sulle tempistiche di lavorazione, selezionando la tipologia desiderata nel menu presente sulla destra della pagina.<\/p>\n<p>Il costo del singolo visto \u00e8 specificato nell\u2019apposita scheda. Il visto \u00e8 sempre gratuito nei seguenti casi:<\/p>\n<ul>\n<li>Bambini sotto i 6 anni;<\/li>\n<li>Visto Schengen per studio;<\/li>\n<li>Ricongiungimento familiare con un cittadino dell\u2019Unione Europea;<\/li>\n<li>Alcune categorie di familiari di cittadini UE.<\/li>\n<\/ul>\n<p>I formulari di domanda sono gratuiti, <a href=\"https:\/\/consparigi.esteri.it\/it\/servizi-consolari-e-visti\/servizi-per-il-cittadino-straniero\/modulistica-per-cittadini-stranieri\/)\"><u>clicca qui<\/u><\/a> per scaricarli.<\/p>\n<p>Per prenotare il vostro appuntamento \u00e8 necessario accedere e registrarsi nel portale <a href=\"https:\/\/prenotami.esteri.it\/\">Prenot@mi<\/a>.<\/p>\n<p>Per maggiori informazioni \u00e8 possibile inviare una mail all\u2019indirizzo <a href=\"mailto:visti.parigi@esteri.it\">visti.parigi@esteri.it<\/a>.<\/p>\n","protected":false},"excerpt":{"rendered":"Il Consolato Generale d\u2019Italia a Parigi \u00e8 competente per il rilascio di visti di ingresso in Italia per tutta la Francia (inclusi i DOM-TOM) ed il Principato di Monaco. L\u2019Ufficio visti \u00e8 aperto al pubblico, esclusivamente su appuntamento, il marted\u00ec ed il gioved\u00ec dalle 9 alle 12 all\u2019indirizzo 5, Boulevard Emile Augier, 75116 Paris. Per [&hellip;]","protected":false},"author":3,"featured_media":0,"parent":84,"menu_order":0,"comment_status":"closed","ping_status":"closed","template":"","meta":{"footnotes":""},"class_list":["post-165","page","type-page","status-publish","hentry"],"_links":{"self":[{"href":"https:\/\/consparigi.esteri.it\/it\/wp-json\/wp\/v2\/pages\/165","targetHints":{"allow":["GET"]}}],"collection":[{"href":"https:\/\/consparigi.esteri.it\/it\/wp-json\/wp\/v2\/pages"}],"about":[{"href":"https:\/\/consparigi.esteri.it\/it\/wp-json\/wp\/v2\/types\/page"}],"author":[{"embeddable":true,"href":"https:\/\/consparigi.esteri.it\/it\/wp-json\/wp\/v2\/users\/3"}],"replies":[{"embeddable":true,"href":"https:\/\/consparigi.esteri.it\/it\/wp-json\/wp\/v2\/comments?post=165"}],"version-history":[{"count":2,"href":"https:\/\/consparigi.esteri.it\/it\/wp-json\/wp\/v2\/pages\/165\/revisions"}],"predecessor-version":[{"id":6698,"href":"https:\/\/consparigi.esteri.it\/it\/wp-json\/wp\/v2\/pages\/165\/revisions\/6698"}],"up":[{"embeddable":true,"href":"https:\/\/consparigi.esteri.it\/it\/wp-json\/wp\/v2\/pages\/84"}],"wp:attachment":[{"href":"https:\/\/consparigi.esteri.it\/it\/wp-json\/wp\/v2\/media?parent=165"}],"curies":[{"name":"wp","href":"https:\/\/api.w.org\/{rel}","templated":true}]}}