{"id":331,"date":"2023-01-25T12:47:09","date_gmt":"2023-01-25T11:47:09","guid":{"rendered":"https:\/\/consparigi.esteri.it\/?page_id=331"},"modified":"2025-10-29T09:44:36","modified_gmt":"2025-10-29T08:44:36","slug":"matrimonio","status":"publish","type":"page","link":"https:\/\/consparigi.esteri.it\/it\/servizi-consolari-e-visti\/servizi-per-il-cittadino-italiano\/stato-civile\/matrimonio\/","title":{"rendered":"Matrimonio"},"content":{"rendered":"<p><strong>MATRIMONIO PRESSO UN COMUNE FRANCESE<\/strong><\/p>\n<p>I cittadini italiani che intendono contrarre matrimonio in Francia non sono tenuti, sulla base della legislazione attualmente in vigore, ad effettuare le pubblicazioni di matrimonio in Italia. Il primo passo consiste nel prendere contatto con il Comune francese (Mairie) e ritirare un dossier de mariage.<\/p>\n<p><strong>Di norma, i documenti richiesti dalla &#8220;Mairie&#8221; sono i seguenti (ma si consiglia di verificare con la propria Mairie):<\/strong><\/p>\n<ul>\n<li>estratto dell\u2019atto di nascita, su formulario plurilingue o internazionale, completo di eventuali annotazioni marginali, rilasciato dal Comune italiano di nascita o di trascrizione;<\/li>\n<li>attestation de domicile (almeno uno dei due sposi deve essere domiciliato nel Comune francese da pi\u00f9 di un mese);<\/li>\n<li>certificat de l\u00e9gislation et de coutume (certificato di legislazione);<\/li>\n<li>certificat de c\u00e9libat (certificato di stato libero).<\/li>\n<\/ul>\n<p><strong>Per i matrimoni celebrati presso i Comuni francesi situati nella <a href=\"https:\/\/consparigi.esteri.it\/it\/chi-siamo\/la-rete-consolare\/\" target=\"_blank\" rel=\"noopener\">circoscrizione consolare del Consolato Generale di Parigi<\/a>, il Certificat de l\u00e9gislation et de coutume <\/strong>\u00e9 rilasciato da questo Consolato Generale.<\/p>\n<p><strong>Il Certificat de c\u00e9libat\u00a0<\/strong>(certificato di stato libero)\u00a0<strong>puo&#8217; essere rilasciato\u00a0da\u00a0questo Consolato Generale esclusivamente per\u00a0i cittadini italiani\u00a0iscritti all&#8217;AIRE e\u00a0residenti in questa circoscrizione consolare.<\/strong><\/p>\n<ul>\n<li>I cittadini italiani\u00a0<strong>iscritti all&#8217;AIRE<\/strong><strong>, ma\u00a0<\/strong><strong>residenti in altra circoscrizione consolare<\/strong>,\u00a0potranno\u00a0richiedere un certificato di stato libero\u00a0al proprio\u00a0Consolato di riferimento\u00a0e presentarlo alla Mairie debitamente tradotto in francese.<\/li>\n<li>I cittadini italiani<strong>\u00a0residenti in Italia<\/strong>\u00a0potranno\u00a0richiedere un\u00a0certificato di stato libero\u00a0al\u00a0proprio Comune di residenza\u00a0e presentarlo alla Mairie debitamente tradotto in francese.<\/li>\n<\/ul>\n<p>La procedura per il rilascio di tali certificati \u00e8\u00a0attualmente disponibile <strong>esclusivamente a mezzo posta.<\/strong><\/p>\n<p>L\u2019indirizzo a cui spedire tutta la documentazione in originale \u00e8:<\/p>\n<p><em>Consolato Generale d\u2019Italia a Parigi, 5 Boulevard Emile Augier \u2013 75116 Paris<\/em><\/p>\n<p><strong>La richiesta da indirizzare al Consolato deve comprendere:<\/strong><\/p>\n<ul>\n<li>richiesta certificato per matrimonio compilata e firmata\u00a0 (\u25ba Vedere sezione <a href=\"https:\/\/consparigi.esteri.it\/it\/servizi-consolari-e-visti\/servizi-per-il-cittadino-italiano\/modulistica\/\">Modulistica<\/a>)<\/li>\n<\/ul>\n<ul>\n<li>la copia dei documenti d\u2019identit\u00e0 di entrambi i nubendi<\/li>\n<li>un giustificativo di domicilio a nome del richiedente<\/li>\n<li>la prova dell&#8217;avvenuto bonifico da effettuarsi con sufficiente anticipo rispetto all&#8217;invio della domanda<\/li>\n<li>una\u00a0busta preaffrancata per il peso di 50 grammi\u00a0per la spedizione del\/i certificato\/i<\/li>\n<\/ul>\n<p><strong>Qualora il vostro indirizzo di residenza sia cambiato e non sia stato comunicato al Consolato, si prega di provvedere secondo quanto indicato alla <a href=\"https:\/\/consparigi.esteri.it\/it\/servizi-consolari-e-visti\/servizi-per-il-cittadino-italiano\/anagrafe-degli-italiani-residenti-allestero-aire\/variazione-indirizzo\/\">pagina<\/a> <\/strong>.<\/p>\n<p><strong>La tassa consolare per i due certificati \u00e8 di 72,00 euro (66,00 euro per il Certificat de l\u00e9gislation et coutume e 6,00 euro per il Certificat de c\u00e9libat) <\/strong>da pagare con\u00a0bonifico bancario sul conto corrente intestato a questo Consolato Generale d\u2019Italia:<\/p>\n<p><strong>IBAN: FR76 3047 8000 0102 8019 3800 117<br \/>\nBIC: MONTFRPPXXX<br \/>\n<\/strong><\/p>\n<p>Nella causale del bonifico <strong>dovr\u00e0 essere precisamente indicato: <\/strong>Il nome e cognome del richiedente e il documento\/l\u2019atto richiesto.<\/p>\n<p>Dopo la celebrazione, sar\u00e0 cura degli sposi far pervenire al Consolato in originale l&#8217;estratto dell\u2019atto di matrimonio, redatto su formulario plurilingue, per la relativa trascrizione in Italia (vedere in calce sezione TRASCRIZIONE).<\/p>\n<p>Per maggiori informazioni contattare l&#8217;Ufficio matrimoni scrivendo una mail a: matrimoni.parigi@esteri.it.<\/p>\n<p>&nbsp;<\/p>\n<p><strong>MATRIMONIO PRESSO COMUNE\/PARROCCHIA IN ITALIA<\/strong><\/p>\n<p><strong>Pubblicazioni di matrimonio<\/strong><\/p>\n<p><strong>I cittadini italiani residenti all\u2019estero e iscritti all\u2019AIRE,<\/strong> se lo desiderano, possono contrarre in Italia matrimonio civile o religioso avente effetti civili (rito cattolico concordatario o di altre confessioni che hanno concluso intese con lo Stato italiano).<\/p>\n<p>Quale che sia la forma scelta (civile o religiosa), la celebrazione del matrimonio deve essere sempre preceduta dalla pubblicazione che, a seconda dei casi, deve essere richiesta:<\/p>\n<p>&#8211; al Consolato Generale di Parigi nel caso in cui almeno uno dei nubendi (sposi) sia residente nella Circoscrizione di questo Consolato Generale;<\/p>\n<p>&#8211; o in alternativa, all&#8217;Ufficiale di Stato Civile del Comune di residenza nel caso in cui uno dei nubendi (sposi) sia residente in Italia.<\/p>\n<ul>\n<li><strong>Richiesta di pubblicazioni al Consolato Generale di Parigi<\/strong><\/li>\n<\/ul>\n<p>Per richiedere le pubblicazioni di matrimonio occorre far pervenire a questo Consolato (per email all\u2019indirizzo <a href=\"mailto:matrimoni.parigi@esteri.it\">matrimoni.parigi@esteri.it<\/a>) la seguente documentazione:<\/p>\n<ul>\n<li>formulario di richiesta di pubblicazioni (\u25ba<a href=\"https:\/\/consparigi.esteri.it\/it\/servizi-consolari-e-visti\/servizi-per-il-cittadino-italiano\/modulistica\/\">Vedere sezione Modulistica<\/a>);<\/li>\n<li>dichiarazione sostitutiva di certificazione\u00a0(\u25ba<a href=\"https:\/\/consparigi.esteri.it\/it\/servizi-consolari-e-visti\/servizi-per-il-cittadino-italiano\/modulistica\/\">Vedere sezione Modulistica<\/a>);<\/li>\n<li>fotocopia dei documenti d&#8217;identit\u00e0.<\/li>\n<\/ul>\n<p><strong>Si consiglia di richiedere le pubblicazioni almeno tre mesi prima della data prevista per il matrimonio.<\/strong><\/p>\n<p>L\u2019ufficiale di stato civile verifica la regolarit\u00e0 della documentazione prodotta ed acquisisce d\u2019ufficio eventuali altri documenti per provare l\u2019inesistenza di impedimenti al matrimonio.<\/p>\n<p><strong>Effettuate le verifiche necessarie, i nubendi saranno convocati per sottoscrivere il processo verbale di pubblicazione<\/strong>. All\u2019appuntamento dovranno presentarsi muniti di un documento di identit\u00e0. Un nubendo, qualora impossibilitato, pu\u00f2 farsi rappresentare dall&#8217;altro\/a munito\/a di procura speciale in carta semplice (\u25ba<a href=\"https:\/\/consparigi.esteri.it\/it\/servizi-consolari-e-visti\/servizi-per-il-cittadino-italiano\/modulistica\/\">Vedere sezione Modulistica)<\/a>.<\/p>\n<p><strong>Se si intende celebrare il matrimonio religioso con effetti civili,<\/strong> al momento della sottoscrizione del verbale di pubblicazioni occorrer\u00e0 presentare anche l\u2019originale della richiesta di pubblicazioni di matrimonio indirizzata &#8220;All&#8217;Ufficiale dello Stato Civile del Consolato d&#8217;Italia a Parigi&#8221; rilasciata dal Parroco o da altro Ministro di culto ammesso.<\/p>\n<p><strong>Ove uno dei nubendi sia straniero,<\/strong> quest&#8217;ultimo dovr\u00e0 richiedere alla competente Autorit\u00e0 del Paese di appartenenza il \u201cnulla osta\u201d o la \u201ccapacit\u00e0 matrimoniale\u201d alla celebrazione del matrimonio\u00a0 (generalmente questo documento \u00e8 rilasciato dalle Rappresentanze Diplomatico-consolari estere accreditate in Italia e ove non si tratti di Paese esente da legalizzazione va legalizzato presso la Prefettura in Italia) e presentarlo a questo Consolato al momento della sottoscrizione del processo verbale di pubblicazioni.<\/p>\n<p>Terminato il periodo di pubblicazione, l&#8217;Ufficio Matrimoni rilascer\u00e0 un certificato di non-opposizione e la delega alla celebrazione del matrimonio da presentare all&#8217;Ufficiale di Stato Civile del Comune dove il matrimonio verr\u00e0 celebrato o, in caso di matrimonio religioso, alla Parrocchia\/Ministro di Culto ammesso dove avr\u00e0 luogo la celebrazione del matrimonio.<\/p>\n<p>Il matrimonio dovr\u00e0 essere celebrato entro 180 giorni successivi alla pubblicazione.<\/p>\n<p><strong>La tassa consolare per la pubblicazione di matrimonio \u00e8 di 6 euro da corrispondersi in contanti presso la cassa di questo Consolato il giorno della convocazione.<\/strong><\/p>\n<p><strong>NOTA BENE<\/strong>: Per ragioni organizzative e a causa dell\u2019ingente mole di richieste che pervengono a questo ufficio di stato civile, si informa che le richieste di pubblicazioni saranno evase in ordine di data prevista per la celebrazione e non di arrivo della richiesta stessa.<\/p>\n<p>&nbsp;<\/p>\n<p><strong>MATRIMONIO IN UN ALTRO PAESE<\/strong><\/p>\n<p>Si consiglia di rivolgersi preventivamente all\u2019autorit\u00e0 competente del Paese dove si intende contrarre il matrimonio e alle Rappresentanze consolari italiane in loco essendo diverse, in ciascun Paese le leggi in materia matrimoniale (per individuare la Rappresentanza italiana competente \u00e8 possibile consultare il sito del <a href=\"http:\/\/www.esteri.it\/MAE\/IT\/Italiani_nel_Mondo\/ServiziConsolari\/\">Ministero degli Affari Esteri e della Cooperazione Internazionale<\/a>)<\/p>\n<p>&nbsp;<\/p>\n<p><strong>MATRIMONIO CONSOLARE<\/strong><\/p>\n<p style=\"margin-top: 0cm; text-align: justify; background: white;\">La Convenzione consolare tra Italia e Francia consente di celebrare matrimoni consolari solo tra cittadini italiani.<br \/>\nSi consiglia ai cittadini italiani, che intendono richiedere di celebrare il matrimonio presso questo Consolato, di prendere contatto con l\u2019Ufficio Matrimoni al fine di verificare la possibilit\u00e0 di procedere alla celebrazione e, nel caso, di vagliare la disponibilit\u00e0 delle sale.<\/p>\n<p>&nbsp;<\/p>\n<p><strong>TRASCRIZIONE MATRIMONIO IN ITALIA<\/strong><\/p>\n<p><strong>1. Modalit\u00e0 di presentazione della richiesta di trascrizione<\/strong><\/p>\n<p>La richiesta pu\u00f2 essere presentata direttamente al proprio Comune di iscrizione AIRE (in questo caso \u00e8 necessario rivolgersi all&#8217;Ufficio di Stato Civile comunale) oppure a questo Consolato. Non \u00e8 necessario prenotare un appuntamento potendo la documentazione essere spedita per posta IN ORIGINALE all&#8217;indirizzo:<\/p>\n<p>Consolato Generale d&#8217;Italia a Parigi &#8211; Ufficio Stato civile &#8211; 5 Boulevard Emile Augier 75116 Paris.<\/p>\n<p><strong>2. Documentazione da presentare per registrare un matrimonio avvenuto in Francia<\/strong><\/p>\n<ol start=\"1\">\n<li>modulo di richiesta debitamente compilato e firmato (<a href=\"https:\/\/consparigi.esteri.it\/it\/servizi-consolari-e-visti\/servizi-per-il-cittadino-italiano\/modulistica\/\">Vedere sezione Modulistica<\/a>)<\/li>\n<li>fotocopia dei documenti d&#8217;identit\u00e0 degli sposi<\/li>\n<li>giustificativo domicilio<\/li>\n<li>atto di matrimonio in formato plurilingue\u00a0<strong>IN ORIGINALE<\/strong> (le fotocopie non sono accettate)<\/li>\n<\/ol>\n<p style=\"text-align: justify;\"><strong>IMPORTANTE<\/strong>: in caso di atti di matrimonio celebrati in altri\u00a0<strong>Paesi esteri, diversi dalla Francia<\/strong>, l&#8217;interessato dovr\u00e0 provvedere alla legalizzazione (consolare o per apostille) sia dell&#8217;atto originale di matrimonio sia della relativa traduzione in italiano. Per informazioni su necessit\u00e0 legalizzazione e\/o Apostille si consiglia di consultare il sito della Rappresentanza diplomatica\/consolare italiana competente per il Paese di emissione del documento.<\/p>\n","protected":false},"excerpt":{"rendered":"MATRIMONIO PRESSO UN COMUNE FRANCESE I cittadini italiani che intendono contrarre matrimonio in Francia non sono tenuti, sulla base della legislazione attualmente in vigore, ad effettuare le pubblicazioni di matrimonio in Italia. Il primo passo consiste nel prendere contatto con il Comune francese (Mairie) e ritirare un dossier de mariage. Di norma, i documenti richiesti [&hellip;]","protected":false},"author":4,"featured_media":0,"parent":156,"menu_order":4,"comment_status":"closed","ping_status":"closed","template":"","meta":{"footnotes":""},"class_list":["post-331","page","type-page","status-publish","hentry"],"_links":{"self":[{"href":"https:\/\/consparigi.esteri.it\/it\/wp-json\/wp\/v2\/pages\/331","targetHints":{"allow":["GET"]}}],"collection":[{"href":"https:\/\/consparigi.esteri.it\/it\/wp-json\/wp\/v2\/pages"}],"about":[{"href":"https:\/\/consparigi.esteri.it\/it\/wp-json\/wp\/v2\/types\/page"}],"author":[{"embeddable":true,"href":"https:\/\/consparigi.esteri.it\/it\/wp-json\/wp\/v2\/users\/4"}],"replies":[{"embeddable":true,"href":"https:\/\/consparigi.esteri.it\/it\/wp-json\/wp\/v2\/comments?post=331"}],"version-history":[{"count":6,"href":"https:\/\/consparigi.esteri.it\/it\/wp-json\/wp\/v2\/pages\/331\/revisions"}],"predecessor-version":[{"id":6121,"href":"https:\/\/consparigi.esteri.it\/it\/wp-json\/wp\/v2\/pages\/331\/revisions\/6121"}],"up":[{"embeddable":true,"href":"https:\/\/consparigi.esteri.it\/it\/wp-json\/wp\/v2\/pages\/156"}],"wp:attachment":[{"href":"https:\/\/consparigi.esteri.it\/it\/wp-json\/wp\/v2\/media?parent=331"}],"curies":[{"name":"wp","href":"https:\/\/api.w.org\/{rel}","templated":true}]}}