{"id":379,"date":"2023-01-25T15:51:07","date_gmt":"2023-01-25T14:51:07","guid":{"rendered":"https:\/\/consparigi.esteri.it\/?page_id=379"},"modified":"2026-03-24T17:45:41","modified_gmt":"2026-03-24T16:45:41","slug":"cittadinanza-per-discendenza-cittadini-francesi","status":"publish","type":"page","link":"https:\/\/consparigi.esteri.it\/it\/servizi-consolari-e-visti\/servizi-per-il-cittadino-straniero\/cittadinanza\/cittadinanza-per-discendenza-cittadini-francesi\/","title":{"rendered":"Cittadinanza per discendenza (cittadini francesi)"},"content":{"rendered":"<p>Il Consolato Generale d\u2019Italia a Parigi \u00e8 l\u2019autorit\u00e0 competente in materia di riconoscimento di cittadinanza italiana\u00a0<em>jure sanguinis<\/em>\u00a0cio\u00e8 per discendenza da un genitore o da un\/a nonno\/a italiani, per le seguenti regioni:<\/p>\n<p><strong>Bretagne, Bourgogne-Franche-Comt\u00e9 (soltanto per i dipartimenti C\u00f4te-d\u2019Or \u2013 21, Doubs \u2013 25, Jura \u2013 39, Yonne \u2013 89), Centre, Hauts de France, \u00cele-de-France, Normandie, Pays de la Loire e tutti i dipartimenti ed i territori d\u2019oltremare.<\/strong><\/p>\n<p><strong>Il Consolato Generale pu\u00f2 ricevere ogni anno <u>sino ad un massimo di 100 domande<\/u> di riconoscimento della cittadinanza italiana. <\/strong><\/p>\n<p><strong>Saranno quindi restituite le domande pervenute in Consolato dopo che il suddetto numero di richieste presentate sia stato raggiunto.<\/strong><\/p>\n<p><strong>\u00a0<\/strong><\/p>\n<p>Le condizioni richieste per il riconoscimento della cittadinanza italiana sono:<\/p>\n<ul>\n<li>la dimostrazione della discendenza da un genitore o da un\/a nonno\/a italiani<\/li>\n<li>la prova dell\u2019assenza di interruzioni nella trasmissione della cittadinanza italiana<\/li>\n<li>il possesso dei requisiti introdotti dal nuovo art. 3-bis della legge n. 91\/1992<\/li>\n<\/ul>\n<p>&nbsp;<\/p>\n<p><strong>Le domande di riconoscimento del possesso della cittadinanza italiana spedite o pervenute in Consolato dopo le ore 23:59 del 27 marzo 2025 sono trattate ai sensi della nuova normativa qui descritta<\/strong>.<\/p>\n<p>&nbsp;<\/p>\n<p>Il procedimento per l\u2019accertamento del possesso della cittadinanza italiana sar\u00e0 concluso:<\/p>\n<ul>\n<li>entro 2 anni per le istanze pervenute fino al 31\/12\/2025<\/li>\n<li>entro 3 anni per le istanze pervenute dal 01\/01\/2026<\/li>\n<\/ul>\n<p>&nbsp;<\/p>\n<p>********************************<\/p>\n<p><strong>DOCUMENTAZIONE NECESSARIA<\/strong><\/p>\n<p>Il testo normativo novellato &#8211; consultabile al seguente\u00a0<a href=\"https:\/\/www.normattiva.it\/uri-res\/N2Ls?urn:nir:stato:legge:1992-02-05;91!vig=\">link<\/a> \u2013 prevede che i richiedenti nati all\u2019estero e in possesso di altra cittadinanza\u00a0<strong>non si considerano aver acquistato la cittadinanza italiana\u00a0<\/strong>in maniera automatica, salvo che:<\/p>\n<p><strong>A<\/strong>: un genitore o adottante cittadino italiano <strong>ha risieduto\u00a0in Italia per almeno due anni continuativi<\/strong> successivamente all\u2019acquisto della cittadinanza italiana e\u00a0<strong>prima<\/strong> della data di nascita (o adozione) del figlio.<\/p>\n<p><a href=\"https:\/\/consparigi.esteri.it\/wp-content\/uploads\/2025\/10\/Citt-FR_CASO-A-residenza-1.pdf\" target=\"_blank\" rel=\"noopener\"><strong>Clicca qui<\/strong><\/a><strong> per consultare la documentazione richiesta.<\/strong><\/p>\n<p>&nbsp;<\/p>\n<p>&nbsp;<\/p>\n<p><strong>B:<\/strong> un ascendente di primo o di secondo grado (genitori o nonni) possegga \u2013 o possedeva al momento della morte \u2013 <strong>esclusivamente\u00a0<\/strong>la cittadinanza italiana.<\/p>\n<p><a href=\"https:\/\/consparigi.esteri.it\/wp-content\/uploads\/2025\/10\/Citt-FR_CASO-B-esclusivo-possesso-cittadinanza-italiana-1.pdf\" target=\"_blank\" rel=\"noopener\"><strong>Clicca qui<\/strong><\/a><strong> per consultare la documentazione richiesta.<\/strong><\/p>\n<p>&nbsp;<\/p>\n<p><strong>Tutti i documenti devono essere presentati in originale e non saranno restituiti, a prescindere dall\u2019esito dell\u2019istanza di riconoscimento.<\/strong><\/p>\n<p><strong>La ricerca della documentazione \u00e8 a onere esclusivo del richiedente.<\/strong><\/p>\n<p><strong>L\u2019Ufficio Cittadinanza potr\u00e0 richiedere ulteriore documentazione qualora gli elementi a disposizione fossero ritenuti insufficienti per una corretta valutazione dell\u2019istanza di cittadinanza.<\/strong><\/p>\n<p>&nbsp;<\/p>\n<p>********************************<\/p>\n<p><strong>COSTI E INVIO DELLA DOMANDA<\/strong><\/p>\n<p>Per il trattamento della domanda di riconoscimento della cittadinanza italiana di persona maggiorenne \u00e8 dovuto un contributo previsto dalla legge che dal 01\/01\/2025 ammonta a\u00a0<strong>600\u20ac<\/strong>. Tale pagamento<strong> non implica in alcun modo l\u2019esito positivo del procedimento<\/strong>.<\/p>\n<p>Il pagamento di diritti consolari dovr\u00e0 essere effettuato con bonifico bancario sul conto corrente intestato a questo Consolato Generale d\u2019Italia:<\/p>\n<p>IBAN: FR76 3047 8000 0102 8019 3800 117\u00a0\u00a0\u00a0\u00a0\u00a0 BIC: MONTFRPPXXX<\/p>\n<p>Nella causale del bonifico dovr\u00e0 essere precisamente indicato: \u201cCognome Nome_ Cittadinanza\u201d.<\/p>\n<p>Una volta riunita <strong>tutta la documentazione<\/strong> dettagliata a seconda del caso, si prega di spedirla, <strong>in originale e per posta<\/strong>, corredata del <strong>giustificativo del bonifico bancario<\/strong> di 600\u20ac e del <a href=\"https:\/\/consparigi.esteri.it\/it\/servizi-consolari-e-visti\/servizi-per-il-cittadino-straniero\/modulistica-per-cittadini-stranieri\/\"><strong>modulo di richiesta di riconoscimento<\/strong><\/a> compilato e firmato, al seguente indirizzo:<\/p>\n<p><strong>Consulat G\u00e9n\u00e9ral d\u2019Italie \u00e0 Paris &#8211; Ufficio Cittadinanza<\/strong><\/p>\n<p><strong>5, boulevard \u00c9mile Augier<\/strong><\/p>\n<p><strong>75116 Paris<\/strong><\/p>\n<p>****<\/p>\n<p><strong>ULTERIORI PRECISAZIONI<\/strong><\/p>\n<p>L\u2019esame della domanda si basa sulla normativa in materia vigente dal momento dell\u2019emigrazione del nonno o del genitore italiano fino ad oggi (<em>ratione temporis<\/em>) nei Paesi coinvolti (<em>ratione loci<\/em>): leggi italiane sulla cittadinanza, leggi francesi sulla cittadinanza, convenzioni internazionali e loro interazioni. La vastit\u00e0 e la complessit\u00e0 della normativa in materia non permettono di presentare in questa pagina tutte le casistiche possibili.<\/p>\n<p>Tuttavia si tengano in considerazione i seguenti punti:<\/p>\n<ul>\n<li>L\u2019acquisto volontario della cittadinanza francese da parte di un cittadino italiano ha comportato fino ad una data recente (<a href=\"https:\/\/consparigi.esteri.it\/it\/servizi-consolari-e-visti\/servizi-per-il-cittadino-straniero\/cittadinanza\/perdita-e-riacquisto-della-cittadinanza\/\">salvo caso specifico<\/a>) la perdita automatica della cittadinanza italiana, senza che fosse necessaria una espressa rinuncia. La perdita della cittadinanza italiana coinvolge anche i figli minorenni, nonostante questi non abbiano espresso la volont\u00e0 di essere naturalizzati. Ne consegue quindi che\u00a0<strong>se il nonno\/a o il genitore italiano si \u00e8 naturalizzato francese prima della nascita o durante la minore et\u00e0 del discendente successivo, si \u00e8 interrotta la trasmissione della cittadinanza e non si ha diritto al riconoscimento della cittadinanza italiana\u00a0<\/strong>(cfr. artt 8 e 12 Legge 555\/1912 e Convenzione di Strasburgo 1963).<\/li>\n<li>La donna italiana trasmette la cittadinanza solo a partire dal\u00a0<strong>01\/01\/1948<\/strong>\u00a0(a determinate condizioni) e pienamente dal\u00a0<strong>27\/04\/1983<\/strong>. La donna italiana coniugata con cittadino francese acquistava automaticamente la cittadinanza francese e fino all\u201911\/01\/1973 perdeva la cittadinanza italiana.\u00a0<strong>Per maggiori informazioni sulla perdita della cittadinanza avvenuta tra il 01\/01\/1948 e il 11\/01\/1973 a seguito di matrimonio con cittadino francese e sul possibile riconoscimento del possesso ininterrotto della cittadinanza per la donna e per i suoi discendenti, si prega di consultare la sezione\u00a0<\/strong><a href=\"https:\/\/consparigi.esteri.it\/it\/servizi-consolari-e-visti\/servizi-per-il-cittadino-straniero\/cittadinanza\/casi-particolari\/\"><strong>CASI PARTICOLARI<\/strong><\/a><strong>.<\/strong><\/li>\n<li>La Francia ha sempre riconosciuto un\u00a0<strong>diritto del suolo<\/strong>\u00a0<strong>condizionale<\/strong>, cio\u00e8 condizionato a determinati criteri (durata della residenza, luogo di nascita dei genitori, etc.):\u00a0<strong>se i genitori non sono cittadini francesi, l\u2019acquisto della cittadinanza francese non \u00e8 automatico al momento della nascita su territorio francese<\/strong>. Ne consegue che per accertare la continuit\u00e0 nel possesso della cittadinanza italiana sono necessari documenti che attestino le modalit\u00e0 di acquisto della cittadinanza francese dai discendenti (es: copia del <em>Certificat de nationalit\u00e9 fran\u00e7aise<\/em>, decreto di naturalizzazione, etc.).<\/li>\n<\/ul>\n","protected":false},"excerpt":{"rendered":"Il Consolato Generale d\u2019Italia a Parigi \u00e8 l\u2019autorit\u00e0 competente in materia di riconoscimento di cittadinanza italiana\u00a0jure sanguinis\u00a0cio\u00e8 per discendenza da un genitore o da un\/a nonno\/a italiani, per le seguenti regioni: Bretagne, Bourgogne-Franche-Comt\u00e9 (soltanto per i dipartimenti C\u00f4te-d\u2019Or \u2013 21, Doubs \u2013 25, Jura \u2013 39, Yonne \u2013 89), Centre, Hauts de France, \u00cele-de-France, Normandie, [&hellip;]","protected":false},"author":4,"featured_media":0,"parent":166,"menu_order":0,"comment_status":"closed","ping_status":"closed","template":"","meta":{"footnotes":""},"class_list":["post-379","page","type-page","status-publish","hentry"],"_links":{"self":[{"href":"https:\/\/consparigi.esteri.it\/it\/wp-json\/wp\/v2\/pages\/379","targetHints":{"allow":["GET"]}}],"collection":[{"href":"https:\/\/consparigi.esteri.it\/it\/wp-json\/wp\/v2\/pages"}],"about":[{"href":"https:\/\/consparigi.esteri.it\/it\/wp-json\/wp\/v2\/types\/page"}],"author":[{"embeddable":true,"href":"https:\/\/consparigi.esteri.it\/it\/wp-json\/wp\/v2\/users\/4"}],"replies":[{"embeddable":true,"href":"https:\/\/consparigi.esteri.it\/it\/wp-json\/wp\/v2\/comments?post=379"}],"version-history":[{"count":7,"href":"https:\/\/consparigi.esteri.it\/it\/wp-json\/wp\/v2\/pages\/379\/revisions"}],"predecessor-version":[{"id":6634,"href":"https:\/\/consparigi.esteri.it\/it\/wp-json\/wp\/v2\/pages\/379\/revisions\/6634"}],"up":[{"embeddable":true,"href":"https:\/\/consparigi.esteri.it\/it\/wp-json\/wp\/v2\/pages\/166"}],"wp:attachment":[{"href":"https:\/\/consparigi.esteri.it\/it\/wp-json\/wp\/v2\/media?parent=379"}],"curies":[{"name":"wp","href":"https:\/\/api.w.org\/{rel}","templated":true}]}}