{"id":389,"date":"2023-01-25T16:10:36","date_gmt":"2023-01-25T15:10:36","guid":{"rendered":"https:\/\/consparigi.esteri.it\/?page_id=389"},"modified":"2025-11-28T15:00:49","modified_gmt":"2025-11-28T14:00:49","slug":"visto-di-studio-study-visa-visa-etudiant","status":"publish","type":"page","link":"https:\/\/consparigi.esteri.it\/it\/servizi-consolari-e-visti\/servizi-per-il-cittadino-straniero\/visti\/visto-di-studio-study-visa-visa-etudiant\/","title":{"rendered":"Visto di Studio\/Immatricolazione Lauree triennali, magistrali, Master e Dottorati"},"content":{"rendered":"<p><strong>Anno accademico 2025-2026<\/strong><\/p>\n<p>Il Consolato Generale d\u2019Italia a Parigi informa che il Ministero dell\u2019Universit\u00e0 e della Ricerca ha pubblicato le disposizioni e i calendari riguardanti le procedure di ingresso, permanenza e iscrizione degli studenti stranieri ai corsi di istruzione superiore in Italia per <strong>l\u2019anno accademico 2025-2026<\/strong> (<a href=\"http:\/\/www.studiare-in-italia.it\/studentistranieri\">http:\/\/www.studiare-in-italia.it\/studentistranieri<\/a>).<\/p>\n<p><strong>Prima di richiedere il visto, lo studente dovr\u00e0 effettuare la pre-iscrizione tramite il sito web Universitaly (<\/strong><a href=\"http:\/\/www.universitaly.it\/\"><strong>www.universitaly.it<\/strong><\/a><strong>).<\/strong> La pre-iscrizione \u00e8 obbligatoria per corsi di Laurea, Laurea Magistrale (biennale o a ciclo unico), corsi delle Istituzioni dell\u2019Alta Formazione Artistica Musicale e Coreutica (AFAM), corsi erogati dalle Scuole Superiori di Mediazione Linguistica (SSML), programmi di mobilit\u00e0 internazionale (es. Erasmus, Marco Polo e Turandot), corsi delle scuole di specializzazione, dottorati di ricerca, corsi di perfezionamento, master universitari di primo e secondo livello, corsi singoli, corsi di lingua e cultura italiana presso l\u2019Universit\u00e0 per gli studi Roma Tre, l\u2019Universit\u00e0 per stranieri di Perugia, di Siena, di Reggio Calabria \u201cDante Alighieri\u201d, corsi propedeutici (Foundation Course), corsi erogati dagli Istituti di Specializzazione in Psicoterapia.<\/p>\n<p><strong>In fase di pre-iscrizione il sito Universitaly consente di ottenere l\u2019attribuzione temporanea di un codice fiscale.<\/strong> All\u2019arrivo in Italia sar\u00e0 possibile confermare il codice fiscale tramite l\u2019Agenzia delle Entrate.<\/p>\n<p>Non \u00e8 richiesta la pre-iscrizione per corsi di Specializzazione Tecnica Post-Diploma organizzati dagli Istituti Tecnici Superiori (ITS), corsi di livello universitario o post universitario presso Universit\u00e0 pontificie, Universit\u00e0 private o Istituti di Alta formazione non accreditati presso il MUR.<\/p>\n<p>Solo dopo aver ricevuto la lettera di ammissione provvisoria di Universitaly, lo studente pu\u00f2 procedere con la richiesta di visto fissando un appuntamento tramite il sistema di prenotazione\u00a0<a href=\"https:\/\/prenotami.esteri.it\/\">Prenot@mi<\/a>\u00a0(https:\/\/prenotami.esteri.it).<\/p>\n<p>Si ricorda che potranno richiedere un visto per studio\/immatricolazione solo gli studenti che si iscrivono al primo anno di un corso di studi. Gli studenti che si recano in Italia per frequentare anni successivi al primo dovranno utilizzare il Permesso di soggiorno richiesto in occasione del rilascio del primo visto o la ricevuta della domanda di rinnovo.<\/p>\n<p>Le domande di visto per immatricolazione ai seguenti corsi devono essere presentate\u00a0<strong>entro il 30 novembre 2025<\/strong>:<\/p>\n<ul>\n<li>corsi di Laurea, Laurea Magistrale (biennale o a ciclo unico);<\/li>\n<li>ai corsi accademici singoli;<\/li>\n<li>corsi delle Istituzioni dell&#8217;Alta Formazione Artistica Musicale e Coreutica (AFAM);<\/li>\n<li>corsi delle Scuole Superiori di Mediazione Linguistica (SSML);<\/li>\n<li>programmi di mobilit\u00e0 internazionale (es. Erasmus);<\/li>\n<li>corsi erogati dagli Istituti di Specializzazione in Psicoterapia.<\/li>\n<\/ul>\n<p>&nbsp;<\/p>\n<p><strong>Come richiedere un visto di studio<\/strong><\/p>\n<p>Le domande vanno presentate\u00a0<strong>almeno 15 giorni prima della data di viaggio<\/strong> e massimo 6 mesi prima.<br \/>\nL\u2019esame delle domande per visti di studio di tipo D possono richiedere fino a 90 giorni. Pertanto, al fine di rendere il processo il pi\u00f9 rapido possibile, i richiedenti sono invitati a presentare una domanda completa di tutti i documenti necessari. Una domanda incompleta potrebbe essere rifiutata o comportare tempi di trattazione pi\u00f9 lunghi.<\/p>\n<p>Il giorno dell\u2019appuntamento sar\u00e0 necessario fornire i seguenti documenti:<\/p>\n<ol>\n<li><a href=\"https:\/\/consparigi.esteri.it\/it\/servizi-consolari-e-visti\/servizi-per-il-cittadino-straniero\/modulistica-per-cittadini-stranieri\/\">Modulo di domanda<\/a>\u00a0debitamente compilato e firmato;<\/li>\n<li>Un passaporto valido (e una copia) che soddisfi i seguenti criteri:\n<ol type=\"a\">\n<li>la validit\u00e0 deve essere di almeno tre mesi in pi\u00f9 rispetto al visto richiesto;<\/li>\n<li>deve contenere almeno due pagine vuote;<\/li>\n<li>deve essere stato rilasciato negli ultimi 10 anni;<\/li>\n<\/ol>\n<\/li>\n<li>Una foto a colori formato passaporto, sfondo bianco, datata meno di 6 mesi (<a href=\"https:\/\/consparigi.esteri.it\/wp-content\/uploads\/2023\/01\/specifiche_foto.pdf\">vedi specifiche<\/a>);<\/li>\n<li>Copia di un permesso di soggiorno francese valido o di un visto D rilasciato dalla Francia con la relativa ricevuta di \u201c<em>validation en ligne<\/em>\u201d;<\/li>\n<li>Documento giustificativo di domicilio in Francia recente (ad esempio bolletta luce, gas, buste paga, avis d\u2019imposition,\u00a0attestation des droits de la securit\u00e9 sociale);<\/li>\n<li>Copia di eventuali precedenti visti Schengen o di tipo \u201cD\u201d;<\/li>\n<li>Lettera di iscrizione dell\u2019Universit\u00e0 italiana (o istituto AFAM) da frequentare;<\/li>\n<li>La documentazione propedeutica da presentare alle Rappresentanze diplomatico-consolari all\u2019atto della richiesta di visto d\u2019ingresso per i\u00a0<strong>corsi di Laurea\/Diploma accademico di primo livello<\/strong>\u00a0e per quelli a ciclo unico \u00e8 la seguente:\n<ol type=\"a\">\n<li>titolo finale in originale degli studi secondari, conseguito con almeno 12 anni di scolarit\u00e0, oppure certificato sostitutivo a tutti gli effetti di legge. Il titolo finale pu\u00f2 essere corredato in alternativa da attestazione rilasciata dal centro ENIC-NARIC italiano (CIMEA), da attestazioni di enti ufficiali esteri o da eventuale Dichiarazione di valore. <strong>Qualora l\u2019Universit\u00e0 o l\u2019Istituzione superiore richieda la presentazione (anche in un secondo momento) di una Dichiarazione di Valore o<\/strong> <strong>di altra attestazione (ad esempio l\u2019Attestato di comparabilit\u00e0 rilasciato dal centro ENIC-NARIC italiano CIMEA), la stessa va obbligatoriamente presentata all\u2019atto della domanda di visto<\/strong>;<\/li>\n<li>certificato attestante il superamento di prove di idoneit\u00e0 accademica, eventualmente previste per l\u2019accesso all\u2019Universit\u00e0 di rispettivi Paesi di provenienza;<\/li>\n<li>eventuali traduzioni in italiano dei documenti indicati ai punti a) e b);<\/li>\n<li>eventuale altra documentazione riferita alla verifica della veridicit\u00e0 del titolo di studio estero;<\/li>\n<li>il riepilogo della domanda di preiscrizione effettuata su Universitaly (<a href=\"http:\/\/www.universitaly.it\/\">universitaly.it<\/a>) come validata dall\u2019Istituzione della formazione superiore.<\/li>\n<\/ol>\n<\/li>\n<li>La documentazione propedeutica da presentare alle Rappresentanze diplomatico-consolari all\u2019atto della richiesta di visto d\u2019ingresso per i\u00a0<strong>corsi di Laurea Magistrale\/Diploma accademico di secondo livello<\/strong>\u00a0e, pi\u00f9 in generale, per i\u00a0<strong>corsi di secondo e terzo ciclo (es. Dottorato)<\/strong>\u00a0\u00e8 la seguente:\n<ol type=\"a\">\n<li>titolo di studio ufficiale estero corrispondente al primo o al secondo ciclo del quadro dei titoli del Processo di Bologna e di livello 6 o 7 secondo il Quadro Europeo delle Qualificazioni (European Qualifications Framework \u2013 EQF), a seconda dell\u2019ingresso a corsi di secondo o terzo ciclo, conseguito presso una istituzione della formazione superiore che consenta in loco il proseguimento degli studi presso Istituzioni accademiche nel livello successivo (secondo ciclo o terzo ciclo del Processo di Bologna\/livello 7 o 8 EQF) e che non presenti alcuna \u201cdifferenza sostanziale\u201d secondo i principi della Convenzione di Lisbona e la metodologia nazionale adottata dal centro ENIC-NARIC italiano (CIMEA);<\/li>\n<li>il titolo finale pu\u00f2 essere corredato in alternativa da attestazione rilasciata dal centro ENIC-NARIC italiano (CIMEA), da attestazione di enti ufficiali esteri o da eventuale Dichiarazione di valore. <strong>Qualora l\u2019Universit\u00e0 o l\u2019Istituzione superiore richieda la presentazione (anche in un secondo momento) di una Dichiarazione di Valore o<\/strong> <strong>di altra attestazione (ad esempio l\u2019Attestato di comparabilit\u00e0 rilasciato dal centro ENIC-NARIC italiano CIMEA), la stessa va obbligatoriamente presentata all\u2019atto della domanda di visto<\/strong>;<\/li>\n<li>certificato rilasciato dalla competente Istituzione della formazione superiore attestante gli esami superati, nonch\u00e9 per ogni disciplina, i programmi dettagliati per il conseguimento dei titoli predetti. Lo studente pu\u00f2 verificare al momento della pubblicazione dei posti che ciascuna Istituzione della formazione superiore riserva per i singoli corsi, se e per quali lingue straniere sia o meno esonerato dal tradurre tale certificato. Gli studi post secondari (esami e crediti) gi\u00e0 compiuti possono essere attestati dal Diploma Supplement, ove adottato;<\/li>\n<li>eventuali traduzioni in italiano dei documenti indicati ai punti a) e b);<\/li>\n<li>eventuale altra documentazione riferita alla verifica della veridicit\u00e0 del titolo di studio estero;<\/li>\n<li>il riepilogo della domanda di preiscrizione come validata dall\u2019Istituzione della formazione superiore.<\/li>\n<\/ol>\n<\/li>\n<li>Idonea certificazione attestante la conoscenza della lingua nella quale verr\u00e0 erogato il corso non inferiore al livello B2 del Consiglio d\u2019Europa;<\/li>\n<li>Prova del possesso di sufficienti mezzi di sussistenza. \u00c8 richiesto un minimo di 534,41 \u20ac al mese per l\u2019anno accademico (6.947,33 \u20ac all\u2019anno). Si noti che questa cifra non include le spese indicate al punto 12, cos\u00ec come le tasse di iscrizione, che, se non saldate, vanno aggiunte al calcolo dei mezzi di sussistenza.<br \/>\nIl richiedente deve fornire:<\/p>\n<ol type=\"a\">\n<li>Gli estratti conto degli ultimi 3 mesi relativi ad un conto corrente a lui intestato in Francia;<\/li>\n<li>Se lo studente non dispone di mezzi propri, sar\u00e0 necessario presentare una lettera dei genitori che attesti il loro impegno a sostenere finanziariamente lo studente, corredata da una copia del passaporto o di un documento d\u2019identit\u00e0 con firma visibile e dai loro estratti conto degli ultimi 3 mesi. Gli importi inviati dovranno essere visibili sul conto dello studente. I documenti (inclusi i conti correnti) in lingue diverse dall\u2019italiano, dal francese o dall\u2019inglese, dovranno essere corredati da traduzione ufficiale.<\/li>\n<li>In aggiunta il richiedente pu\u00f2 fornire uno o pi\u00f9 dei seguenti elementi:\n<ul>\n<li>Gli estratti conto degli ultimi 3 mesi di una carta di credito internazionale personale o dei genitori;<\/li>\n<li>Prova di altre risorse finanziarie personali (es. borsa di studio, altre garanzie economiche personali o di enti o cittadini italiani o stranieri regolarmente soggiornanti nel territorio dello Stato, o fornite da Istituzioni ed Enti italiani di accertato credito, comprese le Universit\u00e0, da Governi locali, da Istituzioni ed Enti stranieri considerati affidabili dalla Rappresentanza diplomatica italiana);<\/li>\n<\/ul>\n<\/li>\n<\/ol>\n<\/li>\n<li>Biglietto di viaggio di ritorno o prova della disponibilit\u00e0 dei mezzi finanziari necessari per il rimpatrio (da sommarsi a quanto richiesto al punto 11);<\/li>\n<li>Prova di un adeguato alloggio in Italia (contratto di alloggio in residenza universitaria, contratto di locazione di un appartamento debitamente registrato o prenotazione alberghiera non inferiore a 30 giorni). In caso di alloggio presso un privato, il proprietario deve fornire una dichiarazione di ospitalit\u00e0 (<a href=\"https:\/\/consparigi.esteri.it\/it\/servizi-consolari-e-visti\/servizi-per-il-cittadino-straniero\/modulistica-per-cittadini-stranieri\/\">disponibile qui<\/a>) accompagnata da una copia di un documento d\u2019identit\u00e0 con firma visibile;<\/li>\n<li>Polizza assicurativa stipulata in Francia o presso una societ\u00e0 italiana a copertura dell\u2019intero soggiorno, che comprenda una copertura ospedaliera completa e illimitata. Deve essere fornito un dettagliato elenco delle prestazioni garantite;<\/li>\n<li>Copia di una prenotazione confermata di viaggio (volo\/treno\/bus);<\/li>\n<li>Il costo di un visto di studio di tipo \u201cD\u201d \u00e8 di 50 \u20ac e non \u00e8 rimborsabile, salvo nei casi di inammissibilit\u00e0 della domanda. Sar\u00e0 possibile effettuare il pagamento solamente in contanti e con l\u2019importo esatto (potrebbe non essere disponibile il resto);<\/li>\n<li>Nel caso in cui il richiedente opti per l\u2019invio del passaporto presso il proprio domicilio in Francia, sar\u00e0 necessario fornire una busta di formato A5 con un francobollo per \u201cLettera raccomandata con avviso di ricezione R2, 100 g\u201d.<br \/>\nIl Consolato declina ogni responsabilit\u00e0 in caso di smarrimento o danni derivanti dalla spedizione.<\/li>\n<\/ol>\n<p>Se necessario il Consolato Generale pu\u00f2 richiedere documenti aggiuntivi e\/o un colloquio personale. La presentazione di tutti i documenti richiesti non garantisce l\u2019ottenimento di un visto.<br \/>\nLe informazioni sopra menzionate possono essere soggette a modifiche senza preavviso. Non si accetta alcuna responsabilit\u00e0 per le conseguenze di tali cambiamenti.<\/p>\n<p>&nbsp;<\/p>\n","protected":false},"excerpt":{"rendered":"Anno accademico 2025-2026 Il Consolato Generale d\u2019Italia a Parigi informa che il Ministero dell\u2019Universit\u00e0 e della Ricerca ha pubblicato le disposizioni e i calendari riguardanti le procedure di ingresso, permanenza e iscrizione degli studenti stranieri ai corsi di istruzione superiore in Italia per l\u2019anno accademico 2025-2026 (http:\/\/www.studiare-in-italia.it\/studentistranieri). Prima di richiedere il visto, lo studente dovr\u00e0 [&hellip;]","protected":false},"author":7,"featured_media":0,"parent":165,"menu_order":1,"comment_status":"closed","ping_status":"closed","template":"","meta":{"footnotes":""},"class_list":["post-389","page","type-page","status-publish","hentry"],"_links":{"self":[{"href":"https:\/\/consparigi.esteri.it\/it\/wp-json\/wp\/v2\/pages\/389","targetHints":{"allow":["GET"]}}],"collection":[{"href":"https:\/\/consparigi.esteri.it\/it\/wp-json\/wp\/v2\/pages"}],"about":[{"href":"https:\/\/consparigi.esteri.it\/it\/wp-json\/wp\/v2\/types\/page"}],"author":[{"embeddable":true,"href":"https:\/\/consparigi.esteri.it\/it\/wp-json\/wp\/v2\/users\/7"}],"replies":[{"embeddable":true,"href":"https:\/\/consparigi.esteri.it\/it\/wp-json\/wp\/v2\/comments?post=389"}],"version-history":[{"count":7,"href":"https:\/\/consparigi.esteri.it\/it\/wp-json\/wp\/v2\/pages\/389\/revisions"}],"predecessor-version":[{"id":6288,"href":"https:\/\/consparigi.esteri.it\/it\/wp-json\/wp\/v2\/pages\/389\/revisions\/6288"}],"up":[{"embeddable":true,"href":"https:\/\/consparigi.esteri.it\/it\/wp-json\/wp\/v2\/pages\/165"}],"wp:attachment":[{"href":"https:\/\/consparigi.esteri.it\/it\/wp-json\/wp\/v2\/media?parent=389"}],"curies":[{"name":"wp","href":"https:\/\/api.w.org\/{rel}","templated":true}]}}