{"id":3913,"date":"2024-04-24T17:11:08","date_gmt":"2024-04-24T15:11:08","guid":{"rendered":"https:\/\/consparigi.esteri.it\/?page_id=3913"},"modified":"2025-06-30T14:30:06","modified_gmt":"2025-06-30T12:30:06","slug":"visto-di-studio-tirocinio","status":"publish","type":"page","link":"https:\/\/consparigi.esteri.it\/it\/servizi-consolari-e-visti\/servizi-per-il-cittadino-straniero\/visti\/visto-di-studio-tirocinio\/","title":{"rendered":"Visto di studio\/tirocinio"},"content":{"rendered":"<p style=\"text-align: justify;\">Per richiedere un visto sar\u00e0 necessario prenotare un appuntamento tramite il sistema di prenotazione\u00a0<a href=\"https:\/\/prenotami.esteri.it\/\">Prenot@mi<\/a>\u00a0(https:\/\/prenotami.esteri.it).<\/p>\n<h3 style=\"text-align: justify;\">\nCome richiedere un visto di studio\/tirocinio<\/h3>\n<p style=\"text-align: justify;\">Le domande vanno presentate\u00a0<strong>almeno 15 giorni prima della data di viaggio<\/strong>\u00a0e massimo 6 mesi prima. L\u2019esame delle domande per visti di studio di tipo D pu\u00f2 richiedere fino a 90 giorni. Pertanto, al fine di rendere il processo il pi\u00f9 rapido possibile, i richiedenti sono invitati presentare una domanda completa di tutti i documenti necessari. Una domanda incompleta potrebbe essere rifiutata o comportare tempi di trattazione pi\u00f9 lunghi.<\/p>\n<p style=\"text-align: justify;\">Il giorno dell\u2019appuntamento sar\u00e0 necessario fornire i seguenti documenti:<\/p>\n<ol style=\"text-align: justify;\">\n<li><a href=\"https:\/\/consparigi.esteri.it\/it\/servizi-consolari-e-visti\/servizi-per-il-cittadino-straniero\/modulistica-per-cittadini-stranieri\/\">Modulo di domanda<\/a>\u00a0debitamente compilato e firmato;<\/li>\n<li>Un passaporto valido che soddisfi i seguenti criteri:\n<ul>\n<li>la validit\u00e0 deve essere di almeno tre mesi in pi\u00f9 rispetto al visto richiesto;<\/li>\n<li>deve contenere almeno due pagine vuote;<\/li>\n<li>deve essere stato rilasciato negli ultimi 10 anni;<\/li>\n<\/ul>\n<\/li>\n<li>Una foto a colori formato passaporto, sfondo bianco, datata meno di 6 mesi (<a href=\"https:\/\/consparigi.esteri.it\/wp-content\/uploads\/2023\/01\/specifiche_foto.pdf\">vedi specifiche<\/a>);<\/li>\n<li>Copia di un permesso di soggiorno francese valido;<\/li>\n<\/ol>\n<ol style=\"text-align: justify;\" start=\"5\">\n<li>Documento giustificativo di domicilio in Francia recente (ad esempio bolletta luce, gas, buste paga, avis d\u2019imposition, attestation des droits de la securit\u00e9 sociale);<\/li>\n<li>Copia di eventuali precedenti visti Schengen o di tipo \u201cD\u201d;<\/li>\n<\/ol>\n<ol style=\"text-align: justify;\">\n<li>In caso di\u00a0<strong>tirocinio curricolare (art. 39bis del Dlgs 286\/1998)<\/strong>, all\u2019interno del periodo di frequenza del corso di studi o del corso di formazione, sar\u00e0 necessario fornire:\n<ul>\n<li>una lettera dell\u2019Universit\u00e0 o di un centro di formazione professionale operante in regime di convenzione con la Regione o la Provincia o accreditato, nella quale si specifichi il motivo del soggiorno e la durata esatta del tirocinio;<\/li>\n<li>una copia della convenzione di formazione tra istituzione formativa inviante, ente di accoglienza e studente, indicante programma, condizioni di inserimento e di supervisione del tirocinio, gli obiettivi e la durata, le risorse messe a disposizione dei richiedenti per la permanenza e per le spese di vitto e alloggio, le spese per il viaggio di ritorno, la stipula di una polizza assicurativa per malattia;<\/li>\n<\/ul>\n<\/li>\n<li>In caso di\u00a0<strong>tirocinio formativo (detto anche \u201cextracurriculare\u201d)<\/strong>\u00a0riguardante attivit\u00e0 nell\u2019ambito di un tirocinio funzionale al completamento di un percorso professionale promosso dai soggetti individuati dalle discipline regionali in materia di tirocini extracurriculari e di orientamento, lo studente deve fornire:\n<ul>\n<li>il progetto formativo vistato dall\u2019Assessorato competente della Regione interessata; Il progetto dovr\u00e0 essere inserito nella piattaforma PIT dalla quale si verificher\u00e0 l\u2019approvazione della Provincia o della Regione.<\/li>\n<\/ul>\n<\/li>\n<li>Prova del possesso di sufficienti mezzi di sussistenza: Il richiedente dovr\u00e0 dimostrare la disponibilit\u00e0 di adeguati mezzi di sostentamento, valutati sulla base di quanto previsto dalla Direttiva del Ministero dell\u2019Interno del 1.3.2000. Alla determinazione di tale disponibilit\u00e0 concorre anche la obbligatoria indennit\u00e0 di partecipazione prevista dal progetto formativo. A tal proposito il richiedente dovr\u00e0 fornire:<\/li>\n<\/ol>\n<ol style=\"text-align: justify;\">\n<li>Gli estratti conto degli ultimi 3 mesi relativi ad un conto corrente a lui intestato in Francia;<\/li>\n<li>Se lo studente non dispone di mezzi propri, sar\u00e0 necessario presentare una lettera dei genitori che attesti il loro impegno a sostenere finanziariamente lo studente, corredata da una copia del passaporto o di un documento d\u2019identit\u00e0 con firma visibile e dai loro estratti conto degli ultimi 3 mesi. Gli importi inviati dovranno essere visibili sul conto dello studente. I documenti (inclusi i conti correnti) in lingue diverse dall\u2019italiano, dal francese o dall\u2019inglese, dovranno essere corredati da traduzione ufficiale.<\/li>\n<\/ol>\n<p style=\"text-align: justify;\">In aggiunta il richiedente pu\u00f2 fornire uno o pi\u00f9 dei seguenti elementi:<\/p>\n<ul style=\"text-align: justify;\">\n<li>Gli estratti conto degli ultimi 3 mesi di una carta di credito internazionale personale o dei genitori;<\/li>\n<\/ul>\n<ol style=\"text-align: justify;\">\n<li style=\"list-style-type: none;\">\n<ul>\n<li>Prova di altre risorse finanziarie personali (es. borsa di studio, altre garanzie economiche personali o di enti o cittadini italiani o stranieri regolarmente soggiornanti nel territorio dello Stato, o fornite da Istituzioni ed Enti italiani di accertato credito, comprese le Universit\u00e0, da Governi locali, da Istituzioni ed Enti stranieri considerati affidabili dalla Rappresentanza diplomatica italiana);<\/li>\n<\/ul>\n<\/li>\n<\/ol>\n<ol style=\"text-align: justify;\" start=\"10\">\n<li>Ai mezzi di cui al punto precedente dovr\u00e0 aggiungersi l\u2019importo necessario per acquistare il biglietto di ritorno o una prenotazione;<\/li>\n<li>Prova di un adeguato alloggio in Italia da comprovarsi tramite la presentazione di:<\/li>\n<\/ol>\n<ol style=\"text-align: justify;\">\n<li style=\"list-style-type: none;\">\n<ul>\n<li>contratto di alloggio in residenza universitaria;<\/li>\n<li>contratto di locazione di un appartamento debitamente registrato;<\/li>\n<li>prenotazione alberghiera per il primo periodo del soggiorno;<\/li>\n<li>dichiarazione di ospitalit\u00e0 (<a href=\"https:\/\/consparigi.esteri.it\/it\/servizi-consolari-e-visti\/servizi-per-il-cittadino-straniero\/modulistica-per-cittadini-stranieri\/\">disponibile qui<\/a>) di un privato cittadino accompagnata da una copia di un documento d\u2019identit\u00e0 con firma visibile;<\/li>\n<\/ul>\n<\/li>\n<\/ol>\n<ol style=\"text-align: justify;\" start=\"12\">\n<li>Polizza assicurativa stipulata in Francia o presso una societ\u00e0 italiana a copertura dell\u2019intero soggiorno, che comprenda una copertura ospedaliera completa ed illimitata. Deve essere fornito un dettagliato elenco delle prestazioni garantite;<\/li>\n<li>Copia della prenotazione di viaggio (volo\/treno\/bus);<\/li>\n<li>Il costo di un visto di studio di tipo \u201cD\u201d \u00e8 di 50 \u20ac e non \u00e8 rimborsabile, salvo nei casi di inammissibilit\u00e0 della domanda. Sar\u00e0 possibile effettuare il pagamento solamente in contanti e con l\u2019importo esatto (potrebbe non essere disponibile il resto);<\/li>\n<li>\u00c8 possibile optare per l\u2019invio del passaporto presso il proprio domicilio in Francia. In tal caso sar\u00e0 necessario fornire una busta di formato A5 con un francobollo per \u201cLettera raccomandata con avviso di ricezione R2, 100 g\u201d. In tal caso il Consolato non \u00e8 responsabile di eventuali smarrimenti o danni derivanti dalla spedizione.<\/li>\n<\/ol>\n<p style=\"text-align: justify;\">Se necessario il Consolato Generale pu\u00f2 richiedere documenti aggiuntivi e\/o un colloquio personale. La presentazione di tutti i documenti richiesti non garantisce l\u2019ottenimento di un visto.<br \/>\nLe informazioni sopra menzionate possono essere soggette a modifiche senza preavviso. Non si accetta alcuna responsabilit\u00e0 per le conseguenze di tali cambiamenti.<\/p>\n","protected":false},"excerpt":{"rendered":"Per richiedere un visto sar\u00e0 necessario prenotare un appuntamento tramite il sistema di prenotazione\u00a0Prenot@mi\u00a0(https:\/\/prenotami.esteri.it). Come richiedere un visto di studio\/tirocinio Le domande vanno presentate\u00a0almeno 15 giorni prima della data di viaggio\u00a0e massimo 6 mesi prima. L\u2019esame delle domande per visti di studio di tipo D pu\u00f2 richiedere fino a 90 giorni. Pertanto, al fine di [&hellip;]","protected":false},"author":7,"featured_media":0,"parent":165,"menu_order":3,"comment_status":"closed","ping_status":"closed","template":"","meta":{"footnotes":""},"class_list":["post-3913","page","type-page","status-publish","hentry"],"_links":{"self":[{"href":"https:\/\/consparigi.esteri.it\/it\/wp-json\/wp\/v2\/pages\/3913","targetHints":{"allow":["GET"]}}],"collection":[{"href":"https:\/\/consparigi.esteri.it\/it\/wp-json\/wp\/v2\/pages"}],"about":[{"href":"https:\/\/consparigi.esteri.it\/it\/wp-json\/wp\/v2\/types\/page"}],"author":[{"embeddable":true,"href":"https:\/\/consparigi.esteri.it\/it\/wp-json\/wp\/v2\/users\/7"}],"replies":[{"embeddable":true,"href":"https:\/\/consparigi.esteri.it\/it\/wp-json\/wp\/v2\/comments?post=3913"}],"version-history":[{"count":5,"href":"https:\/\/consparigi.esteri.it\/it\/wp-json\/wp\/v2\/pages\/3913\/revisions"}],"predecessor-version":[{"id":5675,"href":"https:\/\/consparigi.esteri.it\/it\/wp-json\/wp\/v2\/pages\/3913\/revisions\/5675"}],"up":[{"embeddable":true,"href":"https:\/\/consparigi.esteri.it\/it\/wp-json\/wp\/v2\/pages\/165"}],"wp:attachment":[{"href":"https:\/\/consparigi.esteri.it\/it\/wp-json\/wp\/v2\/media?parent=3913"}],"curies":[{"name":"wp","href":"https:\/\/api.w.org\/{rel}","templated":true}]}}