{"id":4033,"date":"2024-05-27T15:20:23","date_gmt":"2024-05-27T13:20:23","guid":{"rendered":"https:\/\/consparigi.esteri.it\/?page_id=4033"},"modified":"2024-06-01T11:41:33","modified_gmt":"2024-06-01T09:41:33","slug":"4033-2","status":"publish","type":"page","link":"https:\/\/consparigi.esteri.it\/it\/servizi-consolari-e-visti\/servizi-per-il-cittadino-italiano\/servizi-elettorali\/elezioni-europee-2024\/4033-2\/","title":{"rendered":""},"content":{"rendered":"<p>I certificati elettorali sono stati spediti dal Ministero dell\u2019Interno all\u2019indirizzo di residenza in Francia degli elettori iscritti all\u2019AIRE che non abbiano optato per il voto per i membri del Parlamento europeo spettanti alla Francia. Nel certificato sono specificati giorni, orari e luogo della votazione.<\/p>\n<p>Tale certificato stato \u00e8 spedito anche agli elettori italiani che si trovano temporaneamente in Francia per motivi di studio o lavoro, e ai loro familiari conviventi, che abbiano presentato apposita domanda entro il 21 marzo scorso.<\/p>\n<p>Gli elenchi delle sezioni elettorali, istituite dal Consolato Generale d\u2019Italia a Parigi sono pubblicate nella\u00a0<a href=\"https:\/\/consparigi.esteri.it\/it\/news\/dal_consolato\/2024\/05\/elezioni-europee-2024-seggi-istituiti-dal-consolato-generale-ditalia-a-parigi\/\" target=\"_BLANK\" rel=\"noopener\">sezione dedicata<\/a>\u00a0sul sito.<\/p>\n<p><u>N.B.: nel certificato elettorale \u00e8 indicata la sezione elettorale a cui l\u2019elettore \u00e8 assegnato<\/u>.<\/p>\n<p class=\"m_-1664529395757406956null\">A partire dal 4 giugno, gli elettori inseriti in elenco che non hanno ricevuto il certificato elettorale possono fare richiesta di un duplicato con le seguenti modalit\u00e0:<u><\/u><u><\/u><\/p>\n<p class=\"m_-1664529395757406956null\">&#8211; la domanda\u00a0<i>(<a href=\"https:\/\/consparigi.esteri.it\/wp-content\/uploads\/2024\/05\/Modulo-richiesta-duplicato.doc\">cliccare qui per scaricare il modulo<\/a>)<\/i>\u00a0pu\u00f2 essere presentata di persona in Consolato oppure via e-mail (<a href=\"mailto:elezioni.parigi@esteri.it\" target=\"_blank\" rel=\"noopener\">elezioni.parigi@esteri.it<\/a>) oppure via pec (<a href=\"mailto:con.parigi.anagrafe@cert.esteri.it\" target=\"_blank\" rel=\"noopener\">con.parigi.anagrafe@cert.<wbr \/>esteri.it<\/a>);<u><\/u><u><\/u><\/p>\n<p class=\"m_-1664529395757406956null\">&#8211; la domanda inviata via e-mail o pec deve essere compilata completamente, firmata a penna e accompagnata da copia di un documento di riconoscimento (anche francese) valido; in mancanza di uno di questi requisiti non sar\u00e0 presa in considerazione;<u><\/u><u><\/u><\/p>\n<p class=\"m_-1664529395757406956null\">&#8211; la richiesta di duplicato potr\u00e0 essere presentata in Consolato marted\u00ec 4 e gioved\u00ec 6 giugno dalle 09:00 alle 12:00; mercoled\u00ec 5 giugno dalle 09:00 alle 12:00 e dalle 14:00 alle 16:00, venerd\u00ec 7 giugno dalle 9:00 alle 12:00 e dalle 17:00 alle 22:00; sabato 8 giugno dalle 7:00 alle 18:00.<\/p>\n","protected":false},"excerpt":{"rendered":"I certificati elettorali sono stati spediti dal Ministero dell\u2019Interno all\u2019indirizzo di residenza in Francia degli elettori iscritti all\u2019AIRE che non abbiano optato per il voto per i membri del Parlamento europeo spettanti alla Francia. Nel certificato sono specificati giorni, orari e luogo della votazione. Tale certificato stato \u00e8 spedito anche agli elettori italiani che si [&hellip;]","protected":false},"author":9,"featured_media":4038,"parent":3367,"menu_order":0,"comment_status":"closed","ping_status":"closed","template":"","meta":{"footnotes":""},"class_list":["post-4033","page","type-page","status-publish","has-post-thumbnail","hentry"],"_links":{"self":[{"href":"https:\/\/consparigi.esteri.it\/it\/wp-json\/wp\/v2\/pages\/4033","targetHints":{"allow":["GET"]}}],"collection":[{"href":"https:\/\/consparigi.esteri.it\/it\/wp-json\/wp\/v2\/pages"}],"about":[{"href":"https:\/\/consparigi.esteri.it\/it\/wp-json\/wp\/v2\/types\/page"}],"author":[{"embeddable":true,"href":"https:\/\/consparigi.esteri.it\/it\/wp-json\/wp\/v2\/users\/9"}],"replies":[{"embeddable":true,"href":"https:\/\/consparigi.esteri.it\/it\/wp-json\/wp\/v2\/comments?post=4033"}],"version-history":[{"count":2,"href":"https:\/\/consparigi.esteri.it\/it\/wp-json\/wp\/v2\/pages\/4033\/revisions"}],"predecessor-version":[{"id":4067,"href":"https:\/\/consparigi.esteri.it\/it\/wp-json\/wp\/v2\/pages\/4033\/revisions\/4067"}],"up":[{"embeddable":true,"href":"https:\/\/consparigi.esteri.it\/it\/wp-json\/wp\/v2\/pages\/3367"}],"wp:featuredmedia":[{"embeddable":true,"href":"https:\/\/consparigi.esteri.it\/it\/wp-json\/wp\/v2\/media\/4038"}],"wp:attachment":[{"href":"https:\/\/consparigi.esteri.it\/it\/wp-json\/wp\/v2\/media?parent=4033"}],"curies":[{"name":"wp","href":"https:\/\/api.w.org\/{rel}","templated":true}]}}