{"id":421,"date":"2023-01-26T10:40:16","date_gmt":"2023-01-26T09:40:16","guid":{"rendered":"https:\/\/consparigi.esteri.it\/?page_id=421"},"modified":"2026-01-19T16:26:36","modified_gmt":"2026-01-19T15:26:36","slug":"permanenza-consolare-a-digione","status":"publish","type":"page","link":"https:\/\/consparigi.esteri.it\/it\/chi-siamo\/la-rete-consolare\/permanenza-consolare-a-digione\/","title":{"rendered":"Permanenza Consolare a Digione"},"content":{"rendered":"<p>I connazionali residenti nei dipartimenti della <strong>Cote d\u2019Or<\/strong> (21), del <strong>Doubs<\/strong> (25), del <strong>Jura<\/strong> (39), della <strong>Haute Sa<\/strong><strong>\u00f4<\/strong><strong>ne<\/strong> (70) e della <strong>Yonne<\/strong> (89), maggiori di anni 12 e regolarmente iscritti all\u2019AIRE, possono rivolgersi alla Permanenza Consolare di Digione per le procedure riguardanti il rilascio del passaporto.<\/p>\n<p>La Permanenza riceve <strong><u>esclusivamente su appuntamento<\/u><\/strong>, da prenotare tramite il portale <a href=\"https:\/\/consparigi.esteri.it\/it\/chi-siamo\/gli-uffici\/informazioni-utili\/prenotmi\/\">Prenot@mi, <\/a>selezionando la voce \u201cServizi consolari\/Permanenza di Digione\u201d.<br \/>\nPer conoscere le date della Permanenza e per eventuali problematiche, scrivere a <a href=\"mailto:passaporti.parigi@esteri.it\">passaporti.parigi@esteri.it<\/a><\/p>\n<p><strong><u>Si prega di non contattare la Mairie di Digione per richieste di appuntamenti.<\/u><\/strong><\/p>\n<p>La Permanenza si effettua presso il Comune di Digione all\u2019indirizzo 11 Rue de L\u2019H\u00f4pital 21000 Digione (link a Google Maps: <a href=\"https:\/\/goo.gl\/maps\/MM2RhZL2q1cbATvF7\">https:\/\/goo.gl\/maps\/MM2RhZL2q1cbATvF7<\/a>).<\/p>\n<p>Per ogni altro tipo di informazione\/richiesta, si prega di rivolgersi al Consolato Generale d\u2019Italia a Parigi (tel. 01 4430 4700 oppure 01 4430 4740) oppure visitare la pagina dedicata ai servizi consolari del sito web del Consolato Generale d\u2019Italia a Parigi: <a href=\"https:\/\/consparigi.esteri.it\/it\/servizi-consolari-e-visti\/servizi-per-il-cittadino-italiano\/\">https:\/\/consparigi.esteri.it\/it\/servizi-consolari-e-visti\/servizi-per-il-cittadino-italiano\/<\/a>.<\/p>\n<p>&nbsp;<\/p>\n<p><span style=\"text-decoration: underline; color: #ff0000;\"><strong>Quali documenti portare il giorno dell&#8217;appuntamento?<\/strong><\/span><\/p>\n<p>Per richiedere il passaporto presso la Permanenza di Digione <strong>\u00e8 necessario essere in<\/strong>\u00a0<strong>regola con l\u2019iscrizione all\u2019AIRE<\/strong>. Chi non \u00e8 ancora iscritto, perch\u00e9 precedentemente residente in Italia, oppure chi \u00e8 iscritto presso un altro Ufficio consolare, perch\u00e9 gi\u00e0 residente all\u2019estero ma in altra circoscrizione consolare, deve iscriversi\/aggiornare la propria posizione anagrafica CON ANTICIPO RISPETTO AL GIORNO DELL\u2019APPUNTAMENTO per l\u2019emissione del passaporto tramite il portale FAST IT raggiungibile al link\u00a0<a href=\"https:\/\/serviziconsolarionline.esteri.it\/\" target=\"_blank\" rel=\"noopener\">https:\/\/serviziconsolarionline.esteri.it<\/a>. Per maggiori informazioni sull\u2019AIRE\u00a0<a href=\"https:\/\/consparigi.esteri.it\/it\/servizi-consolari-e-visti\/servizi-per-il-cittadino-italiano\/anagrafe-degli-italiani-residenti-allestero-aire\/\">clicca qui<\/a>. Il portale FAST-IT segnaler\u00e0 all\u2019utente quando la richiesta di iscrizione\/aggiornamento \u00e8 stata accettata: lo stato della pratica passer\u00e0 a \u201ctrasmessa al Comune\/definita\u201d.<\/p>\n<p>Anche in caso di variazione del proprio indirizzo di residenza, si dovr\u00e0 effettuare l\u2019aggiornamento dell\u2019indirizzo CON ANTICIPO RISPETTO AL GIORNO DELL\u2019APPUNTAMENTO per l\u2019emissione del passaporto tramite il portale FAST IT raggiungibile al link \u00a0<a href=\"https:\/\/serviziconsolarionline.esteri.it\/\" target=\"_blank\" rel=\"noopener\">https:\/\/serviziconsolarionline.esteri.it<\/a>.\u00a0Per maggiori informazioni\u00a0<a href=\"https:\/\/consparigi.esteri.it\/it\/servizi-consolari-e-visti\/servizi-per-il-cittadino-italiano\/anagrafe-degli-italiani-residenti-allestero-aire\/\">clicca qui<\/a>. Il portale FAST-IT segnaler\u00e0 all\u2019utente quando la richiesta di aggiornamento \u00e8 stata accettata: lo stato della pratica passer\u00e0 a \u201cdefinita\u201d.<\/p>\n<h2><strong>Richiedere un passaporto per un cittadino maggiorenne<\/strong><\/h2>\n<p>Per il rilascio di un nuovo passaporto in favore di cittadini italiani maggiorenni occorre presentarsi di persona (previo appuntamento da ottenere collegandosi a <a href=\"https:\/\/prenotami.esteri.it\/\">Prenot@mi<\/a>) con i seguenti\u00a0documenti da presentare IN FORMATO CARTACEO:<\/p>\n<ul>\n<li>formulario di domanda di rilascio del passaporto PER MAGGIORENNE compilato in tutti i campi (vedi pagina\u00a0<a href=\"https:\/\/consparigi.esteri.it\/it\/servizi-consolari-e-visti\/servizi-per-il-cittadino-italiano\/modulistica\/\">Modulistica<\/a>);<\/li>\n<li>due fotografie recenti, uguali, frontali e a colori su sfondo chiaro (vedi\u00a0<a href=\"https:\/\/consparigi.esteri.it\/wp-content\/uploads\/2023\/02\/caratteristiche-foto.pdf\">caratteristiche<\/a>);<\/li>\n<li>documento di identit\u00e0:\u00a0passaporto scaduto o in scadenza\u00a0e carta d\u2019identit\u00e0, se posseduta;<\/li>\n<li>documento giustificativo della residenza recente (non pi\u00f9 vecchio di tre mesi \u2013 bolletta luce, gas, telefono, avis d\u2019imposition, ecc.);<\/li>\n<li>ricevuta di avvenuto bonifico bancario o postale<strong>\u00a0di\u00a0Euro<\/strong>\u00a0<strong>116<\/strong>,\u00a0<strong>da eseguirsi con anticipo di almeno 5 giorni lavorativi\u00a0rispetto alla data dell\u2019appuntamento<\/strong>, tenuto conto dei tempi di accredito bonifico da parte del sistema bancario e al fine di permettere a questa Amministrazione di effettuare i necessari controlli.<\/li>\n<li>Una busta A5 con francobollo da 9,23\u20ac per la restituzione del passaporto via posta \u00a0<em>(<a href=\"https:\/\/www.laposte.fr\/tarifs-postaux-courrier-lettres-timbres\" target=\"_blank\" rel=\"noopener\">Lettre recommand\u00e9 avec accusation de recepition R2, 100gr<\/a>)<\/em>.<\/li>\n<\/ul>\n<p>Le coordinate del conto corrente bancario intestato del Consolato Generale d\u2019Italia a Parigi sono:<\/p>\n<p><strong>IBAN: FR76 3047 8000 0102 8019 3800 117 BIC: MONTFRPPXXX<\/strong><\/p>\n<p>Nella causale del bonifico dovr\u00e0 essere indicato \u201cpassaporto\u201d e il nome e cognome del richiedente.<\/p>\n<p>Prima di dare ordine di pagamento alla banca si prega di verificare che l\u2019IBAN che si sta utilizzando corrisponda a quello del Consolato di competenza.<strong>\u00a0<\/strong><\/p>\n<p><strong>AVVERTENZA<\/strong><\/p>\n<p>In occasione del rilascio del passaporto, il Consolato verificher\u00e0 che i dati riguardanti il richiedente e il suo nucleo familiare siano aggiornati e non siano intervenute variazioni relative all\u2019indirizzo, allo stato civile (matrimonio, divorzio), alla nascita di figli, ecc. Ove necessario, il Consolato provveder\u00e0 a richiedere ulteriore documentazione al fine di regolarizzare la posizione anagrafica del richiedente e\/o dei suoi familiari conviventi.<\/p>\n<p>&nbsp;<\/p>\n<h2><strong>Richiedere un passaporto per un minore tra 0 e 11 anni<\/strong><\/h2>\n<p>La richiesta di rilascio del passaporto per minori di et\u00e0 compresa fra 0 e 11 anni deve essere inviata <u>esclusivamente<\/u> per posta al Consolato Generale d\u2019Italia a Parigi. Per maggiori informazioni si invita a consultare il seguente link: <a href=\"https:\/\/consparigi.esteri.it\/it\/servizi-consolari-e-visti\/servizi-per-il-cittadino-italiano\/passaporti-e-carte-didentita\/documentazione-per-il-rilascio-del-passaporto-ai-minori-da-0-a-12-anni\/\">https:\/\/consparigi.esteri.it\/it\/servizi-consolari-e-visti\/servizi-per-il-cittadino-italiano\/passaporti-e-carte-didentita\/documentazione-per-il-rilascio-del-passaporto-ai-minori-da-0-a-12-anni\/<\/a> .<\/p>\n<h2><strong>Richiedere un passaporto per un minore tra 12 e 17 anni<\/strong><\/h2>\n<p>Per richiedere un passaporto per un minore \u00e8 necessario che:<\/p>\n<ul>\n<li>il suo atto di nascita sia stato trascritto in Italia o almeno che la documentazione idonea alla registrazione della sua nascita in Italia sia stata presentata all\u2019Ufficio Stato Civile del Consolato per la successiva trasmissione al Comune. Per maggiori informazioni sulla trascrizione della nascita di bambini nati in Francia, si prega di\u00a0<a href=\"https:\/\/consparigi.esteri.it\/it\/servizi-consolari-e-visti\/servizi-per-il-cittadino-italiano\/stato-civile\/nascita\/\">cliccare qui.<\/a><\/li>\n<li>sia in regola con l\u2019iscrizione AIRE e l\u2019indirizzo di residenza sia aggiornato. La richiesta di iscrizione all\u2019AIRE e le variazioni di residenza (cambio di indirizzo all\u2019interno della stessa circoscrizione consolare o cambio di circoscrizione consolare) si effettuano collegandosi al portale\u00a0<a href=\"https:\/\/serviziconsolari.esteri.it\/ScoFE\/index.sco\">FAST IT<\/a>\u00a0.<\/li>\n<\/ul>\n<p><strong>Il passaporto NON verr\u00e0 rilasciato a minorenni che hanno gi\u00e0 compiuto i 12 anni e non siano muniti di appuntamento.<\/strong><\/p>\n<p>Il giorno dell\u2019appuntamento <strong>\u00e8 necessaria la presenza del minore, accompagnato da almeno uno dei genitori.<\/strong><\/p>\n<p><u>Se uno dei due genitori non \u00e8 cittadino dell\u2019Unione Europea, la sua firma sulla domanda di rilascio dovr\u00e0 essere fatta autenticare<\/u> presso una Mairie o un Commissariato di polizia francese (oppure presso una Questura se l\u2019altro genitore si trova in Italia oppure presso una Rappresentanza diplomatico-consolare italiana se l\u2019altro genitore si trova all\u2019estero in un\u2019altra circoscrizione consolare). In alternativa entrambi i genitori dovranno essere presenti, muniti di un documento di identit\u00e0 in corso di validit\u00e0.<\/p>\n<p>In caso di decesso di uno dei genitori, dovr\u00e0 essere presentata una copia dell\u2019atto di decesso in originale.<\/p>\n<p><strong>Nel caso in cui non sia possibile ottenere l\u2019assenso da parte dell\u2019altro genitore<\/strong>\u00a0<strong>\u00e8 prevista la facolt\u00e0 di rivolgere istanza al Console Generale<\/strong>\u00a0per l\u2019emanazione del decreto autorizzativo (vedi modulo apposito alla pagina\u00a0<a href=\"https:\/\/consparigi.esteri.it\/it\/servizi-consolari-e-visti\/servizi-per-il-cittadino-italiano\/modulistica\/\">Modulistica<\/a>). Per maggiori informazioni sulla procedura si invita a contattare l\u2019ufficio passaporti all\u2019indirizzo\u00a0<a href=\"mailto:passaporti.parigi@esteri.it\">passaporti.parigi@esteri.it<\/a>.<\/p>\n<p>Il giorno dell&#8217;appuntamento sar\u00e0 necessario presentare i seguenti documenti:<\/p>\n<ul>\n<li>domanda di rilascio di passaporto PER MINORI (scaricabile alla pagina\u00a0<a href=\"https:\/\/consparigi.esteri.it\/it\/servizi-consolari-e-visti\/servizi-per-il-cittadino-italiano\/modulistica\/\">Modulistica<\/a>) debitamente compilata e firmata dai DUE GENITORI e accompagnata dalla fotocopia dei loro documenti di riconoscimento (pagina con foto e firma, che dovr\u00e0 essere uguale a quella apposta sul modulo);<\/li>\n<li>due fotografie recenti, uguali, frontali e a colori su sfondo chiaro (vedi\u00a0<a href=\"https:\/\/consparigi.esteri.it\/wp-content\/uploads\/2023\/02\/caratteristiche-foto.pdf\">caratteristiche<\/a>);<\/li>\n<li>documento d\u2019identit\u00e0: passaporto in corso di validit\u00e0 o scaduto, oppure carta d\u2019identit\u00e0, se in possesso;<\/li>\n<li>ricevuta di avvenuto bonifico bancario di Euro 116,\u00a0<strong>da eseguirsi con anticipo di almeno 5 giorni lavorativi rispetto alla data dell\u2019appuntamento<\/strong>;<\/li>\n<li>Una busta A5 con francobollo da 8,97\u20ac per la restituzione del passaporto via posta \u00a0<em>(<a href=\"https:\/\/www.laposte.fr\/tarifs-postaux-courrier-lettres-timbres\" target=\"_blank\" rel=\"noopener\">Lettre recommand\u00e9 avec accusation de recepition R2, 100gr<\/a>)<\/em>.<\/li>\n<\/ul>\n<p>Le coordinate del conto corrente bancario del Consolato Generale d\u2019Italia a Parigi sono:<\/p>\n<p><strong>IBAN: FR76 3047 8000 0102 8019 3800 117 \u2013 BIC: MONTFRPPXXX<\/strong><\/p>\n<p>Nella causale del bonifico dovr\u00e0 essere indicato \u201cpassaporto\u201d ed il nome e cognome del minore.<\/p>\n<p>Prima di dare ordine di pagamento alla banca si prega di verificare che l\u2019IBAN che si sta utilizzando corrisponda a quello del Consolato di competenza.<strong>\u00a0<\/strong><\/p>\n<p><strong>AVVERTENZA<\/strong><\/p>\n<p>In occasione del rilascio del passaporto, il Consolato verificher\u00e0 che i dati riguardanti il richiedente e il suo nucleo familiare siano aggiornati e non siano intervenute variazioni relative all\u2019indirizzo, allo stato civile (matrimonio, divorzio), alla nascita di figli, ecc. Ove necessario, il Consolato provveder\u00e0 a richiedere ulteriore documentazione al fine di regolarizzare la posizione anagrafica del richiedente e\/o dei suoi familiari conviventi.<\/p>\n","protected":false},"excerpt":{"rendered":"I connazionali residenti nei dipartimenti della Cote d\u2019Or (21), del Doubs (25), del Jura (39), della Haute Sa\u00f4ne (70) e della Yonne (89), maggiori di anni 12 e regolarmente iscritti all\u2019AIRE, possono rivolgersi alla Permanenza Consolare di Digione per le procedure riguardanti il rilascio del passaporto. La Permanenza riceve esclusivamente su appuntamento, da prenotare tramite [&hellip;]","protected":false},"author":4,"featured_media":0,"parent":79,"menu_order":2,"comment_status":"closed","ping_status":"closed","template":"","meta":{"footnotes":""},"class_list":["post-421","page","type-page","status-publish","hentry"],"_links":{"self":[{"href":"https:\/\/consparigi.esteri.it\/it\/wp-json\/wp\/v2\/pages\/421","targetHints":{"allow":["GET"]}}],"collection":[{"href":"https:\/\/consparigi.esteri.it\/it\/wp-json\/wp\/v2\/pages"}],"about":[{"href":"https:\/\/consparigi.esteri.it\/it\/wp-json\/wp\/v2\/types\/page"}],"author":[{"embeddable":true,"href":"https:\/\/consparigi.esteri.it\/it\/wp-json\/wp\/v2\/users\/4"}],"replies":[{"embeddable":true,"href":"https:\/\/consparigi.esteri.it\/it\/wp-json\/wp\/v2\/comments?post=421"}],"version-history":[{"count":6,"href":"https:\/\/consparigi.esteri.it\/it\/wp-json\/wp\/v2\/pages\/421\/revisions"}],"predecessor-version":[{"id":6486,"href":"https:\/\/consparigi.esteri.it\/it\/wp-json\/wp\/v2\/pages\/421\/revisions\/6486"}],"up":[{"embeddable":true,"href":"https:\/\/consparigi.esteri.it\/it\/wp-json\/wp\/v2\/pages\/79"}],"wp:attachment":[{"href":"https:\/\/consparigi.esteri.it\/it\/wp-json\/wp\/v2\/media?parent=421"}],"curies":[{"name":"wp","href":"https:\/\/api.w.org\/{rel}","templated":true}]}}