{"id":493,"date":"2023-01-27T10:41:27","date_gmt":"2023-01-27T09:41:27","guid":{"rendered":"https:\/\/consparigi.esteri.it\/?page_id=493"},"modified":"2025-09-05T13:03:39","modified_gmt":"2025-09-05T11:03:39","slug":"patronati","status":"publish","type":"page","link":"https:\/\/consparigi.esteri.it\/it\/chi-siamo\/gli-uffici\/informazioni-utili\/patronati\/","title":{"rendered":"Patronati"},"content":{"rendered":"<p><strong>A.C.L.I.<\/strong><\/p>\n<p><strong>Sede di Parigi<\/strong>:<strong><br \/>\n<\/strong><a href=\"https:\/\/maps.app.goo.gl\/CHnCEXUnNt3LL81R7\">26 rue Claude Tillier, 75012 Paris<br \/>\n<\/a>M\u00e9tro: Reuilly Diderot<br \/>\nDal luned\u00ec al venerd\u00ec: 8h30-12h30, 13h30-16h<br \/>\nTel. 01 43 72 65 29<br \/>\ne-mail: <a href=\"mailto:parigi@patronato.acli.it\">parigi@patronato.acli.it<\/a><\/p>\n<p><strong>\u00a0<\/strong><\/p>\n<p><strong>Sede di Valenciennes<br \/>\n<\/strong><a href=\"https:\/\/maps.app.goo.gl\/xdf3ep3xaMN6LVMf9\">19 Rue des Anges, Valenciennes<br \/>\n<\/a>Dal luned\u00ec al venerd\u00ec: 8h30-12h30, 13h30-16h<br \/>\nTel. 03 27 41 20 90<br \/>\ne-mail: <a href=\"mailto:valenciennes@patronato.acli.it\">valenciennes@patronato.acli.it<\/a><\/p>\n<p><strong>\u00a0<\/strong><\/p>\n<p><strong>INAPA \u2013 Confartigianato<\/strong><br \/>\n<a href=\"https:\/\/maps.app.goo.gl\/VJAmXd6MV5aSZtGQ9\">5 rue de Rottembourg, 75012 Paris<br \/>\n<\/a>Luned\u00ec: 10.00-12.00 e 14.00-18.00<br \/>\nMarted\u00ec e mercoled\u00ec: 10.00-12.00 o su appuntamento<br \/>\nTel. 09.86.33.63.26 \/ Tel. 06.60.87.85.97<br \/>\ne-mail: <a href=\"mailto:parigi@inapa.it\">parigi@inapa.it<\/a><\/p>\n<p><strong>\u00a0<\/strong><\/p>\n<p><strong>I.N.C.A. (CGIL)<\/strong><\/p>\n<p><strong>Sede di Parigi<\/strong><\/p>\n<p><a href=\"https:\/\/maps.app.goo.gl\/7aLyyxPXXcWMMZGS8\">44 rue du Ch\u00e2teau d\u2019Eau, 75010 Paris<br \/>\n<\/a>M\u00e9tro: Jacques Bonsergent o R\u00e9publique<br \/>\nDal luned\u00ec al venerd\u00ec: 9.30-12.30 e 13.30-17.00<br \/>\nTel. 01 42772322 \/ Fax 03 146077334<br \/>\ne-mail: <a href=\"mailto:parigi.francia@inca.it\">parigi.francia@inca.it<\/a><\/p>\n<p><strong>\u00a0<\/strong><\/p>\n<p><strong>Sede di Douai<\/strong><\/p>\n<p>BUREAU REGIONAL<br \/>\n<a href=\"https:\/\/maps.app.goo.gl\/km2QrwPDrqWcofja9\">124 rue du 11 novembre, 59500 Douai<br \/>\n<\/a>Tel. 03 27885438 \/ Fax 03 327881979<br \/>\ne-mail: <a href=\"mailto:douai.francia@inca.it\">douai.francia@inca.it<\/a><\/p>\n<p><strong>\u00a0<\/strong><\/p>\n<p><strong>I.T.A.L. (UIL)<\/strong><\/p>\n<p><strong>Sede di Parigi c\/o Syndicat FO \u2013 Bureau 24<br \/>\n<\/strong><a href=\"https:\/\/maps.app.goo.gl\/cR7WrrDKnMVN3Vme9\">141 avenue du Maine, 75001 Paris<br \/>\n<\/a>M\u00e9tro: Gait\u00e9<br \/>\nSu appuntamento<br \/>\nTel. 07 66 28 75 81<br \/>\ne-mail: <a href=\"mailto:paris@italuil-france.com\">paris@italuil-france.com<\/a><\/p>\n<p><strong>\u00a0<\/strong><\/p>\n<p><strong>Sede di Lille<br \/>\n<\/strong><a href=\"https:\/\/maps.app.goo.gl\/G45Ld38h7CLn8N9n8\">80 rue d\u2019Isly, 59000 Lille <\/a><\/p>\n<p>Tel. 03.20.57.01.79 \/ Fax 03.20.74.32.85<br \/>\ne-mail: <a href=\"mailto:lille@italuil-france.com\">lille@italuil-france.com<\/a><\/p>\n<p><strong>\u00a0<\/strong><\/p>\n<p><strong>Sede di Wattrelos<\/strong><br \/>\n<a href=\"https:\/\/maps.app.goo.gl\/VHrJwtq3EFLpx3g77\">19 rue Magenta, 59150 Wattrelos<br \/>\n<\/a>Tel 09.50.14.75.08<br \/>\ne-mail: <a href=\"mailto:wattrelos@italuil-france.com\">wattrelos@italuil-france.com<\/a><\/p>\n<p><strong>\u00a0<\/strong><\/p>\n<p><strong>Sede di Valenciennes<br \/>\n<\/strong><a href=\"https:\/\/maps.app.goo.gl\/nERMFvUrnnZpNSFB7\">87, rue de Paris, 59300 Valenciennes<br \/>\n<\/a>Luned\u00ec dalle 14h00 alle 17h00<br \/>\nDal marted\u00ec al gioved\u00ec dalle 9h00 alle 12h00<br \/>\nTel. 09.72.84.47.53<br \/>\ne-mail: <a href=\"mailto:valenciennes@italuil-france.com\">valenciennes@italuil-france.com<\/a><\/p>\n<p>&nbsp;<\/p>\n<p><a href=\"https:\/\/www.facebook.com\/SiasFrance\/\"><strong>PATRONATO SIAS<\/strong><strong><br \/>\n<\/strong><\/a><a href=\"https:\/\/maps.app.goo.gl\/rVZ4pTTa4w2gWVZXA\">73 Bd de La Moselle, 59000 Lille<br \/>\n<\/a>Luned\u00ec, marted\u00ec, gioved\u00ec e venerd\u00ec: 08.45-12.30 e 13.30-17.15<br \/>\nTel. 09.50.07.99.06<\/p>\n<p>e-mail: <a href=\"mailto:lille@sias-mcl.eu\">lille@sias-mcl.eu<\/a><\/p>\n","protected":false},"excerpt":{"rendered":"A.C.L.I. Sede di Parigi: 26 rue Claude Tillier, 75012 Paris M\u00e9tro: Reuilly Diderot Dal luned\u00ec al venerd\u00ec: 8h30-12h30, 13h30-16h Tel. 01 43 72 65 29 e-mail: parigi@patronato.acli.it \u00a0 Sede di Valenciennes 19 Rue des Anges, Valenciennes Dal luned\u00ec al venerd\u00ec: 8h30-12h30, 13h30-16h Tel. 03 27 41 20 90 e-mail: valenciennes@patronato.acli.it \u00a0 INAPA \u2013 Confartigianato 5 [&hellip;]","protected":false},"author":4,"featured_media":0,"parent":485,"menu_order":6,"comment_status":"closed","ping_status":"closed","template":"","meta":{"footnotes":""},"class_list":["post-493","page","type-page","status-publish","hentry"],"_links":{"self":[{"href":"https:\/\/consparigi.esteri.it\/it\/wp-json\/wp\/v2\/pages\/493","targetHints":{"allow":["GET"]}}],"collection":[{"href":"https:\/\/consparigi.esteri.it\/it\/wp-json\/wp\/v2\/pages"}],"about":[{"href":"https:\/\/consparigi.esteri.it\/it\/wp-json\/wp\/v2\/types\/page"}],"author":[{"embeddable":true,"href":"https:\/\/consparigi.esteri.it\/it\/wp-json\/wp\/v2\/users\/4"}],"replies":[{"embeddable":true,"href":"https:\/\/consparigi.esteri.it\/it\/wp-json\/wp\/v2\/comments?post=493"}],"version-history":[{"count":2,"href":"https:\/\/consparigi.esteri.it\/it\/wp-json\/wp\/v2\/pages\/493\/revisions"}],"predecessor-version":[{"id":5863,"href":"https:\/\/consparigi.esteri.it\/it\/wp-json\/wp\/v2\/pages\/493\/revisions\/5863"}],"up":[{"embeddable":true,"href":"https:\/\/consparigi.esteri.it\/it\/wp-json\/wp\/v2\/pages\/485"}],"wp:attachment":[{"href":"https:\/\/consparigi.esteri.it\/it\/wp-json\/wp\/v2\/media?parent=493"}],"curies":[{"name":"wp","href":"https:\/\/api.w.org\/{rel}","templated":true}]}}