{"id":517,"date":"2023-01-27T11:54:49","date_gmt":"2023-01-27T10:54:49","guid":{"rendered":"https:\/\/consparigi.esteri.it\/?page_id=517"},"modified":"2025-01-20T13:39:52","modified_gmt":"2025-01-20T12:39:52","slug":"ufficio-scolastico","status":"publish","type":"page","link":"https:\/\/consparigi.esteri.it\/it\/servizi-consolari-e-visti\/servizi-per-il-cittadino-italiano\/istruzione\/ufficio-scolastico\/","title":{"rendered":"Ufficio scolastico"},"content":{"rendered":"<p><strong>PTOF<\/strong><\/p>\n<p>Il Piano Triennale dell\u2019Offerta Formativa (PTOF) \u00e8 il piano che il Collegio Docenti assume come documento fondamentale costitutivo della identit\u00e0 culturale e progettuale, in quanto in esso viene esplicitata la progettazione curriculare, extracurriculare, educativa ed organizzativa degli insegnanti operanti all\u2019interno della Circoscrizione consolare di Parigi. La principale norma di riferimento in materia \u00e8 il DPR 275\/1999, ripresa dalla L.107\/2015.<\/p>\n<p><strong>Per approfondimenti scaricare il file: <\/strong><a href=\"https:\/\/consparigi.esteri.it\/wp-content\/uploads\/2024\/11\/Piano-Triennale-Offerta-Formativa-2024-2027.pdf\"><strong>Piano Triennale Offerta Formativa 2024-2027\u00a0<\/strong><\/a><strong><br \/>\nPer una presentazione in pdf: <\/strong><a href=\"https:\/\/consparigi.esteri.it\/wp-content\/uploads\/2024\/12\/PTOF-versione-presentazione-2024-27.pptx\"><strong>PTOF \u2013 versione presentazione 2.0<\/strong><\/a><\/p>\n<p><strong>LE SEZIONI ITALIANE NEI LICEI INTERNAZIONALI (BFI \u2013 Baccalaur\u00e9at Fran\u00e7ais International) <\/strong><\/p>\n<p>L\u2019italiano come lingua di insegnamento di letteratura, storia e geografia all\u2019interno del sistema formativo francese in contesto internazionale viene assicurato attraverso la presenza di personale insegnante e di un dirigente scolastico nominati dal Ministero degli Affari Esteri e della Cooperazione Internazionale.<\/p>\n<ul>\n<li><strong>Il Lyc\u00e9e International de Saint-Germain en Laye e il Coll\u00e8ge Les Hauts Grillets<\/strong><\/li>\n<\/ul>\n<p>Dalla scuola dell\u2019infanzia al Baccalaur\u00e9at Fran\u00e7ais International (BFI) in un istituto scolastico pubblico francese che ospita altre tredici sezioni internazionali (oltre a quella italiana, presente sin dal 1968, quelle americana, britannica, tedesca, spagnola,\u00a0portoghese, olandese, danese, norvegese, svedese, polacca, cinese, russa e giapponese) cui si aggiunge un coll\u00e8ge con le medesime caratteristiche in un\u2019area residenziale alle porte di Parigi. Le ore di lezione in italiano variano dalle 6 alle 8 dalla primaria al liceo.<\/p>\n<ul>\n<li><strong>Il Lyc\u00e9e International Honor\u00e9 de Balzac di Parigi<\/strong><\/li>\n<\/ul>\n<p>Dal coll\u00e8ge al Baccalaur\u00e9at Fran\u00e7ais International (BFI) in un istituto scolastico pubblico francese che insieme ad una formazione francese al 100% ospita anche sei sezioni internazionali (oltre a quella italiana, creata nel 2005, sono presenti quelle britannica, tedesca, spagnola, portoghese ed araba) in un quartiere di Parigi vivace e sfaccettato, nel XVII<em>\u00e8me arrondissement<\/em>. In italiano si impartiscono dalle 6 alle 8 ore dal coll\u00e8ge al liceo.<\/p>\n<ul>\n<li><strong>Il Coll\u00e8ge\/Lyc\u00e9e International Camille S\u00e9e <\/strong><\/li>\n<\/ul>\n<p>A partire dall\u2019anno scolastico 2021\/2022 si apre una sezione italiana del percorso BFI al Coll\u00e8ge Camille S\u00e9e, nel 15<em>\u00e8me arrondissement<\/em> di Parigi. Si attende per l\u2019anno scolastico 2025\/2026 l\u2019apertura di una sezione italiana di liceo, per dare continuit\u00e0 agli alunni che conseguiranno il Brevet de Coll\u00e8ge al termine dell\u2019anno scolastico 2024\/2025. Nella scuola \u00e8 presente anche una sezione britannica. In italiano si impartiscono 6 ore al coll\u00e8ge.<\/p>\n<ul>\n<li><strong>La Scuola Primaria Vicq d\u2019Azir<\/strong><\/li>\n<\/ul>\n<p>La sezione italiana di scuola elementare nasce nel 2015 a Parigi in questa scuola del X<em>\u00e8me arrondissement <\/em>e offre ai bambini quattro\/cinque ore settimanali di lingua italiana.<\/p>\n<ul>\n<li><strong>Il Lyc\u00e9\u00e9 International Montebello di Lille<\/strong><\/li>\n<\/ul>\n<p>Dall\u2019anno scolastico 2018\/19, anche al Lyc\u00e9e International Montebello di Lille si apre una sezione italiana che va ad arricchire l\u2019offerta formativa di questo liceo internazionale, dove sono gi\u00e0 operanti 2 sezioni internazionali britanniche.<\/p>\n<ul>\n<li><strong>Il Coll\u00e8ge Franklin a Lille<\/strong><\/li>\n<\/ul>\n<p>Dall\u2019anno 2019\/20 si \u00e8 aperta una sezione italiana al Coll\u00e8ge Franklin di Lille, che prevede l\u2019insegnamento di lingua, letteratura, storia e geografia in italiano.<\/p>\n<ul>\n<li><strong>La Scuola Primaria Pasteur a Lille<\/strong><\/li>\n<\/ul>\n<p>Per completare l\u2019offerta formativa di qualit\u00e0 nel comprensorio di Lille e completare il percorso verticale che porta al BFI, dall\u2019anno scolastico 2020\/21, si apre una sezione italiana anche nella scuola elementare Pasteur, a partire da una classe di CM2 con 3 ore di insegnamento dell\u2019italiano.<\/p>\n<ul>\n<li><strong> Il Coll\u00e8ge Gayant di Douai<\/strong><\/li>\n<\/ul>\n<p>Dall\u2019anno scolastico 2022\/23, per iniziativa del Minist\u00e8re de l\u2019Education Nationale, si apre una sezione italiana presso il Coll\u00e8ge Gayant di Douai, a una quarantina di Km da Lille.<\/p>\n<p><a href=\"https:\/\/consparigi.esteri.it\/wp-content\/uploads\/2025\/01\/iscrizioni-25-26.docx\"><strong>Per approfondimenti clicca qui<\/strong><\/a><\/p>\n<p>&nbsp;<\/p>\n<p><strong>I CORSI DI ITALIANO IN ORARIO SCOLASTICO E EXTRASCOLASTICO NELLE SCUOLE FRANCESI<\/strong><\/p>\n<p>L\u2019insegnamento dell\u2019italiano come lingua straniera viene proposto in collaborazione con le Acad\u00e9mies e le istituzioni scolastiche pubbliche e private francesi al fine di promuovere la conoscenza della lingua e della cultura italiana in Francia.<\/p>\n<p>L\u2019insegnamento viene dispensato a Parigi, Lille, Nantes\u00a0e in Normandia a tutti i livelli di apprendimento (primaire, coll\u00e8ge e lyc\u00e9e) da personale insegnante inviato dall\u2019Italia e sotto la supervisione di un dirigente scolastico ministeriale.<\/p>\n<p>I docenti, reclutati per concorso tra gli insegnanti italiani di ruolo ed incaricati dal Ministero degli Affari Esteri e della Cooperazione Internazionale, realizzano nelle classi in cui vengono destinati interventi di contenuti e durata variabili. Ai docenti ministeriali, si affiancano i docenti reclutati dagli Enti Gestori PLI-Paris e COLCIT di Lille, soprattutto per la realizzazione di corsi integrati ed EILE (Enseignements Internationaux Langues Etrang\u00e8res) nella Scuola Primaria.<\/p>\n<p><strong>\u00a0<\/strong><a href=\"https:\/\/consparigi.esteri.it\/wp-content\/uploads\/2024\/11\/CORSI-Anno-Scolastico-2024-25-def.pdf\"><strong>Per approfondimenti clicca qui<\/strong><\/a><\/p>\n<p>&nbsp;<\/p>\n","protected":false},"excerpt":{"rendered":"PTOF Il Piano Triennale dell\u2019Offerta Formativa (PTOF) \u00e8 il piano che il Collegio Docenti assume come documento fondamentale costitutivo della identit\u00e0 culturale e progettuale, in quanto in esso viene esplicitata la progettazione curriculare, extracurriculare, educativa ed organizzativa degli insegnanti operanti all\u2019interno della Circoscrizione consolare di Parigi. La principale norma di riferimento in materia \u00e8 il [&hellip;]","protected":false},"author":4,"featured_media":0,"parent":511,"menu_order":0,"comment_status":"closed","ping_status":"closed","template":"","meta":{"footnotes":""},"class_list":["post-517","page","type-page","status-publish","hentry"],"_links":{"self":[{"href":"https:\/\/consparigi.esteri.it\/it\/wp-json\/wp\/v2\/pages\/517","targetHints":{"allow":["GET"]}}],"collection":[{"href":"https:\/\/consparigi.esteri.it\/it\/wp-json\/wp\/v2\/pages"}],"about":[{"href":"https:\/\/consparigi.esteri.it\/it\/wp-json\/wp\/v2\/types\/page"}],"author":[{"embeddable":true,"href":"https:\/\/consparigi.esteri.it\/it\/wp-json\/wp\/v2\/users\/4"}],"replies":[{"embeddable":true,"href":"https:\/\/consparigi.esteri.it\/it\/wp-json\/wp\/v2\/comments?post=517"}],"version-history":[{"count":6,"href":"https:\/\/consparigi.esteri.it\/it\/wp-json\/wp\/v2\/pages\/517\/revisions"}],"predecessor-version":[{"id":4930,"href":"https:\/\/consparigi.esteri.it\/it\/wp-json\/wp\/v2\/pages\/517\/revisions\/4930"}],"up":[{"embeddable":true,"href":"https:\/\/consparigi.esteri.it\/it\/wp-json\/wp\/v2\/pages\/511"}],"wp:attachment":[{"href":"https:\/\/consparigi.esteri.it\/it\/wp-json\/wp\/v2\/media?parent=517"}],"curies":[{"name":"wp","href":"https:\/\/api.w.org\/{rel}","templated":true}]}}