{"id":5553,"date":"2025-07-07T11:37:27","date_gmt":"2025-07-07T09:37:27","guid":{"rendered":"https:\/\/consparigi.esteri.it\/?page_id=5553"},"modified":"2026-03-11T13:23:34","modified_gmt":"2026-03-11T12:23:34","slug":"dichiarazione-di-acquisto-della-cittadinanza-italiana-per-i-minori-stranieri-figli-di-cittadini-italiani-per-nascita-jure-sanguinis","status":"publish","type":"page","link":"https:\/\/consparigi.esteri.it\/it\/servizi-consolari-e-visti\/servizi-per-il-cittadino-italiano\/stato-civile\/nascita\/dichiarazione-di-acquisto-della-cittadinanza-italiana-per-i-minori-stranieri-figli-di-cittadini-italiani-per-nascita-jure-sanguinis\/","title":{"rendered":"Acquisto della cittadinanza per \u201cbeneficio di legge\u201d (figli minori nati all\u2019estero)"},"content":{"rendered":"<p><strong>ATTENZIONE<\/strong>: questa procedura \u00e8\u00a0riservata\u00a0<strong>esclusivamente\u00a0ai minori che non rientrano nei meccanismi automatici di trasmissione della cittadinanza <\/strong>elencati alla <a href=\"https:\/\/consparigi.esteri.it\/it\/servizi-consolari-e-visti\/servizi-per-il-cittadino-italiano\/stato-civile\/nascita\/\">pagina Nascita<\/a>\u00a0del sito e che sono<strong> figli di almeno un genitore\u00a0<u>cittadino italiano per nascita<\/u>\u00a0(<em>iure sanguinis<\/em>)\u00a0.<\/strong><\/p>\n<p>Questa procedura<strong> <u>non \u00e8 ammessa<\/u><\/strong>\u00a0per i figli di cittadini italiani che abbiano <strong><u>acquisito la cittadinanza<\/u><\/strong> tramite:<\/p>\n<ul>\n<li><strong>Naturalizzazione<\/strong> (art. 9, Legge 91\/1992)<\/li>\n<li><strong>Acquisto per beneficio di legge<\/strong> (art. 4, Legge 91\/1992)<\/li>\n<li><strong>Matrimonio<\/strong> (art. 5, Legge 91\/1992 o art. 10, Legge 555\/1912)<\/li>\n<li><strong>Residenza da minorenni con genitore naturalizzato<\/strong> (art. 14, Legge 91\/1992)<\/li>\n<\/ul>\n<p>Il\u00a0<strong>minore<\/strong>\u00a0che acquista la cittadinanza italiana per \u201cbeneficio di legge\u201d non <strong>acquista la cittadinanza<\/strong> <strong>italiana<\/strong> dal giorno della nascita ma\u00a0<strong>dal giorno successivo alla dichiarazione resa in Consolato dai genitori<\/strong>.<br \/>\nAlla cittadinanza italiana acquistata per \u201cbeneficio di legge\u201d l\u2019interessato, una volta divenuto maggiorenne, pu\u00f2 fare rinuncia, purch\u00e9 non si produca una condizione di apolidia.<\/p>\n<p><strong>REQUISITI:<\/strong><\/p>\n<ul>\n<li><strong>uno dei genitori \u00e8<\/strong>\u00a0<strong>cittadino\u00a0<u>per nascita<\/u>.\u00a0<\/strong>Si escludono quindi i casi di cittadini italiani per naturalizzazione ai sensi dell\u2019articolo 9 della legge n. 91\/1992 o \u201cper beneficio di legge\u201d ai sensi dell\u2019articolo 4 della legge n. 91\/1992 ovvero per matrimonio ai sensi dell\u2019articolo 5 della legge n. 91\/1992 o dell\u2019articolo 10 della legge n. 555\/1912 oppure per riacquisto ai sensi degli articoli 13 o 17 della legge n. 91\/1992 ovvero\u00a0<em>iuris communicatione<\/em> (art. 14 della legge n. 91\/1992);<\/li>\n<li><strong><u>entrambi<\/u><\/strong>\u00a0i genitori (<u>incluso il genitore straniero<\/u>) presentano una\u00a0<strong>dichiarazione di volont\u00e0 di acquisto della cittadinanza <u>entro 3 anni dalla nascita del figlio<\/u><\/strong> (o dalla data successiva in cui \u00e8 stabilita la filiazione da cittadino italiano o in cui \u00e8 decisa l\u2019adozione da parte di cittadino italiano durante la minore et\u00e0 del figlio). In caso di riconoscimento della filiazione in tempi differenti da parte di genitori entrambi cittadini italiani per nascita, il termine di 3 anni decorrer\u00e0 dal primo riconoscimento (perch\u00e9 gi\u00e0 il primo riconoscimento comporta la trasmissione della cittadinanza). Se invece avviene prima il riconoscimento da parte di genitore straniero (o cittadino italiano non per nascita ma ad altro titolo), il termine di 3 anni sar\u00e0 computato a partire dal riconoscimento da parte del secondo genitore cittadino per nascita.<\/li>\n<\/ul>\n<p><strong>La dichiarazione di acquisto deve essere resa personalmente in Consolato su appuntamento, da fissare inviando una mail a <\/strong><a href=\"mailto:cittadinanza.parigi@esteri.it\"><strong>cittadinanza.parigi@esteri.it<\/strong><\/a><strong>.<\/strong><\/p>\n<p><strong>A seguito delle modifiche introdotte dalla legge di bilancio per l\u2019anno 2026, le <u>istanze presentate dal 01\/01\/2026<\/u> non saranno pi\u00f9 soggette al pagamento del contributo di 250\u20ac precedentemente previsto.<\/strong><\/p>\n<p>Si prega di indicare nell\u2019oggetto della mail: <strong>DICHIARAZIONE ACQUISTO CITTADINANZA MINORE.<\/strong><\/p>\n<p><strong><u>Norma transitoria per minorenni alla data del 24\/05\/2025:<\/u><\/strong><\/p>\n<p><strong>Per i\u00a0minori,\u00a0che erano\u00a0ancora minorenni alla data del 24 maggio 2025 e che siano figli di almeno un cittadino italiano <em>jure sanguinis<\/em>, \u00e8 possibile presentare la dichiarazione\u00a0<u>entro il 31 maggio 2029<\/u>, alle\u00a0<u>stesse condizioni indicate sopra.<\/u><\/strong><\/p>\n<p><strong>A seguito delle modifiche introdotte dalla legge di bilancio per l\u2019anno 2026, le <u>istanze presentate dal 01\/01\/2026<\/u> non saranno pi\u00f9 soggette al pagamento del contributo di 250\u20ac precedentemente previsto. <\/strong><\/p>\n<p>Se l\u2019interessato, minorenne alla data del 24 maggio 2025, diviene nel frattempo maggiorenne, la dichiarazione dovr\u00e0 essere presentata da lui personalmente entro lo stesso termine.<\/p>\n<p>&nbsp;<\/p>\n<p>&nbsp;<\/p>\n<p>Si ricorda che il Consolato Generale d\u2019Italia a Parigi \u00e8 l\u2019autorit\u00e0 competente per i residenti nelle seguenti regioni:<\/p>\n<p><strong>Bretagne, Bourgogne-Franche-Comt\u00e9 (soltanto per i dipartimenti C\u00f4te-d\u2019Or \u2013 21, Doubs \u2013 25, Jura \u2013 39, Yonne \u2013 89), Centre, Hauts de France, \u00cele-de-France, Normandie, Pays de la Loire e tutti i dipartimenti ed i territori d\u2019oltremare.<\/strong><\/p>\n","protected":false},"excerpt":{"rendered":"ATTENZIONE: questa procedura \u00e8\u00a0riservata\u00a0esclusivamente\u00a0ai minori che non rientrano nei meccanismi automatici di trasmissione della cittadinanza elencati alla pagina Nascita\u00a0del sito e che sono figli di almeno un genitore\u00a0cittadino italiano per nascita\u00a0(iure sanguinis)\u00a0. Questa procedura non \u00e8 ammessa\u00a0per i figli di cittadini italiani che abbiano acquisito la cittadinanza tramite: Naturalizzazione (art. 9, Legge 91\/1992) Acquisto per [&hellip;]","protected":false},"author":9,"featured_media":0,"parent":328,"menu_order":0,"comment_status":"closed","ping_status":"closed","template":"","meta":{"footnotes":""},"class_list":["post-5553","page","type-page","status-publish","hentry"],"_links":{"self":[{"href":"https:\/\/consparigi.esteri.it\/it\/wp-json\/wp\/v2\/pages\/5553","targetHints":{"allow":["GET"]}}],"collection":[{"href":"https:\/\/consparigi.esteri.it\/it\/wp-json\/wp\/v2\/pages"}],"about":[{"href":"https:\/\/consparigi.esteri.it\/it\/wp-json\/wp\/v2\/types\/page"}],"author":[{"embeddable":true,"href":"https:\/\/consparigi.esteri.it\/it\/wp-json\/wp\/v2\/users\/9"}],"replies":[{"embeddable":true,"href":"https:\/\/consparigi.esteri.it\/it\/wp-json\/wp\/v2\/comments?post=5553"}],"version-history":[{"count":6,"href":"https:\/\/consparigi.esteri.it\/it\/wp-json\/wp\/v2\/pages\/5553\/revisions"}],"predecessor-version":[{"id":6590,"href":"https:\/\/consparigi.esteri.it\/it\/wp-json\/wp\/v2\/pages\/5553\/revisions\/6590"}],"up":[{"embeddable":true,"href":"https:\/\/consparigi.esteri.it\/it\/wp-json\/wp\/v2\/pages\/328"}],"wp:attachment":[{"href":"https:\/\/consparigi.esteri.it\/it\/wp-json\/wp\/v2\/media?parent=5553"}],"curies":[{"name":"wp","href":"https:\/\/api.w.org\/{rel}","templated":true}]}}