{"id":562,"date":"2023-01-27T16:03:20","date_gmt":"2023-01-27T15:03:20","guid":{"rendered":"https:\/\/consparigi.esteri.it\/?page_id=562"},"modified":"2025-04-03T12:29:05","modified_gmt":"2025-04-03T10:29:05","slug":"protezione-consolare","status":"publish","type":"page","link":"https:\/\/consparigi.esteri.it\/it\/servizi-consolari-e-visti\/servizi-per-il-cittadino-italiano\/assistenza-ai-cittadini-allestero\/protezione-consolare\/","title":{"rendered":"Protezione consolare"},"content":{"rendered":"<p>Nell&#8217;ambito della protezione e dell&#8217;assistenza consolare, il Consolato Generale pu\u00f2 fornire assistenza a cittadini italiani in difficolt\u00e0 in molteplici situazioni, in particolare: problemi con la giustizia locale; incidenti; ricerca di connazionali scomparsi; sottrazione di minori.<\/p>\n<p><strong>FERMO \u2013 ARRESTO \u2013 DETENZIONE <\/strong><\/p>\n<p>Nel caso in cui un connazionale sia fermato o arrestato in Francia, si raccomanda da parte dello stesso:<\/p>\n<ul>\n<li>di chiedere alle Autorit\u00e0 locali di comunicare con il Consolato Generale d\u2019Italia: \u00e8 un diritto del fermato e dell\u2019arrestato;<\/li>\n<li>di chiedere ai vostri familiari di contattare il Consolato Generale competente (vedasi ripartizione delle circoscrizioni consolari);<\/li>\n<li>di adottare un atteggiamento collaborativo con le Autorit\u00e0 locali che eviti un aggravamento della propria situazione.<\/li>\n<\/ul>\n<p>Nel caso di fermo, arresto, incarcerazione di un familiare maggiorenne in Francia, i congiunti potranno:<\/p>\n<ul>\n<li>avvertire il Consolato Generale competente (vedasi ripartizione delle circoscrizioni consolari)<\/li>\n<li>ottenere informazioni relativi alla situazione del fermato, arrestato o detenuto, tenendo presente che non si tratta di un diritto della famiglia (diritto alla riservatezza del connazionale);<\/li>\n<\/ul>\n<p>Ai sensi dell\u2019art. 36 della Convenzione di Vienna sulle Relazioni Consolari, il connazionale pu\u00f2 scegliere di non far conoscere la sua situazione alle proprie Autorit\u00e0 Consolari.<\/p>\n<ul>\n<li>conoscere, contattando le Autorit\u00e0 carcerarie locali, le modalit\u00e0 di inviare al proprio congiunto detenuto, denaro attraverso bonifico al Centro Penitenziario.<\/li>\n<\/ul>\n<p><strong>INCIDENTI<\/strong><br \/>\nPer gli incidenti occorsi all&#8217;estero, il Consolato Generale si assicura che i connazionali ricevano adeguati trattamenti medici in loco, che vengano debitamente informati i familiari e che venga fornita ogni possibile assistenza in caso di necessit\u00e0 di trasferimento in Italia.<\/p>\n<p><strong>RICERCA CONNAZIONALI SCOMPARSI<\/strong><br \/>\nInformazioni riguardanti cittadini italiani all\u2019estero possono essere fornite nel rispetto della normativa vigente in materia di protezione dei dati personali (D. Lgs 196 del 2003), che impone nella maggior parte dei casi il consenso della persona cercata.<br \/>\nGli Uffici consolari effettuano, nei limiti degli strumenti ammessi dalla legislazione locale e di quanto sopra specificato, ricerche per le quali il richiedente abbia dimostrato un interesse legittimo. Le richieste vanno indirizzate direttamente via mail all\u2019Ufficio Affari Sociali mediante istanza autografa motivata (in carta semplice), allegando la copia di un documento d\u2019identit\u00e0 valido del richiedente.<br \/>\nIn caso di scomparsa deve essere presentata una denuncia ai competenti organi di polizia. Copia di tale denuncia (possibilmente in formato pdf) deve essere trasmessa all\u2019Ufficio consolare territorialmente competente e, per conoscenza, all\u2019Ufficio IV della Direzione Generale per gli Italiani all\u2019Estero e le Politiche Migratorie<a href=\"mailto:dgit4@esteri.it\"> dgit4@esteri.it<\/a><\/p>\n<p><strong>MINORI<\/strong><br \/>\nLa problematica della sottrazione internazionale di minori ha assunto negli ultimi tempi una rilevanza crescente, sia per l&#8217;aumento di separazioni, spesso conflittuali, fra persone di diversa o doppia cittadinanza, sia per la maggiore sensibilit\u00e0 con la quale il problema \u00e8 avvertito nel nostro Paese.<br \/>\nAl riguardo, a seguito della Convenzione dell\u2019ONU sui diritti dell\u2019infanzia del 20.11.1989, ratificata da oltre 190 Paesi, il Comitato dei Ministri del Consiglio d\u2019Europa \u2013 con risoluzione nr. 616 del 21\/01\/1998 \u2013 ha introdotto la possibilit\u00e0 di ricorrere alla figura del \u201cMediatore Familiare\u201d al fine di tutelare i minori e la loro incolumit\u00e0 nei conflitti familiari e sottrazione illecita.<br \/>\nLa scelta del Mediatore in Francia potr\u00e0 essere effettuata nella lista <a href=\"https:\/\/www.apmf.fr\/\" target=\"_blank\" rel=\"noopener\">Association pour la Mediation Familiale<\/a><br \/>\nAnche altre Associazioni intevengono nella mediazione familiare, fra le quali:<br \/>\n<a href=\"https:\/\/www.apme-mediation.com\/\" target=\"_blank\" rel=\"noopener\">APME M\u00e9diation<\/a>;<br \/>\n<a href=\"http:\/\/www.mediation-familiale.org\/\" target=\"_blank\" rel=\"noopener\">FENAMEF F\u00e9d\u00e9ration Nationale des Associations de M\u00e9diation Familiale<\/a><br \/>\nIl Raggruppamento Europeo dei Magistrati per la Mediazione (<a href=\"https:\/\/gemmeeurope.org\/\" target=\"_blank\" rel=\"noopener\">Le Groupement Europ\u00e9en des Magistrats pour la M\u00e9diation<\/a>)<br \/>\nIl solo strumento cogente a disposizione del genitore connazionale per il recupero del minore \u00e8 la Convenzione dell&#8217;Aja del 25.10.1980 (Autorit\u00e0 Centrale per l\u2019Italia \u00e8 il Dipartimento Giustizia Minorile presso il Ministero della Giustizia). In caso di non applicabilit\u00e0 della Convenzione, il Ministero attua appieno le sue funzioni istituzionali modulando gli interventi in relazione alla specificit\u00e0 dei casi.<\/p>\n<p>ulteriori informazioni:<\/p>\n<p><a href=\"https:\/\/www.116000enfantsdisparus.fr\/\" target=\"_blank\" rel=\"noopener\">https:\/\/www.116000enfantsdisparus.fr\/<\/a><\/p>\n<p><a href=\"http:\/\/www.justice.gouv.fr\/justice-civile-11861\/enlevement-parental-12063\/\" target=\"_blank\" rel=\"noopener\">www.enlevement-parental.justice.gouv.fr<\/a><br \/>\nDal 1\u00b0 marzo 2005 \u00e8 in vigore il Regolamento (CE) n. 2201\/2003 del 27\/11\/2003 relativo alla competenza, al riconoscimento e all&#8217;esecuzione delle decisioni in materia matrimoniale e in materia di responsabilit\u00e0 genitoriale, che istituisce uno spazio comune europeo nel settore del diritto di famiglia e si applica negli Stati membri dell&#8217;Unione Europea.<\/p>\n","protected":false},"excerpt":{"rendered":"Nell&#8217;ambito della protezione e dell&#8217;assistenza consolare, il Consolato Generale pu\u00f2 fornire assistenza a cittadini italiani in difficolt\u00e0 in molteplici situazioni, in particolare: problemi con la giustizia locale; incidenti; ricerca di connazionali scomparsi; sottrazione di minori. FERMO \u2013 ARRESTO \u2013 DETENZIONE Nel caso in cui un connazionale sia fermato o arrestato in Francia, si raccomanda da [&hellip;]","protected":false},"author":4,"featured_media":0,"parent":157,"menu_order":2,"comment_status":"closed","ping_status":"closed","template":"","meta":{"footnotes":""},"class_list":["post-562","page","type-page","status-publish","hentry"],"_links":{"self":[{"href":"https:\/\/consparigi.esteri.it\/it\/wp-json\/wp\/v2\/pages\/562","targetHints":{"allow":["GET"]}}],"collection":[{"href":"https:\/\/consparigi.esteri.it\/it\/wp-json\/wp\/v2\/pages"}],"about":[{"href":"https:\/\/consparigi.esteri.it\/it\/wp-json\/wp\/v2\/types\/page"}],"author":[{"embeddable":true,"href":"https:\/\/consparigi.esteri.it\/it\/wp-json\/wp\/v2\/users\/4"}],"replies":[{"embeddable":true,"href":"https:\/\/consparigi.esteri.it\/it\/wp-json\/wp\/v2\/comments?post=562"}],"version-history":[{"count":1,"href":"https:\/\/consparigi.esteri.it\/it\/wp-json\/wp\/v2\/pages\/562\/revisions"}],"predecessor-version":[{"id":5271,"href":"https:\/\/consparigi.esteri.it\/it\/wp-json\/wp\/v2\/pages\/562\/revisions\/5271"}],"up":[{"embeddable":true,"href":"https:\/\/consparigi.esteri.it\/it\/wp-json\/wp\/v2\/pages\/157"}],"wp:attachment":[{"href":"https:\/\/consparigi.esteri.it\/it\/wp-json\/wp\/v2\/media?parent=562"}],"curies":[{"name":"wp","href":"https:\/\/api.w.org\/{rel}","templated":true}]}}