{"id":568,"date":"2023-01-27T16:38:53","date_gmt":"2023-01-27T15:38:53","guid":{"rendered":"https:\/\/consparigi.esteri.it\/?page_id=568"},"modified":"2023-01-27T16:40:16","modified_gmt":"2023-01-27T15:40:16","slug":"assistenza-legale","status":"publish","type":"page","link":"https:\/\/consparigi.esteri.it\/it\/servizi-consolari-e-visti\/servizi-per-il-cittadino-italiano\/assistenza-ai-cittadini-allestero\/assistenza-legale\/","title":{"rendered":"Assistenza legale"},"content":{"rendered":"<p align=\"center\">L&#8217;ACCES AU DROIT E LE CONSULENZE LEGALI GRATUITE<\/p>\n<p>&nbsp;<\/p>\n<p><strong>Cos&#8217;\u00e8 ?\u00a0<\/strong><\/p>\n<p>Letteralmente \u201cacc\u00e8s au droit\u201d significa \u201cAccesso al Diritto\u201d, nell&#8217;ambito del sistema giuridico Francese con tale accezione si tende ad identificare le permanenze di avvocati volontari, regolarmente iscritti all&#8217;albo professionale, che dispensano consulenze legali gratuite presso strutture pubbliche, garantendo la riservatezza ed il rispetto del segreto professionale (Tribunali, Maisons de la justice et du droit, Case Comunali ecc&#8230;).<\/p>\n<p>In principio, proprio per garantire l&#8217;offerta pi\u00f9 ampia possibile, le consulenze sono effettuate da avvocati detti \u201cgeneralisti\u201d, esistono comunque anche consulenze gratuite specialistiche, soprattutto in materia di diritto del lavoro, diritto condominiale o degli stranieri.<\/p>\n<p><strong>Per chi ?<\/strong><\/p>\n<p>Qualsiasi persona, sia essa cittadina francese o straniera, pu\u00f2 rivolgersi ad uno dei centri di accesso al diritto presenti in \u00cele-de-France per incontrare un avvocato.<\/p>\n<p><strong>Dove e come ?<\/strong><\/p>\n<p>Gli Ordini degli avvocati del distretto delle Corti d&#8217;appello di Parigi e Versailles, gi\u00e0 da tempo propongono numerosi spazi di incontro tra avvocati e cittadini in collaborazione con le autorit\u00e0 locali.<\/p>\n<p>Le consulenze vengono impartite presso i Tribunali (a Parigi presso il Tribunal de Grande Instance, sull&#8217;\u00cele de la cit\u00e9), le Case comunali (a Parigi presso le Mairies d&#8217;arrondissement) o altre strutture, autobus delle \u201csolidariet\u00e0\u201d, Maisons de la justice et du droit, eccetera.<\/p>\n<p>Non \u00e8 possibile prendere appuntamento con il legale di turno, n\u00e9 richiedere la redazione di atti o altri elaborati. La durata media di una consulenza \u00e8 10-15 minuti.<\/p>\n<p>&nbsp;<\/p>\n<p><strong>Per maggiori informazioni si rimanda ai seguenti siti internet<\/strong><\/p>\n<p><span lang=\"FR\"><a href=\"http:\/\/www.avocatparis.org\/\">http:\/\/www.avocatparis.org<\/a><\/span><span lang=\"FR\"><br \/>\n<\/span><\/p>\n<p><span lang=\"FR\"><a href=\"http:\/\/avocats-valdemarne.com\/\">http:\/\/avocats-valdemarne.com\/<\/a><br \/>\n<\/span><\/p>\n<p><a href=\"https:\/\/www.barreau92.com\/fr\">https:\/\/www.barreau92.com\/fr<\/a><\/p>\n<p>&nbsp;<\/p>\n","protected":false},"excerpt":{"rendered":"L&#8217;ACCES AU DROIT E LE CONSULENZE LEGALI GRATUITE &nbsp; Cos&#8217;\u00e8 ?\u00a0 Letteralmente \u201cacc\u00e8s au droit\u201d significa \u201cAccesso al Diritto\u201d, nell&#8217;ambito del sistema giuridico Francese con tale accezione si tende ad identificare le permanenze di avvocati volontari, regolarmente iscritti all&#8217;albo professionale, che dispensano consulenze legali gratuite presso strutture pubbliche, garantendo la riservatezza ed il rispetto del [&hellip;]","protected":false},"author":4,"featured_media":0,"parent":157,"menu_order":6,"comment_status":"closed","ping_status":"closed","template":"","meta":{"footnotes":""},"class_list":["post-568","page","type-page","status-publish","hentry"],"_links":{"self":[{"href":"https:\/\/consparigi.esteri.it\/it\/wp-json\/wp\/v2\/pages\/568","targetHints":{"allow":["GET"]}}],"collection":[{"href":"https:\/\/consparigi.esteri.it\/it\/wp-json\/wp\/v2\/pages"}],"about":[{"href":"https:\/\/consparigi.esteri.it\/it\/wp-json\/wp\/v2\/types\/page"}],"author":[{"embeddable":true,"href":"https:\/\/consparigi.esteri.it\/it\/wp-json\/wp\/v2\/users\/4"}],"replies":[{"embeddable":true,"href":"https:\/\/consparigi.esteri.it\/it\/wp-json\/wp\/v2\/comments?post=568"}],"version-history":[{"count":0,"href":"https:\/\/consparigi.esteri.it\/it\/wp-json\/wp\/v2\/pages\/568\/revisions"}],"up":[{"embeddable":true,"href":"https:\/\/consparigi.esteri.it\/it\/wp-json\/wp\/v2\/pages\/157"}],"wp:attachment":[{"href":"https:\/\/consparigi.esteri.it\/it\/wp-json\/wp\/v2\/media?parent=568"}],"curies":[{"name":"wp","href":"https:\/\/api.w.org\/{rel}","templated":true}]}}