{"id":584,"date":"2023-01-30T09:04:27","date_gmt":"2023-01-30T08:04:27","guid":{"rendered":"https:\/\/consparigi.esteri.it\/?page_id=584"},"modified":"2024-07-01T08:02:48","modified_gmt":"2024-07-01T06:02:48","slug":"missione-mossion","status":"publish","type":"page","link":"https:\/\/consparigi.esteri.it\/it\/servizi-consolari-e-visti\/servizi-per-il-cittadino-straniero\/visti\/missione-mossion\/","title":{"rendered":"Missione"},"content":{"rendered":"<p>Il Visto per Missione consente l&#8217;ingresso in Italia per funzioni politiche, governative o di pubblica utilit\u00e0.<\/p>\n<p>In particolare, le seguenti categorie sono ammissibili per un visto per Missione:<\/p>\n<ul>\n<li>Funzionari impiegati dalle amministrazioni di paesi esteri in missione di lavoro in Italia;<\/li>\n<li>Personale delle organizzazioni internazionali con cui sono in vigore Accordi di Sede;<\/li>\n<li>Personale con contratti a tempo determinato delle organizzazioni internazionali con cui sono in vigore Accordi di Sede e personalit\u00e0 e membri di delegazioni ufficialmente invitati a partecipare a conferenze, riunioni, convegni ed eventi;<\/li>\n<li>Funzionari diplomatici, per brevi soggiorni ufficiali in Italia, a condizione che non comportino accreditamento formale o notifica;<\/li>\n<li>Cittadini stranieri coinvolti in organizzazioni internazionali per attivit\u00e0 culturali o di ricerca (ad esempio: ricercatori e studenti dell&#8217;Istituto Universitario di Studi Europei o tirocinanti presso la FAO o altre Agenzie specializzate delle Nazioni Unite);<\/li>\n<li>Personale civile destinato a prestare servizio presso basi militari NATO (il personale militare \u00e8 esente dal visto), che riguarda sia la componente civile (dipendenti non militari direttamente impiegati dal Dipartimento della Difesa degli Stati Uniti e dalle loro forze armate) sia il &#8220;personale civile&#8221; (tecnici e appaltatori di societ\u00e0 private, dipendenti di altri Dipartimenti americani e altro personale). Per i richiedenti che si trovano negli Stati Uniti, il visto sar\u00e0 rilasciato su richiesta del Dipartimento della Difesa degli Stati Uniti o del Dipartimento per cui lavora la persona interessata. Per i richiedenti al di fuori degli Stati Uniti, la richiesta raggiunger\u00e0 le Rappresentanze con una lettera dell&#8217;U.S.S.S.S.O. (ufficio diplomatico-legale che si occupa del personale militare e civile destinato all&#8217;Italia) su carta intestata dell&#8217;Ambasciata americana a Roma;<\/li>\n<li>Personalit\u00e0 e stranieri che ricoprono alte cariche civili e religiose;<\/li>\n<li>Personalit\u00e0 e membri di delegazioni ufficialmente invitati dal Governo italiano;<\/li>\n<li>Partecipanti a eventi e riunioni previsti da accordi bilaterali o multilaterali di cui l&#8217;Italia \u00e8 parte contraente;<\/li>\n<li>Cittadini di paesi terzi che sono giornalisti ufficiali nel loro Paese e che devono essere accreditati in Italia. In questo caso necessitano di un Nulla Osta rilasciato dall&#8217;ufficio stampa del Ministero degli Affari Esteri. La loro domanda deve essere presentata dall&#8217;autorit\u00e0 diplomatica;<\/li>\n<li>Atleti che partecipano a eventi sportivi o intendono soggiornare in Italia per periodi di allenamento superiori a 90 giorni, su richiesta ufficiale del CONI;<\/li>\n<li>Familiari del richiedente principale.<\/li>\n<\/ul>\n<p>Gli appuntamenti possono essere fissati attraverso il sito prenot@mi e il richiedente deve sempre presentarsi di persona. Il passaporto sar\u00e0 trattenuto fino a quando non sar\u00e0 adottata la decisione finale.<\/p>\n<p><strong>Il giorno dell&#8217;appuntamento devono essere forniti i seguenti documenti:<\/strong><\/p>\n<ol>\n<li><a href=\"https:\/\/consparigi.esteri.it\/it\/servizi-consolari-e-visti\/servizi-per-il-cittadino-straniero\/modulistica-per-cittadini-stranieri\/\">Modulo di domanda<\/a> per il visto &#8220;D&#8221; debitamente compilato e firmato;<\/li>\n<li>Una foto a colori formato passaporto, sfondo bianco, massimo 6 mesi (<a href=\"https:\/\/consparigi.esteri.it\/wp-content\/uploads\/2023\/02\/caratteristiche-foto.pdf\">vedi specifiche<\/a>);<\/li>\n<li>Passaporto valido o documento di viaggio con almeno due pagine bianche, valido per almeno tre mesi (originale pi\u00f9 una fotocopia);<\/li>\n<li>Documentazione comprovante lo status di pubblico ufficiale: tesserino di identificazione del personale (originale pi\u00f9 una fotocopia);<\/li>\n<li>Copia del permesso di soggiorno francese;<\/li>\n<li>Nota verbale comprovante lo status di pubblico ufficiale o personale di organizzazioni internazionali inviato in Italia per svolgere funzioni ufficiali;<\/li>\n<li>Contratto di lavoro;<\/li>\n<li>Sistemazione in Italia;<\/li>\n<li>Biglietto aereo\/treno\/autobus confermato (se si viaggia in aereo, treno o autobus, il biglietto deve essere stampato direttamente dalla compagnia aerea\/linea ferroviaria\/operatore di autobus, con nome del passeggero, date, da\/a).<\/li>\n<\/ol>\n<p>Si prega di notare che, al momento dell&#8217;appuntamento, la domanda non sar\u00e0 accettata se non presentata con tutti i documenti richiesti. Se tutti gli elementi sopra elencati non sono presentati, il richiedente dovr\u00e0 fissare un nuovo appuntamento.<\/p>\n<p>Le informazioni sopra indicate possono essere soggette a modifiche senza preavviso. Non si accettano responsabilit\u00e0 per le conseguenze di tali modifiche.<\/p>\n<p>Questa amministrazione consolare ha piena autorit\u00e0 di valutare e richiedere documentazione aggiuntiva, se ritenuto necessario, oltre a quanto gi\u00e0 presentato. Inoltre, il richiedente \u00e8 informato che la presentazione di tutta la documentazione richiesta non garantisce il rilascio di un particolare visto.<\/p>\n","protected":false},"excerpt":{"rendered":"Il Visto per Missione consente l&#8217;ingresso in Italia per funzioni politiche, governative o di pubblica utilit\u00e0. In particolare, le seguenti categorie sono ammissibili per un visto per Missione: Funzionari impiegati dalle amministrazioni di paesi esteri in missione di lavoro in Italia; Personale delle organizzazioni internazionali con cui sono in vigore Accordi di Sede; Personale con [&hellip;]","protected":false},"author":7,"featured_media":0,"parent":165,"menu_order":4,"comment_status":"closed","ping_status":"closed","template":"","meta":{"footnotes":""},"class_list":["post-584","page","type-page","status-publish","hentry"],"_links":{"self":[{"href":"https:\/\/consparigi.esteri.it\/it\/wp-json\/wp\/v2\/pages\/584","targetHints":{"allow":["GET"]}}],"collection":[{"href":"https:\/\/consparigi.esteri.it\/it\/wp-json\/wp\/v2\/pages"}],"about":[{"href":"https:\/\/consparigi.esteri.it\/it\/wp-json\/wp\/v2\/types\/page"}],"author":[{"embeddable":true,"href":"https:\/\/consparigi.esteri.it\/it\/wp-json\/wp\/v2\/users\/7"}],"replies":[{"embeddable":true,"href":"https:\/\/consparigi.esteri.it\/it\/wp-json\/wp\/v2\/comments?post=584"}],"version-history":[{"count":6,"href":"https:\/\/consparigi.esteri.it\/it\/wp-json\/wp\/v2\/pages\/584\/revisions"}],"predecessor-version":[{"id":4201,"href":"https:\/\/consparigi.esteri.it\/it\/wp-json\/wp\/v2\/pages\/584\/revisions\/4201"}],"up":[{"embeddable":true,"href":"https:\/\/consparigi.esteri.it\/it\/wp-json\/wp\/v2\/pages\/165"}],"wp:attachment":[{"href":"https:\/\/consparigi.esteri.it\/it\/wp-json\/wp\/v2\/media?parent=584"}],"curies":[{"name":"wp","href":"https:\/\/api.w.org\/{rel}","templated":true}]}}