{"id":671,"date":"2023-02-01T15:03:15","date_gmt":"2023-02-01T14:03:15","guid":{"rendered":"https:\/\/consparigi.esteri.it\/?page_id=671"},"modified":"2026-01-13T16:51:57","modified_gmt":"2026-01-13T15:51:57","slug":"documentazione-per-il-rilascio-del-passaporto-ai-minori-da-0-a-12-anni","status":"publish","type":"page","link":"https:\/\/consparigi.esteri.it\/it\/servizi-consolari-e-visti\/servizi-per-il-cittadino-italiano\/passaporti-e-carte-didentita\/documentazione-per-il-rilascio-del-passaporto-ai-minori-da-0-a-12-anni\/","title":{"rendered":"Rilascio del passaporto ai minori da 0 a 11 anni"},"content":{"rendered":"<p>Per richiedere un passaporto per un minore di et\u00e0 da 0 a 11 anni, oltre a essere in regola con l\u2019iscrizione all\u2019AIRE, \u00e8 <strong>necessario<\/strong> che:<\/p>\n<ul>\n<li>L\u2019<strong>atto di nascita del minore<\/strong> sia stato trascritto in Italia;<\/li>\n<li><strong>oppure<\/strong> che la documentazione necessaria alla trascrizione della sua nascita sia stata presentata all\u2019<u>Ufficio Stato Civile<\/u> per la successiva trasmissione al Comune italiano;<\/li>\n<\/ul>\n<p>Per maggiori informazioni sulla trascrizione della nascita di bambini nati in Francia, visitare la <a href=\"https:\/\/consparigi.esteri.it\/it\/servizi-consolari-e-visti\/servizi-per-il-cittadino-italiano\/stato-civile\/nascita\/\">sezione Stato Civile<\/a>.<\/p>\n<p>&nbsp;<\/p>\n<p>La documentazione seguente deve essere presentata all\u2019Ufficio Passaporti <strong>unicamente<\/strong> <strong>per posta<\/strong>:<\/p>\n<ul>\n<li><a href=\"https:\/\/consparigi.esteri.it\/wp-content\/uploads\/2025\/11\/Formulario-PASSAPORTO-MINORENNI-con-ISTRUZIONI-Nov-2025.pdf\"><strong>domanda di rilascio di passaporto per<\/strong><strong> minori<\/strong><\/a> compilata in tutte le sue parti e firmata dai <u>due genitori <\/u>o \u00a0da\u00a0<strong>UNO DEI GENITORI<\/strong> <strong><u>e<\/u><\/strong> <strong>ATTO DI ASSENSO <\/strong><strong>firmato dall&#8217;altro genitore che non invia la domanda di passaporto (es. genitori non conviventi) <\/strong>(<a href=\"https:\/\/consparigi.esteri.it\/it\/servizi-consolari-e-visti\/servizi-per-il-cittadino-italiano\/passaporti-e-carte-didentita\/atto-di-assenso\/\">vedi pagina dedicata<\/a>);<\/li>\n<\/ul>\n<ul>\n<li><strong>una fotocopia dei documenti di riconoscimento dei genitori<\/strong> (pagina con foto e <u>firma\u00a0uguale a quella apposta sulla domanda<\/u>);<\/li>\n<li><strong>due fotografie<\/strong> <strong>del minore<\/strong> recenti, uguali, frontali, a colori, con bocca chiusa, senza occhiali, su sfondo chiaro (vedi\u00a0<a href=\"https:\/\/consparigi.esteri.it\/wp-content\/uploads\/2023\/02\/caratteristiche-foto.pdf\">caratteristiche<\/a>).<\/li>\n<\/ul>\n<p><strong>importante<\/strong>: una fotografia deve essere autenticata, <u>in presenza del minore<\/u>, in Consolato senza appuntamento in orario di apertura, oppure presso una Mairie utilizzando l\u2019<a href=\"https:\/\/consparigi.esteri.it\/wp-content\/uploads\/2024\/12\/AUTENTICA-FOTO-MINORI.pdf\">apposito formulario<\/a>;<\/p>\n<p><strong>attenzione<\/strong>: se il minore \u00e8 privo di qualunque documento di riconoscimento (neonato o primo documento identificativo) \u00e8 necessaria la presenza in Consolato di due testimoni (i genitori) muniti dei propri documenti di identit\u00e0 <u>in originale<\/u>, e del minore, al fine dell\u2019identificazione.<\/p>\n<ul>\n<li><strong>passaporto del minore in originale<\/strong> (anche se ancora in corso di validit\u00e0) e <strong>fotocopia carta d\u2019identit\u00e0<\/strong>, se in possesso;<\/li>\n<li><strong>giustificativo di domicilio recente<\/strong> a nome <u>di uno dei due genitori<\/u> (non pi\u00f9 vecchio di tre mesi \u2013 bolletta luce, gas, telefono, <em>avis d\u2019imposition<\/em>, <em>attestation des droits securit\u00e9 sociale<\/em>, ecc.);<\/li>\n<li><strong>busta affrancata e precompilata<\/strong> (\u201cvignette postale\u201d) di <strong>euro 8,97<\/strong>\u00a0e <strong>cedolino per spedizione raccomandata<\/strong> <strong>R2<\/strong> che il Consolato utilizzer\u00e0 per spedire il nuovo passaporto per <strong>posta<\/strong>;<\/li>\n<li><strong>ricevuta di avvenuto bonifico<\/strong>\u00a0<strong>bancario<\/strong>\u00a0<strong>o postale &#8211; <\/strong><strong>ATTENZIONE <\/strong><strong><u>Dal 1 dicembre 2025<\/u><\/strong><u>, il costo per il rilascio del passaporto \u00e8 di\u00a0<strong>116,20<\/strong><\/u>.<br \/>\n<strong>Coordinate bancarie<\/strong>:<br \/>\n<strong>Intestatario<\/strong>: Consolato Generale d\u2019Italia a Parigi<br \/>\n<strong>IBAN: FR76 3047 8000 0102 8019 3800 117<br \/>\n<\/strong><strong>BIC: MONTFRPPXXX<\/strong><strong>Causale:<\/strong>\u00a0\u201cPassaporto di nome e cognome\u201d della persona titolare del passaporto.<\/li>\n<\/ul>\n<p>&nbsp;<\/p>\n<p>&nbsp;<\/p>\n<p><strong>ATTENZIONE<\/strong>: LE DOMANDE INCOMPLETE VERRANNO RESTITUITE AL MITTENTE<\/p>\n","protected":false},"excerpt":{"rendered":"Per richiedere un passaporto per un minore di et\u00e0 da 0 a 11 anni, oltre a essere in regola con l\u2019iscrizione all\u2019AIRE, \u00e8 necessario che: L\u2019atto di nascita del minore sia stato trascritto in Italia; oppure che la documentazione necessaria alla trascrizione della sua nascita sia stata presentata all\u2019Ufficio Stato Civile per la successiva trasmissione [&hellip;]","protected":false},"author":4,"featured_media":0,"parent":153,"menu_order":4,"comment_status":"closed","ping_status":"closed","template":"","meta":{"footnotes":""},"class_list":["post-671","page","type-page","status-publish","hentry"],"_links":{"self":[{"href":"https:\/\/consparigi.esteri.it\/it\/wp-json\/wp\/v2\/pages\/671","targetHints":{"allow":["GET"]}}],"collection":[{"href":"https:\/\/consparigi.esteri.it\/it\/wp-json\/wp\/v2\/pages"}],"about":[{"href":"https:\/\/consparigi.esteri.it\/it\/wp-json\/wp\/v2\/types\/page"}],"author":[{"embeddable":true,"href":"https:\/\/consparigi.esteri.it\/it\/wp-json\/wp\/v2\/users\/4"}],"replies":[{"embeddable":true,"href":"https:\/\/consparigi.esteri.it\/it\/wp-json\/wp\/v2\/comments?post=671"}],"version-history":[{"count":7,"href":"https:\/\/consparigi.esteri.it\/it\/wp-json\/wp\/v2\/pages\/671\/revisions"}],"predecessor-version":[{"id":6391,"href":"https:\/\/consparigi.esteri.it\/it\/wp-json\/wp\/v2\/pages\/671\/revisions\/6391"}],"up":[{"embeddable":true,"href":"https:\/\/consparigi.esteri.it\/it\/wp-json\/wp\/v2\/pages\/153"}],"wp:attachment":[{"href":"https:\/\/consparigi.esteri.it\/it\/wp-json\/wp\/v2\/media?parent=671"}],"curies":[{"name":"wp","href":"https:\/\/api.w.org\/{rel}","templated":true}]}}