{"id":74,"date":"2023-01-24T00:19:28","date_gmt":"2023-01-23T23:19:28","guid":{"rendered":"https:\/\/consparigi.esteri.it\/?page_id=74"},"modified":"2026-01-07T09:16:20","modified_gmt":"2026-01-07T08:16:20","slug":"la-sede","status":"publish","type":"page","link":"https:\/\/consparigi.esteri.it\/it\/chi-siamo\/la-sede\/","title":{"rendered":"La Sede"},"content":{"rendered":"<p>Il Consolato Generale d&#8217;Italia a Parigi si trova nella zona ovest di Parigi, nelle vicinanze della Porte de la Muette<\/p>\n<p>INDIRIZZO: 5 Boulevard Emile Augier &#8211; 75116 Parigi<\/p>\n<p>(accesso mobilit\u00e0 ridotta : 17 rue Collignon)<\/p>\n<p>ORARI DI APERTURA AL PUBBLICO<\/p>\n<p>dal Luned\u00ec al Venerd\u00ec dalle ore 9:00 alle ore 12:00<br \/>\nMercoled\u00ec pomeriggio anche dalle ore 14:00 alle ore 16:00<\/p>\n<p>ACCESSO E MEZZI PUBBLICI<\/p>\n<p>Metropolitana: Linea 9 (Pont de S\u00e8vres &#8211; Mairie de Montreuil) &#8211; fermata La Muette<br \/>\nRER: Linea C &#8211; fermata Boulainvilliers<br \/>\nAutobus: 22 &#8211; 32 &#8211; 52 &#8211; 70<\/p>\n<p><a href=\"https:\/\/consparigi.esteri.it\/wp-content\/uploads\/2023\/01\/20378_f_cons97Mappa.jpg\">\u2022 MAPPA DEI MEZZI PUBBLICI<\/a><\/p>\n<p>TELEFONO:<\/p>\n<p>01 &#8211; 44 30 47 00 per chiamate da territorio francese<br \/>\n00331 &#8211; 44 30 47 00 per chi chiama dall&#8217;Italia o da un altro Paese<\/p>\n<p>Il centralino risponde dal lunedi&#8217; al venerdi&#8217; (orario 9\/17). A partire dalle 17, si potranno lasciare messaggi unicamente per emergenze, precisando identit\u00e0 e contatti, in segreteria telefonica del Funzionario di turno del Consolato il cui numero \u00e8: 0033 (0)6 07 22 72 56.<\/p>\n<p>Si invita l\u2019utenza a fissare gli appuntamenti e ad acquisire ogni necessaria informazione tramite questo sito web, che viene costantemente aggiornato.<\/p>\n<p>&nbsp;<\/p>\n<p><strong>CALENDARIO FESTIVITA&#8217; ANNO 2026<\/strong><\/p>\n<ul>\n<li>1 gennaio, Capodanno<\/li>\n<li>6 aprile Luned\u00ec dell&#8217;Angelo<\/li>\n<li>1 maggio Festa del lavoro<\/li>\n<li>8 maggio Festa della Vittoria<\/li>\n<li>14 maggio Ascensione<\/li>\n<li>2 giugno Festa Nazionale della Repubblica<\/li>\n<li>14 luglio Festa Nazionale francese<\/li>\n<li>15 agosto Assunzione<\/li>\n<li>1 novembre Ognissanti<\/li>\n<li>25 dicembre S. Natale<\/li>\n<li>26 dicembre Santo Stefano<\/li>\n<\/ul>\n<p>&nbsp;<\/p>\n<p>MODALITA&#8217; DI ACCESSO AL CONSOLATO GENERALE<\/p>\n<p>Per assicurare un miglior servizio e per ragioni di sicurezza, allo scopo di tutelare in primo luogo l\u2019utenza del Consolato Generale d\u2019Italia a Parigi nonch\u00e9 tutto il personale qui in servizio, si informa il pubblico che:<\/p>\n<p>&#8211; non \u00e8 consentito introdurre all&#8217;interno del perimetro del Consolato biciclette (anche piegabili) monopattini, bagagli di alcun tipo\u00a0 e\/o zaini voluminosi.<\/p>\n<p>&#8211; sono ammessi all\u2019interno del Consolato solo coloro che necessitano personalmente dell\u2019erogazione del servizio consolare. Non sono ammessi nell\u2019edificio parenti, amici o altri accompagnatori.<\/p>\n<p>Si far\u00e0 eccezione solo in caso di genitori di un minore, di accompagnatori di persone diversamente abili o ancora, per quanto riguarda l\u2019Ufficio Passaporti, in caso di coppia genitoriale in cui uno dei coniugi sia straniero.<\/p>\n<p>Situazioni di comprovata necessit\u00e0 saranno valutate singolarmente.<\/p>\n<p>Nel ribadire che le misure su elencate hanno lo scopo di assicurare un miglior servizio e una maggiore sicurezza per l\u2019utenza, ci scusiamo per gli eventuali disagi e ringraziamo per la collaborazione.<\/p>\n<p>&nbsp;<\/p>\n<p>&nbsp;<\/p>\n<p><strong>\u00a0<\/strong><\/p>\n<p>&nbsp;<\/p>\n","protected":false},"excerpt":{"rendered":"Il Consolato Generale d&#8217;Italia a Parigi si trova nella zona ovest di Parigi, nelle vicinanze della Porte de la Muette INDIRIZZO: 5 Boulevard Emile Augier &#8211; 75116 Parigi (accesso mobilit\u00e0 ridotta : 17 rue Collignon) ORARI DI APERTURA AL PUBBLICO dal Luned\u00ec al Venerd\u00ec dalle ore 9:00 alle ore 12:00 Mercoled\u00ec pomeriggio anche dalle ore [&hellip;]","protected":false},"author":3,"featured_media":0,"parent":9,"menu_order":2,"comment_status":"closed","ping_status":"closed","template":"","meta":{"footnotes":""},"class_list":["post-74","page","type-page","status-publish","hentry"],"_links":{"self":[{"href":"https:\/\/consparigi.esteri.it\/it\/wp-json\/wp\/v2\/pages\/74","targetHints":{"allow":["GET"]}}],"collection":[{"href":"https:\/\/consparigi.esteri.it\/it\/wp-json\/wp\/v2\/pages"}],"about":[{"href":"https:\/\/consparigi.esteri.it\/it\/wp-json\/wp\/v2\/types\/page"}],"author":[{"embeddable":true,"href":"https:\/\/consparigi.esteri.it\/it\/wp-json\/wp\/v2\/users\/3"}],"replies":[{"embeddable":true,"href":"https:\/\/consparigi.esteri.it\/it\/wp-json\/wp\/v2\/comments?post=74"}],"version-history":[{"count":6,"href":"https:\/\/consparigi.esteri.it\/it\/wp-json\/wp\/v2\/pages\/74\/revisions"}],"predecessor-version":[{"id":6355,"href":"https:\/\/consparigi.esteri.it\/it\/wp-json\/wp\/v2\/pages\/74\/revisions\/6355"}],"up":[{"embeddable":true,"href":"https:\/\/consparigi.esteri.it\/it\/wp-json\/wp\/v2\/pages\/9"}],"wp:attachment":[{"href":"https:\/\/consparigi.esteri.it\/it\/wp-json\/wp\/v2\/media?parent=74"}],"curies":[{"name":"wp","href":"https:\/\/api.w.org\/{rel}","templated":true}]}}