{"id":81,"date":"2023-01-24T00:30:30","date_gmt":"2023-01-23T23:30:30","guid":{"rendered":"https:\/\/consparigi.esteri.it\/?page_id=81"},"modified":"2023-04-26T14:26:41","modified_gmt":"2023-04-26T12:26:41","slug":"diplomazia-culturale","status":"publish","type":"page","link":"https:\/\/consparigi.esteri.it\/it\/italia-e-francia\/diplomazia-culturale\/","title":{"rendered":"Diplomazia culturale"},"content":{"rendered":"<div>\n<p>La cultura \u00e8 un elemento essenziale dell\u2019identit\u00e0 italiana nel mondo e rappresenta un patrimonio materiale e immateriale cui attingere per affrontare le sfide della contemporaneit\u00e0. Ne fanno parte a pieno titolo la lingua italiana come eredit\u00e0 del passato e ponte verso il futuro, e la ricerca scientifica, settore in cui il nostro Paese pu\u00f2 vantare punte di eccellenza a livello mondiale.<\/p>\n<p>La promozione culturale occupa quindi un ruolo fondamentale nella politica estera del nostro Paese e costituisce uno dei principali strumenti di proiezione esterna.<\/p>\n<p align=\"left\">Il Servizio Culturale dell\u2019Ambasciata d\u2019Italia a Parigi promuove le relazioni culturali tra i due Paesi in diversi settori: lingua, tutela del patrimonio culturale, cinema e audiovisivo, libri, musica e manifestazioni artistiche in generale.<br \/>\n<a title=\"Apri il documento, in formato pdf, relativo all'accordo culturale tra Italia e Francia\" href=\"https:\/\/ambparigi.esteri.it\/wp-content\/uploads\/2023\/03\/2725_f_Accordoitaliafrancia19493.pdf\"><strong>L\u2019accordo culturale tra Italia e Francia<\/strong><\/a>\u00a0\u00e8 stato stipulato tra il Presidente della Repubblica italiana e dal\u00a0Presidente della Repubblica francese\u00a0il 4 novembre 1949 a Parigi.<\/p>\n<p><strong>SERVIZIO CULTURALE<br \/>\n<\/strong>Primo Consigliere Andrea MACCHIONI<\/p>\n<p>Ambasciata d\u2019Italia a Parigi<br \/>\n51, rue de Varenne 75007 \u2013 PARIGI<br \/>\nTel. 33 (0) 1 49 54 03\u00a066<br \/>\ne-mail:\u00a0<a href=\"mailto:culturale.ambparigi@esteri.it\">culturale.ambparigi@esteri.it<\/a><\/p>\n<\/div>\n","protected":false},"excerpt":{"rendered":"La cultura \u00e8 un elemento essenziale dell\u2019identit\u00e0 italiana nel mondo e rappresenta un patrimonio materiale e immateriale cui attingere per affrontare le sfide della contemporaneit\u00e0. Ne fanno parte a pieno titolo la lingua italiana come eredit\u00e0 del passato e ponte verso il futuro, e la ricerca scientifica, settore in cui il nostro Paese pu\u00f2 vantare [&hellip;]","protected":false},"author":3,"featured_media":0,"parent":13,"menu_order":2,"comment_status":"closed","ping_status":"closed","template":"","meta":{"footnotes":""},"class_list":["post-81","page","type-page","status-publish","hentry"],"_links":{"self":[{"href":"https:\/\/consparigi.esteri.it\/it\/wp-json\/wp\/v2\/pages\/81","targetHints":{"allow":["GET"]}}],"collection":[{"href":"https:\/\/consparigi.esteri.it\/it\/wp-json\/wp\/v2\/pages"}],"about":[{"href":"https:\/\/consparigi.esteri.it\/it\/wp-json\/wp\/v2\/types\/page"}],"author":[{"embeddable":true,"href":"https:\/\/consparigi.esteri.it\/it\/wp-json\/wp\/v2\/users\/3"}],"replies":[{"embeddable":true,"href":"https:\/\/consparigi.esteri.it\/it\/wp-json\/wp\/v2\/comments?post=81"}],"version-history":[{"count":0,"href":"https:\/\/consparigi.esteri.it\/it\/wp-json\/wp\/v2\/pages\/81\/revisions"}],"up":[{"embeddable":true,"href":"https:\/\/consparigi.esteri.it\/it\/wp-json\/wp\/v2\/pages\/13"}],"wp:attachment":[{"href":"https:\/\/consparigi.esteri.it\/it\/wp-json\/wp\/v2\/media?parent=81"}],"curies":[{"name":"wp","href":"https:\/\/api.w.org\/{rel}","templated":true}]}}