{"id":813,"date":"2023-02-03T14:44:25","date_gmt":"2023-02-03T13:44:25","guid":{"rendered":"https:\/\/consparigi.esteri.it\/?page_id=813"},"modified":"2023-02-03T15:51:18","modified_gmt":"2023-02-03T14:51:18","slug":"equipollenza-titoli","status":"publish","type":"page","link":"https:\/\/consparigi.esteri.it\/it\/servizi-consolari-e-visti\/servizi-per-il-cittadino-italiano\/istruzione\/ufficio-studi\/equipollenza-titoli\/","title":{"rendered":"Equipollenza titoli"},"content":{"rendered":"<p><strong>Riconoscimento dei Diplomi italiani in Francia<\/strong><\/p>\n<p>Per ottenere informazioni sulla validit\u00e0 in Francia dei diplomi italiani e per ottenere il rilascio dell&#8217; &#8220;attestation de reconnaissance de niveau d\u2019\u00e9tudes&#8221;, occorre rivolgersi al<\/p>\n<p><a href=\"https:\/\/www.enic-naric.net\/\" target=\"_blank\" rel=\"noopener\"><strong>Centre ENIC-NARIC France<\/strong><\/a><\/p>\n<blockquote dir=\"ltr\"><p>D\u00e9partement reconnaissance des dipl\u00f4mes<br \/>\nCentre international d&#8217;\u00e9tudes p\u00e9dagogiques &#8211; CIEP<br \/>\n1 avenue L\u00e9on Journault F &#8211; 92318 S\u00e8vres Cedex<br \/>\nTel: 01 45 07 63 21<\/p><\/blockquote>\n","protected":false},"excerpt":{"rendered":"Riconoscimento dei Diplomi italiani in Francia Per ottenere informazioni sulla validit\u00e0 in Francia dei diplomi italiani e per ottenere il rilascio dell&#8217; &#8220;attestation de reconnaissance de niveau d\u2019\u00e9tudes&#8221;, occorre rivolgersi al Centre ENIC-NARIC France D\u00e9partement reconnaissance des dipl\u00f4mes Centre international d&#8217;\u00e9tudes p\u00e9dagogiques &#8211; CIEP 1 avenue L\u00e9on Journault F &#8211; 92318 S\u00e8vres Cedex Tel: 01 [&hellip;]","protected":false},"author":4,"featured_media":0,"parent":806,"menu_order":2,"comment_status":"closed","ping_status":"closed","template":"","meta":{"footnotes":""},"class_list":["post-813","page","type-page","status-publish","hentry"],"_links":{"self":[{"href":"https:\/\/consparigi.esteri.it\/it\/wp-json\/wp\/v2\/pages\/813","targetHints":{"allow":["GET"]}}],"collection":[{"href":"https:\/\/consparigi.esteri.it\/it\/wp-json\/wp\/v2\/pages"}],"about":[{"href":"https:\/\/consparigi.esteri.it\/it\/wp-json\/wp\/v2\/types\/page"}],"author":[{"embeddable":true,"href":"https:\/\/consparigi.esteri.it\/it\/wp-json\/wp\/v2\/users\/4"}],"replies":[{"embeddable":true,"href":"https:\/\/consparigi.esteri.it\/it\/wp-json\/wp\/v2\/comments?post=813"}],"version-history":[{"count":0,"href":"https:\/\/consparigi.esteri.it\/it\/wp-json\/wp\/v2\/pages\/813\/revisions"}],"up":[{"embeddable":true,"href":"https:\/\/consparigi.esteri.it\/it\/wp-json\/wp\/v2\/pages\/806"}],"wp:attachment":[{"href":"https:\/\/consparigi.esteri.it\/it\/wp-json\/wp\/v2\/media?parent=813"}],"curies":[{"name":"wp","href":"https:\/\/api.w.org\/{rel}","templated":true}]}}