{"id":895,"date":"2023-02-07T14:59:32","date_gmt":"2023-02-07T13:59:32","guid":{"rendered":"https:\/\/consparigi.esteri.it\/?page_id=895"},"modified":"2023-02-07T15:06:24","modified_gmt":"2023-02-07T14:06:24","slug":"consigli-per-i-turisti","status":"publish","type":"page","link":"https:\/\/consparigi.esteri.it\/it\/servizi-consolari-e-visti\/servizi-per-il-cittadino-italiano\/assistenza-ai-cittadini-allestero\/consigli-per-i-turisti\/","title":{"rendered":"Consigli per i turisti"},"content":{"rendered":"<p>Meta turistica per eccellenza Parigi \u00e8 una delle capitali maggiormente visitate al mondo.\u00a0Bench\u00e9 l\u2019azione delle forze di Polizia renda Parigi un luogo sicuro, nelle localit\u00e0 a forte presenza turistica, sono purtroppo frequenti\u00a0i furti con destrezza. Le Autorit\u00e0 locali, consapevoli del problema, hanno aumentato le misure di sicurezza, tuttavia \u00e8 conveniente che i connazionali adottino alcune precauzioni riguardanti la loro stessa incolumit\u00e0 e la conservazione dei propri beni e documenti indentificativi (passaporto, carta d&#8217;identit\u00e0, patente, ecc.).<\/p>\n<p>Per non diventare una vittima, seguite questi semplici consigli:<\/p>\n<p>State attenti per strada<\/p>\n<ul>\n<li>una piccola borsa a tracolla o un marsupio sono preferibili ad uno zaino;<\/li>\n<li>non tenere tutti i propri beni in un&#8217;unica borsa;<\/li>\n<li>non lasciare beni incustoditi in luoghi affollati, neppure per pochi istanti (aeroporti e stazioni, autobus, metropolitana, ristoranti, negozi, banche, grandi magazzini, mercatini, ecc..);<\/li>\n<li>portate con voi solo il denaro indispensabile;<\/li>\n<li>non riponete il portafoglio nelle tasche posteriori dei pantaloni;<\/li>\n<li>informatevi, prima della partenza, presso la propria banca sulla modalit\u00e0 di blocco dall\u2019estero delle carte di credito, cos\u00ec come sulle modalit\u00e0 di blocco del telefono<\/li>\n<li>se un aggressore tenta di strapparvi la borsa, non opponete resistenza per non rischiare di essere feriti;<\/li>\n<li>diffidate degli individui che tentano di distogliere la vostra attenzione in quanto il loro fine potrebbe essere quello di sottrarvi effetti personali, soprattutto nei dehors dei bar, in caso di prelievo di denaro tramite gli sportelli Bancomat o richiedendovi di firmare petizioni.<\/li>\n<\/ul>\n<p>A bordo dei mezzi pubblici<br \/>\n\u2022 non lasciate incustoditi i vostri bagagli;<br \/>\n\u2022 non lasciate che un individuo passi attraverso le barriere di accesso dietro di voi;<br \/>\n\u2022 non acquistate mai i biglietti presso i rivenditori abusivi, poich\u00e9 ve li faranno pagare assai di pi\u00f9 (fino a 10 volte il loro prezzo). Utilizzate gli sportelli e i distributori automatici di biglietti presso le stazioni ferroviarie e della metropolitana.<\/p>\n<p>Proteggete il vostro veicolo contro i tentativi di furto<br \/>\n\u2022 bloccate le porte e il cofano; chiudete bene i finestrini del vostro veicolo;<br \/>\n\u2022 non lasciate oggetti di valore in vista (cellulare, macchina fotografica, abiti, borse, ecc.).<\/p>\n<p>Nei luoghi pubblici<br \/>\n\u2022 non manipolate mazzette di banconote in pubblico e non cambiate mai valute per strada, ma solo presso gli uffici di cambio;<br \/>\n\u2022 al Bancomat, proteggete il vostro codice nascondendo la tastiera e non lasciatevi distrarre da individui per non essere vittime di furti;<br \/>\n\u2022 pagate i vostri acquisti con banconote di piccolo taglio, carte di credito o assegni (se sono ovviamente incassabili in Francia);<br \/>\n\u2022 non indossate ostentatamente gioielli o orologi di grande valore;<br \/>\n\u2022 non lasciate i vostri strumenti di pagamento in guardaroba o nel vostro cappotto posato su una sedia (ad esempio, al ristorante e nei caff\u00e8): un borseggiatore potrebbe sedersi dietro di voi e sottrarre i vostri effetti personali;<br \/>\n\u2022 non posate mai la borsa sul pavimento e non lasciate il cellulare o il portafoglio sul tavolo del bar o del ristorante;<br \/>\n\u2022 non riponete il cellulare nella tasca esterna della borsa o di un abito e non prestatelo a sconosciuti.<\/p>\n<p>Documenti d&#8217;identit\u00e0<br \/>\n\u2022 non affidare documenti, carte di credito e tutto il denaro ad una sola persona;<br \/>\n\u2022 provvedete a fotocopiare tutti i vostri documenti d&#8217;identit\u00e0 e a custodire gli originali in albergo o presso il vostro luogo di residenza temporanea.<\/p>\n<p><strong>IN CASO DI FURTO O SMARRIMENTO DI DOCUMENTI<\/strong> \u00e8 necessario effettuare apposita denuncia presso il pi\u00f9 vicino Commissariato di Polizia. All\u2019arrivo in Italia la denuncia dovr\u00e0 essere registrata presso le Autorit\u00e0 competenti.<br \/>\nIn assenza di altri documenti il Consolato puo&#8217; rilasciare un documento provvisorio di viaggio (ETD \u2013 Emergency Travel Document) valido per il solo rientro in Italia. Per informazioni consultare <a href=\"https:\/\/consparigi.esteri.it\/it\/servizi-consolari-e-visti\/servizi-per-il-cittadino-italiano\/emergency-travel-documents-etd\/\">la pagina<\/a><\/p>\n<p>Si segnala tuttavia che alcune compagnie aeree permettono il rientro in Italia o nel Paese di stabile residenza mostrando anche soltanto la denuncia di furto\/smarrimento del passaporto\/carta d&#8217;identit\u00e0. A tale riguardo, si raccomanda di verificare tale possibilit\u00e0 direttamente con la compagnia di viaggio.<\/p>\n<p>&nbsp;<\/p>\n<p>&nbsp;<\/p>\n<p>&nbsp;<\/p>\n","protected":false},"excerpt":{"rendered":"Meta turistica per eccellenza Parigi \u00e8 una delle capitali maggiormente visitate al mondo.\u00a0Bench\u00e9 l\u2019azione delle forze di Polizia renda Parigi un luogo sicuro, nelle localit\u00e0 a forte presenza turistica, sono purtroppo frequenti\u00a0i furti con destrezza. Le Autorit\u00e0 locali, consapevoli del problema, hanno aumentato le misure di sicurezza, tuttavia \u00e8 conveniente che i connazionali adottino alcune [&hellip;]","protected":false},"author":4,"featured_media":0,"parent":157,"menu_order":8,"comment_status":"closed","ping_status":"closed","template":"","meta":{"footnotes":""},"class_list":["post-895","page","type-page","status-publish","hentry"],"_links":{"self":[{"href":"https:\/\/consparigi.esteri.it\/it\/wp-json\/wp\/v2\/pages\/895","targetHints":{"allow":["GET"]}}],"collection":[{"href":"https:\/\/consparigi.esteri.it\/it\/wp-json\/wp\/v2\/pages"}],"about":[{"href":"https:\/\/consparigi.esteri.it\/it\/wp-json\/wp\/v2\/types\/page"}],"author":[{"embeddable":true,"href":"https:\/\/consparigi.esteri.it\/it\/wp-json\/wp\/v2\/users\/4"}],"replies":[{"embeddable":true,"href":"https:\/\/consparigi.esteri.it\/it\/wp-json\/wp\/v2\/comments?post=895"}],"version-history":[{"count":0,"href":"https:\/\/consparigi.esteri.it\/it\/wp-json\/wp\/v2\/pages\/895\/revisions"}],"up":[{"embeddable":true,"href":"https:\/\/consparigi.esteri.it\/it\/wp-json\/wp\/v2\/pages\/157"}],"wp:attachment":[{"href":"https:\/\/consparigi.esteri.it\/it\/wp-json\/wp\/v2\/media?parent=895"}],"curies":[{"name":"wp","href":"https:\/\/api.w.org\/{rel}","templated":true}]}}